{"id":6766,"date":"2021-12-16T06:03:40","date_gmt":"2021-12-16T11:03:40","guid":{"rendered":"https:\/\/puyapeptide.net\/product\/decapeptide-12-lumixyl-cas-137665-91-9-hemmt-die-melaninbildung\/"},"modified":"2021-12-16T06:03:40","modified_gmt":"2021-12-16T11:03:40","slug":"decapeptide-12-lumixyl-cas-137665-91-9-hemmt-die-melaninbildung","status":"publish","type":"product","link":"https:\/\/puyapeptide.net\/de\/product\/decapeptide-12-lumixyl-cas-137665-91-9-hemmt-die-melaninbildung\/","title":{"rendered":"Decapeptide-12\/Lumixyl CAS 137665-91-9 hemmt die Melaninbildung"},"content":{"rendered":"<h2><strong>Decapeptide-12\/Lumixyl CAS 137665-91-9 hemmt die Melaninbildung<\/strong><\/h2>\n<p>Produktname: Decapeptide-12<br \/>\nSynonyme: Decapeptide-12;Decapeptide-12\/ Lumixyl;Decapeptide-12 lumixyl \/ kosmetisches Peptid;L-Tyrosin, L-tyrosyl-L-arginyl-L-seryl-L- Arginyl-L-lysyl-L-tyrosyl-L-seryl-L-seryl-L-tryptophyl-;Decapeptide-12 USP\/EP\/BP<br \/>\nCAS: 137665-91-9<br \/>\nMF: C65H90N18O17<br \/>\n MW: 1395.52<br \/>\nEINECS:<br \/>\nProduktkategorien:<br \/>\nMol Datei: 137665-91-9.mol<\/p>\n<p>Decapeptid-12 ist ein kosmetischer Rohstoff, der die Melaninbildung hemmt, die Pigmentierung aufhellt, reduziert Pigmentierung und gleicht und hellt den Hautton auf. Es wurde von Forschern von Stanford Dermatology entwickelt und ist das einzige, das nachweislich die Tyrosinase (Tyrosinase f\u00f6rdert die \u00fcberm\u00e4\u00dfige Produktion von Melanin, was zu ungleichm\u00e4\u00dfiger Pigmentierung, dunklen Flecken usw.) wirksam hemmt, einer neuartigen Peptidaktivit\u00e4t. Decapeptide-12 ist ein Oligopeptid, das aus nur 12 Aminos\u00e4uren besteht. Dieses Oligopeptid ist f\u00fcr seine Anti-Tyrosinase-Aktivit\u00e4t bekannt.<\/p>\n<p>Tyrosinase kommt in pflanzlichen und tierischen Geweben vor und ist f\u00fcr die Katalyse von Melanin und anderen Pigmenten verantwortlich. Decapeptid-12 wird auf seine m\u00f6gliche F\u00e4higkeit untersucht, die Hautverdunkelung zu reduzieren. Es ist in der Lage, die Tyrosinase zu st\u00f6ren und die Haut in Tiermodellen aufzuhellen. Decapeptide-12 reduziert das Auftreten von Hyperpigmentierung \u2013 Altersflecken, Sonnenflecken, ungleichm\u00e4\u00dfigem Hautton und Lichtsch\u00e4den \u2013 ohne die typischen Nebenwirkungen anderer Aufheller wie Reizungen und R\u00f6tungen. Au\u00dferdem lindern beruhigende Antioxidantien wie S\u00fc\u00dfholzwurzel auch empfindliche Haut.<\/p>\n<p>Decapeptide-12 reduziert das Auftreten von Hyperpigmentierung-Altersflecken, Sonnenflecken, ungleichm\u00e4\u00dfigem Hautton und Lichtsch\u00e4den &#8211; ohne die typischen Nebenwirkungen anderer Aufheller wie Irritationen und R\u00f6tung. Au\u00dferdem lindern beruhigende Antioxidantien wie S\u00fc\u00dfholzwurzel auch empfindliche Haut.<\/p>\n<p> <strong>Pilze<\/strong><br \/>\n <strong>Funktion und Anwendung von Decapeptide-12\/Lumixyl CAS 137665-91-9<\/strong><br \/>\n Decapeptide-12 bindet reversibel an Tyrosinase, ein Enzym in einer Reihe von verschiedenen pigmentproduzierenden Zellen gefunden. Es verhindert, dass Tyrosinase die Oxidation von Phenolen, dem ersten Schritt der Melaninproduktion, katalysiert. Bei S\u00e4ugetieren kommt Tyrosinase nur in Melanosomen vor, speziellen Kompartimenten innerhalb pigmentproduzierender Zellen.<br \/>\n Tyrosinase wird nicht arten\u00fcbergreifend erhalten und kann sich sogar zwischen eng verwandten Arten in ihrer Struktur drastisch unterscheiden. Beim Menschen bestimmen Unterschiede in der Effizienz der Tyrosinase die Hautfarbe und sind das Ergebnis geringf\u00fcgiger Modifikationen im TYR-Gen auf Chromosom 11.<br \/>\n Decapeptid-12 ist ungef\u00e4hr 17-mal wirksamer als fr\u00fchere Behandlungen f\u00fcr Hyperpigmentierung, einschlie\u00dflich Hydrochinon. Studien an kultivierten Melanozyten \u00fcber 7 Tage zeigten eine 27%-43%ige Reduktion des Melaningehalts.<br \/>\n Decapeptid-12 wurde mehreren Tierversuchen unterzogen und k\u00f6nnte schlie\u00dflich in kommerzielle Produkte zur Behandlung von Hyperpigmentierung aufgenommen werden.<\/p>\n","protected":false},"excerpt":{"rendered":"<p>Produktname: Decapeptide-12\/Lumixyl<br \/>\nCAS: 137665-91-9<br \/>\nMF: C65H90N18O17<br \/>\nMW: 1395.52<br \/>\nMol Datei: 137665-91-9.mol<\/p>\n","protected":false},"featured_media":2102,"comment_status":"open","ping_status":"closed","template":"","meta":{"om_disable_all_campaigns":false,"_monsterinsights_skip_tracking":false,"_monsterinsights_sitenote_active":false,"_monsterinsights_sitenote_note":"","_monsterinsights_sitenote_category":0,"site-sidebar-layout":"default","site-content-layout":"default","ast-site-content-layout":"default","site-content-style":"default","site-sidebar-style":"default","ast-global-header-display":"","ast-banner-title-visibility":"","ast-main-header-display":"","ast-hfb-above-header-display":"","ast-hfb-below-header-display":"","ast-hfb-mobile-header-display":"","site-post-title":"","ast-breadcrumbs-content":"","ast-featured-img":"","footer-sml-layout":"","ast-disable-related-posts":"","theme-transparent-header-meta":"default","adv-header-id-meta":"","stick-header-meta":"","header-above-stick-meta":"","header-main-stick-meta":"","header-below-stick-meta":"","astra-migrate-meta-layouts":"default","ast-page-background-enabled":"default","ast-page-background-meta":{"desktop":{"background-color":"","background-image":"","background-repeat":"repeat","background-position":"center center","background-size":"auto","background-attachment":"scroll","background-type":"","background-media":"","overlay-type":"","overlay-color":"","overlay-opacity":"","overlay-gradient":""},"tablet":{"background-color":"","background-image":"","background-repeat":"repeat","background-position":"center center","background-size":"auto","background-attachment":"scroll","background-type":"","background-media":"","overlay-type":"","overlay-color":"","overlay-opacity":"","overlay-gradient":""},"mobile":{"background-color":"","background-image":"","background-repeat":"repeat","background-position":"center center","background-size":"auto","background-attachment":"scroll","background-type":"","background-media":"","overlay-type":"","overlay-color":"","overlay-opacity":"","overlay-gradient":""}},"ast-content-background-meta":{"desktop":{"background-color":"var(--ast-global-color-5)","background-image":"","background-repeat":"repeat","background-position":"center center","background-size":"auto","background-attachment":"scroll","background-type":"","background-media":"","overlay-type":"","overlay-color":"","overlay-opacity":"","overlay-gradient":""},"tablet":{"background-color":"var(--ast-global-color-5)","background-image":"","background-repeat":"repeat","background-position":"center center","background-size":"auto","background-attachment":"scroll","background-type":"","background-media":"","overlay-type":"","overlay-color":"","overlay-opacity":"","overlay-gradient":""},"mobile":{"background-color":"var(--ast-global-color-5)","background-image":"","background-repeat":"repeat","background-position":"center center","background-size":"auto","background-attachment":"scroll","background-type":"","background-media":"","overlay-type":"","overlay-color":"","overlay-opacity":"","overlay-gradient":""}}},"product_brand":[],"product_cat":[560],"product_tag":[3047],"class_list":{"0":"post-6766","1":"product","2":"type-product","3":"status-publish","4":"has-post-thumbnail","6":"product_cat-aufhellendes-peptid","7":"product_tag-decapeptide-12-lumixyl-cas-137665-91-9-inhibits-melanin-formation-de","8":"desktop-align-left","9":"tablet-align-left","10":"mobile-align-left","12":"first","13":"instock","14":"shipping-taxable","15":"product-type-simple"},"_links":{"self":[{"href":"https:\/\/puyapeptide.net\/de\/wp-json\/wp\/v2\/product\/6766","targetHints":{"allow":["GET"]}}],"collection":[{"href":"https:\/\/puyapeptide.net\/de\/wp-json\/wp\/v2\/product"}],"about":[{"href":"https:\/\/puyapeptide.net\/de\/wp-json\/wp\/v2\/types\/product"}],"replies":[{"embeddable":true,"href":"https:\/\/puyapeptide.net\/de\/wp-json\/wp\/v2\/comments?post=6766"}],"wp:featuredmedia":[{"embeddable":true,"href":"https:\/\/puyapeptide.net\/de\/wp-json\/wp\/v2\/media\/2102"}],"wp:attachment":[{"href":"https:\/\/puyapeptide.net\/de\/wp-json\/wp\/v2\/media?parent=6766"}],"wp:term":[{"taxonomy":"product_brand","embeddable":true,"href":"https:\/\/puyapeptide.net\/de\/wp-json\/wp\/v2\/product_brand?post=6766"},{"taxonomy":"product_cat","embeddable":true,"href":"https:\/\/puyapeptide.net\/de\/wp-json\/wp\/v2\/product_cat?post=6766"},{"taxonomy":"product_tag","embeddable":true,"href":"https:\/\/puyapeptide.net\/de\/wp-json\/wp\/v2\/product_tag?post=6766"}],"curies":[{"name":"wp","href":"https:\/\/api.w.org\/{rel}","templated":true}]}}