{"id":6810,"date":"2021-12-16T06:05:17","date_gmt":"2021-12-16T11:05:17","guid":{"rendered":"https:\/\/puyapeptide.net\/product\/tetrapeptide-30-tegopep-hautaufhellungspeptid-cas-1036207-61-0-fuer-die-hautaufhellung\/"},"modified":"2021-12-16T06:05:17","modified_gmt":"2021-12-16T11:05:17","slug":"tetrapeptide-30-tegopep-hautaufhellungspeptid-cas-1036207-61-0-fuer-die-hautaufhellung","status":"publish","type":"product","link":"https:\/\/puyapeptide.net\/de\/product\/tetrapeptide-30-tegopep-hautaufhellungspeptid-cas-1036207-61-0-fuer-die-hautaufhellung\/","title":{"rendered":"Tetrapeptide-30\/Tegopep\/Hautaufhellungspeptid CAS 1036207-61-0 f\u00fcr die Hautaufhellung"},"content":{"rendered":"<h2><strong>Tetrapeptide-30\/Tegopep\/Hautaufhellungspeptid CAS 1036207-61-0 f\u00fcr die Hautaufhellung<\/strong><\/h2>\n<p>Produktname: Tetrapeptide-30<br \/>\nSynonyme: Tetrapeptide-30;Tetrapeptide-30 (Hautaufhellungspeptid);L-Lysin, L-Prolyl-L-lysyl-L-\u03b1-glutamyl-<br \/>\nCAS: 1036207-61-0<br \/>\nMF: C22 H40 N6 O7<br \/>\nMW: 500.59<br \/>\nEINECS:<br \/>\nProduktkategorien:<br \/>\nMol Datei: 1036207-61-0.mol<\/p>\n<p> Tetrapeptide-30 ist ein neues Peptid, das entwickelt wurde, um den Hautton auszugleichen. Es gibt verschiedene Mechanismen, um den Hautton aufzuhellen, einschlie\u00dflich der Verringerung oder Hemmung der Tyrosinaseaktivit\u00e4t, der Blockierung des Melanintransfers in die Keratinozyten und der Hemmung der Melanozytenaktivierung. Es wird vermutet, dass Tetrapeptide-30 Solution wirkt, indem es die Menge an Tyrosinase reduziert und die Melanozytenaktivierung hemmt.<\/p>\n<p> <strong>Tetrapeptide-30\/Tegopep\/Hautaufhellendes Peptid CAS 1036207-61-0 Chemische Eigenschaften<\/strong><br \/>\nSiedepunkt 931,5\u00b1 65,0 \u00b0C (vorhergesagt)<br \/>\nDichte 1,256\u00b10,06 g\/cm3 (vorhergesagt)<br \/>\npka 3,24\u00b10,10 (vorhergesagt)<\/p>\n<p> <strong>Funktion und Anwendung von Tetrapeptide-30\/Tegopep\/Hautaufhellungspeptid CAS 1036207 -61-0<\/strong><br \/>\n1. Tetrapeptide-30 f\u00fcr Hautaufhellung und Sommersprossen<br \/>\n2. Hemmen Sie die \u00fcberm\u00e4\u00dfige Produktion von Melanin<br \/>\n3. Melaninablagerung reduzieren<br \/>\n4. Kann zu Sch\u00f6nheits- und Hautpflegeprodukten hinzugef\u00fcgt werden, wie z.B. aufhellende Creme, aufhellende Foundation, Puder, Sommersprossencreme (Sonnenbrand, Sommersprossen)<\/p>\n","protected":false},"excerpt":{"rendered":"<p>Produktname: Tetrapeptide-30<br \/>\nCAS: 1036207-61-0<br \/>\nMF: C22 H40 N6 O7<br \/>\nMW: 500.59<br \/>\nMol Datei: 1036207-61-0.mol<\/p>\n","protected":false},"featured_media":2123,"comment_status":"open","ping_status":"closed","template":"","meta":{"om_disable_all_campaigns":false,"_monsterinsights_skip_tracking":false,"_monsterinsights_sitenote_active":false,"_monsterinsights_sitenote_note":"","_monsterinsights_sitenote_category":0,"site-sidebar-layout":"default","site-content-layout":"default","ast-site-content-layout":"default","site-content-style":"default","site-sidebar-style":"default","ast-global-header-display":"","ast-banner-title-visibility":"","ast-main-header-display":"","ast-hfb-above-header-display":"","ast-hfb-below-header-display":"","ast-hfb-mobile-header-display":"","site-post-title":"","ast-breadcrumbs-content":"","ast-featured-img":"","footer-sml-layout":"","ast-disable-related-posts":"","theme-transparent-header-meta":"default","adv-header-id-meta":"","stick-header-meta":"","header-above-stick-meta":"","header-main-stick-meta":"","header-below-stick-meta":"","astra-migrate-meta-layouts":"default","ast-page-background-enabled":"default","ast-page-background-meta":{"desktop":{"background-color":"","background-image":"","background-repeat":"repeat","background-position":"center center","background-size":"auto","background-attachment":"scroll","background-type":"","background-media":"","overlay-type":"","overlay-color":"","overlay-opacity":"","overlay-gradient":""},"tablet":{"background-color":"","background-image":"","background-repeat":"repeat","background-position":"center center","background-size":"auto","background-attachment":"scroll","background-type":"","background-media":"","overlay-type":"","overlay-color":"","overlay-opacity":"","overlay-gradient":""},"mobile":{"background-color":"","background-image":"","background-repeat":"repeat","background-position":"center center","background-size":"auto","background-attachment":"scroll","background-type":"","background-media":"","overlay-type":"","overlay-color":"","overlay-opacity":"","overlay-gradient":""}},"ast-content-background-meta":{"desktop":{"background-color":"var(--ast-global-color-5)","background-image":"","background-repeat":"repeat","background-position":"center center","background-size":"auto","background-attachment":"scroll","background-type":"","background-media":"","overlay-type":"","overlay-color":"","overlay-opacity":"","overlay-gradient":""},"tablet":{"background-color":"var(--ast-global-color-5)","background-image":"","background-repeat":"repeat","background-position":"center center","background-size":"auto","background-attachment":"scroll","background-type":"","background-media":"","overlay-type":"","overlay-color":"","overlay-opacity":"","overlay-gradient":""},"mobile":{"background-color":"var(--ast-global-color-5)","background-image":"","background-repeat":"repeat","background-position":"center center","background-size":"auto","background-attachment":"scroll","background-type":"","background-media":"","overlay-type":"","overlay-color":"","overlay-opacity":"","overlay-gradient":""}}},"product_brand":[],"product_cat":[560],"product_tag":[2979],"class_list":{"0":"post-6810","1":"product","2":"type-product","3":"status-publish","4":"has-post-thumbnail","6":"product_cat-aufhellendes-peptid","7":"product_tag-tetrapeptide-30-tegopep-skin-lightening-peptide-cas-1036207-61-0-for-skin-lightening-de","8":"desktop-align-left","9":"tablet-align-left","10":"mobile-align-left","12":"first","13":"instock","14":"shipping-taxable","15":"product-type-simple"},"_links":{"self":[{"href":"https:\/\/puyapeptide.net\/de\/wp-json\/wp\/v2\/product\/6810","targetHints":{"allow":["GET"]}}],"collection":[{"href":"https:\/\/puyapeptide.net\/de\/wp-json\/wp\/v2\/product"}],"about":[{"href":"https:\/\/puyapeptide.net\/de\/wp-json\/wp\/v2\/types\/product"}],"replies":[{"embeddable":true,"href":"https:\/\/puyapeptide.net\/de\/wp-json\/wp\/v2\/comments?post=6810"}],"wp:featuredmedia":[{"embeddable":true,"href":"https:\/\/puyapeptide.net\/de\/wp-json\/wp\/v2\/media\/2123"}],"wp:attachment":[{"href":"https:\/\/puyapeptide.net\/de\/wp-json\/wp\/v2\/media?parent=6810"}],"wp:term":[{"taxonomy":"product_brand","embeddable":true,"href":"https:\/\/puyapeptide.net\/de\/wp-json\/wp\/v2\/product_brand?post=6810"},{"taxonomy":"product_cat","embeddable":true,"href":"https:\/\/puyapeptide.net\/de\/wp-json\/wp\/v2\/product_cat?post=6810"},{"taxonomy":"product_tag","embeddable":true,"href":"https:\/\/puyapeptide.net\/de\/wp-json\/wp\/v2\/product_tag?post=6810"}],"curies":[{"name":"wp","href":"https:\/\/api.w.org\/{rel}","templated":true}]}}