{"id":6831,"date":"2021-12-16T06:07:09","date_gmt":"2021-12-16T11:07:09","guid":{"rendered":"https:\/\/puyapeptide.net\/product\/glutathionpulver-cas-70-18-8-fuer-nahrungsergaenzungsmittel-hautaufhellung-reduziertes-glutathionpulver-l-glutathion\/"},"modified":"2021-12-16T06:07:09","modified_gmt":"2021-12-16T11:07:09","slug":"glutathionpulver-cas-70-18-8-fuer-nahrungsergaenzungsmittel-hautaufhellung-reduziertes-glutathionpulver-l-glutathion","status":"publish","type":"product","link":"https:\/\/puyapeptide.net\/de\/product\/glutathionpulver-cas-70-18-8-fuer-nahrungsergaenzungsmittel-hautaufhellung-reduziertes-glutathionpulver-l-glutathion\/","title":{"rendered":"Glutathionpulver CAS 70-18-8 f\u00fcr Nahrungserg\u00e4nzungsmittel Hautaufhellung Reduziertes Glutathionpulver L-Glutathion"},"content":{"rendered":"<h2><strong>Glutathionpulver CAS 70-18-8 f\u00fcr Nahrungserg\u00e4nzungsmittel Hautaufhellung Reduziertes Glutathionpulver L-Glutathion<\/strong><\/h2>\n<p>Produktname: Glutathion<br \/>\nSynonyme: glutatiol;glutation;glutid;glutinal;isethion;l-glutation;N(NL-.gamma.-Glutamyl-L-cysteinyl)glycin;n-(nl-gamma-glutamyl .) -l-cysteinyl)-glycin<br \/>\nCAS: 70-18-8<br \/>\nMF: C10H17N3O6S<br \/>\nMW: 307.32<br \/>\nEINECS: 200-725-4<br \/>\nProduktkategorien: chemisch;Inhibitoren;Amino S\u00e4uren und Derivate;Material;Pharmazeutische Zwischenprodukte;Pharmazeutika;Pharmazeutika;Aminos\u00e4uren 13C, 2H, 15N;Antioxidans;Biochemie;Zwischenprodukte und Feinchemikalien;Pharmazeutika;API<br \/>\nMol Datei: 70-18-8.mol<br \/>\n&lt; &amp;&gt;Glutathion (GSH), auch reduziertes Glutathion genannt, ist ein Tripeptid, das aus Glutamat, Cystein und Glycin besteht. Es kommt in fast jeder Zelle des menschlichen K\u00f6rpers vor. Die industrielle Herstellung von Glutathion erfolgt heute haupts\u00e4chlich durch enzymatische Synthese. Bei der Methode weist Glutathion eine hohe Reinheit und eine gute Wasserl\u00f6slichkeit auf. Als aktives Tripeptid mit wichtigen physiologischen Funktionen ist Glutathion die wichtigste Nichtprotein-Sulfhydrylverbindung in Organismen. Es hat biologische Aktivit\u00e4ten wie Entgiftung, Antioxidation, F\u00e4nger freier Radikale, Hautaufhellung und Fleckenbleichen. Daher wird es h\u00e4ufig in Kosmetik, Medizin, Gesundheitsprodukten und anderen Industrien verwendet. Es kann in Wasser stark l\u00f6slich sein und kann leicht zu allen Arten von hautaufhellenden Kosmetika hinzugef\u00fcgt werden. Plamed Glutathion wird in kosmetische Qualit\u00e4t und medizinische Qualit\u00e4t unterteilt.<\/p>\n<p> <strong>Glutathion CAS 70-18-8 Chemische Eigenschaften<\/strong><br \/>\nSchmelzpunkt 192-195 \u00b0C (Zersetzung) (lit.)<br \/>\nalpha -16.5 \u00ba (c=2, H2O)<br \/>\nSiedepunkt 754,5\u00b160,0 \u00b0C (vorhergesagt)<br \/>\nDichte 1,4482 (grobe Sch\u00e4tzung)<br \/>\nBrechungsindex -17 \u00b0 (C=2, H2O)<br \/>\nLagertemperatur . 2-8\u00b0C<br \/>\nL\u00f6slichkeit H2O: 50 mg\/ml<br \/>\npka pK1 2,12; pK2 3,53; pK3 8,66; pK4 9,12(bei 25\u2103)<br \/>\nForm Pulver<br \/>\nFarbe Wei\u00df<br \/>\nGeruch Geruchlos<br \/>\nPH 3 (10g\/l, H2O, 20\u00b0C)<br \/>\nWasserl\u00f6slichkeit l\u00f6slich<br \/>\nMerck 14, 4475<br \/>\nBRN 1729812<br \/>\nStabilit\u00e4t: Stabil. Inkompatibel mit starken Oxidationsmitteln.<br \/>\nInChIKey RWSXRVCMGQZWBV-WDSKDSINSA-N<br \/>\nCAS DataBase Reference 70-18-8(CAS DataBase Reference)<br \/>\nEPA Substance Registry System Glutathion (70-18-8)<br \/>\n&lt; &amp;&gt; <strong>Prozessflussdiagramm des Glutathion-Herstellers<\/strong><br \/>\n <img fetchpriority=\"high\" decoding=\"async\" class=\"alignnone size-full wp-image-4160\" src=\"https:\/\/puyapeptide.net\/wp-content\/uploads\/2021\/12\/Glutathione-Manufacturer-Process-Flow-Chart.png\" alt=\"Prozessflussdiagramm des Glutathion-Herstellers\" width=\"1458\" height=\"255\" srcset=\"https:\/\/puyapeptide.net\/wp-content\/uploads\/2021\/12\/Glutathione-Manufacturer-Process-Flow-Chart.png 1458w, https:\/\/puyapeptide.net\/wp-content\/uploads\/2021\/12\/Glutathione-Manufacturer-Process-Flow-Chart-768x134.png 768w, https:\/\/puyapeptide.net\/wp-content\/uploads\/2021\/12\/Glutathione-Manufacturer-Process-Flow-Chart-600x105.png 600w\" sizes=\"(max-width: 1458px) 100vw, 1458px\" \/><br \/>\n <strong>Glutathion CAS 70-18-8 Vorteile<\/strong><br \/>\n1.Haut aufhellen und Sommersprossen entfernen<br \/>\nGlutathion kann innere und \u00e4u\u00dfere Toxine wie Schwermetalle chelatisieren. Es kann Hautpigmentierungen vorbeugen. Au\u00dferdem kann es die Bildung von neuem Melanin hemmen und seine Oxidation reduzieren. Glutathion lindert Hautprobleme wie Chloasma. Es hat eine gro\u00dfartige Funktion, die Haut aufzuhellen und Sommersprossen zu entfernen. Inzwischen ist Glutathion ein kleinmolekulares Peptid. So kann es bei \u00e4u\u00dferlicher Anwendung leicht in die Zellmembran eindringen und von der Haut aufgenommen werden. Es ist ein wirksamer kosmetischer Inhaltsstoff zum Aufhellen der Haut.<br \/>\n2.Antioxidation<br \/>\nDie Struktur von Glutathion enth\u00e4lt eine lebendige Thiolgruppe-SH. So wird es leicht oxidiert und dehydriert. Durch die Kombination der Thiolgruppe mit freien Radikalen im K\u00f6rper k\u00f6nnen die freien Radikale direkt zu sauren Stoffen reduziert werden. Dadurch beschleunigt es die Beseitigung der freien Radikale; und bek\u00e4mpfen Sch\u00e4den durch freie Radikale der Haut. Gleichzeitig ist Glutathion eine Art Strahlenschutzmittel. Es kann Strahlung erm\u00f6glichen, durch direkte und indirekte Wirkung hochaktive freie Radikale in lebenden Organismen zu erzeugen. Und dann kann Glutathion diese freien Radikale entfernen, um seine antioxidative Wirkung zu erzielen.<br \/>\n3.Isolate PM2,5<br \/>\nGlutathion kann die Sch\u00e4den von PM2,5 an der Haut isolieren, wenn es auf die Hautoberfl\u00e4che einwirkt.&lt; &amp;&gt;<br \/>\n <strong>Glutathion CAS 70-18-8 Anwendung und Referenzdosierung<\/strong><br \/>\nGlutathion wird haupts\u00e4chlich zum Aufhellen von Hautpflegeprodukten wie Serum, Gesichtsmaske, Emulsion, Toner, Essenz, Creme usw. verwendet.<\/p>\n<table>\n<tbody>\n<tr>\n<td> Produkt<\/td>\n<td> Referenzdosierung<\/td>\n<\/tr>\n<tr>\n<td> Glutathion 98%<\/td>\n<td> 0,1-0,5%<\/td>\n<\/tr>\n<\/tbody>\n<\/table>\n<p>Achtung Glutathion CAS 70-18-8:<br \/>\nGlutathion kann nicht zusammen mit Vitamin B12, Orots\u00e4ure (Vitamin B13) in Kosmetika verwendet werden, da es sonst zu Hautreizungen f\u00fchrt<\/p>\n<p> <strong>Anwendung von Glutathion CAS 70 -18-8<\/strong><br \/>\nGSH ist der prim\u00e4re aktive Zustand, der etwa 95% ausmacht; GSSG ist etwa 1% inaktiv;<br \/>\nGSH hat nur Peptidbindungen und GSSG enth\u00e4lt auch eine Disulfidbindung;<br \/>\nDie GSH-Bindungsf\u00e4higkeit ist st\u00e4rker als GSSG;<br \/>\nGlutathionreduktase katalysiert die Umwandlung zwischen GSH und GSSG.&lt;&amp; &gt; Glauben Sie, dass Sie ein vorl\u00e4ufiges Verst\u00e4ndnis von Glutathion haben sollten. Gehen wir weiter.<\/p>\n","protected":false},"excerpt":{"rendered":"<p>Produktname: Glutathion<br \/>\nCAS: 70-18-8<br \/>\nMF: C10H17N3O6S<br \/>\nMW: 307.32<br \/>\nEINECS: 200-725-4<br \/>\nMol Datei: 70-18-8.mol<\/p>\n","protected":false},"featured_media":2165,"comment_status":"open","ping_status":"closed","template":"","meta":{"om_disable_all_campaigns":false,"_monsterinsights_skip_tracking":false,"_monsterinsights_sitenote_active":false,"_monsterinsights_sitenote_note":"","_monsterinsights_sitenote_category":0,"site-sidebar-layout":"default","site-content-layout":"default","ast-site-content-layout":"default","site-content-style":"default","site-sidebar-style":"default","ast-global-header-display":"","ast-banner-title-visibility":"","ast-main-header-display":"","ast-hfb-above-header-display":"","ast-hfb-below-header-display":"","ast-hfb-mobile-header-display":"","site-post-title":"","ast-breadcrumbs-content":"","ast-featured-img":"","footer-sml-layout":"","ast-disable-related-posts":"","theme-transparent-header-meta":"default","adv-header-id-meta":"","stick-header-meta":"","header-above-stick-meta":"","header-main-stick-meta":"","header-below-stick-meta":"","astra-migrate-meta-layouts":"default","ast-page-background-enabled":"default","ast-page-background-meta":{"desktop":{"background-color":"","background-image":"","background-repeat":"repeat","background-position":"center center","background-size":"auto","background-attachment":"scroll","background-type":"","background-media":"","overlay-type":"","overlay-color":"","overlay-opacity":"","overlay-gradient":""},"tablet":{"background-color":"","background-image":"","background-repeat":"repeat","background-position":"center center","background-size":"auto","background-attachment":"scroll","background-type":"","background-media":"","overlay-type":"","overlay-color":"","overlay-opacity":"","overlay-gradient":""},"mobile":{"background-color":"","background-image":"","background-repeat":"repeat","background-position":"center center","background-size":"auto","background-attachment":"scroll","background-type":"","background-media":"","overlay-type":"","overlay-color":"","overlay-opacity":"","overlay-gradient":""}},"ast-content-background-meta":{"desktop":{"background-color":"var(--ast-global-color-5)","background-image":"","background-repeat":"repeat","background-position":"center center","background-size":"auto","background-attachment":"scroll","background-type":"","background-media":"","overlay-type":"","overlay-color":"","overlay-opacity":"","overlay-gradient":""},"tablet":{"background-color":"var(--ast-global-color-5)","background-image":"","background-repeat":"repeat","background-position":"center center","background-size":"auto","background-attachment":"scroll","background-type":"","background-media":"","overlay-type":"","overlay-color":"","overlay-opacity":"","overlay-gradient":""},"mobile":{"background-color":"var(--ast-global-color-5)","background-image":"","background-repeat":"repeat","background-position":"center center","background-size":"auto","background-attachment":"scroll","background-type":"","background-media":"","overlay-type":"","overlay-color":"","overlay-opacity":"","overlay-gradient":""}}},"product_brand":[],"product_cat":[560],"product_tag":[2961],"class_list":{"0":"post-6831","1":"product","2":"type-product","3":"status-publish","4":"has-post-thumbnail","6":"product_cat-aufhellendes-peptid","7":"product_tag-glutathione-powder-cas-70-18-8-for-nutrient-supplements-skin-whitening-reduced-glutathione-powder-l-glutathione-de","8":"desktop-align-left","9":"tablet-align-left","10":"mobile-align-left","12":"first","13":"instock","14":"shipping-taxable","15":"product-type-simple"},"_links":{"self":[{"href":"https:\/\/puyapeptide.net\/de\/wp-json\/wp\/v2\/product\/6831","targetHints":{"allow":["GET"]}}],"collection":[{"href":"https:\/\/puyapeptide.net\/de\/wp-json\/wp\/v2\/product"}],"about":[{"href":"https:\/\/puyapeptide.net\/de\/wp-json\/wp\/v2\/types\/product"}],"replies":[{"embeddable":true,"href":"https:\/\/puyapeptide.net\/de\/wp-json\/wp\/v2\/comments?post=6831"}],"wp:featuredmedia":[{"embeddable":true,"href":"https:\/\/puyapeptide.net\/de\/wp-json\/wp\/v2\/media\/2165"}],"wp:attachment":[{"href":"https:\/\/puyapeptide.net\/de\/wp-json\/wp\/v2\/media?parent=6831"}],"wp:term":[{"taxonomy":"product_brand","embeddable":true,"href":"https:\/\/puyapeptide.net\/de\/wp-json\/wp\/v2\/product_brand?post=6831"},{"taxonomy":"product_cat","embeddable":true,"href":"https:\/\/puyapeptide.net\/de\/wp-json\/wp\/v2\/product_cat?post=6831"},{"taxonomy":"product_tag","embeddable":true,"href":"https:\/\/puyapeptide.net\/de\/wp-json\/wp\/v2\/product_tag?post=6831"}],"curies":[{"name":"wp","href":"https:\/\/api.w.org\/{rel}","templated":true}]}}