{"id":6860,"date":"2021-12-16T06:09:09","date_gmt":"2021-12-16T11:09:09","guid":{"rendered":"https:\/\/puyapeptide.net\/product\/nonapeptide-1-melitane-cas-158563-45-2-ist-ein-hautaufhellendes-peptid\/"},"modified":"2021-12-16T06:09:09","modified_gmt":"2021-12-16T11:09:09","slug":"nonapeptide-1-melitane-cas-158563-45-2-ist-ein-hautaufhellendes-peptid","status":"publish","type":"product","link":"https:\/\/puyapeptide.net\/de\/product\/nonapeptide-1-melitane-cas-158563-45-2-ist-ein-hautaufhellendes-peptid\/","title":{"rendered":"Nonapeptide-1\/ Melitane CAS 158563-45-2 ist ein hautaufhellendes Peptid"},"content":{"rendered":"<h2><strong>Nonapeptide-1\/ Melitane CAS 158563-45-2 ist ein hautaufhellendes Peptid<\/strong><\/h2>\n<p>Produktname: Nonapeptide-1<br \/>\nSynonyme: L-Methionyl-L-prolyl-D-phenylalanyl-L-arginyl-D-tryptophyl-L-phenylalanyl-L-lysyl-L-prolyl-L-valinamid; Melanostatin-5;Melanostatin-5(nonpeptide-1);melanostatin;Met-Pro-D-Phe-Arg-D-Trp-Phe-Lys-Pro-Val-NH2;Melitan \/ Nonapeptide-1;Nonapeptide-1, Melanostatine -5, Melanostatine;Melitan<br \/>\nCAS: 158563-45-2<br \/>\nMF: C61H87N15O9S<br \/>\nMW: 1206.5<br \/>\nEINECS:<br \/>\nProduktkategorien:<br \/>\nMol File: 158563-45-2 .mol<\/p>\n<p>Nonapeptide-1, auch bekannt als Meritide, ist ein aufhellendes Nicht-Peptid, das neun Aminos\u00e4uren enth\u00e4lt. Es wird haupts\u00e4chlich zum Aufhellen und Aufhellen der Haut und zum Entfernen von Flecken verwendet. Durch die Hemmung von MSH (Melanotropin), die Verringerung der Melaninproduktion und die Verhinderung einer \u00fcberm\u00e4\u00dfigen Melaninproduktion ). Es verhindert die Aktivit\u00e4t von Tyrosin in den Melanozyten, die Hemmung der Melaninsynthese und hilft, Ihren Hautton auszugleichen, indem es die Hyperpigmentierung verringert. Dieser Prozess reduziert die Bildung unerw\u00fcnschter Pigmentierung und erm\u00f6glicht die Kontrolle \u00fcber Hautton und braune Flecken.<\/p>\n<p> <strong>Funktion von Nonapeptide-1\/ Melitane CAS 158563-45-2<\/strong><br \/>\n1. Nonapeptide-1 Blockiert die Bindung von \u03b1-MSH mit seinem Rezeptor MC1R an der Zellmembran von Melanozyten. Der sukzessive Melanin-Produktionsprozess wird gestoppt.<br \/>\n2. Ein Aufheller, der im Anfangsstadium des Hautverdunkelungsmechanismus wirkt. Hochwirksam.<br \/>\n3. Nonapeptide-1 Verhindert eine weitere Aktivierung der Tyrosinase und blockiert somit die Melaninsynthese f\u00fcr eine bessere Kontrolle \u00fcber Hautton und braune Flecken.<br \/>\n4. Nonapeptide-1 Verhindert die \u00dcberproduktion von Melanin<br \/>\n5. Aufhellende Wirkung auf asiatischer Haut nachgewiesen<\/p>\n<p> <strong>AnwendungNonapeptide-1\/ Melitane CAS 158563-45-2<\/strong><br \/>\nHautausstrahlung \/ Hautaufhellung-Aufhellung \/ Anti-Dark Spot<\/p>\n","protected":false},"excerpt":{"rendered":"<p>Produktname: Nonapeptide-1<br \/>\nCAS: 158563-45-2<br \/>\nMF: C61H87N15O9S<br \/>\nMW: 1206,5<br \/>\nMol Datei: 158563-45-2.mol<\/p>\n","protected":false},"featured_media":2102,"comment_status":"open","ping_status":"closed","template":"","meta":{"om_disable_all_campaigns":false,"_monsterinsights_skip_tracking":false,"_monsterinsights_sitenote_active":false,"_monsterinsights_sitenote_note":"","_monsterinsights_sitenote_category":0,"site-sidebar-layout":"default","site-content-layout":"default","ast-site-content-layout":"default","site-content-style":"default","site-sidebar-style":"default","ast-global-header-display":"","ast-banner-title-visibility":"","ast-main-header-display":"","ast-hfb-above-header-display":"","ast-hfb-below-header-display":"","ast-hfb-mobile-header-display":"","site-post-title":"","ast-breadcrumbs-content":"","ast-featured-img":"","footer-sml-layout":"","ast-disable-related-posts":"","theme-transparent-header-meta":"default","adv-header-id-meta":"","stick-header-meta":"","header-above-stick-meta":"","header-main-stick-meta":"","header-below-stick-meta":"","astra-migrate-meta-layouts":"default","ast-page-background-enabled":"default","ast-page-background-meta":{"desktop":{"background-color":"","background-image":"","background-repeat":"repeat","background-position":"center center","background-size":"auto","background-attachment":"scroll","background-type":"","background-media":"","overlay-type":"","overlay-color":"","overlay-opacity":"","overlay-gradient":""},"tablet":{"background-color":"","background-image":"","background-repeat":"repeat","background-position":"center center","background-size":"auto","background-attachment":"scroll","background-type":"","background-media":"","overlay-type":"","overlay-color":"","overlay-opacity":"","overlay-gradient":""},"mobile":{"background-color":"","background-image":"","background-repeat":"repeat","background-position":"center center","background-size":"auto","background-attachment":"scroll","background-type":"","background-media":"","overlay-type":"","overlay-color":"","overlay-opacity":"","overlay-gradient":""}},"ast-content-background-meta":{"desktop":{"background-color":"var(--ast-global-color-5)","background-image":"","background-repeat":"repeat","background-position":"center center","background-size":"auto","background-attachment":"scroll","background-type":"","background-media":"","overlay-type":"","overlay-color":"","overlay-opacity":"","overlay-gradient":""},"tablet":{"background-color":"var(--ast-global-color-5)","background-image":"","background-repeat":"repeat","background-position":"center center","background-size":"auto","background-attachment":"scroll","background-type":"","background-media":"","overlay-type":"","overlay-color":"","overlay-opacity":"","overlay-gradient":""},"mobile":{"background-color":"var(--ast-global-color-5)","background-image":"","background-repeat":"repeat","background-position":"center center","background-size":"auto","background-attachment":"scroll","background-type":"","background-media":"","overlay-type":"","overlay-color":"","overlay-opacity":"","overlay-gradient":""}}},"product_brand":[],"product_cat":[560],"product_tag":[2940],"class_list":{"0":"post-6860","1":"product","2":"type-product","3":"status-publish","4":"has-post-thumbnail","6":"product_cat-aufhellendes-peptid","7":"product_tag-nonapeptide-1-melitane-cas-158563-45-2-is-a-skin-lightening-peptide-de","8":"desktop-align-left","9":"tablet-align-left","10":"mobile-align-left","12":"first","13":"instock","14":"shipping-taxable","15":"product-type-simple"},"_links":{"self":[{"href":"https:\/\/puyapeptide.net\/de\/wp-json\/wp\/v2\/product\/6860","targetHints":{"allow":["GET"]}}],"collection":[{"href":"https:\/\/puyapeptide.net\/de\/wp-json\/wp\/v2\/product"}],"about":[{"href":"https:\/\/puyapeptide.net\/de\/wp-json\/wp\/v2\/types\/product"}],"replies":[{"embeddable":true,"href":"https:\/\/puyapeptide.net\/de\/wp-json\/wp\/v2\/comments?post=6860"}],"wp:featuredmedia":[{"embeddable":true,"href":"https:\/\/puyapeptide.net\/de\/wp-json\/wp\/v2\/media\/2102"}],"wp:attachment":[{"href":"https:\/\/puyapeptide.net\/de\/wp-json\/wp\/v2\/media?parent=6860"}],"wp:term":[{"taxonomy":"product_brand","embeddable":true,"href":"https:\/\/puyapeptide.net\/de\/wp-json\/wp\/v2\/product_brand?post=6860"},{"taxonomy":"product_cat","embeddable":true,"href":"https:\/\/puyapeptide.net\/de\/wp-json\/wp\/v2\/product_cat?post=6860"},{"taxonomy":"product_tag","embeddable":true,"href":"https:\/\/puyapeptide.net\/de\/wp-json\/wp\/v2\/product_tag?post=6860"}],"curies":[{"name":"wp","href":"https:\/\/api.w.org\/{rel}","templated":true}]}}