{"id":6892,"date":"2021-12-16T06:10:00","date_gmt":"2021-12-16T11:10:00","guid":{"rendered":"https:\/\/puyapeptide.net\/product\/heisses-verkaufs-kosmetisches-peptid-l-carnosin-carnosin-cas-305-84-0\/"},"modified":"2021-12-16T06:10:00","modified_gmt":"2021-12-16T11:10:00","slug":"heisses-verkaufs-kosmetisches-peptid-l-carnosin-carnosin-cas-305-84-0","status":"publish","type":"product","link":"https:\/\/puyapeptide.net\/de\/product\/heisses-verkaufs-kosmetisches-peptid-l-carnosin-carnosin-cas-305-84-0\/","title":{"rendered":"Hei\u00dfes Verkaufs-kosmetisches Peptid L-Carnosin\/Carnosin CAS 305-84-0"},"content":{"rendered":"<h2><strong>Hei\u00dfes Verkaufs-kosmetisches Peptid L-Carnosin\/Carnosin CAS 305-84-0<\/strong><\/h2>\n<p>Produktname: L-Carnosin\/Carnosin<br \/>\nSynonyme: NB-ALANYL-L-HISTIDINE;H-BETA-ALA-HIS-OH;L-IGNOTINE;L-BETA-ALANIN HISTIDINE;L-CARNOSINE;B -ALANYL-L-HISTIDIN;BETA-AH;BETA-ALANYL-L-HISTIDIN<br \/>\nCAS: 305-84-0<br \/>\nMF: C9H14N4O3<br \/>\nMW: 226,23<br \/>\nEINECS: 206-169-9<br \/>\nProduktkategorien: Lebensmittelzusatzstoff;Amino;Aminos\u00e4uren;chiral;Nahrungserg\u00e4nzungsmittel;API;Aminos\u00e4urederivate;kosmetisch<br \/>\nMol File: 305-84-0.mol<\/p>\n<p>Carnosin ist ein Dipeptid bestehend aus Beta-Alanin und Histidin. Es kommt in Muskel- und anderen Geweben vor. Es hat starke Oxidationseigenschaften, da es sowohl reaktive Sauerstoffspezies (ROS) als auch reaktive Stickstoffspezies (RNS) abfangen kann. Carnosin wirkt als zytosolischer Puffer und als Regulator der Makrophagenfunktion.1 Aufgrund seiner F\u00e4higkeit, Komplexe mit \u00dcbergangsmetallen zu bilden, wird es verwendet, um den Gehalt an \u00dcbergangsmetallionen in biologischen Fl\u00fcssigkeiten und Geweben zu regulieren.<br \/>\nCarnosin kann verhindern Alterung und kann zur Vorbeugung oder Behandlung von Diabeteskomplikationen wie Nervensch\u00e4den, Augenerkrankungen (Katarakt) und Nierenproblemen eingesetzt werden. Potentielle therapeutische Wirkungen von Carnosin umfassen blutdrucksenkende Wirkungen, Immunmodulation, Wundheilung und Antitumor-\/chemopr\u00e4ventive Wirkungen. Die Chelatverbindung aus Zinkionen und Carnosin wurde in Japan bei Gastritis, Magengeschw\u00fcren und Dyspepsie-Symptomen verwendet.<\/p>\n<p> <strong>L-Carnosin\/Carnosin CAS 305-84-0 Chemische Eigenschaften<\/strong><br \/>\nSchmelzpunkt 253 \u00b0C (dez.) (lit.)<br \/>\nalpha 20,9 \u00ba (c=1,5, H2O)<br \/>\nSiedepunkt 367,84\u00b0C (grobe Sch\u00e4tzung)<br \/>\nDichte 1,2673 (grobe Sch\u00e4tzung)<br \/>\nBrechungsindex 21 \u00b0 ( C=2, H2O)<br \/>\nLagertemp. -20\u00b0C<br \/>\npka 2,62(bei 25\u2103)<br \/>\nformt kristallin<br \/>\nFarbe Wei\u00df<br \/>\nWasserl\u00f6slichkeit fast transparent<br \/>\nMerck 14,1850<br \/>\nBRN 87671<br \/>\nStabilit\u00e4t: Stabil, kann aber hitzeempfindlich sein &#8211; kalt lagern. Inkompatibel mit starken Oxidationsmitteln.<br \/>\nInChIKey CQOVPNPJLQNMDC-ZETCQYMHSA-N<br \/>\nCAS DataBase Reference 305-84-0(CAS DataBase Reference)<br \/>\nEPA Substance Registry System L-Histidin, .beta.-Alanyl- (305 -84-0)<\/p>\n<p> <strong>Funktion von L-Carnosin\/Carnosin CAS 305-84-0<\/strong><br \/>\n1. Neue Lebensmittelzusatzstoffe;<br \/>\n2. Carnosin ist eine \u03b2-Alanin- und Histidin-Dipeptid-Zusammensetzung, die in Tieren synthetisiert werden kann;<br \/>\n3. Hemmt die Fettoxidation und sch\u00fctzt die Rolle des Fleisches;<br \/>\n4. Kosmetisches Peptid kann Hautalterung und Hautaufhellungseffekt verhindern;<br \/>\n5. Altersstar behandeln;<br \/>\n6. Kann die Wundheilung f\u00f6rdern <\/p>\n<p> <strong>Anwendung von L-Carnosin\/Carnosin CAS 305-84-0<\/strong><br \/>\n1. Kann sch\u00e4dliche Metallverbindungen binden und inaktivieren.<br \/>\n2. Sch\u00fctzen Sie gesunde Zellen vor Strahlensch\u00e4den.<br \/>\n3. Wirkt als Katalysator, um die Arbeit zahlreicher anderer N\u00e4hrstoffe und Verbindungen zu verbessern.<\/p>\n","protected":false},"excerpt":{"rendered":"<p>Produktname: L-Carnosin\/Carnosin<br \/>\nCAS: 305-84-0<br \/>\nMF: C9H14N4O3<br \/>\nMW: 226,23<br \/>\nEINECS: 206-169-9<br \/>\nMol Datei: 305-84- 0.mol<\/p>\n","protected":false},"featured_media":2165,"comment_status":"open","ping_status":"closed","template":"","meta":{"om_disable_all_campaigns":false,"_monsterinsights_skip_tracking":false,"_monsterinsights_sitenote_active":false,"_monsterinsights_sitenote_note":"","_monsterinsights_sitenote_category":0,"site-sidebar-layout":"default","site-content-layout":"default","ast-site-content-layout":"default","site-content-style":"default","site-sidebar-style":"default","ast-global-header-display":"","ast-banner-title-visibility":"","ast-main-header-display":"","ast-hfb-above-header-display":"","ast-hfb-below-header-display":"","ast-hfb-mobile-header-display":"","site-post-title":"","ast-breadcrumbs-content":"","ast-featured-img":"","footer-sml-layout":"","ast-disable-related-posts":"","theme-transparent-header-meta":"default","adv-header-id-meta":"","stick-header-meta":"","header-above-stick-meta":"","header-main-stick-meta":"","header-below-stick-meta":"","astra-migrate-meta-layouts":"default","ast-page-background-enabled":"default","ast-page-background-meta":{"desktop":{"background-color":"","background-image":"","background-repeat":"repeat","background-position":"center center","background-size":"auto","background-attachment":"scroll","background-type":"","background-media":"","overlay-type":"","overlay-color":"","overlay-opacity":"","overlay-gradient":""},"tablet":{"background-color":"","background-image":"","background-repeat":"repeat","background-position":"center center","background-size":"auto","background-attachment":"scroll","background-type":"","background-media":"","overlay-type":"","overlay-color":"","overlay-opacity":"","overlay-gradient":""},"mobile":{"background-color":"","background-image":"","background-repeat":"repeat","background-position":"center center","background-size":"auto","background-attachment":"scroll","background-type":"","background-media":"","overlay-type":"","overlay-color":"","overlay-opacity":"","overlay-gradient":""}},"ast-content-background-meta":{"desktop":{"background-color":"var(--ast-global-color-5)","background-image":"","background-repeat":"repeat","background-position":"center center","background-size":"auto","background-attachment":"scroll","background-type":"","background-media":"","overlay-type":"","overlay-color":"","overlay-opacity":"","overlay-gradient":""},"tablet":{"background-color":"var(--ast-global-color-5)","background-image":"","background-repeat":"repeat","background-position":"center center","background-size":"auto","background-attachment":"scroll","background-type":"","background-media":"","overlay-type":"","overlay-color":"","overlay-opacity":"","overlay-gradient":""},"mobile":{"background-color":"var(--ast-global-color-5)","background-image":"","background-repeat":"repeat","background-position":"center center","background-size":"auto","background-attachment":"scroll","background-type":"","background-media":"","overlay-type":"","overlay-color":"","overlay-opacity":"","overlay-gradient":""}}},"product_brand":[],"product_cat":[551],"product_tag":[2890],"class_list":{"0":"post-6892","1":"product","2":"type-product","3":"status-publish","4":"has-post-thumbnail","6":"product_cat-anti-falten-und-anti-aging-peptid","7":"product_tag-hot-sale-cosmetic-peptide-l-carnosine-carnosine-cas-305-84-0-de","8":"desktop-align-left","9":"tablet-align-left","10":"mobile-align-left","12":"first","13":"instock","14":"shipping-taxable","15":"product-type-simple"},"_links":{"self":[{"href":"https:\/\/puyapeptide.net\/de\/wp-json\/wp\/v2\/product\/6892","targetHints":{"allow":["GET"]}}],"collection":[{"href":"https:\/\/puyapeptide.net\/de\/wp-json\/wp\/v2\/product"}],"about":[{"href":"https:\/\/puyapeptide.net\/de\/wp-json\/wp\/v2\/types\/product"}],"replies":[{"embeddable":true,"href":"https:\/\/puyapeptide.net\/de\/wp-json\/wp\/v2\/comments?post=6892"}],"wp:featuredmedia":[{"embeddable":true,"href":"https:\/\/puyapeptide.net\/de\/wp-json\/wp\/v2\/media\/2165"}],"wp:attachment":[{"href":"https:\/\/puyapeptide.net\/de\/wp-json\/wp\/v2\/media?parent=6892"}],"wp:term":[{"taxonomy":"product_brand","embeddable":true,"href":"https:\/\/puyapeptide.net\/de\/wp-json\/wp\/v2\/product_brand?post=6892"},{"taxonomy":"product_cat","embeddable":true,"href":"https:\/\/puyapeptide.net\/de\/wp-json\/wp\/v2\/product_cat?post=6892"},{"taxonomy":"product_tag","embeddable":true,"href":"https:\/\/puyapeptide.net\/de\/wp-json\/wp\/v2\/product_tag?post=6892"}],"curies":[{"name":"wp","href":"https:\/\/api.w.org\/{rel}","templated":true}]}}