{"id":6895,"date":"2021-12-16T06:10:02","date_gmt":"2021-12-16T11:10:02","guid":{"rendered":"https:\/\/puyapeptide.net\/product\/acetyl-decapeptide-3-cas-935288-50-9-kann-die-dermis-durchdringen-um-kollagen-zu-erhoehen\/"},"modified":"2021-12-16T06:10:02","modified_gmt":"2021-12-16T11:10:02","slug":"acetyl-decapeptide-3-cas-935288-50-9-kann-die-dermis-durchdringen-um-kollagen-zu-erhoehen","status":"publish","type":"product","link":"https:\/\/puyapeptide.net\/de\/product\/acetyl-decapeptide-3-cas-935288-50-9-kann-die-dermis-durchdringen-um-kollagen-zu-erhoehen\/","title":{"rendered":"Acetyl Decapeptide-3 CAS 935288-50-9 kann die Dermis durchdringen, um Kollagen zu erh\u00f6hen"},"content":{"rendered":"<h2><strong>Acetyl Decapeptide-3 CAS 935288-50-9 kann die Dermis durchdringen, um Kollagen zu erh\u00f6hen<\/strong><\/h2>\n<p>Produktname: Acetyl Decapeptide-3<br \/>\nSynonyme: Acetyl Decapeptide-3;Acetyl Decapeptide-3\/ Decapeptide-4;L-Tyrosinamid, N-Acetyl-L-tyrosyl-L-arginyl-L-seryl-L -Arginyl-L-Lysyl-L-Tyrosyl-L-Threonyl-L-Seryl-L-Tryptophyl-;Acetyl Decapeptide-3 USP\/EP\/BP;hochwertiges Acetyl Decapeptide-3 CAS 935288-50-9<br \/>\n CAS: 935288-50-9<br \/>\nMF: C68H95N19O17<br \/>\nMW: 1450.6<br \/>\nEINECS:<br \/>\nProduktkategorien:<br \/>\nMol Datei: 935288-50-9.mol<\/p>\n<p>Acetyl Decapeptid-3 kann in die Dermis eindringen, um das Kollagen zu erh\u00f6hen und den Hautalterungsprozess umzukehren, indem es von innen nach au\u00dfen aufbaut; stimulieren die Vermehrung von Kollagen, elastischen Fasern und Hyalurons\u00e4ure, verbessern den Wassergehalt und die Wassersperre der Haut, erh\u00f6hen die Hautdicke und reduzieren feine Linien.<br \/>\nAnti-Falten und Anti-Aging Verbessern Sie die Hautqualit\u00e4t. Gesichts-, Hals- und Handpflegeprodukte k\u00f6nnen der Sch\u00f6nheitshautpflege wie Lotion, Gesichtsmaske, Morgen- und Abendcreme, Augenserum usw. zugesetzt werden.<\/p>\n<p> <strong>Funktion von Acetyl Decapeptide-3 CAS 935288-50-9<\/strong><br \/>\nF\u00f6rdern Sie die Produktion neuer Hautzellen Reduzieren und verhindern Sie feine Linien und F\u00e4ltchen Normale Vitalit\u00e4t und Energie der Haut Aufhellen des Hauttons F\u00f6rderung der Produktion neuer Hautzellen Aufhellen von Narben F\u00f6rderung der Zellproduktion Zellmigration Zell\u00fcberleben und erh\u00f6hte Expression der extrazellul\u00e4ren Matrix.&lt;&amp; &gt;1. Anti-Falten und Anti-Aging<br \/>\n2. Verbesserung der Hautqualit\u00e4t<\/p>\n<p> <strong>Anwendung von Acetyl Decapeptide-3 CAS 935288-50-9<\/strong><br \/>\nGesichts-, Hals- und Handpflegeprodukte, die zu Sch\u00f6nheitshautpflegeprodukten wie Lotionen, Gesichtsmasken, morgens hinzugef\u00fcgt werden k\u00f6nnen und Abendcremes, Augenessenzen usw.<\/p>\n","protected":false},"excerpt":{"rendered":"<p>Produktname: Acetyl Decapeptide-3<br \/>\nCAS: 935288-50-9<br \/>\nMF: C68H95N19O17<br \/>\nMW: 1450.6<br \/>\nMol Datei: 935288-50-9.mol<\/p>\n","protected":false},"featured_media":2207,"comment_status":"open","ping_status":"closed","template":"","meta":{"om_disable_all_campaigns":false,"_monsterinsights_skip_tracking":false,"_monsterinsights_sitenote_active":false,"_monsterinsights_sitenote_note":"","_monsterinsights_sitenote_category":0,"site-sidebar-layout":"default","site-content-layout":"default","ast-site-content-layout":"default","site-content-style":"default","site-sidebar-style":"default","ast-global-header-display":"","ast-banner-title-visibility":"","ast-main-header-display":"","ast-hfb-above-header-display":"","ast-hfb-below-header-display":"","ast-hfb-mobile-header-display":"","site-post-title":"","ast-breadcrumbs-content":"","ast-featured-img":"","footer-sml-layout":"","ast-disable-related-posts":"","theme-transparent-header-meta":"default","adv-header-id-meta":"","stick-header-meta":"","header-above-stick-meta":"","header-main-stick-meta":"","header-below-stick-meta":"","astra-migrate-meta-layouts":"default","ast-page-background-enabled":"default","ast-page-background-meta":{"desktop":{"background-color":"","background-image":"","background-repeat":"repeat","background-position":"center center","background-size":"auto","background-attachment":"scroll","background-type":"","background-media":"","overlay-type":"","overlay-color":"","overlay-opacity":"","overlay-gradient":""},"tablet":{"background-color":"","background-image":"","background-repeat":"repeat","background-position":"center center","background-size":"auto","background-attachment":"scroll","background-type":"","background-media":"","overlay-type":"","overlay-color":"","overlay-opacity":"","overlay-gradient":""},"mobile":{"background-color":"","background-image":"","background-repeat":"repeat","background-position":"center center","background-size":"auto","background-attachment":"scroll","background-type":"","background-media":"","overlay-type":"","overlay-color":"","overlay-opacity":"","overlay-gradient":""}},"ast-content-background-meta":{"desktop":{"background-color":"var(--ast-global-color-5)","background-image":"","background-repeat":"repeat","background-position":"center center","background-size":"auto","background-attachment":"scroll","background-type":"","background-media":"","overlay-type":"","overlay-color":"","overlay-opacity":"","overlay-gradient":""},"tablet":{"background-color":"var(--ast-global-color-5)","background-image":"","background-repeat":"repeat","background-position":"center center","background-size":"auto","background-attachment":"scroll","background-type":"","background-media":"","overlay-type":"","overlay-color":"","overlay-opacity":"","overlay-gradient":""},"mobile":{"background-color":"var(--ast-global-color-5)","background-image":"","background-repeat":"repeat","background-position":"center center","background-size":"auto","background-attachment":"scroll","background-type":"","background-media":"","overlay-type":"","overlay-color":"","overlay-opacity":"","overlay-gradient":""}}},"product_brand":[],"product_cat":[551],"product_tag":[2928],"class_list":{"0":"post-6895","1":"product","2":"type-product","3":"status-publish","4":"has-post-thumbnail","6":"product_cat-anti-falten-und-anti-aging-peptid","7":"product_tag-acetyl-decapeptide-3-cas-935288-50-9-can-penetrate-the-dermis-to-increase-collagen-de","8":"desktop-align-left","9":"tablet-align-left","10":"mobile-align-left","12":"first","13":"instock","14":"shipping-taxable","15":"product-type-simple"},"_links":{"self":[{"href":"https:\/\/puyapeptide.net\/de\/wp-json\/wp\/v2\/product\/6895","targetHints":{"allow":["GET"]}}],"collection":[{"href":"https:\/\/puyapeptide.net\/de\/wp-json\/wp\/v2\/product"}],"about":[{"href":"https:\/\/puyapeptide.net\/de\/wp-json\/wp\/v2\/types\/product"}],"replies":[{"embeddable":true,"href":"https:\/\/puyapeptide.net\/de\/wp-json\/wp\/v2\/comments?post=6895"}],"wp:featuredmedia":[{"embeddable":true,"href":"https:\/\/puyapeptide.net\/de\/wp-json\/wp\/v2\/media\/2207"}],"wp:attachment":[{"href":"https:\/\/puyapeptide.net\/de\/wp-json\/wp\/v2\/media?parent=6895"}],"wp:term":[{"taxonomy":"product_brand","embeddable":true,"href":"https:\/\/puyapeptide.net\/de\/wp-json\/wp\/v2\/product_brand?post=6895"},{"taxonomy":"product_cat","embeddable":true,"href":"https:\/\/puyapeptide.net\/de\/wp-json\/wp\/v2\/product_cat?post=6895"},{"taxonomy":"product_tag","embeddable":true,"href":"https:\/\/puyapeptide.net\/de\/wp-json\/wp\/v2\/product_tag?post=6895"}],"curies":[{"name":"wp","href":"https:\/\/api.w.org\/{rel}","templated":true}]}}