{"id":6922,"date":"2021-12-16T06:11:34","date_gmt":"2021-12-16T11:11:34","guid":{"rendered":"https:\/\/puyapeptide.net\/product\/palmitoyldipeptide-7-cas-911813-90-6-ist-ein-signalaehnliches-peptid-das-die-matrixprotein-und-kollagensynthese-foerdert\/"},"modified":"2021-12-16T06:11:34","modified_gmt":"2021-12-16T11:11:34","slug":"palmitoyldipeptide-7-cas-911813-90-6-ist-ein-signalaehnliches-peptid-das-die-matrixprotein-und-kollagensynthese-foerdert","status":"publish","type":"product","link":"https:\/\/puyapeptide.net\/de\/product\/palmitoyldipeptide-7-cas-911813-90-6-ist-ein-signalaehnliches-peptid-das-die-matrixprotein-und-kollagensynthese-foerdert\/","title":{"rendered":"Palmitoyldipeptide-7 CAS 911813-90-6 ist ein signal\u00e4hnliches Peptid, das die Matrixprotein- und Kollagensynthese f\u00f6rdert"},"content":{"rendered":"<h2><strong>Palmitoyldipeptide-7 CAS 911813-90-6 ist ein signal\u00e4hnliches Peptid, das die Matrixprotein- und Kollagensynthese f\u00f6rdert<\/strong><\/h2>\n<p>Produktname: Palmitoyl dipeptide-7\/ (2S,3R)-2-[[(2S)-6-amino-2-(hexadecanoylamino)hexanoyl]amino]-3-hydroxybutanic acid<br \/>\nSynonyme: Palmitoyl Dipeptide -7;PAL-KT;(2S,3R)-2-[[(2S)-6-amino-2-(hexadecanoylamino)hexanoyl]amino]-3-hydroxybutans\u00e4ure;Palmitoyl Dipeptide-7 palestrina<br \/>\nCAS: 911813-90-6<br \/>\nMF: C26H51N3O5<br \/>\nMW: 485.7<br \/>\nEINECS:<br \/>\nProduktkategorien:<br \/>\nMol File: 911813-90-6.mol<\/p>\n<p>Palmitoyl dipeptide- 7 ist ein signal\u00e4hnliches Peptid, das Matrixproteine f\u00f6rdert, die Kollagensynthese f\u00f6rdert und auch die Produktion von Elastin, Hyalurons\u00e4ure, Glykosaminoglykan und Fibronektin erh\u00f6hen kann. Es f\u00f6rdert die Kollagensynthese, indem es die Aktivit\u00e4t der Stromazellen erh\u00f6ht, wodurch die Haut elastischer und jugendlicher aussieht.<\/p>\n<p>Palmitoyl Dipeptide-7 ist eines der k\u00fcrzesten Peptide. Bei Tests mit menschlichen Haut\u00e4quivalenten wurde festgestellt, dass es die Differenzierung der Epidermis, der Basalmembranzone und der dermalen Fibroblasten verbessert. In dermalen Fibroblasten erh\u00f6hte Palmitoyl Dipeptide-7 Kollagen I, Kollagen IV und Fibronektin. Die Verwendung von Peptiden zur topischen Anwendung ist durch die ionische Natur der Aminos\u00e4ureketten eingeschr\u00e4nkt. Dies kann jedoch durch den Einbau eines lipophilen Derivats wie Palmitoyl umgangen werden.<\/p>\n<p> <strong>Funktion von Palmitoyl dipeptide-7 CAS 911813 -90-6<\/strong><br \/>\nAnti-Aging; kosmetische Peptide<\/p>\n","protected":false},"excerpt":{"rendered":"<p>Produktname: Palmitoyldipeptid-7\/ (2S,3R)-2-[[(2S)-6-amino-2-(hexadecanoylamino)hexanoyl]amino]-3-hydroxybutans\u00e4ure<br \/>\nCAS: 911813-90-6<br \/>\nMF: C26H51N3O5<br \/>\nMW: 485,7<br \/>\nMol Datei: 911813-90-6.mol<\/p>\n","protected":false},"featured_media":2291,"comment_status":"open","ping_status":"closed","template":"","meta":{"om_disable_all_campaigns":false,"_monsterinsights_skip_tracking":false,"_monsterinsights_sitenote_active":false,"_monsterinsights_sitenote_note":"","_monsterinsights_sitenote_category":0,"site-sidebar-layout":"default","site-content-layout":"default","ast-site-content-layout":"default","site-content-style":"default","site-sidebar-style":"default","ast-global-header-display":"","ast-banner-title-visibility":"","ast-main-header-display":"","ast-hfb-above-header-display":"","ast-hfb-below-header-display":"","ast-hfb-mobile-header-display":"","site-post-title":"","ast-breadcrumbs-content":"","ast-featured-img":"","footer-sml-layout":"","ast-disable-related-posts":"","theme-transparent-header-meta":"default","adv-header-id-meta":"","stick-header-meta":"","header-above-stick-meta":"","header-main-stick-meta":"","header-below-stick-meta":"","astra-migrate-meta-layouts":"default","ast-page-background-enabled":"default","ast-page-background-meta":{"desktop":{"background-color":"","background-image":"","background-repeat":"repeat","background-position":"center center","background-size":"auto","background-attachment":"scroll","background-type":"","background-media":"","overlay-type":"","overlay-color":"","overlay-opacity":"","overlay-gradient":""},"tablet":{"background-color":"","background-image":"","background-repeat":"repeat","background-position":"center center","background-size":"auto","background-attachment":"scroll","background-type":"","background-media":"","overlay-type":"","overlay-color":"","overlay-opacity":"","overlay-gradient":""},"mobile":{"background-color":"","background-image":"","background-repeat":"repeat","background-position":"center center","background-size":"auto","background-attachment":"scroll","background-type":"","background-media":"","overlay-type":"","overlay-color":"","overlay-opacity":"","overlay-gradient":""}},"ast-content-background-meta":{"desktop":{"background-color":"var(--ast-global-color-5)","background-image":"","background-repeat":"repeat","background-position":"center center","background-size":"auto","background-attachment":"scroll","background-type":"","background-media":"","overlay-type":"","overlay-color":"","overlay-opacity":"","overlay-gradient":""},"tablet":{"background-color":"var(--ast-global-color-5)","background-image":"","background-repeat":"repeat","background-position":"center center","background-size":"auto","background-attachment":"scroll","background-type":"","background-media":"","overlay-type":"","overlay-color":"","overlay-opacity":"","overlay-gradient":""},"mobile":{"background-color":"var(--ast-global-color-5)","background-image":"","background-repeat":"repeat","background-position":"center center","background-size":"auto","background-attachment":"scroll","background-type":"","background-media":"","overlay-type":"","overlay-color":"","overlay-opacity":"","overlay-gradient":""}}},"product_brand":[],"product_cat":[551],"product_tag":[2875],"class_list":{"0":"post-6922","1":"product","2":"type-product","3":"status-publish","4":"has-post-thumbnail","6":"product_cat-anti-falten-und-anti-aging-peptid","7":"product_tag-palmitoyl-dipeptide-7-cas-911813-90-6-is-a-signal-like-peptide-that-promotes-matrix-protein-and-collagen-synthesis-de","8":"desktop-align-left","9":"tablet-align-left","10":"mobile-align-left","12":"first","13":"instock","14":"shipping-taxable","15":"product-type-simple"},"_links":{"self":[{"href":"https:\/\/puyapeptide.net\/de\/wp-json\/wp\/v2\/product\/6922","targetHints":{"allow":["GET"]}}],"collection":[{"href":"https:\/\/puyapeptide.net\/de\/wp-json\/wp\/v2\/product"}],"about":[{"href":"https:\/\/puyapeptide.net\/de\/wp-json\/wp\/v2\/types\/product"}],"replies":[{"embeddable":true,"href":"https:\/\/puyapeptide.net\/de\/wp-json\/wp\/v2\/comments?post=6922"}],"wp:featuredmedia":[{"embeddable":true,"href":"https:\/\/puyapeptide.net\/de\/wp-json\/wp\/v2\/media\/2291"}],"wp:attachment":[{"href":"https:\/\/puyapeptide.net\/de\/wp-json\/wp\/v2\/media?parent=6922"}],"wp:term":[{"taxonomy":"product_brand","embeddable":true,"href":"https:\/\/puyapeptide.net\/de\/wp-json\/wp\/v2\/product_brand?post=6922"},{"taxonomy":"product_cat","embeddable":true,"href":"https:\/\/puyapeptide.net\/de\/wp-json\/wp\/v2\/product_cat?post=6922"},{"taxonomy":"product_tag","embeddable":true,"href":"https:\/\/puyapeptide.net\/de\/wp-json\/wp\/v2\/product_tag?post=6922"}],"curies":[{"name":"wp","href":"https:\/\/api.w.org\/{rel}","templated":true}]}}