{"id":6986,"date":"2021-12-16T06:38:06","date_gmt":"2021-12-16T11:38:06","guid":{"rendered":"https:\/\/puyapeptide.net\/product\/palmitoyl-tripeptid-38-cas-1447824-23-8-ist-ein-starkes-anti-falten-peptid\/"},"modified":"2021-12-16T06:38:06","modified_gmt":"2021-12-16T11:38:06","slug":"palmitoyl-tripeptid-38-cas-1447824-23-8-ist-ein-starkes-anti-falten-peptid","status":"publish","type":"product","link":"https:\/\/puyapeptide.net\/de\/product\/palmitoyl-tripeptid-38-cas-1447824-23-8-ist-ein-starkes-anti-falten-peptid\/","title":{"rendered":"Palmitoyl-Tripeptid-38 CAS 1447824-23-8 ist ein starkes Anti-Falten-Peptid"},"content":{"rendered":"<h2><strong>Palmitoyl-Tripeptid-38 CAS 1447824-23-8 ist ein starkes Anti-Falten-Peptid<\/strong><\/h2>\n<p>Produktname: Palmitoyl Tripeptide 38<br \/>\nSequenz: Pal-Lys-Met(O2)-Lys-OH<br \/>\nSynonyme: Matrixyl synthsis; Palmitoyl Tripeptide 38; Matrixyl synthe6; Palmitoyl Tripeptide 38 USP\/EP\/BP; Sicherer Versand und schnelle Lieferung Palmitoyl Tripeptide 38 Powder CAS 1447824-23-8 Von Biocar;matrixyl synthe6 Matrixyl synthsis<br \/>\nCAS: 1447824-23-8<br \/>\nMF:<br \/>\nMW: 0<br \/>\nEINECS: 7824- 223-8<br \/>\nProduktkategorien:<br \/>\nMol-Datei: Mol-Datei<\/p>\n<p>Palmitoyl Tripeptide-38 besteht aus drei Aminos\u00e4uren und ist ein dioxygeniertes Lipopeptid. Dieses Peptid ist inspiriert von einem Tripeptid, das nat\u00fcrlicherweise in Kollagen VI und Laminin vorkommt. Es baut die Haut von innen dort wieder auf, wo es gebraucht wird, um faltengegl\u00e4ttete Haut zu beruhigen und ist besonders wirksam bei Stirnfalten, Kr\u00e4henf\u00fc\u00dfen, Kopffalten und Halsfalten.<\/p>\n<p>Palmitoyl Tripeptide-38 ist das Reaktionsprodukt von Palmitins\u00e4ure und Tripeptide-38.<\/p>\n<p>Es dringt tief in die Dermis ein, um die Produktion von Kollagen und die Synthese von Hyalurons\u00e4ure zu f\u00f6rdern, insbesondere auf der Stirn.<\/p>\n<p> <strong>Funktion und Anwendung von Palmitoyl Tripeptide 38<\/strong><br \/>\n1. Palmitoyl Tripeptide-38 ist ein starkes Anti-Falten-Peptid, das auf 6 hauterneuernde Grundstoffe wirkt und mit Erfolg auf der Stirn getestet wurde.<br \/>\n2. Palmitoyl Tripeptide-38 und Portulaca Pilosa-Extrakt k\u00f6nnen verwendet werden, um die Lippen durch Hyalurons\u00e4ure-Synthese aufzupolstern. Es verbessert die innere und oberfl\u00e4chliche Lippentextur mit einem sichtbaren Einfluss auf die Lippenform. Dieses Produkt erh\u00f6ht das Lippenvolumen, die Feuchtigkeit und die Weichheit. Es bietet Anti-Aging- und Anti-Sagging-Effekte.<\/p>\n<p> <strong>Mechanismus von Palmitoyl-Tripeptid-38 CAS 1447824-23-8<\/strong> <\/p>\n<p>Palmitoyl-Tripeptid-38 hat eine Matrikin-\u00e4hnliche Wirkung, die F\u00f6rderung der Synthese von Kollagen I, III, IV, Fibronektin, Hyalurons\u00e4ure und Laminin 5, den sechs Hauptkomponenten der Hautmatrix und der epidermal-dermalen Verbindung (DEJ); Daher kann Palmitoyltripeptid-38 die Hautmaschenstruktur wieder aufbauen, Falten lindern und die Haut gl\u00e4tten Stirnfalten und Augenfalten. Nach zwei Monaten zweimal t\u00e4glicher Anwendung einer L\u00f6sung mit 2% Tripeptiden.<\/p>\n<p>Verbesserung der Stirnhautqualit\u00e4t um 28%, Faltenvolumen um 31% reduziert, maximale Faltentiefe um 16,3% reduziert<\/p>\n<p> Die Hautqualit\u00e4t der Augenwinkel wurde um 12,6% verbessert, das Volumen der Kr\u00e4henf\u00fc\u00dfe wurde um 21,1% reduziert, die Faltenoberfl\u00e4che wurde um 28,5% reduziert, die Faltentiefe wurde im Durchschnitt um 15% reduziert und die Ausbreitung Der Faltenwinkel wurde um 8,4 % erh\u00f6ht<\/p>\n<p>Nach dem Test ist offensichtlich, dass Palmitoyltripeptid-38 immer noch eine sehr deutliche Wirkung bei der Faltenentfernung hat.<\/p>\n","protected":false},"excerpt":{"rendered":"<p>Produktname: Palmitoyl Tripeptide 38<br \/>\nSequenz: Pal-Lys-Met(O2)-Lys-OH<br \/>\nCAS: 1447824-23-8<br \/>\nMol-Datei: Mol-Datei<\/p>\n","protected":false},"featured_media":2207,"comment_status":"open","ping_status":"closed","template":"","meta":{"om_disable_all_campaigns":false,"_monsterinsights_skip_tracking":false,"_monsterinsights_sitenote_active":false,"_monsterinsights_sitenote_note":"","_monsterinsights_sitenote_category":0,"site-sidebar-layout":"default","site-content-layout":"default","ast-site-content-layout":"default","site-content-style":"default","site-sidebar-style":"default","ast-global-header-display":"","ast-banner-title-visibility":"","ast-main-header-display":"","ast-hfb-above-header-display":"","ast-hfb-below-header-display":"","ast-hfb-mobile-header-display":"","site-post-title":"","ast-breadcrumbs-content":"","ast-featured-img":"","footer-sml-layout":"","ast-disable-related-posts":"","theme-transparent-header-meta":"default","adv-header-id-meta":"","stick-header-meta":"","header-above-stick-meta":"","header-main-stick-meta":"","header-below-stick-meta":"","astra-migrate-meta-layouts":"default","ast-page-background-enabled":"default","ast-page-background-meta":{"desktop":{"background-color":"","background-image":"","background-repeat":"repeat","background-position":"center center","background-size":"auto","background-attachment":"scroll","background-type":"","background-media":"","overlay-type":"","overlay-color":"","overlay-opacity":"","overlay-gradient":""},"tablet":{"background-color":"","background-image":"","background-repeat":"repeat","background-position":"center center","background-size":"auto","background-attachment":"scroll","background-type":"","background-media":"","overlay-type":"","overlay-color":"","overlay-opacity":"","overlay-gradient":""},"mobile":{"background-color":"","background-image":"","background-repeat":"repeat","background-position":"center center","background-size":"auto","background-attachment":"scroll","background-type":"","background-media":"","overlay-type":"","overlay-color":"","overlay-opacity":"","overlay-gradient":""}},"ast-content-background-meta":{"desktop":{"background-color":"var(--ast-global-color-5)","background-image":"","background-repeat":"repeat","background-position":"center center","background-size":"auto","background-attachment":"scroll","background-type":"","background-media":"","overlay-type":"","overlay-color":"","overlay-opacity":"","overlay-gradient":""},"tablet":{"background-color":"var(--ast-global-color-5)","background-image":"","background-repeat":"repeat","background-position":"center center","background-size":"auto","background-attachment":"scroll","background-type":"","background-media":"","overlay-type":"","overlay-color":"","overlay-opacity":"","overlay-gradient":""},"mobile":{"background-color":"var(--ast-global-color-5)","background-image":"","background-repeat":"repeat","background-position":"center center","background-size":"auto","background-attachment":"scroll","background-type":"","background-media":"","overlay-type":"","overlay-color":"","overlay-opacity":"","overlay-gradient":""}}},"product_brand":[],"product_cat":[551],"product_tag":[2742],"class_list":{"0":"post-6986","1":"product","2":"type-product","3":"status-publish","4":"has-post-thumbnail","6":"product_cat-anti-falten-und-anti-aging-peptid","7":"product_tag-palmitoyl-tripeptide-38-cas-1447824-23-8-is-a-powerful-anti-wrinkle-peptide-de","8":"desktop-align-left","9":"tablet-align-left","10":"mobile-align-left","12":"first","13":"instock","14":"shipping-taxable","15":"product-type-simple"},"_links":{"self":[{"href":"https:\/\/puyapeptide.net\/de\/wp-json\/wp\/v2\/product\/6986","targetHints":{"allow":["GET"]}}],"collection":[{"href":"https:\/\/puyapeptide.net\/de\/wp-json\/wp\/v2\/product"}],"about":[{"href":"https:\/\/puyapeptide.net\/de\/wp-json\/wp\/v2\/types\/product"}],"replies":[{"embeddable":true,"href":"https:\/\/puyapeptide.net\/de\/wp-json\/wp\/v2\/comments?post=6986"}],"wp:featuredmedia":[{"embeddable":true,"href":"https:\/\/puyapeptide.net\/de\/wp-json\/wp\/v2\/media\/2207"}],"wp:attachment":[{"href":"https:\/\/puyapeptide.net\/de\/wp-json\/wp\/v2\/media?parent=6986"}],"wp:term":[{"taxonomy":"product_brand","embeddable":true,"href":"https:\/\/puyapeptide.net\/de\/wp-json\/wp\/v2\/product_brand?post=6986"},{"taxonomy":"product_cat","embeddable":true,"href":"https:\/\/puyapeptide.net\/de\/wp-json\/wp\/v2\/product_cat?post=6986"},{"taxonomy":"product_tag","embeddable":true,"href":"https:\/\/puyapeptide.net\/de\/wp-json\/wp\/v2\/product_tag?post=6986"}],"curies":[{"name":"wp","href":"https:\/\/api.w.org\/{rel}","templated":true}]}}