{"id":7036,"date":"2021-12-16T06:39:44","date_gmt":"2021-12-16T11:39:44","guid":{"rendered":"https:\/\/puyapeptide.net\/product\/palmitoyl-tetrapeptid-3-palmitoyl-tetrapeptid-7-cas-221227-05-0-hat-signifikante-anti-schwellungen-und-entzuendungshemmende-wirkungen-auf-die-augenlider\/"},"modified":"2021-12-16T06:39:44","modified_gmt":"2021-12-16T11:39:44","slug":"palmitoyl-tetrapeptid-3-palmitoyl-tetrapeptid-7-cas-221227-05-0-hat-signifikante-anti-schwellungen-und-entzuendungshemmende-wirkungen-auf-die-augenlider","status":"publish","type":"product","link":"https:\/\/puyapeptide.net\/de\/product\/palmitoyl-tetrapeptid-3-palmitoyl-tetrapeptid-7-cas-221227-05-0-hat-signifikante-anti-schwellungen-und-entzuendungshemmende-wirkungen-auf-die-augenlider\/","title":{"rendered":"Palmitoyl-Tetrapeptid-3\/ Palmitoyl-Tetrapeptid-7 CAS 221227-05-0 hat signifikante Anti-Schwellungen und entz\u00fcndungshemmende Wirkungen auf die Augenlider."},"content":{"rendered":"<h2><strong>Palmitoyl tetrapeptide-3\/ Palmitoyl tetrapeptide-7 CAS 221227-05-0 hat signifikante Anti-Schwellungen und Produktname: PALMITOYL TETRAPEPTIDE 3<br \/>\nSynonyme: Matrixyl 3000\/Palmitoyl Tetrapeptide-3;N-Palmitoylrigin;Palm-GQPR;Palmitoyl- GQPR;(S)-2-[(S)-1-[(S)-5-Amino-5-oxo-2-(2-palmitamidoacetamido)pentanoyl]pyrrolidin-2-carboxamido]-5-[(diaminomethylen) Amino]pentans\u00e4ure;L-Arginin, N-(1-Oxohexadecyl)glycyl-L-glutaminyl-L-prolyl-;Pal-Tetrapeptid-3(7)+ Dipeptid-2;Palmitoyl Tetrapeptid-7(Pal-GQPR)&lt; &amp;&gt;CAS: 221227-05-0<br \/>\nMF: C34H62N8O7<br \/>\nMW: 694.91<br \/>\nEINECS:<br \/>\nProduktkategorien: BEAUTY PEPTIDES<br \/>\nMol File: 221227-05-0.mol<br \/>\n Palmitoyl Tetrapeptide-3 kann die Produktion von \u00fcbersch\u00fcssigen Interleukinen unterdr\u00fccken und somit unn\u00f6tige unangemessene Entz\u00fcndungsreaktionen und Glykationssch\u00e4den hemmen. Palmitoyl tetrapeptide-7\/palmitoyl tetrapeptide-3 stimuliert als Botenstoff die Synthese und Entwicklung von Kollagen (Typ I, Typ II, Typ IV) und Elastin in der Dermis der Haut.<\/p>\n<p> <strong>Palmitoyl tetrapeptide-3 \/ Palmitoyltetrapeptid-7 CAS 221227-05-0 Chemische Eigenschaften<\/strong><br \/>\nDichte 1.26\u00b10.1 g\/cm3 (vorhergesagt)<br \/>\nLagertemp. Inerte Atmosph\u00e4re, 2-8\u00b0C<br \/>\npka 3,60\u00b10,21(vorhergesagt)<br \/>\nCAS-Datenbankreferenz 221227-05-0<\/p>\n<p> <strong>Funktion und Anwendung von Palmitoyl-Tetrapeptid-3\/ Palmitoyl-Tetrapeptid-7 CAS 221227 -05-0<\/strong><br \/>\n1.Anti-Schwellung der Augenlider, Beseitigung von Tr\u00e4nens\u00e4cken, Entz\u00fcndungshemmung<br \/>\n2.Es kann die Festigkeit und Elastizit\u00e4t der Haut verbessern. Es wird haupts\u00e4chlich in Augencremes verwendet, um Tr\u00e4nens\u00e4cke loszuwerden<br \/>\n 5.Es hilft, Tr\u00e4nens\u00e4cke zu verhindern und zu entfernen, w\u00e4hrend es die Haut strafft und reguliert, um Falten zu gl\u00e4tten.<br \/>\n6.Die Synthese von Kollagen (Typ I, Typ II, Typ IV) und Elastin in der Dermis der Haut stimulieren<\/strong><\/p>\n","protected":false},"excerpt":{"rendered":"<p>Produktname: PALMITOYL TETRAPEPTIDE 3<br \/>\nCAS: 221227-05-0<br \/>\nMF: C34H62N8O7<br \/>\nMW: 694.91<br \/>\nMol Datei: 221227-05-0.mol<\/p>\n","protected":false},"featured_media":2165,"comment_status":"open","ping_status":"closed","template":"","meta":{"om_disable_all_campaigns":false,"_monsterinsights_skip_tracking":false,"_monsterinsights_sitenote_active":false,"_monsterinsights_sitenote_note":"","_monsterinsights_sitenote_category":0,"site-sidebar-layout":"default","site-content-layout":"default","ast-site-content-layout":"default","site-content-style":"default","site-sidebar-style":"default","ast-global-header-display":"","ast-banner-title-visibility":"","ast-main-header-display":"","ast-hfb-above-header-display":"","ast-hfb-below-header-display":"","ast-hfb-mobile-header-display":"","site-post-title":"","ast-breadcrumbs-content":"","ast-featured-img":"","footer-sml-layout":"","ast-disable-related-posts":"","theme-transparent-header-meta":"default","adv-header-id-meta":"","stick-header-meta":"","header-above-stick-meta":"","header-main-stick-meta":"","header-below-stick-meta":"","astra-migrate-meta-layouts":"default","ast-page-background-enabled":"default","ast-page-background-meta":{"desktop":{"background-color":"","background-image":"","background-repeat":"repeat","background-position":"center center","background-size":"auto","background-attachment":"scroll","background-type":"","background-media":"","overlay-type":"","overlay-color":"","overlay-opacity":"","overlay-gradient":""},"tablet":{"background-color":"","background-image":"","background-repeat":"repeat","background-position":"center center","background-size":"auto","background-attachment":"scroll","background-type":"","background-media":"","overlay-type":"","overlay-color":"","overlay-opacity":"","overlay-gradient":""},"mobile":{"background-color":"","background-image":"","background-repeat":"repeat","background-position":"center center","background-size":"auto","background-attachment":"scroll","background-type":"","background-media":"","overlay-type":"","overlay-color":"","overlay-opacity":"","overlay-gradient":""}},"ast-content-background-meta":{"desktop":{"background-color":"var(--ast-global-color-5)","background-image":"","background-repeat":"repeat","background-position":"center center","background-size":"auto","background-attachment":"scroll","background-type":"","background-media":"","overlay-type":"","overlay-color":"","overlay-opacity":"","overlay-gradient":""},"tablet":{"background-color":"var(--ast-global-color-5)","background-image":"","background-repeat":"repeat","background-position":"center center","background-size":"auto","background-attachment":"scroll","background-type":"","background-media":"","overlay-type":"","overlay-color":"","overlay-opacity":"","overlay-gradient":""},"mobile":{"background-color":"var(--ast-global-color-5)","background-image":"","background-repeat":"repeat","background-position":"center center","background-size":"auto","background-attachment":"scroll","background-type":"","background-media":"","overlay-type":"","overlay-color":"","overlay-opacity":"","overlay-gradient":""}}},"product_brand":[],"product_cat":[551],"product_tag":[],"class_list":{"0":"post-7036","1":"product","2":"type-product","3":"status-publish","4":"has-post-thumbnail","6":"product_cat-anti-falten-und-anti-aging-peptid","7":"desktop-align-left","8":"tablet-align-left","9":"mobile-align-left","11":"first","12":"instock","13":"shipping-taxable","14":"product-type-simple"},"_links":{"self":[{"href":"https:\/\/puyapeptide.net\/de\/wp-json\/wp\/v2\/product\/7036","targetHints":{"allow":["GET"]}}],"collection":[{"href":"https:\/\/puyapeptide.net\/de\/wp-json\/wp\/v2\/product"}],"about":[{"href":"https:\/\/puyapeptide.net\/de\/wp-json\/wp\/v2\/types\/product"}],"replies":[{"embeddable":true,"href":"https:\/\/puyapeptide.net\/de\/wp-json\/wp\/v2\/comments?post=7036"}],"wp:featuredmedia":[{"embeddable":true,"href":"https:\/\/puyapeptide.net\/de\/wp-json\/wp\/v2\/media\/2165"}],"wp:attachment":[{"href":"https:\/\/puyapeptide.net\/de\/wp-json\/wp\/v2\/media?parent=7036"}],"wp:term":[{"taxonomy":"product_brand","embeddable":true,"href":"https:\/\/puyapeptide.net\/de\/wp-json\/wp\/v2\/product_brand?post=7036"},{"taxonomy":"product_cat","embeddable":true,"href":"https:\/\/puyapeptide.net\/de\/wp-json\/wp\/v2\/product_cat?post=7036"},{"taxonomy":"product_tag","embeddable":true,"href":"https:\/\/puyapeptide.net\/de\/wp-json\/wp\/v2\/product_tag?post=7036"}],"curies":[{"name":"wp","href":"https:\/\/api.w.org\/{rel}","templated":true}]}}