{"id":7049,"date":"2021-12-16T06:40:31","date_gmt":"2021-12-16T11:40:31","guid":{"rendered":"https:\/\/puyapeptide.net\/product\/acetyldipeptid-1-acetyldipeptid-1-cetylester-cas-196604-48-5-kann-die-natuerliche-hautelastizitaet-verbessern-und-schlaffe-haut-reduzieren\/"},"modified":"2021-12-16T06:40:31","modified_gmt":"2021-12-16T11:40:31","slug":"acetyldipeptid-1-acetyldipeptid-1-cetylester-cas-196604-48-5-kann-die-natuerliche-hautelastizitaet-verbessern-und-schlaffe-haut-reduzieren","status":"publish","type":"product","link":"https:\/\/puyapeptide.net\/de\/product\/acetyldipeptid-1-acetyldipeptid-1-cetylester-cas-196604-48-5-kann-die-natuerliche-hautelastizitaet-verbessern-und-schlaffe-haut-reduzieren\/","title":{"rendered":"Acetyldipeptid-1\/ Acetyldipeptid-1 Cetylester CAS 196604-48-5 kann die nat\u00fcrliche Hautelastizit\u00e4t verbessern und schlaffe Haut reduzieren"},"content":{"rendered":"<h2><strong>Acetyldipeptid-1\/ Acetyldipeptid-1 Cetylester CAS 196604-48-5 kann die nat\u00fcrliche Hautelastizit\u00e4t verbessern und schlaffe Haut reduzieren<\/strong><\/h2>\n<p>Produktname: Acetyl Dipeptide-1 Cetyl ester<br \/>\nSynonyme: Sensicalmine;Acetyl Dipeptide-1 Cetyl Ester, Sensicalmine, Tyr-Arg;Calmosensine;Calmosensine (kosmetischer Inhaltsstoff);Idealift;N-Acetyl-L-tyrosyl- L-Arginin-Hexadecylester;Acetyl-Dipeptid-Cetyl-Ester;Ac-Tyr-Arg-O-Hexadecyl-Ester,Acetyl-Dipeptid-1 Cetyl-Ester<br \/>\nCAS: 196604-48-5<br \/>\nMF: C33H57N5O5<br \/>\nMW: 603.84<br \/>\nEINECS:<br \/>\nProduktkategorien: Kosmetika<br \/>\nMol File: 196604-48-5.mol<\/p>\n<p>Acetyl Dipeptide-1 Cetyl Ester ist ein Produkt, das durch Kupplung des Acetylesters von Tyrosin gewonnen wird aus Dipeptide-1 (qv) mit dem Cetylester von Arginin aus Dipeptid-1.<br \/>\nAnti Aging Acetyl Dipeptide-1 Cetyl Ester Serum kann Ihre nat\u00fcrliche Hautelastizit\u00e4t verbessern und somit schlaffe Haut reduzieren. Machen Sie Ihr Gesicht fester und straffer, gl\u00e4tten Sie F\u00e4ltchen und bewahren Sie Feuchtigkeit. Es verlangsamt den Alterungsprozess, macht weich, gl\u00e4ttet bestehende F\u00e4ltchen, bek\u00e4mpft Hauterschlaffung, verkleinert die Poren und st\u00e4rkt die Haut. Ihre Haut wird glatt mit einem strahlenden, gesunden Glanz erscheinen.<\/p>\n<p> <strong>Acetyldipeptid-1 Cetylester Chemische Eigenschaften<\/strong><br \/>\nDichte 1,12\u00b10,1 g\/cm3 (vorhergesagt)<br \/>\npka 9,83\u00b10,15 (voraussichtlich)&lt; &amp;&gt;<br \/>\n <strong>Verwendung von Acetyldipeptid-1 Cetylester CAS 196604-48-5<\/strong><br \/>\nHaarpflegemittel; Hautkonditionierung<br \/>\n1. Weit verbreitet in Feuchtigkeitscremes, Cremes, Gesichtsmasken, Augencremes und Badeprodukten.<br \/>\n2. In Verbindung mit hochs\u00fc\u00dfen S\u00fc\u00dfungsmitteln wie NHDC kann es den s\u00fc\u00dfen Geschmack weicher machen und den Effekt der Verbesserung des Geschmacks von Lebensmitteln erzielen.<\/p>\n","protected":false},"excerpt":{"rendered":"<p>Produktname: Acetyldipeptid-1 Cetylester<br \/>\nCAS: 196604-48-5<br \/>\nMF: C33H57N5O5<br \/>\nMW: 603,84<br \/>\nMol Datei: 196604-48-5.mol<\/p>\n","protected":false},"featured_media":2207,"comment_status":"open","ping_status":"closed","template":"","meta":{"om_disable_all_campaigns":false,"_monsterinsights_skip_tracking":false,"_monsterinsights_sitenote_active":false,"_monsterinsights_sitenote_note":"","_monsterinsights_sitenote_category":0,"site-sidebar-layout":"default","site-content-layout":"default","ast-site-content-layout":"default","site-content-style":"default","site-sidebar-style":"default","ast-global-header-display":"","ast-banner-title-visibility":"","ast-main-header-display":"","ast-hfb-above-header-display":"","ast-hfb-below-header-display":"","ast-hfb-mobile-header-display":"","site-post-title":"","ast-breadcrumbs-content":"","ast-featured-img":"","footer-sml-layout":"","ast-disable-related-posts":"","theme-transparent-header-meta":"default","adv-header-id-meta":"","stick-header-meta":"","header-above-stick-meta":"","header-main-stick-meta":"","header-below-stick-meta":"","astra-migrate-meta-layouts":"default","ast-page-background-enabled":"default","ast-page-background-meta":{"desktop":{"background-color":"","background-image":"","background-repeat":"repeat","background-position":"center center","background-size":"auto","background-attachment":"scroll","background-type":"","background-media":"","overlay-type":"","overlay-color":"","overlay-opacity":"","overlay-gradient":""},"tablet":{"background-color":"","background-image":"","background-repeat":"repeat","background-position":"center center","background-size":"auto","background-attachment":"scroll","background-type":"","background-media":"","overlay-type":"","overlay-color":"","overlay-opacity":"","overlay-gradient":""},"mobile":{"background-color":"","background-image":"","background-repeat":"repeat","background-position":"center center","background-size":"auto","background-attachment":"scroll","background-type":"","background-media":"","overlay-type":"","overlay-color":"","overlay-opacity":"","overlay-gradient":""}},"ast-content-background-meta":{"desktop":{"background-color":"var(--ast-global-color-5)","background-image":"","background-repeat":"repeat","background-position":"center center","background-size":"auto","background-attachment":"scroll","background-type":"","background-media":"","overlay-type":"","overlay-color":"","overlay-opacity":"","overlay-gradient":""},"tablet":{"background-color":"var(--ast-global-color-5)","background-image":"","background-repeat":"repeat","background-position":"center center","background-size":"auto","background-attachment":"scroll","background-type":"","background-media":"","overlay-type":"","overlay-color":"","overlay-opacity":"","overlay-gradient":""},"mobile":{"background-color":"var(--ast-global-color-5)","background-image":"","background-repeat":"repeat","background-position":"center center","background-size":"auto","background-attachment":"scroll","background-type":"","background-media":"","overlay-type":"","overlay-color":"","overlay-opacity":"","overlay-gradient":""}}},"product_brand":[],"product_cat":[551],"product_tag":[2693],"class_list":{"0":"post-7049","1":"product","2":"type-product","3":"status-publish","4":"has-post-thumbnail","6":"product_cat-anti-falten-und-anti-aging-peptid","7":"product_tag-acetyl-dipeptide-1-acetyl-dipeptide-1-cetyl-ester-cas-196604-48-5-can-improve-natural-skin-elasticity-and-reduce-sagging-skin-de","8":"desktop-align-left","9":"tablet-align-left","10":"mobile-align-left","12":"first","13":"instock","14":"shipping-taxable","15":"product-type-simple"},"_links":{"self":[{"href":"https:\/\/puyapeptide.net\/de\/wp-json\/wp\/v2\/product\/7049","targetHints":{"allow":["GET"]}}],"collection":[{"href":"https:\/\/puyapeptide.net\/de\/wp-json\/wp\/v2\/product"}],"about":[{"href":"https:\/\/puyapeptide.net\/de\/wp-json\/wp\/v2\/types\/product"}],"replies":[{"embeddable":true,"href":"https:\/\/puyapeptide.net\/de\/wp-json\/wp\/v2\/comments?post=7049"}],"wp:featuredmedia":[{"embeddable":true,"href":"https:\/\/puyapeptide.net\/de\/wp-json\/wp\/v2\/media\/2207"}],"wp:attachment":[{"href":"https:\/\/puyapeptide.net\/de\/wp-json\/wp\/v2\/media?parent=7049"}],"wp:term":[{"taxonomy":"product_brand","embeddable":true,"href":"https:\/\/puyapeptide.net\/de\/wp-json\/wp\/v2\/product_brand?post=7049"},{"taxonomy":"product_cat","embeddable":true,"href":"https:\/\/puyapeptide.net\/de\/wp-json\/wp\/v2\/product_cat?post=7049"},{"taxonomy":"product_tag","embeddable":true,"href":"https:\/\/puyapeptide.net\/de\/wp-json\/wp\/v2\/product_tag?post=7049"}],"curies":[{"name":"wp","href":"https:\/\/api.w.org\/{rel}","templated":true}]}}