{"id":7118,"date":"2021-12-16T06:43:54","date_gmt":"2021-12-16T11:43:54","guid":{"rendered":"https:\/\/puyapeptide.net\/product\/acetyl-hexapeptide-1-melitan-acetyl-hexapeptide-1-cas-448944-47-6-staerkt-die-abwehrkraefte-der-haut-gegen-schaedliche-auswirkungen-von-uv\/"},"modified":"2021-12-16T06:43:54","modified_gmt":"2021-12-16T11:43:54","slug":"acetyl-hexapeptide-1-melitan-acetyl-hexapeptide-1-cas-448944-47-6-staerkt-die-abwehrkraefte-der-haut-gegen-schaedliche-auswirkungen-von-uv","status":"publish","type":"product","link":"https:\/\/puyapeptide.net\/de\/product\/acetyl-hexapeptide-1-melitan-acetyl-hexapeptide-1-cas-448944-47-6-staerkt-die-abwehrkraefte-der-haut-gegen-schaedliche-auswirkungen-von-uv\/","title":{"rendered":"Acetyl Hexapeptide-1\/ Melitan (Acetyl Hexapeptide-1) CAS 448944-47-6 St\u00e4rkt die Abwehrkr\u00e4fte der Haut gegen sch\u00e4dliche Auswirkungen von UV"},"content":{"rendered":"<h2><strong>Acetyl Hexapeptide-1\/ Melitan (Acetyl Hexapeptide-1) CAS 448944-47-6 St\u00e4rkt die Abwehrkr\u00e4fte der Haut gegen sch\u00e4dliche Auswirkungen von UV<\/strong><\/h2>\n<p>Produktname: Acetyl Hexapeptide-1\/ Melitan (Acetyl Hexapeptide-1)<br \/>\nSynonyme: N-Acetyl-L-norleucyl-L-alanyl-L-histidyl-D-phenylalanyl-L-arginyl-L-tryptophanamide ;Melitan;Melitan\/Acetylhexapeptid-1;Peptide Acetyl Hexapeptid-1;L-Tryptophanamid, N-Acetyl-L-norleucyl-L-Alanyl-L-Histidyl-D-Phenylalanyl-L-Arginyl-;N-Acetyl-L- Norleucyl-L-Alanyl-L-Histidyl-D-Phenylalanyl-L-Arginyl-L-Tryptophanamid USP\/EP\/BP<br \/>\nCAS: 448944-47-6<br \/>\nMF: C43H59N13O7<br \/>\nMW: 870.01&lt;&amp; &gt;EINECS:<br \/>\nProduktkategorien:<br \/>\nMol File: 448944-47-6.mol<\/p>\n<p>Acetyl Hexapeptide-1 ist das Reaktionsprodukt von Alanin, Arginin, Histidin, Leucin, Phenylalanin und Tryptophan Hexapeptide mit Essigs\u00e4ure.<br \/>\nEs aktiviert die Regulierung der Melaninsynthese, indem es den Schutz des nat\u00fcrlichen Lichts und den Entz\u00fcndungsregulator in Verbindung bringt.<\/p>\n<p>Acetyl Hexapeptide-1 wirkt als Bio-\u03b1-MSH-Peptid-Analogon. Es stimuliert die Haarpigmentierung, dunkelt das Haar nach und kehrt den Ergrauungsprozess um. Es kann auch helfen, durch UV-Strahlung verursachte DNA-Sch\u00e4den zu reparieren und Hautr\u00f6tungen zu reduzieren.<\/p>\n<p> <strong>Acetyl Hexapeptide-1\/ Melitan (Acetyl Hexapeptide-1) CAS 448944-47-6 Chemische Eigenschaften<\/strong><br \/>\n Dichte 1,39\u00b10,1 g\/cm3 (vorhergesagt)<br \/>\npka 13,36\u00b10,46 (vorhergesagt)<\/p>\n<p> <strong>Anwendungen von Acetyl Hexapeptide-1 CAS 448944-47-6<\/strong><br \/>\n1. Acetyl Hexapeptide-1 Stimuliert die Haarpigmentierung und kehrt den grauen Haarprozess um.<br \/>\n2. Acetyl Hexapeptide-1 Induziert Hautpigmentierung.<br \/>\n3. Acetyl Hexapeptide-1 St\u00e4rkt die Abwehrkr\u00e4fte der Haut gegen die sch\u00e4dlichen Auswirkungen von UV<br \/>\n4. Acetyl Hexapeptide-1 Reduziert Hauterythem.<br \/>\n5. Acetyl Hexapeptide-1 Sch\u00fctzt und repariert DNA-Sch\u00e4den, die durch UV-Exposition (UVA &amp; UVB) verursacht werden.<br \/>\n6. Acetyl Hexapeptide-1 Reduziert die Entz\u00fcndungsreaktion.<\/p>\n<p> <strong>Acetyl Hexapeptide-1 CAS 448944-47-6 Vorteile<\/strong><br \/>\nDie Wissenschaft hat bewiesen, dass Peptide helfen k\u00f6nnen, Falten in Ihrer Haut zu behandeln und die Zeichen der Hautalterung umzukehren.&lt;&amp; &gt;Die menschliche Haut besteht haupts\u00e4chlich aus Kollagen. Kollagen ist ein Protein, das aus langen Segmenten von Aminos\u00e4uren besteht, die wie eine Kette angeordnet sind. Kollagen bietet der Haut eine Grundlage und Dicke.<br \/>\nFrauen unter 30 haben reichlich Kollagen, was zu einer glatten, straffen Haut f\u00fchrt.<br \/>\nDer Rest von uns hat weniger Kollagen &#8211; die Haut neigt dazu, d\u00fcnner zu sein und zeigt mehr Falten.&lt;&amp; &gt;Wenn Kollagen abgebaut wird, werden kurze Segmente von Aminos\u00e4uren gebildet. Dies sind die winzigen Proteine und aktiven Molek\u00fcle, die als Peptide bekannt sind. Peptide in der Hautpflege k\u00f6nnen erhebliche Anti-Aging-Vorteile bieten.<\/p>\n","protected":false},"excerpt":{"rendered":"<p>Produktname: Acetyl Hexapeptide-1\/ Melitan (Acetyl Hexapeptide-1)<br \/>\nCAS: 448944-47-6<br \/>\nMF: C43H59N13O7<br \/>\nMW: 870.01<br \/>\nMol Datei: 448944-47-6.mol<\/p>\n","protected":false},"featured_media":2123,"comment_status":"open","ping_status":"closed","template":"","meta":{"om_disable_all_campaigns":false,"_monsterinsights_skip_tracking":false,"_monsterinsights_sitenote_active":false,"_monsterinsights_sitenote_note":"","_monsterinsights_sitenote_category":0,"site-sidebar-layout":"default","site-content-layout":"default","ast-site-content-layout":"default","site-content-style":"default","site-sidebar-style":"default","ast-global-header-display":"","ast-banner-title-visibility":"","ast-main-header-display":"","ast-hfb-above-header-display":"","ast-hfb-below-header-display":"","ast-hfb-mobile-header-display":"","site-post-title":"","ast-breadcrumbs-content":"","ast-featured-img":"","footer-sml-layout":"","ast-disable-related-posts":"","theme-transparent-header-meta":"default","adv-header-id-meta":"","stick-header-meta":"","header-above-stick-meta":"","header-main-stick-meta":"","header-below-stick-meta":"","astra-migrate-meta-layouts":"default","ast-page-background-enabled":"default","ast-page-background-meta":{"desktop":{"background-color":"","background-image":"","background-repeat":"repeat","background-position":"center center","background-size":"auto","background-attachment":"scroll","background-type":"","background-media":"","overlay-type":"","overlay-color":"","overlay-opacity":"","overlay-gradient":""},"tablet":{"background-color":"","background-image":"","background-repeat":"repeat","background-position":"center center","background-size":"auto","background-attachment":"scroll","background-type":"","background-media":"","overlay-type":"","overlay-color":"","overlay-opacity":"","overlay-gradient":""},"mobile":{"background-color":"","background-image":"","background-repeat":"repeat","background-position":"center center","background-size":"auto","background-attachment":"scroll","background-type":"","background-media":"","overlay-type":"","overlay-color":"","overlay-opacity":"","overlay-gradient":""}},"ast-content-background-meta":{"desktop":{"background-color":"var(--ast-global-color-5)","background-image":"","background-repeat":"repeat","background-position":"center center","background-size":"auto","background-attachment":"scroll","background-type":"","background-media":"","overlay-type":"","overlay-color":"","overlay-opacity":"","overlay-gradient":""},"tablet":{"background-color":"var(--ast-global-color-5)","background-image":"","background-repeat":"repeat","background-position":"center center","background-size":"auto","background-attachment":"scroll","background-type":"","background-media":"","overlay-type":"","overlay-color":"","overlay-opacity":"","overlay-gradient":""},"mobile":{"background-color":"var(--ast-global-color-5)","background-image":"","background-repeat":"repeat","background-position":"center center","background-size":"auto","background-attachment":"scroll","background-type":"","background-media":"","overlay-type":"","overlay-color":"","overlay-opacity":"","overlay-gradient":""}}},"product_brand":[],"product_cat":[740],"product_tag":[],"class_list":{"0":"post-7118","1":"product","2":"type-product","3":"status-publish","4":"has-post-thumbnail","6":"product_cat-andere-kosmetische-peptide","7":"desktop-align-left","8":"tablet-align-left","9":"mobile-align-left","11":"first","12":"instock","13":"shipping-taxable","14":"product-type-simple"},"_links":{"self":[{"href":"https:\/\/puyapeptide.net\/de\/wp-json\/wp\/v2\/product\/7118","targetHints":{"allow":["GET"]}}],"collection":[{"href":"https:\/\/puyapeptide.net\/de\/wp-json\/wp\/v2\/product"}],"about":[{"href":"https:\/\/puyapeptide.net\/de\/wp-json\/wp\/v2\/types\/product"}],"replies":[{"embeddable":true,"href":"https:\/\/puyapeptide.net\/de\/wp-json\/wp\/v2\/comments?post=7118"}],"wp:featuredmedia":[{"embeddable":true,"href":"https:\/\/puyapeptide.net\/de\/wp-json\/wp\/v2\/media\/2123"}],"wp:attachment":[{"href":"https:\/\/puyapeptide.net\/de\/wp-json\/wp\/v2\/media?parent=7118"}],"wp:term":[{"taxonomy":"product_brand","embeddable":true,"href":"https:\/\/puyapeptide.net\/de\/wp-json\/wp\/v2\/product_brand?post=7118"},{"taxonomy":"product_cat","embeddable":true,"href":"https:\/\/puyapeptide.net\/de\/wp-json\/wp\/v2\/product_cat?post=7118"},{"taxonomy":"product_tag","embeddable":true,"href":"https:\/\/puyapeptide.net\/de\/wp-json\/wp\/v2\/product_tag?post=7118"}],"curies":[{"name":"wp","href":"https:\/\/api.w.org\/{rel}","templated":true}]}}