{"id":7133,"date":"2021-12-16T06:47:52","date_gmt":"2021-12-16T11:47:52","guid":{"rendered":"https:\/\/puyapeptide.net\/product\/pentapeptide-18-leuphasyl-cas-64963-01-5-anti-falten-und-glatte-haut\/"},"modified":"2021-12-16T06:47:52","modified_gmt":"2021-12-16T11:47:52","slug":"pentapeptide-18-leuphasyl-cas-64963-01-5-anti-falten-und-glatte-haut","status":"publish","type":"product","link":"https:\/\/puyapeptide.net\/de\/product\/pentapeptide-18-leuphasyl-cas-64963-01-5-anti-falten-und-glatte-haut\/","title":{"rendered":"Pentapeptide-18\/ Leuphasyl CAS 64963-01-5 Anti-Falten und glatte Haut"},"content":{"rendered":"<h2><strong>Pentapeptide-18\/ Leuphasyl CAS 64963-01-5 Anti-Falten und glatte Haut<\/strong><\/h2>\n<p>Produktname: TYR-D-ALA-GLY-PHE-LEU\/ Pentapeptide-18\/ Leuphasyl<br \/>\nSynonyme: H-TYR-D-ALA-GLY-PHE-LEU-OH;(D-ALA2)- LEU-ENKEPHALIN;D-ALA2-LEU5-ENKEPHALIN;[D-ALA2]-LEUCINENKEPHALIN;TYR-D-ALA-GLY-PHE-LEU;N-[N-[N-(NL-Tyrosyl-D-Alanyl) Glycyl]-L-phenylalanyl]-L-leucin;(D-Alanin2)leucinenkephalin;L-Tyr-D-Ala-Gly-L-Phe-L-Leu-OH<br \/>\nCAS: 64963-01-5&lt; &amp;&gt;MF: C29H39N5O7<br \/>\nMW: 569.65<br \/>\nEINECS: 265-291-0<br \/>\nProduktkategorien:<br \/>\nMol Datei: 64963-01-5.mol<\/p>\n<p>Leuphasyl ist ein Amid Peptid, ein Delta-Opioid-Agonist, ist ein abbauresistentes langwirksames Leu-Enkephalin-Analogon, das verwendet wird, um den Signalweg von Delta-Opioid-Rezeptoren zu untersuchen. Es zielt in vitro auf neue Weise auf den Faltenbildungsmechanismus von Ausdrucksfalten ab und bietet eine Alternative zu Peptiden wie Acetyl Hexapeptide-3. Es ist ein starkes, lang wirkendes Leu-Enkephalin-Analogon, das gegen\u00fcber einem enzymatischen Abbau resistent ist. Es kann in kosmetische Formulierungen wie Emulsionen, Gele und Wachse eingearbeitet werden, wo die Entfernung von tiefen Linien oder F\u00e4ltchen in der Stirn oder um die Augen herum erw\u00fcnscht ist.<\/p>\n<p> <strong>TYR-D-ALA-GLY-PHE-LEU \/ Pentapeptide-18\/ Leuphasyl Chemische Eigenschaften<\/strong><br \/>\nSchmelzpunkt 160-163,5 \u00b0C<br \/>\nSiedepunkt 991,9\u00b165,0 \u00b0C(vorhergesagt)<br \/>\nDichte 1,257\u00b10,06 g\/cm3(vorhergesagt)<br \/>\nLagertemp. An einem dunklen Ort aufbewahren,Trocken versiegelt,Im Gefrierschrank lagern, unter -20\u00b0C<br \/>\npka 3,40\u00b10,10(vorhergesagt)<br \/>\nInChIKey ZHUJMSMQIPIPTF-JMBSJVKXSA-N<\/p>\n<p> <strong>Pentapeptide 18\/Leuphasyl Vorteile<\/strong> &lt;&amp; &gt;Pentapeptid-18 reduziert die Faltentiefe im Gesicht, die durch die Kontraktion der Mimikmuskulatur verursacht wird, insbesondere im Stirn- und Augenbereich. Es zielt in vitro auf neue Weise auf den Faltenbildungsmechanismus von Ausdrucksfalten ab und bietet eine Alternative zu Peptiden wie Acetyl Hexapeptide-3. Es kann in kosmetische Formulierungen wie Emulsionen, Gele und Wachse eingearbeitet werden.<\/p>\n<p>Pentapeptide-18 ist ein Neuropeptid, das den nat\u00fcrlichen Mechanismus von Enkephalinen nachahmt und botulinum\u00e4hnliche Ergebnisse liefert. Es reduziert die Tiefe von Dehnungsstreifen und Falten, die durch Muskelkontraktionen verursacht werden Rauheit der Haut. Es kann synergistisch mit Argirilene wirken und den Nutzen deutlich steigern.<br \/>\n <strong>Funktionen und Anwendungen von Pentapeptid 18\/Leuphasyl<\/strong><br \/>\n1.Verbessern Sie die Mikrozirkulation des Blutes.<br \/>\n2.St\u00e4rken Sie die Durchblutung.<br \/>\n3.Beseitigen Sie Entz\u00fcndungen .<br \/>\n4.Resist Beutel und verd\u00fcnnt die feinen Linien und Kuhf\u00fc\u00dfe um die Augen.<br \/>\n5.Verz\u00f6gern Sie die Auswirkungen vorzeitiger Hautalterung durch Verbesserung der Elastizit\u00e4t und Festigkeit der Haut.<\/p>\n","protected":false},"excerpt":{"rendered":"<p>Produktname: TYR-D-ALA-GLY-PHE-LEU\/ Pentapeptide-18\/ Leuphasyl<br \/>\nCAS: 64963-01-5<br \/>\nMF: C29H39N5O7<br \/>\nMW: 569.65<br \/>\nEINECS: 265-291 -0<br \/>\nMol Datei: 64963-01-5.mol<\/p>\n","protected":false},"featured_media":2123,"comment_status":"open","ping_status":"closed","template":"","meta":{"om_disable_all_campaigns":false,"_monsterinsights_skip_tracking":false,"_monsterinsights_sitenote_active":false,"_monsterinsights_sitenote_note":"","_monsterinsights_sitenote_category":0,"site-sidebar-layout":"default","site-content-layout":"default","ast-site-content-layout":"default","site-content-style":"default","site-sidebar-style":"default","ast-global-header-display":"","ast-banner-title-visibility":"","ast-main-header-display":"","ast-hfb-above-header-display":"","ast-hfb-below-header-display":"","ast-hfb-mobile-header-display":"","site-post-title":"","ast-breadcrumbs-content":"","ast-featured-img":"","footer-sml-layout":"","ast-disable-related-posts":"","theme-transparent-header-meta":"default","adv-header-id-meta":"","stick-header-meta":"","header-above-stick-meta":"","header-main-stick-meta":"","header-below-stick-meta":"","astra-migrate-meta-layouts":"default","ast-page-background-enabled":"default","ast-page-background-meta":{"desktop":{"background-color":"","background-image":"","background-repeat":"repeat","background-position":"center center","background-size":"auto","background-attachment":"scroll","background-type":"","background-media":"","overlay-type":"","overlay-color":"","overlay-opacity":"","overlay-gradient":""},"tablet":{"background-color":"","background-image":"","background-repeat":"repeat","background-position":"center center","background-size":"auto","background-attachment":"scroll","background-type":"","background-media":"","overlay-type":"","overlay-color":"","overlay-opacity":"","overlay-gradient":""},"mobile":{"background-color":"","background-image":"","background-repeat":"repeat","background-position":"center center","background-size":"auto","background-attachment":"scroll","background-type":"","background-media":"","overlay-type":"","overlay-color":"","overlay-opacity":"","overlay-gradient":""}},"ast-content-background-meta":{"desktop":{"background-color":"var(--ast-global-color-5)","background-image":"","background-repeat":"repeat","background-position":"center center","background-size":"auto","background-attachment":"scroll","background-type":"","background-media":"","overlay-type":"","overlay-color":"","overlay-opacity":"","overlay-gradient":""},"tablet":{"background-color":"var(--ast-global-color-5)","background-image":"","background-repeat":"repeat","background-position":"center center","background-size":"auto","background-attachment":"scroll","background-type":"","background-media":"","overlay-type":"","overlay-color":"","overlay-opacity":"","overlay-gradient":""},"mobile":{"background-color":"var(--ast-global-color-5)","background-image":"","background-repeat":"repeat","background-position":"center center","background-size":"auto","background-attachment":"scroll","background-type":"","background-media":"","overlay-type":"","overlay-color":"","overlay-opacity":"","overlay-gradient":""}}},"product_brand":[],"product_cat":[551],"product_tag":[2625],"class_list":{"0":"post-7133","1":"product","2":"type-product","3":"status-publish","4":"has-post-thumbnail","6":"product_cat-anti-falten-und-anti-aging-peptid","7":"product_tag-pentapeptide-18-leuphasyl-cas-64963-01-5-anti-wrinkle-and-smooth-skin-de","8":"desktop-align-left","9":"tablet-align-left","10":"mobile-align-left","12":"first","13":"instock","14":"shipping-taxable","15":"product-type-simple"},"_links":{"self":[{"href":"https:\/\/puyapeptide.net\/de\/wp-json\/wp\/v2\/product\/7133","targetHints":{"allow":["GET"]}}],"collection":[{"href":"https:\/\/puyapeptide.net\/de\/wp-json\/wp\/v2\/product"}],"about":[{"href":"https:\/\/puyapeptide.net\/de\/wp-json\/wp\/v2\/types\/product"}],"replies":[{"embeddable":true,"href":"https:\/\/puyapeptide.net\/de\/wp-json\/wp\/v2\/comments?post=7133"}],"wp:featuredmedia":[{"embeddable":true,"href":"https:\/\/puyapeptide.net\/de\/wp-json\/wp\/v2\/media\/2123"}],"wp:attachment":[{"href":"https:\/\/puyapeptide.net\/de\/wp-json\/wp\/v2\/media?parent=7133"}],"wp:term":[{"taxonomy":"product_brand","embeddable":true,"href":"https:\/\/puyapeptide.net\/de\/wp-json\/wp\/v2\/product_brand?post=7133"},{"taxonomy":"product_cat","embeddable":true,"href":"https:\/\/puyapeptide.net\/de\/wp-json\/wp\/v2\/product_cat?post=7133"},{"taxonomy":"product_tag","embeddable":true,"href":"https:\/\/puyapeptide.net\/de\/wp-json\/wp\/v2\/product_tag?post=7133"}],"curies":[{"name":"wp","href":"https:\/\/api.w.org\/{rel}","templated":true}]}}