{"id":7167,"date":"2021-12-16T07:15:04","date_gmt":"2021-12-16T12:15:04","guid":{"rendered":"https:\/\/puyapeptide.net\/product\/palmitoyl-oligopeptide-palmitoyl-tripeptide-1-cas-147732-56-7-zur-herstellung-von-anti-aging-kosmetik\/"},"modified":"2021-12-16T07:15:04","modified_gmt":"2021-12-16T12:15:04","slug":"palmitoyl-oligopeptide-palmitoyl-tripeptide-1-cas-147732-56-7-zur-herstellung-von-anti-aging-kosmetik","status":"publish","type":"product","link":"https:\/\/puyapeptide.net\/de\/product\/palmitoyl-oligopeptide-palmitoyl-tripeptide-1-cas-147732-56-7-zur-herstellung-von-anti-aging-kosmetik\/","title":{"rendered":"Palmitoyl Oligopeptide\/ Palmitoyl Tripeptide-1 CAS 147732-56-7 zur Herstellung von Anti-Aging Kosmetik"},"content":{"rendered":"<h2><strong>Palmitoyl Oligopeptide\/ Palmitoyl Tripeptide-1 CAS 147732-56-7 zur Herstellung von Anti-Aging Kosmetik<\/strong><\/h2>\n<p>Produktname: N-1(1-Oxohexadecyl-Glycyl-L-Histidyl-L-Lysin\/ Palmitoyl Oligopeptide\/ Palmitoyl Tripeptide-1<br \/>\nSynonyme: L-Lysin, N-(1-Oxohexadecyl)glycyl-L -Histidyl-;Palmitoyl-Tripeptid-1Pal-AHK;N2-[(N-Palmitoylglycyl)-L-Histidyl]-L-Lysin;Pal-GHK(PalMitoyl-Tripeptid-1);N-(1-Oxohexadecyl)glycyl-L- Histidyl-L-Lysin;N2-[N-[N-(1-Oxohexadecyl)glycyl]-L-Histidyl]-L-Lysin;PalMitoyl Tripeptide-1\u30013;Pal-GHK, &gt;=95%<br \/>\nCAS : 147732-56-7<br \/>\nMF: C30H54N6O5<br \/>\nMW: 578.79<br \/>\nEINECS:<br \/>\nProduktkategorien: Kosmetik Sch\u00f6nheitspeptid<br \/>\nMol Datei: 147732-56-7.mol<br \/>\n&lt;&amp; &gt;Die Palmitoyl-Oligopeptid-Sequenz kommt in Proteinen der extrazellul\u00e4ren Matrix wie der \u03b1-Kette von Kollagen vor und wird vermutlich bei Wunden und Entz\u00fcndungen freigesetzt.Eine Feedback-Stimulation der Kollagenreparatur wurde auch f\u00fcr dieses Peptid vorgeschlagen, aber der Hauptnutzen Es wird angenommen, dass lichtgealterte Haut die verbesserte Zufuhr von Kupfer ist. Es hat sich positiv auf die Kollagenstimulation ausgewirkt.<\/p>\n<p>Palmitoyl Tetrapept ide-7 ahmt die Aktivit\u00e4t von DHEA nach, dem Jugendhormon, das die IL-6-\u00dcberproduktion umkehrt und somit die Alterungssymptome sowie das Ph\u00e4nomen der Immunseneszenz reduziert. Palmitoyl Tetrapeptide-7 kann die Funktionen bei einer Vielzahl von Hauttypen verbessern Pflege- und Farbkosmetikformulierung.<\/p>\n<p> <strong>N-1(1-Oxohexadecyl-Glycyl-L-Histidyl-L-Lysin\/ Palmitoyl Oligopeptid\/ Palmitoyl Tripeptide-1 Chemische Eigenschaften<\/strong><br \/>\nSiedepunkt 913,0 \u00b1 65,0 \u00b0C( Vorhergesagt)<br \/>\nDichte 1,105<br \/>\npka 3,16\u00b10,10(vorhergesagt)<\/p>\n<p> <strong>N-1(1-Oxohexadecyl-Glycyl-L-Histidyl-L-Lysin\/ Palmitoyl Oligopeptid\/ Palmitoyl Tripeptide-1 Vorteile<\/strong> &lt; &amp;&gt;1)Matrixyl 3000 (Palmitoyl Oligopeptide and Palmitoyl Tetrapeptide-7) verwendet 2 Matrikine, um synergistisch Botenstoffe zu senden, um besch\u00e4digtes Kollagen zu rekonstruieren.<br \/>\n2)Matrixyl 3000 enth\u00e4lt die Matrikine Pal-GHK und Pal-GQPR, die in Synergie zu Reparatur der Hautsch\u00e4den im Alter<br \/>\n3)Matrixyl 3000 enth\u00e4lt die Matrikine Pal-GHK und Pal-GQPR, die in Synergie wirken, um die Hautsch\u00e4den zu reparieren s im Alter. Durch die Aktivierung der nat\u00fcrlichen Kollagen-, Elastin- und Hyalurons\u00e4ureproduktion der Haut reduziert Matrixyl 3000 Falten und andere Zeichen der Hautalterung.<\/p>\n<p> <strong>N-1(1-Oxohexadecyl-Glycyl-L-Histidyl-L-Lysin\/ Palmitoyl Oligopeptid\/ Palmitoyl Tripeptide-1<\/strong> Wirkungsweise<br \/>\n1)Matrixyl mindert Falten um 45%<br \/>\n2)Hebt und strafft die Haut<br \/>\n3)Stellt der Haut ein jugendliches Aussehen wieder her<\/p>\n<p> <strong>N-1( 1-Oxohexadecyl-Glycyl-L-Histidyl-L-Lysin\/ Palmitoyl Oligopeptid\/ Palmitoyl Tripeptide-1 Dosierung<\/strong><br \/>\nDies h\u00e4ngt von Ihrem K\u00f6rpergewicht ab Alle bisher durchgef\u00fchrten Forschungen basieren auf Nagetierstudien, die Ratten und M\u00e4use sind normalerweise injiziert mit einer wirksamen Dosis von etwa 10 \u00b5g (mcg) pro KG, beim Menschen wird davon ausgegangen, dass dies etwa der \u00e4quivalenten Dosis von 1,6 \u00b5g pro KG beim Menschen entspricht. Wenn Sie also:<\/p>\n<p>60 KG (132 lb.), dann w\u00e4re Ihre ideale t\u00e4gliche orale BPC-157-Dosis 96 \u00b5g (mcg)<br \/>\n70 KG (154 lb.) =&gt; 112 \u00b5g<br \/>\n80 KG (176 lb.) =&gt; 128 \u00b5g&lt; &amp;&gt;90 kg (198 lb.) =&gt; 144 \u03bcg<\/p>\n","protected":false},"excerpt":{"rendered":"<p>Produktname: N-1(1-Oxohexadecyl-Glycyl-L-Histidyl-L-Lysin\/ Palmitoyl Oligopeptid\/ Palmitoyl Tripeptide-1<br \/>\nCAS: 147732-56-7<br \/>\nMF: C30H54N6O5<br \/>\nMW: 578,79<br \/>\nMol-Datei: 147732-56-7.mol<\/p>\n","protected":false},"featured_media":2207,"comment_status":"open","ping_status":"closed","template":"","meta":{"om_disable_all_campaigns":false,"_monsterinsights_skip_tracking":false,"_monsterinsights_sitenote_active":false,"_monsterinsights_sitenote_note":"","_monsterinsights_sitenote_category":0,"site-sidebar-layout":"default","site-content-layout":"default","ast-site-content-layout":"default","site-content-style":"default","site-sidebar-style":"default","ast-global-header-display":"","ast-banner-title-visibility":"","ast-main-header-display":"","ast-hfb-above-header-display":"","ast-hfb-below-header-display":"","ast-hfb-mobile-header-display":"","site-post-title":"","ast-breadcrumbs-content":"","ast-featured-img":"","footer-sml-layout":"","ast-disable-related-posts":"","theme-transparent-header-meta":"default","adv-header-id-meta":"","stick-header-meta":"","header-above-stick-meta":"","header-main-stick-meta":"","header-below-stick-meta":"","astra-migrate-meta-layouts":"default","ast-page-background-enabled":"default","ast-page-background-meta":{"desktop":{"background-color":"","background-image":"","background-repeat":"repeat","background-position":"center center","background-size":"auto","background-attachment":"scroll","background-type":"","background-media":"","overlay-type":"","overlay-color":"","overlay-opacity":"","overlay-gradient":""},"tablet":{"background-color":"","background-image":"","background-repeat":"repeat","background-position":"center center","background-size":"auto","background-attachment":"scroll","background-type":"","background-media":"","overlay-type":"","overlay-color":"","overlay-opacity":"","overlay-gradient":""},"mobile":{"background-color":"","background-image":"","background-repeat":"repeat","background-position":"center center","background-size":"auto","background-attachment":"scroll","background-type":"","background-media":"","overlay-type":"","overlay-color":"","overlay-opacity":"","overlay-gradient":""}},"ast-content-background-meta":{"desktop":{"background-color":"var(--ast-global-color-5)","background-image":"","background-repeat":"repeat","background-position":"center center","background-size":"auto","background-attachment":"scroll","background-type":"","background-media":"","overlay-type":"","overlay-color":"","overlay-opacity":"","overlay-gradient":""},"tablet":{"background-color":"var(--ast-global-color-5)","background-image":"","background-repeat":"repeat","background-position":"center center","background-size":"auto","background-attachment":"scroll","background-type":"","background-media":"","overlay-type":"","overlay-color":"","overlay-opacity":"","overlay-gradient":""},"mobile":{"background-color":"var(--ast-global-color-5)","background-image":"","background-repeat":"repeat","background-position":"center center","background-size":"auto","background-attachment":"scroll","background-type":"","background-media":"","overlay-type":"","overlay-color":"","overlay-opacity":"","overlay-gradient":""}}},"product_brand":[],"product_cat":[551],"product_tag":[2609],"class_list":{"0":"post-7167","1":"product","2":"type-product","3":"status-publish","4":"has-post-thumbnail","6":"product_cat-anti-falten-und-anti-aging-peptid","7":"product_tag-palmitoyl-oligopeptide-palmitoyl-tripeptide-1-cas-147732-56-7-used-for-the-preparation-of-anti-aging-cosmetics-de","8":"desktop-align-left","9":"tablet-align-left","10":"mobile-align-left","12":"first","13":"instock","14":"shipping-taxable","15":"product-type-simple"},"_links":{"self":[{"href":"https:\/\/puyapeptide.net\/de\/wp-json\/wp\/v2\/product\/7167","targetHints":{"allow":["GET"]}}],"collection":[{"href":"https:\/\/puyapeptide.net\/de\/wp-json\/wp\/v2\/product"}],"about":[{"href":"https:\/\/puyapeptide.net\/de\/wp-json\/wp\/v2\/types\/product"}],"replies":[{"embeddable":true,"href":"https:\/\/puyapeptide.net\/de\/wp-json\/wp\/v2\/comments?post=7167"}],"wp:featuredmedia":[{"embeddable":true,"href":"https:\/\/puyapeptide.net\/de\/wp-json\/wp\/v2\/media\/2207"}],"wp:attachment":[{"href":"https:\/\/puyapeptide.net\/de\/wp-json\/wp\/v2\/media?parent=7167"}],"wp:term":[{"taxonomy":"product_brand","embeddable":true,"href":"https:\/\/puyapeptide.net\/de\/wp-json\/wp\/v2\/product_brand?post=7167"},{"taxonomy":"product_cat","embeddable":true,"href":"https:\/\/puyapeptide.net\/de\/wp-json\/wp\/v2\/product_cat?post=7167"},{"taxonomy":"product_tag","embeddable":true,"href":"https:\/\/puyapeptide.net\/de\/wp-json\/wp\/v2\/product_tag?post=7167"}],"curies":[{"name":"wp","href":"https:\/\/api.w.org\/{rel}","templated":true}]}}