{"id":7316,"date":"2021-12-16T07:21:48","date_gmt":"2021-12-16T12:21:48","guid":{"rendered":"https:\/\/puyapeptide.net\/product\/elcatoninacetat-elcatonin-cas-60731-46-6-kann-das-serumcalcium-reduzieren\/"},"modified":"2021-12-16T07:21:48","modified_gmt":"2021-12-16T12:21:48","slug":"elcatoninacetat-elcatonin-cas-60731-46-6-kann-das-serumcalcium-reduzieren","status":"publish","type":"product","link":"https:\/\/puyapeptide.net\/de\/product\/elcatoninacetat-elcatonin-cas-60731-46-6-kann-das-serumcalcium-reduzieren\/","title":{"rendered":"Elcatoninacetat\/ Elcatonin CAS 60731-46-6 Kann das Serumcalcium reduzieren"},"content":{"rendered":"<h2><strong>Elcatoninacetat\/ Elcatonin CAS 60731-46-6 Kann das Serumcalcium reduzieren<\/strong><\/h2>\n<p>Produktname: Elcatonin<br \/>\nSynonyme: (Aminosubericacid1,7)-Aalcalcitonin;1-Butans\u00e4ure-26-l-Asparagins\u00e4ure-27-l-Valin-7-Dicarbacalcitonin (Lachs);29-l-Alanin-; (L-ALPHA-AMINOSUBERIC S\u00c4URE1,7)-CALCITONIN (AAL);ELCATONIN;ELCATONIN (AAL);(DES CYS1,CYCLO (SER2-ASU7))-CALCITONIN (AEL) ACETATSALZ;CYCLO(-SER-ASN-LEU -SER-THR-ASU)-VAL-LEU-GLY-LYS-LEU-SER-GLN-GLU-LEU-HIS-LYS-LEU-GLN-THR-TYR-PRO-ARG-THR-ASP-VAL-GLY- ALA-GLY-THR-PRO-NH2<br \/>\nCAS: 60731-46-6<br \/>\nMF: C148H244N42O47<br \/>\nMW: 3363.83<br \/>\nEINECS: 262-393-7<br \/>\nProduktkategorien:<br \/>\n Mol File: 60731-46-6.mol<\/p>\n<p>Elcatonin ist ein Polypeptid mit stabiler Sekund\u00e4rstruktur. Seine physiologische Hauptfunktion besteht darin, die Osteoklastenaktivit\u00e4t zu hemmen, die Knochenresorption zu reduzieren, den Knochenkalziumverlust zu verhindern und das Serumkalzium bei normalen Tieren und hyperkalz\u00e4mischen Tieren zu reduzieren. Elcatonin (Molekularformel: C148H244N42O47) ist eine Art einzelnes, nicht -glykosylierte Polypeptidkette bestehend aus 31 Aminos\u00e4uren. Es ist ein Calcitonin-Derivat und wird als Mittel gegen die Nebenschilddr\u00fcse verwendet. Es wird haupts\u00e4chlich verwendet, um die durch Osteoporose verursachten Schmerzen zu lindern und zu beseitigen. Es hat mehrere physiologische Wirkungen, einschlie\u00dflich: (1) Hemmung der Absorption und Autolyse von Knochen, was zu einer Verringerung des Blutkalziumspiegels f\u00fchrt; (2) das Aufl\u00f6sen und \u00dcbertragen von Knochensalzen hemmen, wodurch die Ausscheidung von Calcium und Phosphor im Urin weiter gef\u00f6rdert wird; (3) es hemmt den Prozess der Calcium-, Phosphor- und Natriumresorption durch die Nierentubuli. <\/p>\n<p> <strong>Elcatoninacetat\/ Elcatonin CAS 60731-46-6 Chemische Eigenschaften<\/strong><br \/>\n Dichte 1,49 \u00b1 0,1 g\/cm3 (vorhergesagt) )<br \/>\nRTECS HS9270000<br \/>\nLagertemp. -15\u00b0C<\/p>\n<p> <strong>Verwendungen von Elcatoninacetat\/ Elcatonin CAS 60731-46-6<\/strong><br \/>\nOsteoporose; Hyperkalz\u00e4mie; Morbus Paget<\/p>\n","protected":false},"excerpt":{"rendered":"<p>Produktname: Elcatonin<br \/>\nCAS: 60731-46-6<br \/>\nMF: C148H244N42O47<br \/>\nMW: 3363.83<br \/>\nEINECS: 262-393-7<br \/>\nMol Datei: 60731-46-6.mol<\/p>\n","protected":false},"featured_media":2102,"comment_status":"open","ping_status":"closed","template":"","meta":{"om_disable_all_campaigns":false,"_monsterinsights_skip_tracking":false,"_monsterinsights_sitenote_active":false,"_monsterinsights_sitenote_note":"","_monsterinsights_sitenote_category":0,"site-sidebar-layout":"default","site-content-layout":"default","ast-site-content-layout":"default","site-content-style":"default","site-sidebar-style":"default","ast-global-header-display":"","ast-banner-title-visibility":"","ast-main-header-display":"","ast-hfb-above-header-display":"","ast-hfb-below-header-display":"","ast-hfb-mobile-header-display":"","site-post-title":"","ast-breadcrumbs-content":"","ast-featured-img":"","footer-sml-layout":"","ast-disable-related-posts":"","theme-transparent-header-meta":"default","adv-header-id-meta":"","stick-header-meta":"","header-above-stick-meta":"","header-main-stick-meta":"","header-below-stick-meta":"","astra-migrate-meta-layouts":"default","ast-page-background-enabled":"default","ast-page-background-meta":{"desktop":{"background-color":"","background-image":"","background-repeat":"repeat","background-position":"center center","background-size":"auto","background-attachment":"scroll","background-type":"","background-media":"","overlay-type":"","overlay-color":"","overlay-opacity":"","overlay-gradient":""},"tablet":{"background-color":"","background-image":"","background-repeat":"repeat","background-position":"center center","background-size":"auto","background-attachment":"scroll","background-type":"","background-media":"","overlay-type":"","overlay-color":"","overlay-opacity":"","overlay-gradient":""},"mobile":{"background-color":"","background-image":"","background-repeat":"repeat","background-position":"center center","background-size":"auto","background-attachment":"scroll","background-type":"","background-media":"","overlay-type":"","overlay-color":"","overlay-opacity":"","overlay-gradient":""}},"ast-content-background-meta":{"desktop":{"background-color":"var(--ast-global-color-5)","background-image":"","background-repeat":"repeat","background-position":"center center","background-size":"auto","background-attachment":"scroll","background-type":"","background-media":"","overlay-type":"","overlay-color":"","overlay-opacity":"","overlay-gradient":""},"tablet":{"background-color":"var(--ast-global-color-5)","background-image":"","background-repeat":"repeat","background-position":"center center","background-size":"auto","background-attachment":"scroll","background-type":"","background-media":"","overlay-type":"","overlay-color":"","overlay-opacity":"","overlay-gradient":""},"mobile":{"background-color":"var(--ast-global-color-5)","background-image":"","background-repeat":"repeat","background-position":"center center","background-size":"auto","background-attachment":"scroll","background-type":"","background-media":"","overlay-type":"","overlay-color":"","overlay-opacity":"","overlay-gradient":""}}},"product_brand":[],"product_cat":[473],"product_tag":[2431],"class_list":{"0":"post-7316","1":"product","2":"type-product","3":"status-publish","4":"has-post-thumbnail","6":"product_cat-osteoporose-peptid","7":"product_tag-elcatonin-acetate-elcatonin-cas-60731-46-6-can-reduce-the-serum-calcium-de","8":"desktop-align-left","9":"tablet-align-left","10":"mobile-align-left","12":"first","13":"instock","14":"shipping-taxable","15":"product-type-simple"},"_links":{"self":[{"href":"https:\/\/puyapeptide.net\/de\/wp-json\/wp\/v2\/product\/7316","targetHints":{"allow":["GET"]}}],"collection":[{"href":"https:\/\/puyapeptide.net\/de\/wp-json\/wp\/v2\/product"}],"about":[{"href":"https:\/\/puyapeptide.net\/de\/wp-json\/wp\/v2\/types\/product"}],"replies":[{"embeddable":true,"href":"https:\/\/puyapeptide.net\/de\/wp-json\/wp\/v2\/comments?post=7316"}],"wp:featuredmedia":[{"embeddable":true,"href":"https:\/\/puyapeptide.net\/de\/wp-json\/wp\/v2\/media\/2102"}],"wp:attachment":[{"href":"https:\/\/puyapeptide.net\/de\/wp-json\/wp\/v2\/media?parent=7316"}],"wp:term":[{"taxonomy":"product_brand","embeddable":true,"href":"https:\/\/puyapeptide.net\/de\/wp-json\/wp\/v2\/product_brand?post=7316"},{"taxonomy":"product_cat","embeddable":true,"href":"https:\/\/puyapeptide.net\/de\/wp-json\/wp\/v2\/product_cat?post=7316"},{"taxonomy":"product_tag","embeddable":true,"href":"https:\/\/puyapeptide.net\/de\/wp-json\/wp\/v2\/product_tag?post=7316"}],"curies":[{"name":"wp","href":"https:\/\/api.w.org\/{rel}","templated":true}]}}