{"id":7405,"date":"2021-12-16T07:58:29","date_gmt":"2021-12-16T12:58:29","guid":{"rendered":"https:\/\/puyapeptide.net\/product\/angiotensin-ii-angiotensin-ii-human-cas-4474-91-3-zur-blutdruckerhoehung\/"},"modified":"2021-12-16T07:58:29","modified_gmt":"2021-12-16T12:58:29","slug":"angiotensin-ii-angiotensin-ii-human-cas-4474-91-3-zur-blutdruckerhoehung","status":"publish","type":"product","link":"https:\/\/puyapeptide.net\/de\/product\/angiotensin-ii-angiotensin-ii-human-cas-4474-91-3-zur-blutdruckerhoehung\/","title":{"rendered":"Angiotensin II\/ANGIOTENSIN II, HUMAN CAS 4474-91-3 Zur Blutdruckerh\u00f6hung"},"content":{"rendered":"<h2><strong>Angiotensin II\/ANGIOTENSIN II, HUMAN CAS 4474-91-3 Zur Blutdruckerh\u00f6hung<\/strong><\/h2>\n<p>Produktname: ANGIOTENSIN II, HUMAN<br \/>\nSequenz: H-Asp-Arg-Val-Tyr-Ile-His-Pro-Phe-OH<br \/>\nSynonyme: DRVYIHPF;[ILE5]-ANGIOTENSIN 2;HYPERTENSION II HUMAN;L-ASP-ARG-VAL-TYR-ILE-HIS-PRO-PHE;H-ASP-ARG-VAL-TYR-ILE-HIS-PRO-PHE-OH;FLUORESCEIN-NHCS-NH-ASP-ARG- VAL-TYR-ILE-HIS-PRO-PHE-OH;ASP-ARG-VAL-TYR-ILE-HIS-PRO-PHE-OH 2CH3CHOOH H2O;ANGIOTENSIN II, HUMAN<br \/>\nCAS: 4474-91-3&lt;&amp; &gt;MF: C50H71N13O12<br \/>\nMW: 1046.2<br \/>\nEINECS: 2017-001-1<br \/>\nProduktkategorien: Angiotensin;peptide<br \/>\nMol Datei: 4474-91-3.mol<\/p>\n<p>Es ist bekannt, dass Tumorgewebe einschlie\u00dflich metastatischer Lymphknoten aus neu wachsenden Gef\u00e4\u00dfen bestehen, denen eine Autoregulation des Blutflusses fehlt und die nur sekund\u00e4r von den reagierenden somatischen Gef\u00e4\u00dfen beeinflusst werden. Humanes Angiotensin II (AT II). ein Vasopressor, wurde in Japan eingef\u00fchrt, um die Wirksamkeit der systemischen Chemotherapie zu verbessern. Bei Patienten mit verschiedenen Krebserkrankungen im fortgeschrittenen Stadium erh\u00f6ht eine iv-Infusion von AT II zum Erreichen eines mittleren Blutdrucks vom 1,5-fachen des Ausgangswertes (jedoch nicht \u00fcber 150 mm Hg) gefolgt von einer Bolusinjektion konventioneller Zytostatika den Blutfluss im Tumorgewebe um das 5- bis 7-Fache und erh\u00f6ht daher die Arzneimittelabgabe an das Zielgewebe, was zu verst\u00e4rkten chemotherapeutischen Wirkungen f\u00fchrt. Diese Chemotherapie bei induzierter Hypertonie kann sicher und mit minimalen Nebenwirkungen durchgef\u00fchrt werden.<\/p>\n<p> <strong>Angiotensin II\/ANGIOTENSIN II, HUMAN CAS 4474-91-3 Chemische Eigenschaften<\/strong><br \/>\nSiedepunkt 809,08 \u00b0C (grobe Sch\u00e4tzung)&lt;&amp; &gt;Dichte 1,1257 (grobe Sch\u00e4tzung)<br \/>\nBrechungsindex 1,6700 (Sch\u00e4tzung)<br \/>\nRTECS BW2165000<br \/>\nLagertemp. An einem dunklen Ort aufbewahren,Inerte Atmosph\u00e4re,Im Gefrierschrank lagern, unter -20\u00b0C<br \/>\nPulverform<br \/>\npka pK1: 10,37 (25\u00b0C)<br \/>\nFarbe orange<br \/>\nWasserl\u00f6slichkeit L\u00f6slich in Wasser (25 mg .) \/ml) und 5 % Essigs\u00e4ure (1 mg\/ml).<br \/>\nInChIKey CZGUSIXMZVURDU-JZXHSEFVSA-N<br \/>\nCAS Datenbank Referenz 4474-91-3<\/p>\n<p> <strong>Funktion und Anwendung von Angiotensin II\/ANGIOTENSIN II, HUMAN CAS 4474-91-3<\/strong><br \/>\nAngiotensin II ist ein kurzes Peptid, das aus 8 Aminos\u00e4uren besteht und dessen physiologische Funktion haupts\u00e4chlich darin besteht, den Blutdruck durch Verengung kleiner Arterien im ganzen K\u00f6rper zu erh\u00f6hen. Dar\u00fcber hinaus kann es auch die Sekretion von Aldosteron durch die Nebennierenrinde f\u00f6rdern, die auf die Nierentubuli einwirkt, um Natrium, Wasser und Kalium zu erhalten, wodurch das Blutvolumen und der Blutdruck erh\u00f6ht werden.<\/p>\n<p> <strong>Verwendung von Angiotensin II\/ ANGIOTENSIN II, HUMAN CAS 4474-91-3<\/strong><br \/>\n1. Herz-Lungen-Wiederbelebung &#8211; noch kein genehmigter Antrag<br \/>\n2. Ein Peptid, das an der Regulierung des Blutdrucks beteiligt ist<br \/>\n3. Angiotensin II ist ein Peptidhormon, das am besten als Vasokonstriktor bekannt ist und eine zentrale Rolle bei chronischer Hypertonie, Herzinsuffizienz und Schlaganfall spielt. Es ist ein Octapeptid, das typischerweise durch die Entfernung von zwei Resten von Angiotensin I durch das Angiotensin-Converting-Enzym (ACE) erzeugt wird. Angiotensin II ist ein Ligand f\u00fcr mindestens zwei unterschiedliche Rezeptoren, AT1 und AT2, die jeweils unterschiedliche Signalwege und physiologische Reaktionen hervorrufen. Die Entwicklung von Antagonisten f\u00fcr spezifische Angiotensin-II-Rezeptor-Subtypen stellt eine wertvolle Alternative zu ACE-Hemmern dar.<\/p>\n","protected":false},"excerpt":{"rendered":"<p>Produktname: ANGIOTENSIN II, HUMAN<br \/>\nCAS: 4474-91-3<br \/>\nMF: C50H71N13O12<br \/>\nMW: 1046.2<br \/>\nEINECS: 2017-001-1<br \/>\nMol File: 4474-91-3 .mol<\/p>\n","protected":false},"featured_media":2165,"comment_status":"open","ping_status":"closed","template":"","meta":{"om_disable_all_campaigns":false,"_monsterinsights_skip_tracking":false,"_monsterinsights_sitenote_active":false,"_monsterinsights_sitenote_note":"","_monsterinsights_sitenote_category":0,"site-sidebar-layout":"default","site-content-layout":"default","ast-site-content-layout":"default","site-content-style":"default","site-sidebar-style":"default","ast-global-header-display":"","ast-banner-title-visibility":"","ast-main-header-display":"","ast-hfb-above-header-display":"","ast-hfb-below-header-display":"","ast-hfb-mobile-header-display":"","site-post-title":"","ast-breadcrumbs-content":"","ast-featured-img":"","footer-sml-layout":"","ast-disable-related-posts":"","theme-transparent-header-meta":"default","adv-header-id-meta":"","stick-header-meta":"","header-above-stick-meta":"","header-main-stick-meta":"","header-below-stick-meta":"","astra-migrate-meta-layouts":"default","ast-page-background-enabled":"default","ast-page-background-meta":{"desktop":{"background-color":"","background-image":"","background-repeat":"repeat","background-position":"center center","background-size":"auto","background-attachment":"scroll","background-type":"","background-media":"","overlay-type":"","overlay-color":"","overlay-opacity":"","overlay-gradient":""},"tablet":{"background-color":"","background-image":"","background-repeat":"repeat","background-position":"center center","background-size":"auto","background-attachment":"scroll","background-type":"","background-media":"","overlay-type":"","overlay-color":"","overlay-opacity":"","overlay-gradient":""},"mobile":{"background-color":"","background-image":"","background-repeat":"repeat","background-position":"center center","background-size":"auto","background-attachment":"scroll","background-type":"","background-media":"","overlay-type":"","overlay-color":"","overlay-opacity":"","overlay-gradient":""}},"ast-content-background-meta":{"desktop":{"background-color":"var(--ast-global-color-5)","background-image":"","background-repeat":"repeat","background-position":"center center","background-size":"auto","background-attachment":"scroll","background-type":"","background-media":"","overlay-type":"","overlay-color":"","overlay-opacity":"","overlay-gradient":""},"tablet":{"background-color":"var(--ast-global-color-5)","background-image":"","background-repeat":"repeat","background-position":"center center","background-size":"auto","background-attachment":"scroll","background-type":"","background-media":"","overlay-type":"","overlay-color":"","overlay-opacity":"","overlay-gradient":""},"mobile":{"background-color":"var(--ast-global-color-5)","background-image":"","background-repeat":"repeat","background-position":"center center","background-size":"auto","background-attachment":"scroll","background-type":"","background-media":"","overlay-type":"","overlay-color":"","overlay-opacity":"","overlay-gradient":""}}},"product_brand":[],"product_cat":[409],"product_tag":[2345,2367],"class_list":{"0":"post-7405","1":"product","2":"type-product","3":"status-publish","4":"has-post-thumbnail","6":"product_cat-blut-und-vaskulaeres-peptid","7":"product_tag-angiotensin-ii-angiotensin-ii-de","8":"product_tag-human-cas-4474-91-3-for-blood-pressure-raising-de","9":"desktop-align-left","10":"tablet-align-left","11":"mobile-align-left","13":"first","14":"instock","15":"shipping-taxable","16":"product-type-simple"},"_links":{"self":[{"href":"https:\/\/puyapeptide.net\/de\/wp-json\/wp\/v2\/product\/7405","targetHints":{"allow":["GET"]}}],"collection":[{"href":"https:\/\/puyapeptide.net\/de\/wp-json\/wp\/v2\/product"}],"about":[{"href":"https:\/\/puyapeptide.net\/de\/wp-json\/wp\/v2\/types\/product"}],"replies":[{"embeddable":true,"href":"https:\/\/puyapeptide.net\/de\/wp-json\/wp\/v2\/comments?post=7405"}],"wp:featuredmedia":[{"embeddable":true,"href":"https:\/\/puyapeptide.net\/de\/wp-json\/wp\/v2\/media\/2165"}],"wp:attachment":[{"href":"https:\/\/puyapeptide.net\/de\/wp-json\/wp\/v2\/media?parent=7405"}],"wp:term":[{"taxonomy":"product_brand","embeddable":true,"href":"https:\/\/puyapeptide.net\/de\/wp-json\/wp\/v2\/product_brand?post=7405"},{"taxonomy":"product_cat","embeddable":true,"href":"https:\/\/puyapeptide.net\/de\/wp-json\/wp\/v2\/product_cat?post=7405"},{"taxonomy":"product_tag","embeddable":true,"href":"https:\/\/puyapeptide.net\/de\/wp-json\/wp\/v2\/product_tag?post=7405"}],"curies":[{"name":"wp","href":"https:\/\/api.w.org\/{rel}","templated":true}]}}