{"id":7577,"date":"2021-12-16T08:08:21","date_gmt":"2021-12-16T13:08:21","guid":{"rendered":"https:\/\/puyapeptide.net\/product\/pralmorelin-ghrp-2-cas-158861-67-7-fuer-laborforschung\/"},"modified":"2021-12-16T08:08:21","modified_gmt":"2021-12-16T13:08:21","slug":"pralmorelin-ghrp-2-cas-158861-67-7-fuer-laborforschung","status":"publish","type":"product","link":"https:\/\/puyapeptide.net\/de\/product\/pralmorelin-ghrp-2-cas-158861-67-7-fuer-laborforschung\/","title":{"rendered":"Pralmorelin\/GHRP-2 CAS 158861-67-7 f\u00fcr Laborforschung"},"content":{"rendered":"<h2><strong>Pralmorelin\/GHRP-2 CAS 158861-67-7 f\u00fcr Laborforschung<\/strong><\/h2>\n<p>Produktname: Pralmorelin\/ GHRP-2<br \/>\nSynonyme: d-ala-\u03b2-(2-naphthyl)-d-ala-trp-d-phe-lysamid;L-Lysinamid, D-Alanyl-3 -(2-Naphthalenyl)-D-Alanyl-L-Alanyl-L-Tryptophyl-D-Phenylalanyl-;PRALMORELIN;D-ALA-D-NAL(2)-ALA-TRP-D-PHE-LYS-NH2 ACETAT SALZ ;D-ALA-BETA-(2-NAPHTHYL)-D-ALA-TRP-D-PHE-LYS AMIDE;D-ALA-D-2-NAL-ALA-TRP-D-PHE-LYS-NH2;(DES -ALA3,D-ALA1,D-2-NAL2)-GHRP-6;(DES-ALA3)-GHRP-2<br \/>\nCAS: 158861-67-7<br \/>\nMF: C45H55N9O6<br \/>\nMW: 817,97&lt; &amp;&gt;EINECS: 206-616-8<br \/>\nProduktkategorien: Peptide;Peptide;GHRP2;hgh<br \/>\nMol Datei: 158861-67-7.mol<\/p>\n<p>GHRP 2 (Releasing Peptide 2) is a Sekretagoge der Hexapeptidklasse. GHRP 2 hat viele \u00c4hnlichkeiten mit GHRP 6 und ist das erste in dieser Klasse und wird in vielen Kreisen als die bessere Wahl zwischen GHRP 6 angesehen. Es wird nicht oft allein verwendet, sondern wird fast immer mit Releasing (GHRH) verwendet. . Die Verbindung kann auch h\u00e4ufig unter den Namen P&#39;ralmorelin oder GHRP Kaken 100 gefunden werden. In den meisten pharmazeutischen und leistungsorientierten Kreisen wurde sie jedoch in den letzten Jahren am h\u00e4ufigsten als GHRP 2 bezeichnet.<\/p>\n<p>G&#39; hrelin f\u00f6rdert nicht nur die Wachstumsfreisetzung, sondern hat auch andere biologische Wirkungen, wie z. J\u00fcngste Studien haben gezeigt, dass die Serumkonzentration von G&#39;hrelin positiv mit der BMD korreliert, so dass Ghrelin am Stoffwechsel von Knochengewebe beteiligt sein kann und die Funktion von Osteoblasten beeinflusst.<\/p>\n<p> <strong>Pralmorelin\/ GHRP-2 CAS 158861-67- 7 Chemische Eigenschaften<\/strong><br \/>\nSiedepunkt 1265,3 \u00b1 65,0 \u00b0C (vorhergesagt)<br \/>\nDichte 1,270\u00b10,06 g\/cm3 (vorhergesagt)<br \/>\nLagertemp. \u221220\u00b0C<br \/>\nform lyophilisiertes Pulver<br \/>\npka 13,40\u00b10,46(vorhergesagt)<br \/>\nFarbe wei\u00df bis beige<br \/>\nCAS-Datenbank-Referenz 158861-67-7(CAS-Datenbank-Referenz)<\/p>\n<p> <strong>Verwendung von Pralmorelin\/GHRP-2 CAS 158861-67-7<\/strong> <\/p>\n<p>1. Die Halbwertszeit von GHRP 2 ist jedoch recht kurz, wobei der H\u00f6hepunkt etwa 15 Minuten nach der Verabreichung oder sp\u00e4testens eine Stunde sp\u00e4ter erreicht wird. Idealerweise sollte diese Therapie regelm\u00e4\u00dfig t\u00e4glich verabreicht werden.<\/p>\n<p>2. \u00c4hnlich wie GHRP 6 ist GHRP 2 seine kommerziell synthetisierte Form, die die Sekretion viel besser stimulieren und den PRL-, Cortisol- und ACTH-Spiegel etwas besser stimulieren kann. F\u00fcr G&#39;hrelin hingegen funktioniert es wie ein synthetischer Agonist, der sich mit dem Sekretagogue-Rezeptor der . GHRP 2 kann auch den Kalziumioneneinstrom erh\u00f6hen und wiederum noch mehr Hormone freisetzen.<\/p>\n<p>3. Abgesehen davon wurden bereits einige Untersuchungen durchgef\u00fchrt, die belegen, wie \u00e4hnlich es auch mit der Wirksamkeit von GRF ist. Tats\u00e4chlich hat es sich im Vergleich zu allen anderen in der Vergangenheit bekannten GH-freisetzenden Sekretoren, einschlie\u00dflich GHRP 1 und GHRP 6, als viel wirksamer erwiesen. Aus diesem Grund wird dieses Hormon oft zur Behandlung von katabolen M\u00e4ngeln verwendet und Staaten heute.<\/p>\n","protected":false},"excerpt":{"rendered":"<p>Produktname: Pralmorelin\/ GHRP-2<br \/>\nCAS: 158861-67-7<br \/>\nMF: C45H55N9O6<br \/>\nMW: 817.97<br \/>\nEINECS: 206-616-8<br \/>\nMol Datei: 158861-67- 7.mol<\/p>\n","protected":false},"featured_media":2270,"comment_status":"open","ping_status":"closed","template":"","meta":{"om_disable_all_campaigns":false,"_monsterinsights_skip_tracking":false,"_monsterinsights_sitenote_active":false,"_monsterinsights_sitenote_note":"","_monsterinsights_sitenote_category":0,"site-sidebar-layout":"default","site-content-layout":"default","ast-site-content-layout":"default","site-content-style":"default","site-sidebar-style":"default","ast-global-header-display":"","ast-banner-title-visibility":"","ast-main-header-display":"","ast-hfb-above-header-display":"","ast-hfb-below-header-display":"","ast-hfb-mobile-header-display":"","site-post-title":"","ast-breadcrumbs-content":"","ast-featured-img":"","footer-sml-layout":"","ast-disable-related-posts":"","theme-transparent-header-meta":"default","adv-header-id-meta":"","stick-header-meta":"","header-above-stick-meta":"","header-main-stick-meta":"","header-below-stick-meta":"","astra-migrate-meta-layouts":"default","ast-page-background-enabled":"default","ast-page-background-meta":{"desktop":{"background-color":"","background-image":"","background-repeat":"repeat","background-position":"center center","background-size":"auto","background-attachment":"scroll","background-type":"","background-media":"","overlay-type":"","overlay-color":"","overlay-opacity":"","overlay-gradient":""},"tablet":{"background-color":"","background-image":"","background-repeat":"repeat","background-position":"center center","background-size":"auto","background-attachment":"scroll","background-type":"","background-media":"","overlay-type":"","overlay-color":"","overlay-opacity":"","overlay-gradient":""},"mobile":{"background-color":"","background-image":"","background-repeat":"repeat","background-position":"center center","background-size":"auto","background-attachment":"scroll","background-type":"","background-media":"","overlay-type":"","overlay-color":"","overlay-opacity":"","overlay-gradient":""}},"ast-content-background-meta":{"desktop":{"background-color":"var(--ast-global-color-5)","background-image":"","background-repeat":"repeat","background-position":"center center","background-size":"auto","background-attachment":"scroll","background-type":"","background-media":"","overlay-type":"","overlay-color":"","overlay-opacity":"","overlay-gradient":""},"tablet":{"background-color":"var(--ast-global-color-5)","background-image":"","background-repeat":"repeat","background-position":"center center","background-size":"auto","background-attachment":"scroll","background-type":"","background-media":"","overlay-type":"","overlay-color":"","overlay-opacity":"","overlay-gradient":""},"mobile":{"background-color":"var(--ast-global-color-5)","background-image":"","background-repeat":"repeat","background-position":"center center","background-size":"auto","background-attachment":"scroll","background-type":"","background-media":"","overlay-type":"","overlay-color":"","overlay-opacity":"","overlay-gradient":""}}},"product_brand":[],"product_cat":[522],"product_tag":[2198],"class_list":{"0":"post-7577","1":"product","2":"type-product","3":"status-publish","4":"has-post-thumbnail","6":"product_cat-andere-peptide","7":"product_tag-pralmorelin-ghrp-2-cas-158861-67-7-for-lab-research-de","8":"desktop-align-left","9":"tablet-align-left","10":"mobile-align-left","12":"first","13":"instock","14":"shipping-taxable","15":"product-type-simple"},"_links":{"self":[{"href":"https:\/\/puyapeptide.net\/de\/wp-json\/wp\/v2\/product\/7577","targetHints":{"allow":["GET"]}}],"collection":[{"href":"https:\/\/puyapeptide.net\/de\/wp-json\/wp\/v2\/product"}],"about":[{"href":"https:\/\/puyapeptide.net\/de\/wp-json\/wp\/v2\/types\/product"}],"replies":[{"embeddable":true,"href":"https:\/\/puyapeptide.net\/de\/wp-json\/wp\/v2\/comments?post=7577"}],"wp:featuredmedia":[{"embeddable":true,"href":"https:\/\/puyapeptide.net\/de\/wp-json\/wp\/v2\/media\/2270"}],"wp:attachment":[{"href":"https:\/\/puyapeptide.net\/de\/wp-json\/wp\/v2\/media?parent=7577"}],"wp:term":[{"taxonomy":"product_brand","embeddable":true,"href":"https:\/\/puyapeptide.net\/de\/wp-json\/wp\/v2\/product_brand?post=7577"},{"taxonomy":"product_cat","embeddable":true,"href":"https:\/\/puyapeptide.net\/de\/wp-json\/wp\/v2\/product_cat?post=7577"},{"taxonomy":"product_tag","embeddable":true,"href":"https:\/\/puyapeptide.net\/de\/wp-json\/wp\/v2\/product_tag?post=7577"}],"curies":[{"name":"wp","href":"https:\/\/api.w.org\/{rel}","templated":true}]}}