{"id":7761,"date":"2021-12-16T10:31:58","date_gmt":"2021-12-16T15:31:58","guid":{"rendered":"https:\/\/puyapeptide.net\/product\/heisser-verkauf-buserelin-cas-57982-77-1-zur-behandlung-von-prostatakrebs-und-brustkrebs\/"},"modified":"2021-12-16T10:31:58","modified_gmt":"2021-12-16T15:31:58","slug":"heisser-verkauf-buserelin-cas-57982-77-1-zur-behandlung-von-prostatakrebs-und-brustkrebs","status":"publish","type":"product","link":"https:\/\/puyapeptide.net\/de\/product\/heisser-verkauf-buserelin-cas-57982-77-1-zur-behandlung-von-prostatakrebs-und-brustkrebs\/","title":{"rendered":"Hei\u00dfer Verkauf Buserelin CAS 57982-77-1 zur Behandlung von Prostatakrebs und Brustkrebs"},"content":{"rendered":"<h2><strong>Hei\u00dfer Verkauf Buserelin CAS 57982-77-1 zur Behandlung von Prostatakrebs und Brustkrebs<\/strong><\/h2>\n<p>Produktname: BUSERELIN<br \/>\nSynonyme: (d-ser(bu(supt)(sup6)))-lh-rh(1-9)nonapeptid-ethylamid;(d-ser(tbu)(sup6)- ea(sup10))-lhrh;(d-ser(tbu)(sup6)-ea(sup10))-luteinisierendes Hormon-freisetzendes Hormon;(d-ser(tbu)(sup6)-ea(sup10))-luteinisierendes Hormon-freisetzendes Hormon; BUSERELIN;1-9-Luteinisierender Hormon-Releasing-Faktor (Schwein), 6-[O-(1,1-Dimethylethyl)-D-serin]-9-(N-ethyl-L-prolinamid)-;Buserilin;BUSERELIN PH . EUR.<br \/>\nCAS: 57982-77-1<br \/>\nMF: C60H86N16O13<br \/>\nMW: 1239.42<br \/>\nEINECS: 261-061-9<br \/>\nProduktkategorien: Hormone<br \/>\nMol File: 57982-77 -1.mol<\/p>\n<p>Buserelin, ein GnRH-Analogon. Es kann zu Beginn der Anwendung eine Erh\u00f6hung der LH-, FSH- und Sexualhormonsekretion bewirken, und nach 1 bis 2 Wochen beginnt die gegenteilige Wirkung, und die Sexualhormonsekretion kann auf das Depotniveau reduziert werden. Es wird haupts\u00e4chlich klinisch bei Prostatakrebs und Brustkrebs eingesetzt. Es wird zu Beginn subkutan injiziert [bei M\u00e4nnern mit Flutamid] und Nasenspray wird zur Erhaltungsbehandlung verwendet.<\/p>\n<p> <strong>Buserelin CAS 57982-77-1 Chemische Eigenschaften<\/strong><br \/>\nalpha D20 -40,4\u00b0 (c = 1 in Dimethylacetamid)<br \/>\nSiedepunkt 845,19\u00b0C (grob gesch\u00e4tzt)<br \/>\nDichte 1,0711 (grob gesch\u00e4tzt)<br \/>\nBrechungsindex 1,6200 (gesch\u00e4tzt)<br \/>\nL\u00f6slichkeit In Wasser und verd\u00fcnnten S\u00e4uren schwer l\u00f6slich.&lt;&amp; &gt;pka 9,82\u00b10,15(vorhergesagt)<\/p>\n<p> <strong>Funktion und Anwendung von Buserelin CAS 57982-77-1<\/strong><br \/>\nGnRH-Analoga. Es kann zu Beginn der Anwendung eine Erh\u00f6hung der I. H-, FSH- und Sexualhormonsekretion induzieren, und nach 1 bis 2 Wochen beginnt es die gegenteilige Wirkung zu entfalten und die Sexualhormonsekretion kann auf das Depotniveau reduziert werden. Es wird haupts\u00e4chlich klinisch bei Prostatakrebs und Brustkrebs eingesetzt. Es wird zu Beginn (bei M\u00e4nnern mit Flutamid) subkutan injiziert und die Erhaltungstherapie erfolgt durch Nasenspray.<\/p>\n","protected":false},"excerpt":{"rendered":"<p>Produktname: BUSERELIN<br \/>\nCAS: 57982-77-1<br \/>\nMF: C60H86N16O13<br \/>\nMW: 1239.42<br \/>\nEINECS: 261-061-9<br \/>\nMol Datei: 57982-77-1.mol<\/p>\n","protected":false},"featured_media":2123,"comment_status":"open","ping_status":"closed","template":"","meta":{"om_disable_all_campaigns":false,"_monsterinsights_skip_tracking":false,"_monsterinsights_sitenote_active":false,"_monsterinsights_sitenote_note":"","_monsterinsights_sitenote_category":0,"site-sidebar-layout":"default","site-content-layout":"default","ast-site-content-layout":"default","site-content-style":"default","site-sidebar-style":"default","ast-global-header-display":"","ast-banner-title-visibility":"","ast-main-header-display":"","ast-hfb-above-header-display":"","ast-hfb-below-header-display":"","ast-hfb-mobile-header-display":"","site-post-title":"","ast-breadcrumbs-content":"","ast-featured-img":"","footer-sml-layout":"","ast-disable-related-posts":"","theme-transparent-header-meta":"default","adv-header-id-meta":"","stick-header-meta":"","header-above-stick-meta":"","header-main-stick-meta":"","header-below-stick-meta":"","astra-migrate-meta-layouts":"default","ast-page-background-enabled":"default","ast-page-background-meta":{"desktop":{"background-color":"","background-image":"","background-repeat":"repeat","background-position":"center center","background-size":"auto","background-attachment":"scroll","background-type":"","background-media":"","overlay-type":"","overlay-color":"","overlay-opacity":"","overlay-gradient":""},"tablet":{"background-color":"","background-image":"","background-repeat":"repeat","background-position":"center center","background-size":"auto","background-attachment":"scroll","background-type":"","background-media":"","overlay-type":"","overlay-color":"","overlay-opacity":"","overlay-gradient":""},"mobile":{"background-color":"","background-image":"","background-repeat":"repeat","background-position":"center center","background-size":"auto","background-attachment":"scroll","background-type":"","background-media":"","overlay-type":"","overlay-color":"","overlay-opacity":"","overlay-gradient":""}},"ast-content-background-meta":{"desktop":{"background-color":"var(--ast-global-color-5)","background-image":"","background-repeat":"repeat","background-position":"center center","background-size":"auto","background-attachment":"scroll","background-type":"","background-media":"","overlay-type":"","overlay-color":"","overlay-opacity":"","overlay-gradient":""},"tablet":{"background-color":"var(--ast-global-color-5)","background-image":"","background-repeat":"repeat","background-position":"center center","background-size":"auto","background-attachment":"scroll","background-type":"","background-media":"","overlay-type":"","overlay-color":"","overlay-opacity":"","overlay-gradient":""},"mobile":{"background-color":"var(--ast-global-color-5)","background-image":"","background-repeat":"repeat","background-position":"center center","background-size":"auto","background-attachment":"scroll","background-type":"","background-media":"","overlay-type":"","overlay-color":"","overlay-opacity":"","overlay-gradient":""}}},"product_brand":[],"product_cat":[396],"product_tag":[2020],"class_list":{"0":"post-7761","1":"product","2":"type-product","3":"status-publish","4":"has-post-thumbnail","6":"product_cat-anti-tumor-peptid-de","7":"product_tag-hot-sale-buserelin-cas-57982-77-1-for-treat-prostate-cancer-and-breast-cancer-de","8":"desktop-align-left","9":"tablet-align-left","10":"mobile-align-left","12":"first","13":"instock","14":"shipping-taxable","15":"product-type-simple"},"_links":{"self":[{"href":"https:\/\/puyapeptide.net\/de\/wp-json\/wp\/v2\/product\/7761","targetHints":{"allow":["GET"]}}],"collection":[{"href":"https:\/\/puyapeptide.net\/de\/wp-json\/wp\/v2\/product"}],"about":[{"href":"https:\/\/puyapeptide.net\/de\/wp-json\/wp\/v2\/types\/product"}],"replies":[{"embeddable":true,"href":"https:\/\/puyapeptide.net\/de\/wp-json\/wp\/v2\/comments?post=7761"}],"wp:featuredmedia":[{"embeddable":true,"href":"https:\/\/puyapeptide.net\/de\/wp-json\/wp\/v2\/media\/2123"}],"wp:attachment":[{"href":"https:\/\/puyapeptide.net\/de\/wp-json\/wp\/v2\/media?parent=7761"}],"wp:term":[{"taxonomy":"product_brand","embeddable":true,"href":"https:\/\/puyapeptide.net\/de\/wp-json\/wp\/v2\/product_brand?post=7761"},{"taxonomy":"product_cat","embeddable":true,"href":"https:\/\/puyapeptide.net\/de\/wp-json\/wp\/v2\/product_cat?post=7761"},{"taxonomy":"product_tag","embeddable":true,"href":"https:\/\/puyapeptide.net\/de\/wp-json\/wp\/v2\/product_tag?post=7761"}],"curies":[{"name":"wp","href":"https:\/\/api.w.org\/{rel}","templated":true}]}}