{"id":7916,"date":"2021-12-16T11:19:57","date_gmt":"2021-12-16T16:19:57","guid":{"rendered":"https:\/\/puyapeptide.net\/product\/deslorelin-deslorelinacetat-cas-57773-65-6-behandlung-von-prostatakrebs\/"},"modified":"2021-12-16T11:19:57","modified_gmt":"2021-12-16T16:19:57","slug":"deslorelin-deslorelinacetat-cas-57773-65-6-behandlung-von-prostatakrebs","status":"publish","type":"product","link":"https:\/\/puyapeptide.net\/de\/product\/deslorelin-deslorelinacetat-cas-57773-65-6-behandlung-von-prostatakrebs\/","title":{"rendered":"Deslorelin\/ Deslorelinacetat CAS 57773-65-6 Behandlung von Prostatakrebs"},"content":{"rendered":"<h2><strong>Deslorelin\/ Deslorelinacetat CAS 57773-65-6 Behandlung von Prostatakrebs<\/strong><\/h2>\n<p>Produktname: Deslorelin<br \/>\nSynonyme: GLP-HIS-TRP-SER-TYR-D-TRP-LEU-ARG-PRO-NHET;[D-TRP6, DES-GLY10]-LH-RH ETHYLAMIDE;DESORELIN ;DESLORELIN;Deslorelinacetat;DESLORELIN (MENSCH);DES-GLY10,[D-TRP6]-LH-RH ETHYLAMID;(DES-GLY10,D-TRP6,PRO-NHET9)-GONADOTROPIN-FREISETZENDES HORMON<br \/>\nCAS: 57773 -65-6<br \/>\nMF: C64H83N17O12<br \/>\nMW: 1282.48<br \/>\nEINECS: 637-335-2<br \/>\nProduktkategorien: Hormone;Peptid<br \/>\nMol Datei: 57773-65-6.mol&lt;&amp; &gt;<br \/>\nDeslorelin\/Dehydronandrolonacetat ist ein wichtiges Zwischenprodukt f\u00fcr die Synthese (Faslodex), w\u00e4hrend ersteres ein von AstraZeneca Company entwickeltes Medikament gegen Brustkrebs war und letzteres ein synthetisches Steroid war, das von Organon Company f\u00fcr postklimakterische Beschwerden vermarktet wurde. Es ist eine wirksame Verbindung, die hochwertige, lang anhaltende Muskelzuw\u00e4chse erzeugt. Dies liegt an der relativ langen Halbwertszeit des Arzneimittels. Benutzer berichten von leichten Nebenwirkungen, wobei die gr\u00f6\u00dfte Nebenwirkung Wassereinlagerungen ist. ist ein Schl\u00fcsselzwischenprodukt f\u00fcr die Synthese (Faslodex), w\u00e4hrend ersteres ein von der AstraZeneca Company entwickeltes Anti-Brustkrebs-Medikament war und letzteres ein synthetisches Steroid war, das von Organon Company f\u00fcr postklimakterische Beschwerden vermarktet wurde. Es ist eine wirksame Verbindung, die hochwertige, lang anhaltende Muskelzuw\u00e4chse erzeugt. Dies liegt an der relativ langen Halbwertszeit des Arzneimittels. Benutzer berichten von leichten Nebenwirkungen, wobei die gr\u00f6\u00dfte Nebenwirkung Wassereinlagerungen ist. ist ein Schl\u00fcsselzwischenprodukt f\u00fcr die Synthese (Faslodex), w\u00e4hrend ersteres ein von der AstraZeneca Company entwickeltes Anti-Brustkrebs-Medikament war und letzteres ein synthetisches Steroid war, das von Organon Company f\u00fcr postklimakterische Beschwerden vermarktet wurde. Es ist eine wirksame Verbindung, die hochwertige, lang anhaltende Muskelzuw\u00e4chse erzeugt. Dies liegt an der relativ langen Halbwertszeit des Arzneimittels. Benutzer berichten von leichten Nebenwirkungen, wobei die gr\u00f6\u00dfte Nebenwirkung Wassereinlagerungen ist.<\/p>\n<p> <strong>Deslorelin\/ Deslorelinacetat CAS 57773-65-6 Chemische Eigenschaften<\/strong><br \/>\nalpha D24 -61\u00b0 (c = 0,37 in 0,1 M Essigs\u00e4ure )<br \/>\nDichte 1,48\u00b10,1 g\/cm3(vorhergesagt)<br \/>\nLagertemp. \u221220\u00b0C<br \/>\npka 9,82\u00b10,15(vorhergesagt)<br \/>\nCAS-Datenbankreferenz 57773-65-6(CAS-Datenbankreferenz)<\/p>\n<p> <strong>Funktion und Anwendung von Deslorelin\/ Deslorelinacetat CAS 57773-65-6<\/strong><br \/>\nDeslorelin wurde in den USA erfolgreich getestet und unter bestimmten Umst\u00e4nden f\u00fcr die Veterin\u00e4rmedizin zugelassen. In Europa wurde es f\u00fcr die assistierte Reproduktion beim Pferd zugelassen. Es wird auch am Menschen getestet, um seine Wirksamkeit bei der Behandlung von Brustkrebs bei Frauen und bei der Behandlung von vorzeitiger Pubert\u00e4t und angeborener Nebennierenhyperplasie bei m\u00e4nnlichen und weiblichen Kindern zu untersuchen.<\/p>\n","protected":false},"excerpt":{"rendered":"<p>Produktname: Deslorelin<br \/>\nCAS: 57773-65-6<br \/>\nMF: C64H83N17O12<br \/>\nMW: 1282.48<br \/>\nEINECS: 637-335-2<br \/>\nMol Datei: 57773-65-6.mol<\/p>\n","protected":false},"featured_media":2102,"comment_status":"open","ping_status":"closed","template":"","meta":{"om_disable_all_campaigns":false,"_monsterinsights_skip_tracking":false,"_monsterinsights_sitenote_active":false,"_monsterinsights_sitenote_note":"","_monsterinsights_sitenote_category":0,"site-sidebar-layout":"default","site-content-layout":"default","ast-site-content-layout":"default","site-content-style":"default","site-sidebar-style":"default","ast-global-header-display":"","ast-banner-title-visibility":"","ast-main-header-display":"","ast-hfb-above-header-display":"","ast-hfb-below-header-display":"","ast-hfb-mobile-header-display":"","site-post-title":"","ast-breadcrumbs-content":"","ast-featured-img":"","footer-sml-layout":"","ast-disable-related-posts":"","theme-transparent-header-meta":"default","adv-header-id-meta":"","stick-header-meta":"","header-above-stick-meta":"","header-main-stick-meta":"","header-below-stick-meta":"","astra-migrate-meta-layouts":"default","ast-page-background-enabled":"default","ast-page-background-meta":{"desktop":{"background-color":"","background-image":"","background-repeat":"repeat","background-position":"center center","background-size":"auto","background-attachment":"scroll","background-type":"","background-media":"","overlay-type":"","overlay-color":"","overlay-opacity":"","overlay-gradient":""},"tablet":{"background-color":"","background-image":"","background-repeat":"repeat","background-position":"center center","background-size":"auto","background-attachment":"scroll","background-type":"","background-media":"","overlay-type":"","overlay-color":"","overlay-opacity":"","overlay-gradient":""},"mobile":{"background-color":"","background-image":"","background-repeat":"repeat","background-position":"center center","background-size":"auto","background-attachment":"scroll","background-type":"","background-media":"","overlay-type":"","overlay-color":"","overlay-opacity":"","overlay-gradient":""}},"ast-content-background-meta":{"desktop":{"background-color":"var(--ast-global-color-5)","background-image":"","background-repeat":"repeat","background-position":"center center","background-size":"auto","background-attachment":"scroll","background-type":"","background-media":"","overlay-type":"","overlay-color":"","overlay-opacity":"","overlay-gradient":""},"tablet":{"background-color":"var(--ast-global-color-5)","background-image":"","background-repeat":"repeat","background-position":"center center","background-size":"auto","background-attachment":"scroll","background-type":"","background-media":"","overlay-type":"","overlay-color":"","overlay-opacity":"","overlay-gradient":""},"mobile":{"background-color":"var(--ast-global-color-5)","background-image":"","background-repeat":"repeat","background-position":"center center","background-size":"auto","background-attachment":"scroll","background-type":"","background-media":"","overlay-type":"","overlay-color":"","overlay-opacity":"","overlay-gradient":""}}},"product_brand":[],"product_cat":[396],"product_tag":[1862],"class_list":{"0":"post-7916","1":"product","2":"type-product","3":"status-publish","4":"has-post-thumbnail","6":"product_cat-anti-tumor-peptid-de","7":"product_tag-deslorelin-deslorelin-acetate-cas-57773-65-6-treatment-of-prostate-cancer-de","8":"desktop-align-left","9":"tablet-align-left","10":"mobile-align-left","12":"first","13":"instock","14":"shipping-taxable","15":"product-type-simple"},"_links":{"self":[{"href":"https:\/\/puyapeptide.net\/de\/wp-json\/wp\/v2\/product\/7916","targetHints":{"allow":["GET"]}}],"collection":[{"href":"https:\/\/puyapeptide.net\/de\/wp-json\/wp\/v2\/product"}],"about":[{"href":"https:\/\/puyapeptide.net\/de\/wp-json\/wp\/v2\/types\/product"}],"replies":[{"embeddable":true,"href":"https:\/\/puyapeptide.net\/de\/wp-json\/wp\/v2\/comments?post=7916"}],"wp:featuredmedia":[{"embeddable":true,"href":"https:\/\/puyapeptide.net\/de\/wp-json\/wp\/v2\/media\/2102"}],"wp:attachment":[{"href":"https:\/\/puyapeptide.net\/de\/wp-json\/wp\/v2\/media?parent=7916"}],"wp:term":[{"taxonomy":"product_brand","embeddable":true,"href":"https:\/\/puyapeptide.net\/de\/wp-json\/wp\/v2\/product_brand?post=7916"},{"taxonomy":"product_cat","embeddable":true,"href":"https:\/\/puyapeptide.net\/de\/wp-json\/wp\/v2\/product_cat?post=7916"},{"taxonomy":"product_tag","embeddable":true,"href":"https:\/\/puyapeptide.net\/de\/wp-json\/wp\/v2\/product_tag?post=7916"}],"curies":[{"name":"wp","href":"https:\/\/api.w.org\/{rel}","templated":true}]}}