{"id":8088,"date":"2021-12-16T12:17:37","date_gmt":"2021-12-16T17:17:37","guid":{"rendered":"https:\/\/puyapeptide.net\/product\/ziconotide-acetate-cas-107452-89-1-treat-fuer-postzosterische-neuralgie-und-krebsschmerzen\/"},"modified":"2021-12-16T12:17:37","modified_gmt":"2021-12-16T17:17:37","slug":"ziconotide-acetate-cas-107452-89-1-treat-fuer-postzosterische-neuralgie-und-krebsschmerzen","status":"publish","type":"product","link":"https:\/\/puyapeptide.net\/de\/product\/ziconotide-acetate-cas-107452-89-1-treat-fuer-postzosterische-neuralgie-und-krebsschmerzen\/","title":{"rendered":"Ziconotide Acetate CAS 107452-89-1 Treat f\u00fcr postzosterische Neuralgie und Krebsschmerzen"},"content":{"rendered":"<h2><strong>Ziconotide Acetate CAS 107452-89-1 Treat f\u00fcr postzosterische Neuralgie und Krebsschmerzen<\/strong><\/h2>\n<p>Produktname: Ziconotidacetat<br \/>\nSynonyme: OMEGA-CONOTOXIN MVIIA;OMEGA-CGTX MVII A;ZICONOTIDACETAT;snx111;H-CYS-LYS-GLY-LYS-GLY-ALA-LYS-CYS-SER-ARG -LEU-MET-TYR-ASP-CYS-CYS-THR-GLY-SER-CYS-ARG-SER-GLY-LYS-CYS-NH2;H-CYS-LYS-GLY-LYS-GLY-ALA-LYS-CYS -SER-ARG-LEU-MET-TYR-ASP-CYS-CYS-THR-GLY-SER-CYS-ARG-SER-GLY-LYS-CYS-NH2 (DISULFIDBR\u00dcCKE: 1-16, 8-20, UND 15 -25);CYS-LYS-GLY-LYS-GLY-ALA-LYS-CYS-SER-ARG-LEU-MET-TYR-ASP-CYS-CYS-THR-GLY-SER-CYS-ARG-SER-GLY- LYS-CYS-NH2;CKGKGAKCSRLMYDCCTGSCRSGKC-NH2 (DISULFIDBR\u00dcCKE: 1-16,8-20 UND 15-25)<br \/>\nCAS: 107452-89-1<br \/>\nMF: C102H172N36O32S7<br \/>\nMW: 2639,13&lt;&amp; &gt;EINECS:<br \/>\nProduktkategorien: Peptide<br \/>\nMol Datei: 107452-89-1.mol<\/p>\n<p>Ziconotide (Prialt) ist eine aus dem S\u00fcden stammende, aus dem S\u00fcden stammende, aus 25 Aminos\u00e4uren bestehende Peptidtoxinverbindung mit drei Disulfidbr\u00fccken Pazifische Meeresschnecke Conusmagus. Es ist das erste neuartige neurotherapeutische Mittel \u2013 der N-Typ-Calciumkanalblocker (NCCB). Es wirkt selektiv auf die elektrosensitiven Calciumkan\u00e4le des N-Typs in dendritischen und axonalen End\u00e4sten und hemmt dadurch die anf\u00e4nglichen Reizafferenzen der Verletzung. Es ist indiziert f\u00fcr Patienten mit starken chronischen Schmerzen, die eine intrathekale Behandlung ben\u00f6tigen und die andere schmerzstillende Behandlungen (z. B. die Anwendung von systemischen Analgetika oder intrathekalem Morphin) nicht vertragen oder eine geringe Wirksamkeit aufweisen. Intrathekales Ziconotid kann zur Behandlung von postzosterischer Neuralgie, Phantomschmerzen, HIV-assoziierten neuropathischen Schmerzen, refrakt\u00e4ren Krebsschmerzen und postoperativen Schmerzen verwendet werden.<\/p>\n<p> <strong>Ziconotide Acetate CAS 107452-89-1 Chemische Eigenschaften<\/strong><br \/>\n Dichte 1,60\u00b10,1 g\/cm3(vorhergesagt)<br \/>\nLagertemp. -20\u00b0C<br \/>\nInChIKey BPKIMPVREBSLAJ-QTBYCLKRSA-N<\/p>\n<p> <strong>Verwendungen von Ziconotidacetat CAS 107452-89-1<\/strong><br \/>\nLigand f\u00fcr Bindungsstudien spannungsempfindlicher Calciumkan\u00e4le.<\/p>\n<p>Ziconotid ( SNX-111; Prialt), wegen seines Verabreichungswegs auch intrathekales Ziconotid (ITZ) genannt, ist ein atypisches Analgetikum zur Linderung schwerer und chronischer Schmerzen. Abgeleitet von Conus magus, einer Kegelschnecke, ist es die synthetische Form eines \u03c9-Conotoxin-Peptids.[1] Es ist 1.000-mal st\u00e4rker als Morphin.<\/p>\n<p>Dieses Produkt ist f\u00fcr Patienten mit starken chronischen Schmerzen geeignet, die eine intrathekale Behandlung ben\u00f6tigen und die andere analgetische Behandlungen (wie die Anwendung von systemischen Analgetika oder intrathekale Injektion von Morphin usw.).<\/p>\n<p> <strong>Funktion und Anwendung von Ziconotidacetat CAS 107452-89-1<\/strong><br \/>\n1. Analgetische Wirksamkeit Ziconotide ist f\u00fcr Patienten mit chronischen Schmerzen geeignet, die andere Behandlungen nicht vertragen oder nicht darauf ansprechen, einschlie\u00dflich systemischer Medikation, adjuvanter Behandlung einer intrathekalen Injektion von Morphin. Die intrathekale Injektion von Ziconotid hat eine klinisch und statistisch signifikante analgetische Wirksamkeit bei Patienten mit Krebs oder AIDS.<\/p>\n<p>2. Schutz des R\u00fcckenmarks Kurzzeitige Isch\u00e4mie des R\u00fcckenmarks Wenn R\u00fcckenmarksneuronen gesch\u00e4digt sind, kommt es zur Aktivierung des elektrosensiblen Kalziumwegs vom N-Typ. Ziconotid kann bei Aortenoperationen Neuroprotektion und Analgesie bieten.<\/p>\n","protected":false},"excerpt":{"rendered":"<p>Produktname: Ziconotidacetat<br \/>\nCAS: 107452-89-1<br \/>\nMF: C102H172N36O32S7<br \/>\nMW: 2639.13<br \/>\nMol Datei: 107452-89-1.mol<\/p>\n","protected":false},"featured_media":2207,"comment_status":"open","ping_status":"closed","template":"","meta":{"om_disable_all_campaigns":false,"_monsterinsights_skip_tracking":false,"_monsterinsights_sitenote_active":false,"_monsterinsights_sitenote_note":"","_monsterinsights_sitenote_category":0,"site-sidebar-layout":"default","site-content-layout":"default","ast-site-content-layout":"default","site-content-style":"default","site-sidebar-style":"default","ast-global-header-display":"","ast-banner-title-visibility":"","ast-main-header-display":"","ast-hfb-above-header-display":"","ast-hfb-below-header-display":"","ast-hfb-mobile-header-display":"","site-post-title":"","ast-breadcrumbs-content":"","ast-featured-img":"","footer-sml-layout":"","ast-disable-related-posts":"","theme-transparent-header-meta":"default","adv-header-id-meta":"","stick-header-meta":"","header-above-stick-meta":"","header-main-stick-meta":"","header-below-stick-meta":"","astra-migrate-meta-layouts":"default","ast-page-background-enabled":"default","ast-page-background-meta":{"desktop":{"background-color":"","background-image":"","background-repeat":"repeat","background-position":"center center","background-size":"auto","background-attachment":"scroll","background-type":"","background-media":"","overlay-type":"","overlay-color":"","overlay-opacity":"","overlay-gradient":""},"tablet":{"background-color":"","background-image":"","background-repeat":"repeat","background-position":"center center","background-size":"auto","background-attachment":"scroll","background-type":"","background-media":"","overlay-type":"","overlay-color":"","overlay-opacity":"","overlay-gradient":""},"mobile":{"background-color":"","background-image":"","background-repeat":"repeat","background-position":"center center","background-size":"auto","background-attachment":"scroll","background-type":"","background-media":"","overlay-type":"","overlay-color":"","overlay-opacity":"","overlay-gradient":""}},"ast-content-background-meta":{"desktop":{"background-color":"var(--ast-global-color-5)","background-image":"","background-repeat":"repeat","background-position":"center center","background-size":"auto","background-attachment":"scroll","background-type":"","background-media":"","overlay-type":"","overlay-color":"","overlay-opacity":"","overlay-gradient":""},"tablet":{"background-color":"var(--ast-global-color-5)","background-image":"","background-repeat":"repeat","background-position":"center center","background-size":"auto","background-attachment":"scroll","background-type":"","background-media":"","overlay-type":"","overlay-color":"","overlay-opacity":"","overlay-gradient":""},"mobile":{"background-color":"var(--ast-global-color-5)","background-image":"","background-repeat":"repeat","background-position":"center center","background-size":"auto","background-attachment":"scroll","background-type":"","background-media":"","overlay-type":"","overlay-color":"","overlay-opacity":"","overlay-gradient":""}}},"product_brand":[],"product_cat":[522],"product_tag":[1572],"class_list":{"0":"post-8088","1":"product","2":"type-product","3":"status-publish","4":"has-post-thumbnail","6":"product_cat-andere-peptide","7":"product_tag-ziconotide-acetate-cas-107452-89-1-treat-for-postherpetic-neuralgia-and-cancer-pain-de","8":"desktop-align-left","9":"tablet-align-left","10":"mobile-align-left","12":"first","13":"instock","14":"shipping-taxable","15":"product-type-simple"},"_links":{"self":[{"href":"https:\/\/puyapeptide.net\/de\/wp-json\/wp\/v2\/product\/8088","targetHints":{"allow":["GET"]}}],"collection":[{"href":"https:\/\/puyapeptide.net\/de\/wp-json\/wp\/v2\/product"}],"about":[{"href":"https:\/\/puyapeptide.net\/de\/wp-json\/wp\/v2\/types\/product"}],"replies":[{"embeddable":true,"href":"https:\/\/puyapeptide.net\/de\/wp-json\/wp\/v2\/comments?post=8088"}],"wp:featuredmedia":[{"embeddable":true,"href":"https:\/\/puyapeptide.net\/de\/wp-json\/wp\/v2\/media\/2207"}],"wp:attachment":[{"href":"https:\/\/puyapeptide.net\/de\/wp-json\/wp\/v2\/media?parent=8088"}],"wp:term":[{"taxonomy":"product_brand","embeddable":true,"href":"https:\/\/puyapeptide.net\/de\/wp-json\/wp\/v2\/product_brand?post=8088"},{"taxonomy":"product_cat","embeddable":true,"href":"https:\/\/puyapeptide.net\/de\/wp-json\/wp\/v2\/product_cat?post=8088"},{"taxonomy":"product_tag","embeddable":true,"href":"https:\/\/puyapeptide.net\/de\/wp-json\/wp\/v2\/product_tag?post=8088"}],"curies":[{"name":"wp","href":"https:\/\/api.w.org\/{rel}","templated":true}]}}