{"id":8108,"date":"2021-12-16T12:18:42","date_gmt":"2021-12-16T17:18:42","guid":{"rendered":"https:\/\/puyapeptide.net\/product\/heisser-verkauf-vasopressin-cas-11000-17-2-fuer-laborforschung\/"},"modified":"2021-12-16T12:18:42","modified_gmt":"2021-12-16T17:18:42","slug":"heisser-verkauf-vasopressin-cas-11000-17-2-fuer-laborforschung","status":"publish","type":"product","link":"https:\/\/puyapeptide.net\/de\/product\/heisser-verkauf-vasopressin-cas-11000-17-2-fuer-laborforschung\/","title":{"rendered":"Hei\u00dfer Verkauf Vasopressin CAS 11000-17-2 f\u00fcr Laborforschung"},"content":{"rendered":"<h2><strong>Hei\u00dfer Verkauf Vasopressin CAS 11000-17-2 f\u00fcr Laborforschung<\/strong><\/h2>\n<p>Produktname: Vasopressin<br \/>\nSynonyme: adh(hormone);leiormone;pitressin;pituitrin;tonephin;vasophysin;1-[19-amino-13-butan-2-yl-10-(2-carbamoylethyl)- 7-(Carbamoylmethyl)-16-[(4-hydroxyphenyl)methyl]-6,9,12,15,18-pentaoxo-1,2-dithia-5,8,11,14,17-pentazacycloicosan-4-carbonyl ]-N-[1-(Carbamoylmethylcarbamoyl)-4-(diaminomethylidenamino)butyl]pyrrolidin-2-carboxamid;VASOPRESSINACETAT<br \/>\nCAS: 11000-17-2<br \/>\nMF: C46H65N13O12S2<br \/>\nMW: 1056,22&lt;&amp; &gt;EINECS: 234-236-2<br \/>\nProduktkategorien:<br \/>\nMol Datei: 11000-17-2.mol<\/p>\n<p>Antidiuretisches Hormon, auch bekannt als Vasopressin, ist ein Peptid mit neun Aminos\u00e4uren, das von der Hypophysenhinterlappen. Antidiuretisches Hormon bindet an Rezeptoren in den distalen oder Sammelkan\u00e4lchen der Niere und f\u00f6rdert die R\u00fcckresorption von Wasser in den Kreislauf.<\/p>\n<p> <strong>Vasopressin CAS 11000-17-2 Chemische Eigenschaften<\/strong><br \/>\nform Lyophilized Powder<br \/>\nFarbe Wei\u00df<br \/>\nWasserl\u00f6slichkeit In Wasser l\u00f6slich (mischbar).<br \/>\nCAS-Datenbank-Referenz 11000-17-2(CAS-Datenbank-Referenz)<\/p>\n<p> <strong>Funktion und Anwendung von Vasopressin CAS 11000-17-2<\/strong><br \/>\nVasopressin wirkt an drei verschiedenen Rezeptoren, Vasopressin-Rezeptor V1a (der Vasokonstriktion, Leberglukoneogenese, Thrombozytenaggregation und Freisetzung von Faktor VIII initiiert), Vasopressin-Rezeptor V1b (der die Corticotropinsekretion aus der Hypophyse vermittelt) und Vasopressin-Rezeptor V2, der die Resorption von freiem Wasser im Nierenmark steuert . Die Bindung von Vasopressin an den V2-Rezeptor aktiviert die Adenylatcyclase, die die Freisetzung von Aquaporin-2-Kan\u00e4len in die Zellen bewirkt, die den Nierenmarkgang auskleiden. Dadurch kann Wasser \u00fcber einen osmotischen Gradienten resorbiert werden, sodass der Urin konzentrierter wird.<\/p>\n<p>In der Humanmedizin wird Vasopressin zur Behandlung akuter gastrointestinaler Blutungen und zur Stimulation der gastrointestinalen Peristaltik verwendet. Vasopressin CRI wird auch zur Behandlung von hypotonischen septischen Patienten verwendet, die nicht auf konventionelle Vasopressoren ansprechen. Vor radiographischen Verfahren wurde es verwendet, um st\u00f6rende Gasschatten zu zerstreuen oder Kontrastmittel zu konzentrieren.<\/p>\n","protected":false},"excerpt":{"rendered":"<p>Produktname: Vasopressin<br \/>\nCAS: 11000-17-2<br \/>\nMF: C46H65N13O12S2<br \/>\nMW: 1056.22<br \/>\nEINECS: 234-236-2<br \/>\nMol Datei: 11000-17-2.mol<\/p>\n","protected":false},"featured_media":2207,"comment_status":"open","ping_status":"closed","template":"","meta":{"om_disable_all_campaigns":false,"_monsterinsights_skip_tracking":false,"_monsterinsights_sitenote_active":false,"_monsterinsights_sitenote_note":"","_monsterinsights_sitenote_category":0,"site-sidebar-layout":"default","site-content-layout":"default","ast-site-content-layout":"default","site-content-style":"default","site-sidebar-style":"default","ast-global-header-display":"","ast-banner-title-visibility":"","ast-main-header-display":"","ast-hfb-above-header-display":"","ast-hfb-below-header-display":"","ast-hfb-mobile-header-display":"","site-post-title":"","ast-breadcrumbs-content":"","ast-featured-img":"","footer-sml-layout":"","ast-disable-related-posts":"","theme-transparent-header-meta":"default","adv-header-id-meta":"","stick-header-meta":"","header-above-stick-meta":"","header-main-stick-meta":"","header-below-stick-meta":"","astra-migrate-meta-layouts":"default","ast-page-background-enabled":"default","ast-page-background-meta":{"desktop":{"background-color":"","background-image":"","background-repeat":"repeat","background-position":"center center","background-size":"auto","background-attachment":"scroll","background-type":"","background-media":"","overlay-type":"","overlay-color":"","overlay-opacity":"","overlay-gradient":""},"tablet":{"background-color":"","background-image":"","background-repeat":"repeat","background-position":"center center","background-size":"auto","background-attachment":"scroll","background-type":"","background-media":"","overlay-type":"","overlay-color":"","overlay-opacity":"","overlay-gradient":""},"mobile":{"background-color":"","background-image":"","background-repeat":"repeat","background-position":"center center","background-size":"auto","background-attachment":"scroll","background-type":"","background-media":"","overlay-type":"","overlay-color":"","overlay-opacity":"","overlay-gradient":""}},"ast-content-background-meta":{"desktop":{"background-color":"var(--ast-global-color-5)","background-image":"","background-repeat":"repeat","background-position":"center center","background-size":"auto","background-attachment":"scroll","background-type":"","background-media":"","overlay-type":"","overlay-color":"","overlay-opacity":"","overlay-gradient":""},"tablet":{"background-color":"var(--ast-global-color-5)","background-image":"","background-repeat":"repeat","background-position":"center center","background-size":"auto","background-attachment":"scroll","background-type":"","background-media":"","overlay-type":"","overlay-color":"","overlay-opacity":"","overlay-gradient":""},"mobile":{"background-color":"var(--ast-global-color-5)","background-image":"","background-repeat":"repeat","background-position":"center center","background-size":"auto","background-attachment":"scroll","background-type":"","background-media":"","overlay-type":"","overlay-color":"","overlay-opacity":"","overlay-gradient":""}}},"product_brand":[],"product_cat":[409],"product_tag":[1551],"class_list":{"0":"post-8108","1":"product","2":"type-product","3":"status-publish","4":"has-post-thumbnail","6":"product_cat-blut-und-vaskulaeres-peptid","7":"product_tag-hot-sale-vasopressin-cas-11000-17-2-for-lab-research-de","8":"desktop-align-left","9":"tablet-align-left","10":"mobile-align-left","12":"first","13":"instock","14":"shipping-taxable","15":"product-type-simple"},"_links":{"self":[{"href":"https:\/\/puyapeptide.net\/de\/wp-json\/wp\/v2\/product\/8108","targetHints":{"allow":["GET"]}}],"collection":[{"href":"https:\/\/puyapeptide.net\/de\/wp-json\/wp\/v2\/product"}],"about":[{"href":"https:\/\/puyapeptide.net\/de\/wp-json\/wp\/v2\/types\/product"}],"replies":[{"embeddable":true,"href":"https:\/\/puyapeptide.net\/de\/wp-json\/wp\/v2\/comments?post=8108"}],"wp:featuredmedia":[{"embeddable":true,"href":"https:\/\/puyapeptide.net\/de\/wp-json\/wp\/v2\/media\/2207"}],"wp:attachment":[{"href":"https:\/\/puyapeptide.net\/de\/wp-json\/wp\/v2\/media?parent=8108"}],"wp:term":[{"taxonomy":"product_brand","embeddable":true,"href":"https:\/\/puyapeptide.net\/de\/wp-json\/wp\/v2\/product_brand?post=8108"},{"taxonomy":"product_cat","embeddable":true,"href":"https:\/\/puyapeptide.net\/de\/wp-json\/wp\/v2\/product_cat?post=8108"},{"taxonomy":"product_tag","embeddable":true,"href":"https:\/\/puyapeptide.net\/de\/wp-json\/wp\/v2\/product_tag?post=8108"}],"curies":[{"name":"wp","href":"https:\/\/api.w.org\/{rel}","templated":true}]}}