{"id":8144,"date":"2021-12-16T12:21:02","date_gmt":"2021-12-16T17:21:02","guid":{"rendered":"https:\/\/puyapeptide.net\/product\/triptorelin-triptorelinacetat-cas-57773-63-4-zur-behandlung-von-prostatakrebs-und-brustkrebs\/"},"modified":"2021-12-16T12:21:02","modified_gmt":"2021-12-16T17:21:02","slug":"triptorelin-triptorelinacetat-cas-57773-63-4-zur-behandlung-von-prostatakrebs-und-brustkrebs","status":"publish","type":"product","link":"https:\/\/puyapeptide.net\/de\/product\/triptorelin-triptorelinacetat-cas-57773-63-4-zur-behandlung-von-prostatakrebs-und-brustkrebs\/","title":{"rendered":"Triptorelin \/ Triptorelinacetat CAS 57773-63-4 zur Behandlung von Prostatakrebs und Brustkrebs"},"content":{"rendered":"<h2><strong>Triptorelin \/ Triptorelinacetat CAS 57773-63-4 zur Behandlung von Prostatakrebs und Brustkrebs<\/strong><\/h2>\n<p>Produktname: Triptorelin<br \/>\nSynonyme: PGLU-HIS-TRP-SER-TYR-D-TRP-LEU-ARG-PRO-GLY-NH2;PYROGLU-HIS-TRP-SER-TYR-D-TRP- LEU-ARG-PRO-GLY NH2;PYR-HIS-TRP-SER-TYR-D-TRP-LEU-ARG-PRO-GLY-NH2;PYR-HIS-TRP-SER-TYR-D-TRP-LEU-ARG -PRO-GLY-NH2 PAMOAT-SALZ;TRIPTORELIN-PAMOAT;TRIPTORELIN-ACETAT;TRIPTORELIN-AMID;TRIPTORELIN, [DTRP6]-LH-RH, AMID<br \/>\nCAS: 57773-63-4<br \/>\nMF: C64H82N18O13<br \/>\nMW: 1311.47<br \/>\nEINECS: 637-328-4<br \/>\nProduktkategorien: Aminos\u00e4urederivate;Peptid<br \/>\nMol Datei: 57773-63-4.mol<\/p>\n<p>Triptoreli ist ein synthetisches Decapeptid-Agonist-Analogon-Releasing-Hormon (LHRH). Triptoreli besitzt eine h\u00f6here Potenz als endogenes LHRH und unterdr\u00fcckt reversibel die Gonadotropinsekretion. Nach chronischer, kontinuierlicher Verabreichung bewirkt dieses Mittel eine anhaltende Abnahme der LH- und FSH-Produktion sowie der testikul\u00e4ren und ovariellen Steroidogenese. Die Serumkonzentrationen k\u00f6nnen auf Werte sinken, die typischerweise bei chirurgisch kastrierten M\u00e4nnern beobachtet werden.<\/p>\n<p> <strong>Triptorelin\/ Triptorelinacetat CAS 57773-63-4 Chemische Eigenschaften<\/strong><br \/>\nalpha D23 -58,8\u00b0 (c = 0,33 in Essigs\u00e4ure)<br \/>\n Dichte 1,52 \u00b1 0,1 g\/cm3 (vorhergesagt)<br \/>\nLagertemp. -20\u00b0C<br \/>\npka 9,82\u00b10,15(vorhergesagt)<br \/>\nFormpulver<br \/>\nInChIKey HPPONSCISKROOD-OYLNGHKZSA-N<br \/>\nCAS-Datenbank-Referenz 57773-63-4(CAS-Datenbank-Referenz)<\/p>\n<p> <strong>Funktion und Anwendung von Triptorelin\/ Triptorelinacetat CAS 57773-63-4<\/strong><br \/>\n Triptoreli kann zur Behandlung von hormonabh\u00e4ngigen Krebsarten wie Prostatakrebs oder Brustkrebs, vorzeitiger Pubert\u00e4t, \u00f6strogenabh\u00e4ngigen Erkrankungen (wie Endometriose oder Geb\u00e4rmutter) eingesetzt werden Myome) und in der assistierten Reproduktion. Es wird auch zur Therapie von St\u00f6rungen der Geschlechtsidentit\u00e4t verwendet. Triptorelin Pamoat ist ein weiterer Superagonist von GnRH, der wie Nafarelinacetat im Vergleich zum nat\u00fcrlichen Hormon nur eine einzige Aminos\u00e4uresubstitution (D-Trp6 f\u00fcr Gly6) enth\u00e4lt. Bei der Behandlung von fortgeschrittenem Prostatakrebs ist es wichtig, den Serumtestosteronspiegel auf sehr niedrige Werte zu senken, was chirurgisch durch Orchiektomie erreicht werden kann. Wenn diese Operationsmethode f\u00fcr den Patienten nicht akzeptabel ist, ist ein alternativer Ansatz die &quot;chemische Kastration&quot;, die durch die Verwendung von \u00d6strogentherapie, Leuprolid, Goserelin oder Histrelinacetaten und jetzt Triptorelinpamoat erreicht werden kann. Dieses Produkt ist zur IM-Depotinjektion (monatlich oder alle 3 Monate) erh\u00e4ltlich, wobei die Serumtestosteronkonzentration auf ein Niveau sinkt, das im Allgemeinen bei chirurgisch kastrierten M\u00e4nnern beobachtet wird.<\/p>\n","protected":false},"excerpt":{"rendered":"<p>Produktname: Triptorelin<br \/>\nCAS: 57773-63-4<br \/>\nMF: C64H82N18O13<br \/>\nMW: 1311.47<br \/>\nEINECS: 637-328-4<br \/>\nMol Datei: 57773-63-4.mol<\/p>\n","protected":false},"featured_media":2291,"comment_status":"open","ping_status":"closed","template":"","meta":{"om_disable_all_campaigns":false,"_monsterinsights_skip_tracking":false,"_monsterinsights_sitenote_active":false,"_monsterinsights_sitenote_note":"","_monsterinsights_sitenote_category":0,"site-sidebar-layout":"default","site-content-layout":"default","ast-site-content-layout":"default","site-content-style":"default","site-sidebar-style":"default","ast-global-header-display":"","ast-banner-title-visibility":"","ast-main-header-display":"","ast-hfb-above-header-display":"","ast-hfb-below-header-display":"","ast-hfb-mobile-header-display":"","site-post-title":"","ast-breadcrumbs-content":"","ast-featured-img":"","footer-sml-layout":"","ast-disable-related-posts":"","theme-transparent-header-meta":"default","adv-header-id-meta":"","stick-header-meta":"","header-above-stick-meta":"","header-main-stick-meta":"","header-below-stick-meta":"","astra-migrate-meta-layouts":"default","ast-page-background-enabled":"default","ast-page-background-meta":{"desktop":{"background-color":"","background-image":"","background-repeat":"repeat","background-position":"center center","background-size":"auto","background-attachment":"scroll","background-type":"","background-media":"","overlay-type":"","overlay-color":"","overlay-opacity":"","overlay-gradient":""},"tablet":{"background-color":"","background-image":"","background-repeat":"repeat","background-position":"center center","background-size":"auto","background-attachment":"scroll","background-type":"","background-media":"","overlay-type":"","overlay-color":"","overlay-opacity":"","overlay-gradient":""},"mobile":{"background-color":"","background-image":"","background-repeat":"repeat","background-position":"center center","background-size":"auto","background-attachment":"scroll","background-type":"","background-media":"","overlay-type":"","overlay-color":"","overlay-opacity":"","overlay-gradient":""}},"ast-content-background-meta":{"desktop":{"background-color":"var(--ast-global-color-5)","background-image":"","background-repeat":"repeat","background-position":"center center","background-size":"auto","background-attachment":"scroll","background-type":"","background-media":"","overlay-type":"","overlay-color":"","overlay-opacity":"","overlay-gradient":""},"tablet":{"background-color":"var(--ast-global-color-5)","background-image":"","background-repeat":"repeat","background-position":"center center","background-size":"auto","background-attachment":"scroll","background-type":"","background-media":"","overlay-type":"","overlay-color":"","overlay-opacity":"","overlay-gradient":""},"mobile":{"background-color":"var(--ast-global-color-5)","background-image":"","background-repeat":"repeat","background-position":"center center","background-size":"auto","background-attachment":"scroll","background-type":"","background-media":"","overlay-type":"","overlay-color":"","overlay-opacity":"","overlay-gradient":""}}},"product_brand":[],"product_cat":[396],"product_tag":[1505],"class_list":{"0":"post-8144","1":"product","2":"type-product","3":"status-publish","4":"has-post-thumbnail","6":"product_cat-anti-tumor-peptid-de","7":"product_tag-triptorelin-triptorelin-acetate-cas-57773-63-4-for-treat-prostate-cancer-and-breast-cancer-de","8":"desktop-align-left","9":"tablet-align-left","10":"mobile-align-left","12":"first","13":"instock","14":"shipping-taxable","15":"product-type-simple"},"_links":{"self":[{"href":"https:\/\/puyapeptide.net\/de\/wp-json\/wp\/v2\/product\/8144","targetHints":{"allow":["GET"]}}],"collection":[{"href":"https:\/\/puyapeptide.net\/de\/wp-json\/wp\/v2\/product"}],"about":[{"href":"https:\/\/puyapeptide.net\/de\/wp-json\/wp\/v2\/types\/product"}],"replies":[{"embeddable":true,"href":"https:\/\/puyapeptide.net\/de\/wp-json\/wp\/v2\/comments?post=8144"}],"wp:featuredmedia":[{"embeddable":true,"href":"https:\/\/puyapeptide.net\/de\/wp-json\/wp\/v2\/media\/2291"}],"wp:attachment":[{"href":"https:\/\/puyapeptide.net\/de\/wp-json\/wp\/v2\/media?parent=8144"}],"wp:term":[{"taxonomy":"product_brand","embeddable":true,"href":"https:\/\/puyapeptide.net\/de\/wp-json\/wp\/v2\/product_brand?post=8144"},{"taxonomy":"product_cat","embeddable":true,"href":"https:\/\/puyapeptide.net\/de\/wp-json\/wp\/v2\/product_cat?post=8144"},{"taxonomy":"product_tag","embeddable":true,"href":"https:\/\/puyapeptide.net\/de\/wp-json\/wp\/v2\/product_tag?post=8144"}],"curies":[{"name":"wp","href":"https:\/\/api.w.org\/{rel}","templated":true}]}}