{"id":8175,"date":"2021-12-16T12:22:11","date_gmt":"2021-12-16T17:22:11","guid":{"rendered":"https:\/\/puyapeptide.net\/product\/thymosin-beta-4-acetat-thymosin-%ce%b24-acetat-cas-77591-33-4-fuer-laborforschung\/"},"modified":"2021-12-16T12:22:11","modified_gmt":"2021-12-16T17:22:11","slug":"thymosin-beta-4-acetat-thymosin-%ce%b24-acetat-cas-77591-33-4-fuer-laborforschung","status":"publish","type":"product","link":"https:\/\/puyapeptide.net\/de\/product\/thymosin-beta-4-acetat-thymosin-%ce%b24-acetat-cas-77591-33-4-fuer-laborforschung\/","title":{"rendered":"Thymosin Beta 4 Acetat\/Thymosin \u03b24 Acetat CAS 77591-33-4 f\u00fcr Laborforschung"},"content":{"rendered":"<h2><strong>Thymosin Beta 4 Acetat\/Thymosin \u03b24 Acetat CAS 77591-33-4 f\u00fcr Laborforschung<\/strong><\/h2>\n<p>Produktname: Thymosin Beta 4 Acetat<br \/>\nSynonyme: AC-SER-ASP-LYS-PRO-ASP-MET-ALA-GLU-ILE-GLU-LYS-PHE-ASP-LYS-SER-LYS-LEU -LYS-LYS-THR-GLU-THR-GLN-GLU-LYS-ASN-PRO-LEU-PRO-SER-LYS-GLU-THR-ILE-GLU-GLN-GLU-LYS-GLN-ALA-GLY-GLU -SER-OH;FX (MENSCH, RIND, PFERD, RAT);Thymosin Beta-4-Acetat;THYMOSIN BETA4 (MENSCH, RIND, PFERD, RAT);Thymosin Beta4;Thymosin Beta4 Beta4 Acetat;Thymosin \u03b24 Acetat;THYMOSIN SS4 ACETAT&lt;&amp; &gt;CAS: 77591-33-4<br \/>\nMF: C212H350N56O78S<br \/>\nMW: 4963.4408<br \/>\nEINECS: 1592732-453-0<br \/>\nProduktkategorien: Generisches Peptid;Peptid<br \/>\nMol Datei: 77591-33- 4.mol<\/p>\n<p>Thymosin \u03b2-4 ist ein endogenes pro-angiogenes, Fibroblasten-aktivierendes Peptid, das an der Hormonregulation beteiligt ist. Thymosin \u03b2-4 zeigt auch immunmodulatorische und kardioprotektive Aktivit\u00e4ten. Thymosin \u03b2-4 verbessert die Wundheilung bei Herzproblemen und verbessert die Herzfunktion in vivo. Thymosin \u03b2-4 bindet G-Aktin-Filamente und verhindert so die Aktin-Polymerisation.<\/p>\n<p> <strong>Vorteile von Thymosin Beta-4-Acetat\/Thymosin-\u03b24-Acetat CAS 77591-33-4<\/strong><br \/>\nThymosin Beta-4 ist ein 43- Aminos\u00e4urepeptid, das die Heilung im ganzen K\u00f6rper f\u00f6rdert. Es hat auch entz\u00fcndungshemmende Eigenschaften. Das wasserl\u00f6sliche Protein kommt nat\u00fcrlich in h\u00f6heren Konzentrationen an Verletzungsstellen vor und kann Gewebesch\u00e4den reparieren und die Zellmigration zu einer Stelle regulieren. Es kann die Wundheilung verbessern und nicht nur die Haut, sondern auch das Gehirn, das R\u00fcckenmark und das Herz reparieren. Mediziner betrachten Thymosin Beta-4 als sichere und wirksame Substanz in seiner nat\u00fcrlichen oder synthetischen Form, bekannt als TB-500.<br \/>\nDar\u00fcber hinaus hat TB4 ein niedriges Molekulargewicht und bindet nicht an die extrazellul\u00e4re Matrix. Dies erm\u00f6glicht es ihm, leicht durch das K\u00f6rpergewebe zu wandern, was eine schnellere Heilungsrate f\u00f6rdert. Das Peptid legt weite Strecken zur\u00fcck, sodass es normalerweise nicht direkt an der Verletzungsstelle injiziert werden muss. W\u00e4hrend einige glauben, dass eine Injektion n\u00e4her an einen verletzten Bereich zu besseren Ergebnissen f\u00fchrt, deuten klinische <strong>Beweise<\/strong> auf etwas anderes hin Studien haben gezeigt, dass Thymus-\u03b24-Acetat mit einer Vielzahl von Tumoren assoziiert ist, einschlie\u00dflich Dickdarmkrebs, Melanom, Fibrosarkom, Brustkrebs, Bauchspeicheldr\u00fcsenkrebs und Lungenkrebs usw. Es kann mit einer Vielzahl von Faktoren zusammenwirken, um die Tumorinvasion Chemicalbook und Metastasierung zu f\u00f6rdern.<br \/>\n2. Thymus \u03b24 bei der Reparatur von Herzverletzungen In der akuten Phase eines Myokardinfarkts kommt es bei einer gro\u00dfen Anzahl von Herzmyozyten zu einer isch\u00e4mischen Nekrose, die zu einer beeintr\u00e4chtigten Herzfunktion und schlie\u00dflich zum Fortschreiten der Herzinsuffizienz f\u00fchrt. Studien haben best\u00e4tigt, dass Thymus-\u03b24-Acetat eine sch\u00fctzende Wirkung auf Kardiomyozyten hat.<\/p>\n","protected":false},"excerpt":{"rendered":"<p>Produktname: Thymosin Beta 4 Acetat<br \/>\nCAS: 77591-33-4<br \/>\nMF: C212H350N56O78S<br \/>\nMW: 4963.4408<br \/>\nEINECS: 1592732-453-0<br \/>\nMol Datei: 77591-33-4 .mol<\/p>\n","protected":false},"featured_media":2207,"comment_status":"open","ping_status":"closed","template":"","meta":{"om_disable_all_campaigns":false,"_monsterinsights_skip_tracking":false,"_monsterinsights_sitenote_active":false,"_monsterinsights_sitenote_note":"","_monsterinsights_sitenote_category":0,"site-sidebar-layout":"default","site-content-layout":"default","ast-site-content-layout":"default","site-content-style":"default","site-sidebar-style":"default","ast-global-header-display":"","ast-banner-title-visibility":"","ast-main-header-display":"","ast-hfb-above-header-display":"","ast-hfb-below-header-display":"","ast-hfb-mobile-header-display":"","site-post-title":"","ast-breadcrumbs-content":"","ast-featured-img":"","footer-sml-layout":"","ast-disable-related-posts":"","theme-transparent-header-meta":"default","adv-header-id-meta":"","stick-header-meta":"","header-above-stick-meta":"","header-main-stick-meta":"","header-below-stick-meta":"","astra-migrate-meta-layouts":"default","ast-page-background-enabled":"default","ast-page-background-meta":{"desktop":{"background-color":"","background-image":"","background-repeat":"repeat","background-position":"center center","background-size":"auto","background-attachment":"scroll","background-type":"","background-media":"","overlay-type":"","overlay-color":"","overlay-opacity":"","overlay-gradient":""},"tablet":{"background-color":"","background-image":"","background-repeat":"repeat","background-position":"center center","background-size":"auto","background-attachment":"scroll","background-type":"","background-media":"","overlay-type":"","overlay-color":"","overlay-opacity":"","overlay-gradient":""},"mobile":{"background-color":"","background-image":"","background-repeat":"repeat","background-position":"center center","background-size":"auto","background-attachment":"scroll","background-type":"","background-media":"","overlay-type":"","overlay-color":"","overlay-opacity":"","overlay-gradient":""}},"ast-content-background-meta":{"desktop":{"background-color":"var(--ast-global-color-5)","background-image":"","background-repeat":"repeat","background-position":"center center","background-size":"auto","background-attachment":"scroll","background-type":"","background-media":"","overlay-type":"","overlay-color":"","overlay-opacity":"","overlay-gradient":""},"tablet":{"background-color":"var(--ast-global-color-5)","background-image":"","background-repeat":"repeat","background-position":"center center","background-size":"auto","background-attachment":"scroll","background-type":"","background-media":"","overlay-type":"","overlay-color":"","overlay-opacity":"","overlay-gradient":""},"mobile":{"background-color":"var(--ast-global-color-5)","background-image":"","background-repeat":"repeat","background-position":"center center","background-size":"auto","background-attachment":"scroll","background-type":"","background-media":"","overlay-type":"","overlay-color":"","overlay-opacity":"","overlay-gradient":""}}},"product_brand":[],"product_cat":[522],"product_tag":[1484],"class_list":{"0":"post-8175","1":"product","2":"type-product","3":"status-publish","4":"has-post-thumbnail","6":"product_cat-andere-peptide","7":"product_tag-thymosin-beta-4-acetate-thymosin-4-acetate-cas-77591-33-4-for-lab-research-de","8":"desktop-align-left","9":"tablet-align-left","10":"mobile-align-left","12":"first","13":"instock","14":"shipping-taxable","15":"product-type-simple"},"_links":{"self":[{"href":"https:\/\/puyapeptide.net\/de\/wp-json\/wp\/v2\/product\/8175","targetHints":{"allow":["GET"]}}],"collection":[{"href":"https:\/\/puyapeptide.net\/de\/wp-json\/wp\/v2\/product"}],"about":[{"href":"https:\/\/puyapeptide.net\/de\/wp-json\/wp\/v2\/types\/product"}],"replies":[{"embeddable":true,"href":"https:\/\/puyapeptide.net\/de\/wp-json\/wp\/v2\/comments?post=8175"}],"wp:featuredmedia":[{"embeddable":true,"href":"https:\/\/puyapeptide.net\/de\/wp-json\/wp\/v2\/media\/2207"}],"wp:attachment":[{"href":"https:\/\/puyapeptide.net\/de\/wp-json\/wp\/v2\/media?parent=8175"}],"wp:term":[{"taxonomy":"product_brand","embeddable":true,"href":"https:\/\/puyapeptide.net\/de\/wp-json\/wp\/v2\/product_brand?post=8175"},{"taxonomy":"product_cat","embeddable":true,"href":"https:\/\/puyapeptide.net\/de\/wp-json\/wp\/v2\/product_cat?post=8175"},{"taxonomy":"product_tag","embeddable":true,"href":"https:\/\/puyapeptide.net\/de\/wp-json\/wp\/v2\/product_tag?post=8175"}],"curies":[{"name":"wp","href":"https:\/\/api.w.org\/{rel}","templated":true}]}}