{"id":8213,"date":"2021-12-16T12:24:48","date_gmt":"2021-12-16T17:24:48","guid":{"rendered":"https:\/\/puyapeptide.net\/product\/thymosin-%ce%b11-thymosin-%ce%b11-acetatthymosin-alpha-1-cas-162304-98-7-zur-behandlung-von-chronischer-hepatitis-b-und-zur-staerkung-des-immunsystems\/"},"modified":"2021-12-16T12:24:48","modified_gmt":"2021-12-16T17:24:48","slug":"thymosin-%ce%b11-thymosin-%ce%b11-acetatthymosin-alpha-1-cas-162304-98-7-zur-behandlung-von-chronischer-hepatitis-b-und-zur-staerkung-des-immunsystems","status":"publish","type":"product","link":"https:\/\/puyapeptide.net\/de\/product\/thymosin-%ce%b11-thymosin-%ce%b11-acetatthymosin-alpha-1-cas-162304-98-7-zur-behandlung-von-chronischer-hepatitis-b-und-zur-staerkung-des-immunsystems\/","title":{"rendered":"Thymosin \u03b11 \/ Thymosin \u03b11 \/ AcetatThymosin Alpha 1 CAS 162304-98-7 Zur Behandlung von chronischer Hepatitis B und zur St\u00e4rkung des Immunsystems"},"content":{"rendered":"<h2><strong>Thymosin \u03b11 \/ Thymosin \u03b11 \/ AcetatThymosin Alpha 1 CAS 162304-98-7 Zur Behandlung von chronischer Hepatitis B und zur St\u00e4rkung des Immunsystems<\/strong><\/h2>\n<p>Produktname: Thymosin \u03b11<br \/>\nSequenz: Ac-Ser-Asp-Ala-Ala-Val-Asp-Thr-Ser-Ser-Glu-Ile-Thr-Thr-Lys-Asp-Leu-Lys-Glu -Lys-Glu-Val-Glu-Glu-Ala-Glu-Ala-Glu-Asn-OH<br \/>\nSynonyme: THYMOSIN ALPHA 1;THYMOSIN ALPHA1 RIND;THYMOSIN APHA 1;ZADAXIN;Thymosin \u03b11 Acetat;Thymosin \u03b1Acetatin .Thymalfas Acetatsalz;Thymosin \u03b1 1 Acetat(Thymalfasin)<br \/>\nCAS: 62304-98-7<br \/>\nMF: C129H215N33O55<br \/>\nMW: 3108.32<br \/>\nEINECS: 1592732-453-0<br \/>\nProduktkategorien: Aminos\u00e4uren Derivate;Peptid;Verschiedene Peptide<br \/>\nMol File: 62304-98-7.mol<\/p>\n<p>Thymosin-\u03b11 (T-\u03b11), ein synthetisches 28-Aminos\u00e4uren-Peptid mit mehreren biologischen Aktivit\u00e4ten, die haupts\u00e4chlich auf die Immunantwort gerichtet sind Dieses Medikament wird zur Behandlung von HBV- und Hepatitis-C-Virus-(HCV)-Infektionen eingesetzt und wird zur Behandlung von nicht-kleinzelligem Lungenkrebs (NSCLC), hepatozellul\u00e4rem Karzinom, AIDS und malignem Melanom entwickelt. T-\u03b11 kann die Wirkung von Zytokinen verst\u00e4rken und auch die h\u00e4matologische Toxizit\u00e4t einer zytotoxischen Arzneimitteltherapie wie Cyclophosphamid, 5-Fluorouracil, Dacarbazin reduzieren.<\/p>\n<p> <strong>Thymosin \u03b11\/ Thymosin \u03b11 \/ AcetatThymosin Alpha 1 CAS 162304- 98-7 Chemische Eigenschaften<\/strong><br \/>\nSiedepunkt 2899,7\u00b165,0 \u00b0C (vorhergesagt)<br \/>\nDichte 1,360\u00b10,06 g\/cm3 (vorhergesagt)<br \/>\nLagertemp. \u221220\u00b0C<br \/>\nL\u00f6slichkeit Es wird empfohlen, das lyophilisierte Thymosin a1 in sterilem 18M\u03a9-cm H2O von nicht weniger als 100 \u00b5g\/ml zu rekonstituieren, das dann mit anderen w\u00e4ssrigen L\u00f6sungen weiter verd\u00fcnnt werden kann.<br \/>\ncolor Sterile Filtered White lyophilized (gefriergetrocknetes) Pulver.<br \/>\nStabilit\u00e4t: Lyophilisiertes Thymosin a1 sollte, obwohl es bei Raumtemperatur 3 Wochen stabil ist, trocken unter -18\u00b0C gelagert werden. Nach der Rekonstitution sollte Thymalfasin 2-7 Tage bei 4\u00b0C und f\u00fcr die zuk\u00fcnftige Verwendung unter -18\u00b0C gelagert werden.<br \/>\nF\u00fcr eine Langzeitlagerung wird empfohlen, ein Tr\u00e4gerprotein (0,1% HSA oder BSA) hinzuzuf\u00fcgen.&lt;&amp; &gt;Bitte Frost-Tau-Zyklen vermeiden.<\/p>\n<p> <strong>Funktion und Anwendung von Thymosin \u03b11\/ Thymosin \u03b11 \/ AcetatThymosin Alpha 1 CAS 162304-98-7<\/strong><br \/>\nThymosin \u03b11 ist ein chemisch synthetisiertes Thymosin \u03b11, das mit humanem Thymosin . identisch ist \u03b11. Thymosin \u03b11 ist ein acetyliertes Polypeptid. Thymosin \u03b11 ist derzeit in 35 Entwicklungsl\u00e4ndern zur Behandlung von Hepatitis B und C zugelassen. Thymosin \u03b11 wird auch verwendet, um die Immunantwort bei der Behandlung anderer Krankheiten zu verst\u00e4rken.<\/p>\n<p> <strong>Vorteile von Thymosin alpha 1<\/strong><br \/>\nThymalfasin (Thymosin-alpha 1) ist ein immunmodulierendes Mittel, das die Thl-Immunantwort verst\u00e4rken kann. In vitro: Die Konjugation von Thymalfasin (T\u03b11) mit iRGD erh\u00e4lt die immunmodulatorische Aktivit\u00e4t des Arzneimittels durch Erh\u00f6hung der Proliferation von Milzlymphozyten der Maus. Dar\u00fcber hinaus erh\u00f6ht die T\u03b11-iRGD-Behandlung von MCF-7-Zellen im Vergleich zur T\u03b11-Behandlung die Zahl der Zellen, die eine Apoptose durchlaufen, betr\u00e4chtlich, was zu einer dosisabh\u00e4ngigen Hemmung des Krebszellwachstums f\u00fchrt. <\/p>\n<p>In vivo: Thymalfasin hat sich in mehreren experimentellen Modellen der Immundysfunktion als wirksam erwiesen, haupts\u00e4chlich bei Infektionskrankheiten wie Hepatitis (Waldmurmeltier) und Influenza (Maus) und Krebs wie Melanom (Maus) und Dickdarm Karzinom (Ratte), bei dem Thymalfasin Antitumorwirkungen gezeigt hat. <\/p>\n<p> <strong>Thymosin alpha 1 Dosierung<\/strong><br \/>\nDies h\u00e4ngt von Ihrem K\u00f6rpergewicht ab. Alle bisher durchgef\u00fchrten Forschungen basieren auf Nagetierstudien, Ratten und M\u00e4usen wird normalerweise eine wirksame Dosis von etwa 10 \u03bcg (mcg) pro kg injiziert, beim Menschen wird dies auf eine \u00e4quivalente Belastung von 1,6 \u03bcg gesch\u00e4tzt pro KG beim Menschen, wenn Sie also: <\/p>\n<p>60 KG (132 lb.) sind, dann w\u00e4re Ihre ideale t\u00e4gliche orale BPC-157-Dosis 96 \u00b5g (mcg)<br \/>\n70 KG (154 lb.) = &gt; 112 \u00b5g<br \/>\n80 KG (176 lb.) =&gt; 128 \u00b5g<br \/>\n90 KG (198 lb.) =&gt; 144 \u00b5g<\/p>\n","protected":false},"excerpt":{"rendered":"<p>Produktname: Thymosin \u03b11<br \/>\nCAS: 62304-98-7<br \/>\nMF: C129H215N33O55<br \/>\nMW: 3108.32<br \/>\nEINECS: 1592732-453-0<br \/>\nMol Datei: 62304-98-7.mol<\/p>\n","protected":false},"featured_media":2102,"comment_status":"open","ping_status":"closed","template":"","meta":{"om_disable_all_campaigns":false,"_monsterinsights_skip_tracking":false,"_monsterinsights_sitenote_active":false,"_monsterinsights_sitenote_note":"","_monsterinsights_sitenote_category":0,"site-sidebar-layout":"default","site-content-layout":"default","ast-site-content-layout":"default","site-content-style":"default","site-sidebar-style":"default","ast-global-header-display":"","ast-banner-title-visibility":"","ast-main-header-display":"","ast-hfb-above-header-display":"","ast-hfb-below-header-display":"","ast-hfb-mobile-header-display":"","site-post-title":"","ast-breadcrumbs-content":"","ast-featured-img":"","footer-sml-layout":"","ast-disable-related-posts":"","theme-transparent-header-meta":"default","adv-header-id-meta":"","stick-header-meta":"","header-above-stick-meta":"","header-main-stick-meta":"","header-below-stick-meta":"","astra-migrate-meta-layouts":"default","ast-page-background-enabled":"default","ast-page-background-meta":{"desktop":{"background-color":"","background-image":"","background-repeat":"repeat","background-position":"center center","background-size":"auto","background-attachment":"scroll","background-type":"","background-media":"","overlay-type":"","overlay-color":"","overlay-opacity":"","overlay-gradient":""},"tablet":{"background-color":"","background-image":"","background-repeat":"repeat","background-position":"center center","background-size":"auto","background-attachment":"scroll","background-type":"","background-media":"","overlay-type":"","overlay-color":"","overlay-opacity":"","overlay-gradient":""},"mobile":{"background-color":"","background-image":"","background-repeat":"repeat","background-position":"center center","background-size":"auto","background-attachment":"scroll","background-type":"","background-media":"","overlay-type":"","overlay-color":"","overlay-opacity":"","overlay-gradient":""}},"ast-content-background-meta":{"desktop":{"background-color":"var(--ast-global-color-5)","background-image":"","background-repeat":"repeat","background-position":"center center","background-size":"auto","background-attachment":"scroll","background-type":"","background-media":"","overlay-type":"","overlay-color":"","overlay-opacity":"","overlay-gradient":""},"tablet":{"background-color":"var(--ast-global-color-5)","background-image":"","background-repeat":"repeat","background-position":"center center","background-size":"auto","background-attachment":"scroll","background-type":"","background-media":"","overlay-type":"","overlay-color":"","overlay-opacity":"","overlay-gradient":""},"mobile":{"background-color":"var(--ast-global-color-5)","background-image":"","background-repeat":"repeat","background-position":"center center","background-size":"auto","background-attachment":"scroll","background-type":"","background-media":"","overlay-type":"","overlay-color":"","overlay-opacity":"","overlay-gradient":""}}},"product_brand":[],"product_cat":[359],"product_tag":[1477],"class_list":{"0":"post-8213","1":"product","2":"type-product","3":"status-publish","4":"has-post-thumbnail","6":"product_cat-immunmodulator-peptid","7":"product_tag-thymosin-1-thymosin-1-acetatethymosin-alpha-1-cas-162304-98-7-for-treat-chronic-hepatitis-b-and-boosting-the-immune-system-de","8":"desktop-align-left","9":"tablet-align-left","10":"mobile-align-left","12":"first","13":"instock","14":"shipping-taxable","15":"product-type-simple"},"_links":{"self":[{"href":"https:\/\/puyapeptide.net\/de\/wp-json\/wp\/v2\/product\/8213","targetHints":{"allow":["GET"]}}],"collection":[{"href":"https:\/\/puyapeptide.net\/de\/wp-json\/wp\/v2\/product"}],"about":[{"href":"https:\/\/puyapeptide.net\/de\/wp-json\/wp\/v2\/types\/product"}],"replies":[{"embeddable":true,"href":"https:\/\/puyapeptide.net\/de\/wp-json\/wp\/v2\/comments?post=8213"}],"wp:featuredmedia":[{"embeddable":true,"href":"https:\/\/puyapeptide.net\/de\/wp-json\/wp\/v2\/media\/2102"}],"wp:attachment":[{"href":"https:\/\/puyapeptide.net\/de\/wp-json\/wp\/v2\/media?parent=8213"}],"wp:term":[{"taxonomy":"product_brand","embeddable":true,"href":"https:\/\/puyapeptide.net\/de\/wp-json\/wp\/v2\/product_brand?post=8213"},{"taxonomy":"product_cat","embeddable":true,"href":"https:\/\/puyapeptide.net\/de\/wp-json\/wp\/v2\/product_cat?post=8213"},{"taxonomy":"product_tag","embeddable":true,"href":"https:\/\/puyapeptide.net\/de\/wp-json\/wp\/v2\/product_tag?post=8213"}],"curies":[{"name":"wp","href":"https:\/\/api.w.org\/{rel}","templated":true}]}}