{"id":8231,"date":"2021-12-16T12:25:50","date_gmt":"2021-12-16T17:25:50","guid":{"rendered":"https:\/\/puyapeptide.net\/product\/erstklassiges-abaloparatid-cas-247062-33-5-fuer-reduzierte-frakturrate-und-hyperkalzaemie-inzidenz\/"},"modified":"2021-12-16T12:25:50","modified_gmt":"2021-12-16T17:25:50","slug":"erstklassiges-abaloparatid-cas-247062-33-5-fuer-reduzierte-frakturrate-und-hyperkalzaemie-inzidenz","status":"publish","type":"product","link":"https:\/\/puyapeptide.net\/de\/product\/erstklassiges-abaloparatid-cas-247062-33-5-fuer-reduzierte-frakturrate-und-hyperkalzaemie-inzidenz\/","title":{"rendered":"Erstklassiges Abaloparatid CAS 247062-33-5 f\u00fcr reduzierte Frakturrate und Hyperkalz\u00e4mie-Inzidenz"},"content":{"rendered":"<h2><strong>Erstklassiges Abaloparatid CAS 247062-33-5 f\u00fcr reduzierte Frakturrate und Hyperkalz\u00e4mie-Inzidenz<\/strong><\/h2>\n<p>Produktname: Abaloparatid<br \/>\nSequenz: H-Ala-Val-Ser-Glu-His-Gln-Leu-Leu-His-Asp-Lys-Gly-Lys-Ser-Ile-Gln-Asp-Leu- Arg-Arg-Arg-Glu-Leu-Leu-Glu-Lys-Leu-Leu-N-Me-Ala-Lys-Leu-His-Thr-Ala-NH2<br \/>\nSynonyme: Abaloparatide<br \/>\nCAS: 247062- 33-5<br \/>\nMF: C174H300N56O49<br \/>\nMW: 3960.5896<br \/>\nEINECS:<br \/>\nProduktkategorien:<br \/>\nMol Datei: 247062-33-5.mol<\/p>\n<p>Abaloparatid, ein selektiver Aktivator des Parathormonrezeptors (PTH1-Rezeptor), ist aufgrund seiner guten osteogenen Aktivit\u00e4t in die klinische Entwicklung zur Behandlung der Osteoporose bei postmenopausalen Frauen mit hohem Frakturrisiko eingetreten, hergestellt aus Abaloparatid.<\/p>\n<p> <strong>Technischer Index Of Abaloparatid CAS 247062-33-5<\/strong><br \/>\nAussehen: Wei\u00dfes Pulver<br \/>\nReinheit (HPLC) \u226598,0%<br \/>\nAcetatgehalt 5,0%~12,0%<br \/>\nWassergehalt \u22648,0%<br \/>\nPeptidgehalt \u226580,0%<br \/>\nVerpackung und Transport:<br \/>\nNiedertemperatur, vakuumverpackt, auf Anfrage auf mg genau.<\/p>\n<p> <strong>Funktion und Anwendung von Abaloparatide CAS 247062-33-5<\/strong><br \/>\nAbaparatide, ein Peptid bestehend von 34 Aminos\u00e4ureresten, ist ein von RadiusHealth entwickeltes neues Parathormon-verwandtes Peptid (PTHrP), das ein starker und selektiver Aktivator des PTH-I-Rezeptors ist, um den Knochenmineralgehalt, die Knochendichte und die Knochenst\u00e4rke zu erh\u00f6hen und die Knochenbildung zu f\u00f6rdern , und wurde von der FDA am April Chemicalbook28, 2017 zur Vermarktung zugelassen. Von der FDA am 28. April 2017 zur Vermarktung unter dem Handelsnamen Tymlos zugelassen. Abapatid wird subkutan zur Behandlung von Osteoporose bei postmenopausalen Frauen verabreicht, bei denen ein Risiko f\u00fcr Fraktur oder die nicht auf andere Therapeutika angesprochen haben, und ist wirksam bei der Verringerung der Rate neuer Wirbelk\u00f6rperfrakturen und nicht Wirbelk\u00f6rperfrakturen. Abapatid ist im Vergleich zu Teriparatid besser in der Lage, Frakturraten und Hyperkalz\u00e4mieraten zu reduzieren.<\/p>\n","protected":false},"excerpt":{"rendered":"<p>Produktname: Abaloparatid<br \/>\nCAS: 247062-33-5<br \/>\nMF: C174H300N56O49<br \/>\nMW: 3960.5896<br \/>\nMol Datei: 247062-33-5.mol<\/p>\n","protected":false},"featured_media":2165,"comment_status":"open","ping_status":"closed","template":"","meta":{"om_disable_all_campaigns":false,"_monsterinsights_skip_tracking":false,"_monsterinsights_sitenote_active":false,"_monsterinsights_sitenote_note":"","_monsterinsights_sitenote_category":0,"site-sidebar-layout":"default","site-content-layout":"default","ast-site-content-layout":"default","site-content-style":"default","site-sidebar-style":"default","ast-global-header-display":"","ast-banner-title-visibility":"","ast-main-header-display":"","ast-hfb-above-header-display":"","ast-hfb-below-header-display":"","ast-hfb-mobile-header-display":"","site-post-title":"","ast-breadcrumbs-content":"","ast-featured-img":"","footer-sml-layout":"","ast-disable-related-posts":"","theme-transparent-header-meta":"default","adv-header-id-meta":"","stick-header-meta":"","header-above-stick-meta":"","header-main-stick-meta":"","header-below-stick-meta":"","astra-migrate-meta-layouts":"default","ast-page-background-enabled":"default","ast-page-background-meta":{"desktop":{"background-color":"","background-image":"","background-repeat":"repeat","background-position":"center center","background-size":"auto","background-attachment":"scroll","background-type":"","background-media":"","overlay-type":"","overlay-color":"","overlay-opacity":"","overlay-gradient":""},"tablet":{"background-color":"","background-image":"","background-repeat":"repeat","background-position":"center center","background-size":"auto","background-attachment":"scroll","background-type":"","background-media":"","overlay-type":"","overlay-color":"","overlay-opacity":"","overlay-gradient":""},"mobile":{"background-color":"","background-image":"","background-repeat":"repeat","background-position":"center center","background-size":"auto","background-attachment":"scroll","background-type":"","background-media":"","overlay-type":"","overlay-color":"","overlay-opacity":"","overlay-gradient":""}},"ast-content-background-meta":{"desktop":{"background-color":"var(--ast-global-color-5)","background-image":"","background-repeat":"repeat","background-position":"center center","background-size":"auto","background-attachment":"scroll","background-type":"","background-media":"","overlay-type":"","overlay-color":"","overlay-opacity":"","overlay-gradient":""},"tablet":{"background-color":"var(--ast-global-color-5)","background-image":"","background-repeat":"repeat","background-position":"center center","background-size":"auto","background-attachment":"scroll","background-type":"","background-media":"","overlay-type":"","overlay-color":"","overlay-opacity":"","overlay-gradient":""},"mobile":{"background-color":"var(--ast-global-color-5)","background-image":"","background-repeat":"repeat","background-position":"center center","background-size":"auto","background-attachment":"scroll","background-type":"","background-media":"","overlay-type":"","overlay-color":"","overlay-opacity":"","overlay-gradient":""}}},"product_brand":[],"product_cat":[473],"product_tag":[1416],"class_list":{"0":"post-8231","1":"product","2":"type-product","3":"status-publish","4":"has-post-thumbnail","6":"product_cat-osteoporose-peptid","7":"product_tag-top-grade-abaloparatide-cas-247062-33-5-for-reduced-fracture-rate-and-hypercalcemia-incidence-de","8":"desktop-align-left","9":"tablet-align-left","10":"mobile-align-left","12":"first","13":"instock","14":"shipping-taxable","15":"product-type-simple"},"_links":{"self":[{"href":"https:\/\/puyapeptide.net\/de\/wp-json\/wp\/v2\/product\/8231","targetHints":{"allow":["GET"]}}],"collection":[{"href":"https:\/\/puyapeptide.net\/de\/wp-json\/wp\/v2\/product"}],"about":[{"href":"https:\/\/puyapeptide.net\/de\/wp-json\/wp\/v2\/types\/product"}],"replies":[{"embeddable":true,"href":"https:\/\/puyapeptide.net\/de\/wp-json\/wp\/v2\/comments?post=8231"}],"wp:featuredmedia":[{"embeddable":true,"href":"https:\/\/puyapeptide.net\/de\/wp-json\/wp\/v2\/media\/2165"}],"wp:attachment":[{"href":"https:\/\/puyapeptide.net\/de\/wp-json\/wp\/v2\/media?parent=8231"}],"wp:term":[{"taxonomy":"product_brand","embeddable":true,"href":"https:\/\/puyapeptide.net\/de\/wp-json\/wp\/v2\/product_brand?post=8231"},{"taxonomy":"product_cat","embeddable":true,"href":"https:\/\/puyapeptide.net\/de\/wp-json\/wp\/v2\/product_cat?post=8231"},{"taxonomy":"product_tag","embeddable":true,"href":"https:\/\/puyapeptide.net\/de\/wp-json\/wp\/v2\/product_tag?post=8231"}],"curies":[{"name":"wp","href":"https:\/\/api.w.org\/{rel}","templated":true}]}}