{"id":8271,"date":"2021-12-16T13:19:31","date_gmt":"2021-12-16T18:19:31","guid":{"rendered":"https:\/\/puyapeptide.net\/product\/hochwertiges-peptid-somatostatin-azetat-15-28-somatostatin-28-cas-38916-34-6\/"},"modified":"2021-12-16T13:19:31","modified_gmt":"2021-12-16T18:19:31","slug":"hochwertiges-peptid-somatostatin-azetat-15-28-somatostatin-28-cas-38916-34-6","status":"publish","type":"product","link":"https:\/\/puyapeptide.net\/de\/product\/hochwertiges-peptid-somatostatin-azetat-15-28-somatostatin-28-cas-38916-34-6\/","title":{"rendered":"Hochwertiges Peptid-Somatostatin-Azetat 15-28-Somatostatin-28 CAS 38916-34-6"},"content":{"rendered":"<h2><strong>Hochwertiges Peptid-Somatostatin-Azetat 15-28-Somatostatin-28 CAS 38916-34-6<\/strong><\/h2>\n<p>Produktname: Somatostatinacetat\/ 15-28-Somatostatin-28<br \/>\nSynonyme: Ala-Gly-Cys-Lys-Asn-Phe-Phe-Trp-Lys-Thr-Phe-Thr-Ser-Cys-OH ;SoMatotropin Release-Hemmfaktor, SRIF, SRIF-14;Cyclic Somatostatin;SoMatostatin Acetat;WACHSTUMSHORMON FREISETZUNGSHEMMUNGSFAKTOR (MENSCH, SCHAF, SCHWEIN, RAT, MAUS);WACHSTUMSHORMON FREISETZUNG INHIBITING FAKTOR, RINE,ATPIN, MAUS) 2ACOH 6H2O;H-ALA-GLY-CYS-LYS-ASN-PHE-PHE-TRP-LYS-THR-PHE-THR-SER-CYS-OH;H-ALA-GLY-CYS-LYS-ASN-PHE -PHE-TRP-LYS-THR-PHE-THR-SER-CYS-OH (GEKOPPELT AN BSA)<br \/>\nCAS: 38916-34-6<br \/>\nMF: C76H104N18O19S2<br \/>\nMW: 1637.88<br \/>\nEINECS: 254-186-5<br \/>\nProduktkategorien: Aminos\u00e4urederivate;Aminos\u00e4uren und Derivate;Peptid;Aminos\u00e4uren 13C, 2H, 15N;Zwischenprodukte und Feinchemikalien;Pharmazeutika;Peptide pharm<br \/>\nMol File: 38916-34-6 .mol<\/p>\n<p>Somatostatin ist ein cyclisches 14-Peptid, das erstmals 1973 von Guillemin isoliert wurde und wahrscheinlich der am gr\u00fcndlichsten untersuchte und wichtigste Hemmfaktor der Hypotha . ist lamus. Die Hauptaktivit\u00e4t von Somatostatin, das hypothalamischen Ursprungs ist, ist die Hemmung der Freisetzung von Wachstumshormon (GH) aus dem Hypophysenvorderlappen. Zu viel GH, wie bei Hypophysentumoren, verursacht Akromegalie, eine Form des Riesenwuchses. Andererseits f\u00fchrt zu wenig GH zu Zwergwuchs. Somatostatin wurde auch in der Bauchspeicheldr\u00fcse und im GI-Trakt gefunden, wo es die Sekretion von Insulin und Glucagon aus der Bauchspeicheldr\u00fcse sowie die Sekretion einer Vielzahl von Darmpeptiden (zB Gastrin, Sekretin, Pepsin und Renin) hemmt. Die kurze Halbwertszeit von Somatostatin, die weniger als 3 Minuten betr\u00e4gt, hat seine Verwendung als therapeutisches Mittel ausgeschlossen. Viele Derivate von Somatostatin wurden hergestellt, um seine Wirkungsdauer zu verl\u00e4ngern und\/oder seine Wirkungsselektivit\u00e4t zu erh\u00f6hen. Der H\u00f6hepunkt dieser Struktur-Aktivit\u00e4ts-Studien war die Entwicklung von Octreotidacetat.<\/p>\n<p>Neben dem Hypothalamus sind andere Teile wie die Gro\u00dfhirnrinde, das Striatum, die Amygdala, der Hippocampus und das R\u00fcckenmark, der Sympathikus, der Magen-Darm- Insel-, Nieren-, Schilddr\u00fcsen- und Nebenschilddr\u00fcsen sind in Somatostatin weit verbreitet. Im Gehirn und im Magen-Darm-Trakt wurden 28 Aminos\u00e4uren von GHRIH28, das eine nach au\u00dfen gerichtete Verl\u00e4ngerung des N-Terminus von GHRIH14 ist, gereinigt. Die Wirkung von Somatostatin in vitro ist kompliziert und kann als Transmitter oder Modulator im Nervensystem wirken; Somatostatin hat eine gewisse Hemmwirkung auf die Magen-Darm-Motilit\u00e4t und die Sekretion von Verdauungstrakthormonen; es hemmt auch die Insulin- und Pankreas-Glukagon-, Renin-, Parathormon- und Calcitoninsekretion.<\/p>\n<p> <strong>Somatostatinacetat\/15-28-Somatostatin-28 CAS 38916-34-6 Chemische Eigenschaften<\/strong><br \/>\n15-28-Somatostatin-28 Chemische Eigenschaften<br \/>\nSiedepunkt 1970,9\u00b165,0 \u00b0C (vorhergesagt)<br \/>\nDichte 1,43\u00b10,1 g\/cm3 (vorhergesagt)<br \/>\nLagertemp. \u221220\u00b0C<br \/>\nL\u00f6slichkeit H2O: 1 mg\/mL<br \/>\npka 2,94\u00b10,70(vorhergesagt)<br \/>\nin Pulverform<br \/>\nWasserl\u00f6slichkeit Wasserl\u00f6slich (25,00\u00b0C 1,00 g\/L) , Methanol.<br \/>\nMerck 13,8788<br \/>\nBRN 6436064<br \/>\nInChIKey NHXLMOGPVYXJNR-ATOGVRKGSA-N<\/p>\n<p> <strong>Funktion und Anwendung von Somatostatinacetat\/15-28-Somatostatin-28 CAS<\/strong> &lt;&amp; &gt;<br \/>\n1 Es kann die Sekretion von Wachstumshormon, Schilddr\u00fcsen-stimulierendem Hormon, Insulin, Glucagon hemmen.<\/p>\n<p>2 Es kann die durch die Testmahlzeit und 5-Peptid-Gastrin stimulierte Magens\u00e4uresekretion hemmen und kann die Freisetzung von Pepsin und Gastrin.<\/p>\n<p>3 Es kann den viszeralen Blutfluss erheblich reduzieren, den Pfortaderdruck reduzieren, den Blutfluss und den Druck des Kollateralkreislaufs reduzieren, den Leberblutfluss reduzieren.<\/p>\n<p>4 Es reduziert die Sekretion der Bauchspeicheldr\u00fcse und der Sekretion des D\u00fcnndarms und der Gallenblase, reduzieren die Enzymaktivit\u00e4t und haben eine sch\u00fctzende Wirkung auf die Zellen der Bauchspeicheldr\u00fcse.<\/p>\n<p>5 Es kann die Aufnahme und Ern\u00e4hrungsfunktion des Magen-Darm-Trakts beeintr\u00e4chtigen.<\/p>\n","protected":false},"excerpt":{"rendered":"<p>Produktname: Somatostatinacetat\/ 15-28-Somatostatin-28<br \/>\nCAS: 38916-34-6<br \/>\nMF: C76H104N18O19S2<br \/>\nMW: 1637.88<br \/>\nEINECS: 254-186-5<br \/>\nMol File : 38916-34-6.mol<\/p>\n","protected":false},"featured_media":0,"comment_status":"open","ping_status":"closed","template":"","meta":{"om_disable_all_campaigns":false,"_monsterinsights_skip_tracking":false,"_monsterinsights_sitenote_active":false,"_monsterinsights_sitenote_note":"","_monsterinsights_sitenote_category":0,"site-sidebar-layout":"default","site-content-layout":"default","ast-site-content-layout":"default","site-content-style":"default","site-sidebar-style":"default","ast-global-header-display":"","ast-banner-title-visibility":"","ast-main-header-display":"","ast-hfb-above-header-display":"","ast-hfb-below-header-display":"","ast-hfb-mobile-header-display":"","site-post-title":"","ast-breadcrumbs-content":"","ast-featured-img":"","footer-sml-layout":"","ast-disable-related-posts":"","theme-transparent-header-meta":"default","adv-header-id-meta":"","stick-header-meta":"","header-above-stick-meta":"","header-main-stick-meta":"","header-below-stick-meta":"","astra-migrate-meta-layouts":"default","ast-page-background-enabled":"default","ast-page-background-meta":{"desktop":{"background-color":"","background-image":"","background-repeat":"repeat","background-position":"center center","background-size":"auto","background-attachment":"scroll","background-type":"","background-media":"","overlay-type":"","overlay-color":"","overlay-opacity":"","overlay-gradient":""},"tablet":{"background-color":"","background-image":"","background-repeat":"repeat","background-position":"center center","background-size":"auto","background-attachment":"scroll","background-type":"","background-media":"","overlay-type":"","overlay-color":"","overlay-opacity":"","overlay-gradient":""},"mobile":{"background-color":"","background-image":"","background-repeat":"repeat","background-position":"center center","background-size":"auto","background-attachment":"scroll","background-type":"","background-media":"","overlay-type":"","overlay-color":"","overlay-opacity":"","overlay-gradient":""}},"ast-content-background-meta":{"desktop":{"background-color":"var(--ast-global-color-5)","background-image":"","background-repeat":"repeat","background-position":"center center","background-size":"auto","background-attachment":"scroll","background-type":"","background-media":"","overlay-type":"","overlay-color":"","overlay-opacity":"","overlay-gradient":""},"tablet":{"background-color":"var(--ast-global-color-5)","background-image":"","background-repeat":"repeat","background-position":"center center","background-size":"auto","background-attachment":"scroll","background-type":"","background-media":"","overlay-type":"","overlay-color":"","overlay-opacity":"","overlay-gradient":""},"mobile":{"background-color":"var(--ast-global-color-5)","background-image":"","background-repeat":"repeat","background-position":"center center","background-size":"auto","background-attachment":"scroll","background-type":"","background-media":"","overlay-type":"","overlay-color":"","overlay-opacity":"","overlay-gradient":""}}},"product_brand":[],"product_cat":[522],"product_tag":[],"class_list":{"0":"post-8271","1":"product","2":"type-product","3":"status-publish","5":"product_cat-andere-peptide","6":"desktop-align-left","7":"tablet-align-left","8":"mobile-align-left","10":"first","11":"instock","12":"shipping-taxable","13":"product-type-simple"},"_links":{"self":[{"href":"https:\/\/puyapeptide.net\/de\/wp-json\/wp\/v2\/product\/8271","targetHints":{"allow":["GET"]}}],"collection":[{"href":"https:\/\/puyapeptide.net\/de\/wp-json\/wp\/v2\/product"}],"about":[{"href":"https:\/\/puyapeptide.net\/de\/wp-json\/wp\/v2\/types\/product"}],"replies":[{"embeddable":true,"href":"https:\/\/puyapeptide.net\/de\/wp-json\/wp\/v2\/comments?post=8271"}],"wp:attachment":[{"href":"https:\/\/puyapeptide.net\/de\/wp-json\/wp\/v2\/media?parent=8271"}],"wp:term":[{"taxonomy":"product_brand","embeddable":true,"href":"https:\/\/puyapeptide.net\/de\/wp-json\/wp\/v2\/product_brand?post=8271"},{"taxonomy":"product_cat","embeddable":true,"href":"https:\/\/puyapeptide.net\/de\/wp-json\/wp\/v2\/product_cat?post=8271"},{"taxonomy":"product_tag","embeddable":true,"href":"https:\/\/puyapeptide.net\/de\/wp-json\/wp\/v2\/product_tag?post=8271"}],"curies":[{"name":"wp","href":"https:\/\/api.w.org\/{rel}","templated":true}]}}