{"id":8471,"date":"2021-12-16T13:31:31","date_gmt":"2021-12-16T18:31:31","guid":{"rendered":"https:\/\/puyapeptide.net\/product\/hochwertiges-atosiban-cas-90779-69-4-ist-ein-kombinierter-kontraktin-und-pressin-v1a-rezeptor-antagonist\/"},"modified":"2021-12-16T13:31:31","modified_gmt":"2021-12-16T18:31:31","slug":"hochwertiges-atosiban-cas-90779-69-4-ist-ein-kombinierter-kontraktin-und-pressin-v1a-rezeptor-antagonist","status":"publish","type":"product","link":"https:\/\/puyapeptide.net\/de\/product\/hochwertiges-atosiban-cas-90779-69-4-ist-ein-kombinierter-kontraktin-und-pressin-v1a-rezeptor-antagonist\/","title":{"rendered":"Hochwertiges Atosiban CAS 90779-69-4 ist ein kombinierter Kontraktin- und Pressin-V1A-Rezeptor-Antagonist"},"content":{"rendered":"<h2><strong>Hochwertiges Atosiban CAS 90779-69-4 ist ein kombinierter Kontraktin- und Pressin-V1A-Rezeptor-Antagonist<\/strong><\/h2>\n<p>Produktname: Atosiban<br \/>\nSynonyme: RW-22164;RW-22164;RWJ-22164;Atosiban Impurtiy;Atosiban price;1-deamino-2d-tyr-(oet)-4-thr-8-orn- Oxytocin;Oxytocin,1-(3-Mercaptopropans\u00e4ure)-2-(o-ethyl-d-tyrosin)-4-l-threonin-8-l;rwj22164;ATOSIBANACETAT<br \/>\nCAS: 90779-69-4&lt;&amp; &gt;MF: C43H67N11O12S2<br \/>\nMW: 994.19<br \/>\nEINECS: 806-815-5<br \/>\nProduktkategorien: Hormone;Peptid<br \/>\nMol File: 90779-69-4.mol<\/p>\n<p>Atosiban was im Vereinigten K\u00f6nigreich als injizierbares Hemmstoff f\u00fcr vorzeitige Wehen eingef\u00fchrt, eine der Hauptursachen f\u00fcr S\u00e4uglingsmorbidit\u00e4t und -mortalit\u00e4t. Dieses peptidische Oxytocin-Analogon ist ein Antagonist des Vasopressin-V1a-Rezeptors und des Oxytocin-Rezeptors, der in dramatisch erh\u00f6hter Konzentration im Uterusmyometrium von schwangeren Frauen kurz vor der Geburt gefunden wird. Es hemmte kompetitiv Kontraktionen in der Geb\u00e4rmutter von tr\u00e4chtigen Meerschweinchen, die durch Oxytocin und Vasopressin induziert wurden. In einer multizentrischen, doppelblinden, placebokontrollierten Studie f\u00fchrte die Behandlung mit Atosiban bei Frauen mit mehr als 28 Schwangerschaftswochen zu einer Verl\u00e4ngerung der Schwangerschaft um bis zu 7 Tage. In einer vergleichenden klinischen Studie zeigte Atosiban eine vergleichbare tokolytische Wirkung (Uterusrelaxans) wie Ritodrin, jedoch wurde ersteres signifikant besser vertragen, insbesondere im Hinblick auf kardiovaskul\u00e4re Nebenwirkungen bei der Mutter. Bei gesunden Probanden sanken die Plasmaspiegel von Atosiban bi-exponentiell mit einer initialen und einer terminalen Halbwertszeit von 21 min bzw. 1,7 h. Atosiban ist ein kombinierter Rezeptorantagonist von Contractin und Pressin V1A. Die Struktur des Contractin-Rezeptors und des Pressin-V1A-Rezeptors ist \u00e4hnlich. Wenn der kontraktile Hormonrezeptor blockiert ist, kann das kontraktile Hormon immer noch \u00fcber den V1A-Rezeptor wirken, daher ist es notwendig, die oben genannten beiden Rezeptorwirkungswege zu blockieren, wenn dasselbe Chemicalbook verwendet wird, und ein einzelner Antagonismus eines Rezeptors kann die Uteruskontraktion effektiv hemmen. Dies ist einer der Hauptgr\u00fcnde, warum Beta-Agonisten, Calciumkanalblocker und Prostaglandinsynthase-Hemmer die Uteruskontraktionen nicht wirksam hemmen.<\/p>\n<p> <strong>Atosiban CAS 90779-69-4 Chemische Eigenschaften<\/strong><br \/>\nSiedepunkt 1469.0\u00b165,0 \u00b0C (Vorhergesagt)<br \/>\nDichte 1,254\u00b10,06 g\/cm3(Vorhergesagt)<br \/>\nLagertemp. -20\u00b0C<br \/>\nL\u00f6slichkeit H2O: \u2264100 mg\/mL<br \/>\nform fest<br \/>\npka 12,81\u00b10,70(vorhergesagt)<br \/>\nCAS-Datenbankreferenz 90779-69-4(CAS-Datenbankreferenz)<br \/>\n&lt; &amp;&gt; <strong>Funktion und Anwendung von Atosiban CAS 90779-69-4<\/strong><br \/>\n1. Vorzeitige Wehen<br \/>\n2. Atosiban ist ein Oxytocinrezeptorblocker bei der Behandlung experimenteller Endometriose und zeigt eine signifikante therapeutische Wirksamkeit . Die Wachstumshemmung bei soliden H22-Tumoren war moderat (Yang et al. 2013).<\/p>\n","protected":false},"excerpt":{"rendered":"<p>Produktname: Atosiban<br \/>\nCAS: 90779-69-4<br \/>\nMF: C43H67N11O12S2<br \/>\nMW: 994.19<br \/>\nEINECS: 806-815-5<br \/>\nMol Datei: 90779-69-4.mol<\/p>\n","protected":false},"featured_media":2123,"comment_status":"open","ping_status":"closed","template":"","meta":{"om_disable_all_campaigns":false,"_monsterinsights_skip_tracking":false,"_monsterinsights_sitenote_active":false,"_monsterinsights_sitenote_note":"","_monsterinsights_sitenote_category":0,"site-sidebar-layout":"default","site-content-layout":"default","ast-site-content-layout":"default","site-content-style":"default","site-sidebar-style":"default","ast-global-header-display":"","ast-banner-title-visibility":"","ast-main-header-display":"","ast-hfb-above-header-display":"","ast-hfb-below-header-display":"","ast-hfb-mobile-header-display":"","site-post-title":"","ast-breadcrumbs-content":"","ast-featured-img":"","footer-sml-layout":"","ast-disable-related-posts":"","theme-transparent-header-meta":"default","adv-header-id-meta":"","stick-header-meta":"","header-above-stick-meta":"","header-main-stick-meta":"","header-below-stick-meta":"","astra-migrate-meta-layouts":"default","ast-page-background-enabled":"default","ast-page-background-meta":{"desktop":{"background-color":"","background-image":"","background-repeat":"repeat","background-position":"center center","background-size":"auto","background-attachment":"scroll","background-type":"","background-media":"","overlay-type":"","overlay-color":"","overlay-opacity":"","overlay-gradient":""},"tablet":{"background-color":"","background-image":"","background-repeat":"repeat","background-position":"center center","background-size":"auto","background-attachment":"scroll","background-type":"","background-media":"","overlay-type":"","overlay-color":"","overlay-opacity":"","overlay-gradient":""},"mobile":{"background-color":"","background-image":"","background-repeat":"repeat","background-position":"center center","background-size":"auto","background-attachment":"scroll","background-type":"","background-media":"","overlay-type":"","overlay-color":"","overlay-opacity":"","overlay-gradient":""}},"ast-content-background-meta":{"desktop":{"background-color":"var(--ast-global-color-5)","background-image":"","background-repeat":"repeat","background-position":"center center","background-size":"auto","background-attachment":"scroll","background-type":"","background-media":"","overlay-type":"","overlay-color":"","overlay-opacity":"","overlay-gradient":""},"tablet":{"background-color":"var(--ast-global-color-5)","background-image":"","background-repeat":"repeat","background-position":"center center","background-size":"auto","background-attachment":"scroll","background-type":"","background-media":"","overlay-type":"","overlay-color":"","overlay-opacity":"","overlay-gradient":""},"mobile":{"background-color":"var(--ast-global-color-5)","background-image":"","background-repeat":"repeat","background-position":"center center","background-size":"auto","background-attachment":"scroll","background-type":"","background-media":"","overlay-type":"","overlay-color":"","overlay-opacity":"","overlay-gradient":""}}},"product_brand":[],"product_cat":[427],"product_tag":[1234],"class_list":{"0":"post-8471","1":"product","2":"type-product","3":"status-publish","4":"has-post-thumbnail","6":"product_cat-urogenitales-peptid","7":"product_tag-high-quality-atosiban-cas-90779-69-4-is-a-combined-contractin-and-pressin-v1a-receptor-antagonist-de","8":"desktop-align-left","9":"tablet-align-left","10":"mobile-align-left","12":"first","13":"instock","14":"shipping-taxable","15":"product-type-simple"},"_links":{"self":[{"href":"https:\/\/puyapeptide.net\/de\/wp-json\/wp\/v2\/product\/8471","targetHints":{"allow":["GET"]}}],"collection":[{"href":"https:\/\/puyapeptide.net\/de\/wp-json\/wp\/v2\/product"}],"about":[{"href":"https:\/\/puyapeptide.net\/de\/wp-json\/wp\/v2\/types\/product"}],"replies":[{"embeddable":true,"href":"https:\/\/puyapeptide.net\/de\/wp-json\/wp\/v2\/comments?post=8471"}],"wp:featuredmedia":[{"embeddable":true,"href":"https:\/\/puyapeptide.net\/de\/wp-json\/wp\/v2\/media\/2123"}],"wp:attachment":[{"href":"https:\/\/puyapeptide.net\/de\/wp-json\/wp\/v2\/media?parent=8471"}],"wp:term":[{"taxonomy":"product_brand","embeddable":true,"href":"https:\/\/puyapeptide.net\/de\/wp-json\/wp\/v2\/product_brand?post=8471"},{"taxonomy":"product_cat","embeddable":true,"href":"https:\/\/puyapeptide.net\/de\/wp-json\/wp\/v2\/product_cat?post=8471"},{"taxonomy":"product_tag","embeddable":true,"href":"https:\/\/puyapeptide.net\/de\/wp-json\/wp\/v2\/product_tag?post=8471"}],"curies":[{"name":"wp","href":"https:\/\/api.w.org\/{rel}","templated":true}]}}