{"id":8485,"date":"2021-12-17T01:42:52","date_gmt":"2021-12-17T06:42:52","guid":{"rendered":"https:\/\/puyapeptide.net\/product\/puya-liefern-hochwertiges-lypressin-cas-50-57-7\/"},"modified":"2021-12-17T01:42:52","modified_gmt":"2021-12-17T06:42:52","slug":"puya-liefern-hochwertiges-lypressin-cas-50-57-7","status":"publish","type":"product","link":"https:\/\/puyapeptide.net\/de\/product\/puya-liefern-hochwertiges-lypressin-cas-50-57-7\/","title":{"rendered":"Puya liefern hochwertiges Lypressin CAS 50-57-7"},"content":{"rendered":"<h2><strong>Puya liefern hochwertiges Lypressin CAS 50-57-7<\/strong><\/h2>\n<p>Produktname: Lypressin<br \/>\nSynonyme: Lysipressin;LyspessinAcetat;(8-Lysin)vasopressin;8-l-Lysin-vasopressi;CYFQNCPKG-NH2;LYSIN VASOPRESSIN;[LYS8]-VASOPRESSIN;LYPRESSIN<br \/>\nCAS: 50-57-7<br \/>\nMF: C46H65N13O12S2<br \/>\nMW: 1056.22<br \/>\nEINECS: 200-050-5<br \/>\nProduktkategorien: Hormone;Andere APIs;Aminos\u00e4urederivate;Peptid<br \/>\nMol-Datei: 50 -57-7.mol<\/p>\n<p>Lypressin ist synthetisches 8-L-Lysin-Vasopressin, ein ADH-\u00e4hnliches Polypeptid. Das Lysin-Analogon gilt als stabiler und wird schnell von der Nasenschleimhaut resorbiert. Lypressin (Diapid) ist als topische L\u00f6sung, Spray, 50 Druckeinheiten (185 g)\/ml in 5-ml-Beh\u00e4ltern pharmazeutisch erh\u00e4ltlich. \u00dcbliche Dosierung, topisch (intranasal), ein oder mehrere Spr\u00fchst\u00f6\u00dfe auf ein oder beide Nasenl\u00f6cher oder mehrmals t\u00e4glich.<\/p>\n<p> <strong>Lypressin CAS 50-57-7 Chemische Eigenschaften<\/strong><br \/>\nDichte 1.1080 (grobe Sch\u00e4tzung)<br \/>\n Brechungsindex 1,6700 (gesch\u00e4tzt)<br \/>\nLagertemp. -20\u00b0C<br \/>\nInChIKey NKWAIKZITYLOMT-DHSVNZEYSA-N<\/p>\n<p> <strong>Verwendung von Lypressin CAS 50-57-7<\/strong><br \/>\nDie physiologische Hauptfunktion von Vasopressin besteht darin, das Volumen der extrazellul\u00e4ren Fl\u00fcssigkeit zu regulieren, die Resorption von Wasser durch die Nierenkan\u00e4lchen, verengen die Blutgef\u00e4\u00dfe und erh\u00f6hen den Blutdruck. Vasopressin (Lysphenolacetat) ist ein synthetisches Derivat von Vasopressin. Seine antidiuretischen und gef\u00e4\u00dfverengenden Wirkungen sind relativ mild und es kann als Zwischenprodukt f\u00fcr die pharmazeutische Synthese verwendet werden.<\/p>\n","protected":false},"excerpt":{"rendered":"<p>Produktname: Lypressin<br \/>\nCAS: 50-57-7<br \/>\nMF: C46H65N13O12S2<br \/>\nMW: 1056.22<br \/>\nEINECS: 200-050-5<br \/>\nMol Datei: 50-57-7.mol<\/p>\n","protected":false},"featured_media":2165,"comment_status":"open","ping_status":"closed","template":"","meta":{"om_disable_all_campaigns":false,"_monsterinsights_skip_tracking":false,"_monsterinsights_sitenote_active":false,"_monsterinsights_sitenote_note":"","_monsterinsights_sitenote_category":0,"site-sidebar-layout":"default","site-content-layout":"default","ast-site-content-layout":"default","site-content-style":"default","site-sidebar-style":"default","ast-global-header-display":"","ast-banner-title-visibility":"","ast-main-header-display":"","ast-hfb-above-header-display":"","ast-hfb-below-header-display":"","ast-hfb-mobile-header-display":"","site-post-title":"","ast-breadcrumbs-content":"","ast-featured-img":"","footer-sml-layout":"","ast-disable-related-posts":"","theme-transparent-header-meta":"default","adv-header-id-meta":"","stick-header-meta":"","header-above-stick-meta":"","header-main-stick-meta":"","header-below-stick-meta":"","astra-migrate-meta-layouts":"default","ast-page-background-enabled":"default","ast-page-background-meta":{"desktop":{"background-color":"","background-image":"","background-repeat":"repeat","background-position":"center center","background-size":"auto","background-attachment":"scroll","background-type":"","background-media":"","overlay-type":"","overlay-color":"","overlay-opacity":"","overlay-gradient":""},"tablet":{"background-color":"","background-image":"","background-repeat":"repeat","background-position":"center center","background-size":"auto","background-attachment":"scroll","background-type":"","background-media":"","overlay-type":"","overlay-color":"","overlay-opacity":"","overlay-gradient":""},"mobile":{"background-color":"","background-image":"","background-repeat":"repeat","background-position":"center center","background-size":"auto","background-attachment":"scroll","background-type":"","background-media":"","overlay-type":"","overlay-color":"","overlay-opacity":"","overlay-gradient":""}},"ast-content-background-meta":{"desktop":{"background-color":"var(--ast-global-color-5)","background-image":"","background-repeat":"repeat","background-position":"center center","background-size":"auto","background-attachment":"scroll","background-type":"","background-media":"","overlay-type":"","overlay-color":"","overlay-opacity":"","overlay-gradient":""},"tablet":{"background-color":"var(--ast-global-color-5)","background-image":"","background-repeat":"repeat","background-position":"center center","background-size":"auto","background-attachment":"scroll","background-type":"","background-media":"","overlay-type":"","overlay-color":"","overlay-opacity":"","overlay-gradient":""},"mobile":{"background-color":"var(--ast-global-color-5)","background-image":"","background-repeat":"repeat","background-position":"center center","background-size":"auto","background-attachment":"scroll","background-type":"","background-media":"","overlay-type":"","overlay-color":"","overlay-opacity":"","overlay-gradient":""}}},"product_brand":[],"product_cat":[409],"product_tag":[],"class_list":{"0":"post-8485","1":"product","2":"type-product","3":"status-publish","4":"has-post-thumbnail","6":"product_cat-blut-und-vaskulaeres-peptid","7":"desktop-align-left","8":"tablet-align-left","9":"mobile-align-left","11":"first","12":"instock","13":"shipping-taxable","14":"product-type-simple"},"_links":{"self":[{"href":"https:\/\/puyapeptide.net\/de\/wp-json\/wp\/v2\/product\/8485","targetHints":{"allow":["GET"]}}],"collection":[{"href":"https:\/\/puyapeptide.net\/de\/wp-json\/wp\/v2\/product"}],"about":[{"href":"https:\/\/puyapeptide.net\/de\/wp-json\/wp\/v2\/types\/product"}],"replies":[{"embeddable":true,"href":"https:\/\/puyapeptide.net\/de\/wp-json\/wp\/v2\/comments?post=8485"}],"wp:featuredmedia":[{"embeddable":true,"href":"https:\/\/puyapeptide.net\/de\/wp-json\/wp\/v2\/media\/2165"}],"wp:attachment":[{"href":"https:\/\/puyapeptide.net\/de\/wp-json\/wp\/v2\/media?parent=8485"}],"wp:term":[{"taxonomy":"product_brand","embeddable":true,"href":"https:\/\/puyapeptide.net\/de\/wp-json\/wp\/v2\/product_brand?post=8485"},{"taxonomy":"product_cat","embeddable":true,"href":"https:\/\/puyapeptide.net\/de\/wp-json\/wp\/v2\/product_cat?post=8485"},{"taxonomy":"product_tag","embeddable":true,"href":"https:\/\/puyapeptide.net\/de\/wp-json\/wp\/v2\/product_tag?post=8485"}],"curies":[{"name":"wp","href":"https:\/\/api.w.org\/{rel}","templated":true}]}}