{"id":8517,"date":"2021-12-17T01:44:18","date_gmt":"2021-12-17T06:44:18","guid":{"rendered":"https:\/\/puyapeptide.net\/product\/liraglutid-cas-204656-20-2-zur-gewichtsreduktion-und-behandlung-von-typ-2-diabetes\/"},"modified":"2021-12-17T01:44:18","modified_gmt":"2021-12-17T06:44:18","slug":"liraglutid-cas-204656-20-2-zur-gewichtsreduktion-und-behandlung-von-typ-2-diabetes","status":"publish","type":"product","link":"https:\/\/puyapeptide.net\/de\/product\/liraglutid-cas-204656-20-2-zur-gewichtsreduktion-und-behandlung-von-typ-2-diabetes\/","title":{"rendered":"Liraglutid CAS 204656-20-2 zur Gewichtsreduktion und Behandlung von Typ-2-Diabetes"},"content":{"rendered":"<h2><strong>Liraglutid CAS 204656-20-2 zur Gewichtsreduktion und Behandlung von Typ-2-Diabetes<\/strong><\/h2>\n<p>Produktname: Liraglutid<br \/>\nSynonyme: Liraglutide;Glycin, L-Histidyl-L-Alanyl-L-Alpha-Glutamylglycyl-L-Threonyl-L-Phenylalanyl-L-Threonyl-L-Seryl-L-Alpha- Aspartyl-L-valyl-L-seryl-L-seryl-L-tyrosyl-L-leucyl-L-alpha-glutamylglycyl-L-glutaminyl-L-alanyl-L-alanyl-N6-(N-(1-oxohexadecyl) -L-Gamma-Glutamyl)-L-Lysyl-L-Alpha-Glutamyl-L-Phenylalanyl-L-Isoleucyl-L-Alanyl-L-Tryptophyl-L-Leucyl-L-Valyl-L-Arginylglycyl-L-Arginyl- ;Liraglutida;Liraglutida [inn-spanisch];Liraglutid [usan:inn];Liraglutidum;Liraglutidum [inn-lateinisch];N26-(Hexadecanoyl-gamma-glutamyl)-(34-arginin)glp-1-(7-37) -Peptid<br \/>\nCAS: 204656-20-2<br \/>\nMF: C172H265N43O51<br \/>\nMW: 3751.202<br \/>\nEINECS: 810-818-7<br \/>\nProduktkategorien: GLP<br \/>\nMol File: 204656-20 -2.mol<\/p>\n<p>Liraglutid ist eine klare, farblose L\u00f6sung. Die Darreichungsform ist die subkutane Injektion. Nach mehr als 10 Jahren Forschung und Entwicklung hat Liraglutid viele Funktionen wie die F\u00f6rderung der Regeneration von Inselzellen, die Senkung des Blutzuckers, die Gewichtsreduktion und den Schutz des Herz-Kreislauf-Systems. Der Markenname Victoza wird zur Behandlung von Typ-2-Diabetes und der Markenname Saxenda zur Behandlung von chronischer Fettleibigkeit verwendet. Als Erg\u00e4nzung zur Di\u00e4tkontrolle und zur k\u00f6rperlichen Bet\u00e4tigung. Liraglutid ist ein acylierter humaner Glucagon-like-Peptid-1 (GLP-1)-Rezeptor-Agonist, der 97% Aminos\u00e4uresequenzhomologie mit humanem endogenem GChemicalbookLP-1 (7-37) aufweist und alle biologischen Aktivit\u00e4ten von GLP- beh\u00e4lt. 1 und hat GLP-1-Rezeptor-Agonismus. Durch die Expression rekombinanter DNA in Saccharomyces cerevisiae unterscheidet sich seine Molek\u00fclstruktur nur um eine Aminos\u00e4ure vom nat\u00fcrlichen GLP-1-Molek\u00fcl. Die Struktur modifiziert nur die folgenden beiden Teile von GLP-1: Das hei\u00dft, das 34. Lysin wird durch Arginin ersetzt. S\u00e4uresubstitution, zus\u00e4tzlich zum Hinzuf\u00fcgen einer Glutamins\u00e4ure-vermittelten Palmitoylfetts\u00e4ure-Seitenkette mit 16 Kohlenstoffatomen am 26. Lysin.<\/p>\n<p> <strong>Funktion von Liraglutide CAS 204656-20-2<\/strong> <\/p>\n<p>1.Es wirkt glukoseabh\u00e4ngig, d. h. es stimuliert die Insulinsekretion nur, wenn der Blutzuckerspiegel h\u00f6her als normal ist, und verhindert so ein &quot;\u00dcberschie\u00dfen&quot;. Folglich zeigt es ein vernachl\u00e4ssigbares Hypoglyk\u00e4mierisiko.<br \/>\n2.Es hat das Potenzial, die Apoptose zu hemmen und die Regeneration von Betazellen zu stimulieren (in Tierversuchen beobachtet).<br \/>\n3.Es verringert den Appetit und hemmt die K\u00f6rpergewichtszunahme, wie gezeigt in einer direkten Studie im Vergleich zu Glimepirid.<br \/>\n4.Es senkt den Triglyceridspiegel im Blut.<\/p>\n<p> <strong>Anwendung von Liraglutide CAS 204656-20-2<\/strong><br \/>\n1.Behandlung von Typ-2-Diabetes.<br \/>\n 2. Behandlung von Fettleibigkeit.<\/p>\n","protected":false},"excerpt":{"rendered":"<p>Produktname: Liraglutide<br \/>\nCAS: 204656-20-2<br \/>\nMF: C172H265N43O51<br \/>\nMW: 3751.202<br \/>\nEINECS: 810-818-7<br \/>\nProduktkategorien: GLP<br \/>\nMol Datei: 204656 -20-2.mol<\/p>\n","protected":false},"featured_media":2123,"comment_status":"open","ping_status":"closed","template":"","meta":{"om_disable_all_campaigns":false,"_monsterinsights_skip_tracking":false,"_monsterinsights_sitenote_active":false,"_monsterinsights_sitenote_note":"","_monsterinsights_sitenote_category":0,"site-sidebar-layout":"default","site-content-layout":"default","ast-site-content-layout":"default","site-content-style":"default","site-sidebar-style":"default","ast-global-header-display":"","ast-banner-title-visibility":"","ast-main-header-display":"","ast-hfb-above-header-display":"","ast-hfb-below-header-display":"","ast-hfb-mobile-header-display":"","site-post-title":"","ast-breadcrumbs-content":"","ast-featured-img":"","footer-sml-layout":"","ast-disable-related-posts":"","theme-transparent-header-meta":"default","adv-header-id-meta":"","stick-header-meta":"","header-above-stick-meta":"","header-main-stick-meta":"","header-below-stick-meta":"","astra-migrate-meta-layouts":"default","ast-page-background-enabled":"default","ast-page-background-meta":{"desktop":{"background-color":"","background-image":"","background-repeat":"repeat","background-position":"center center","background-size":"auto","background-attachment":"scroll","background-type":"","background-media":"","overlay-type":"","overlay-color":"","overlay-opacity":"","overlay-gradient":""},"tablet":{"background-color":"","background-image":"","background-repeat":"repeat","background-position":"center center","background-size":"auto","background-attachment":"scroll","background-type":"","background-media":"","overlay-type":"","overlay-color":"","overlay-opacity":"","overlay-gradient":""},"mobile":{"background-color":"","background-image":"","background-repeat":"repeat","background-position":"center center","background-size":"auto","background-attachment":"scroll","background-type":"","background-media":"","overlay-type":"","overlay-color":"","overlay-opacity":"","overlay-gradient":""}},"ast-content-background-meta":{"desktop":{"background-color":"var(--ast-global-color-5)","background-image":"","background-repeat":"repeat","background-position":"center center","background-size":"auto","background-attachment":"scroll","background-type":"","background-media":"","overlay-type":"","overlay-color":"","overlay-opacity":"","overlay-gradient":""},"tablet":{"background-color":"var(--ast-global-color-5)","background-image":"","background-repeat":"repeat","background-position":"center center","background-size":"auto","background-attachment":"scroll","background-type":"","background-media":"","overlay-type":"","overlay-color":"","overlay-opacity":"","overlay-gradient":""},"mobile":{"background-color":"var(--ast-global-color-5)","background-image":"","background-repeat":"repeat","background-position":"center center","background-size":"auto","background-attachment":"scroll","background-type":"","background-media":"","overlay-type":"","overlay-color":"","overlay-opacity":"","overlay-gradient":""}}},"product_brand":[],"product_cat":[343],"product_tag":[1210],"class_list":{"0":"post-8517","1":"product","2":"type-product","3":"status-publish","4":"has-post-thumbnail","6":"product_cat-diabetes-peptid","7":"product_tag-liraglutide-cas-204656-20-2-for-weight-loss-and-treat-for-type-2-diabetes-de","8":"desktop-align-left","9":"tablet-align-left","10":"mobile-align-left","12":"first","13":"instock","14":"shipping-taxable","15":"product-type-simple"},"_links":{"self":[{"href":"https:\/\/puyapeptide.net\/de\/wp-json\/wp\/v2\/product\/8517","targetHints":{"allow":["GET"]}}],"collection":[{"href":"https:\/\/puyapeptide.net\/de\/wp-json\/wp\/v2\/product"}],"about":[{"href":"https:\/\/puyapeptide.net\/de\/wp-json\/wp\/v2\/types\/product"}],"replies":[{"embeddable":true,"href":"https:\/\/puyapeptide.net\/de\/wp-json\/wp\/v2\/comments?post=8517"}],"wp:featuredmedia":[{"embeddable":true,"href":"https:\/\/puyapeptide.net\/de\/wp-json\/wp\/v2\/media\/2123"}],"wp:attachment":[{"href":"https:\/\/puyapeptide.net\/de\/wp-json\/wp\/v2\/media?parent=8517"}],"wp:term":[{"taxonomy":"product_brand","embeddable":true,"href":"https:\/\/puyapeptide.net\/de\/wp-json\/wp\/v2\/product_brand?post=8517"},{"taxonomy":"product_cat","embeddable":true,"href":"https:\/\/puyapeptide.net\/de\/wp-json\/wp\/v2\/product_cat?post=8517"},{"taxonomy":"product_tag","embeddable":true,"href":"https:\/\/puyapeptide.net\/de\/wp-json\/wp\/v2\/product_tag?post=8517"}],"curies":[{"name":"wp","href":"https:\/\/api.w.org\/{rel}","templated":true}]}}