{"id":8640,"date":"2021-12-17T01:51:48","date_gmt":"2021-12-17T06:51:48","guid":{"rendered":"https:\/\/puyapeptide.net\/product\/glucagon-cas-16941-32-5-foerdert-die-glykogenolyse-und-glukoseproduktion-um-den-blutzucker-zu-erhoehen\/"},"modified":"2021-12-17T01:51:48","modified_gmt":"2021-12-17T06:51:48","slug":"glucagon-cas-16941-32-5-foerdert-die-glykogenolyse-und-glukoseproduktion-um-den-blutzucker-zu-erhoehen","status":"publish","type":"product","link":"https:\/\/puyapeptide.net\/de\/product\/glucagon-cas-16941-32-5-foerdert-die-glykogenolyse-und-glukoseproduktion-um-den-blutzucker-zu-erhoehen\/","title":{"rendered":"Glucagon CAS 16941-32-5 F\u00f6rdert die Glykogenolyse und Glukoseproduktion, um den Blutzucker zu erh\u00f6hen"},"content":{"rendered":"<h2><strong>Glucagon CAS 16941-32-5 F\u00f6rdert die Glykogenolyse und Glukoseproduktion, um den Blutzucker zu erh\u00f6hen<\/strong><\/h2>\n<p>Produktname: Glucagon<br \/>\nSynonyme: GLUCAGON 1-37;GLUCAGON (1-37) (PORCINE);GLUCAGON 37;GLUCAGON ACETATE;HSQGTFTSDYSKYLDSRRAQDFVQWLMNTKRNKNNIA;H-HIS-SER-GLN-GLY-THR-PHE-THR -SER-ASP-TYR-SER-LYS-TYR-LEU-ASP-SER-ARG-ARG-ALA-GLN-ASP-PHE-VAL-GLN-TRP-LEU-MET-ASN-THR-LYS-ARG-ASN -LYS-ASN-ASN-ILE-ALA-OH;Glucagon 1-29;Glucagon(1-29) Human HCl<br \/>\nCAS: 16941-32-5<br \/>\nMF: C153H225N43O49S<br \/>\nMW: 3482,75&lt;&amp; &gt;EINECS: 685-611-6<br \/>\nProduktkategorien: Aminos\u00e4urederivate;Peptid;GlucagonInsel-Stammzellbiologie;Insel-Stammzelldifferenzierung;Hormone;Andere Protein-\/Peptid-Hormone;Glukagon und Glucagon-\u00e4hnliche PeptidePeptide f\u00fcr die Zellbiologie;GlukagonIslet-Stamm Zellbiologie;Zytokine Wachstumsfaktoren und Hormone (Fettleibigkeit);Magen-Darm-Peptide;GlucagonObesity Research;API;Diabetes Research<br \/>\nMol File: 16941-32-5.mol<\/p>\n<p>Glucagon, auch bekannt als Glucagon, ist ein Geradkettiges Polypeptidhormon, das von \u03b1-Inselzellen der Bauchspeicheldr\u00fcse sezerniert wird, enth\u00e4lt 29 Aminos\u00e4uren, mit Summenformel und relativen molekularen Masse von C153H225N43O49S = 3482,8. China hat dieses Hormon synthetisiert. Es ist eine Art wei\u00dfes, geruchloses und geschmackloses feines kristallines Pulver bei Raumtemperatur. Glucagon ist in Wasser und den meisten organischen L\u00f6sungsmitteln nahezu unl\u00f6slich, w\u00e4hrend es in verd\u00fcnnter S\u00e4ure und verd\u00fcnnter Alkalil\u00f6sung l\u00f6slich ist. Die meisten Pr\u00e4parate sind Hydrochloride, die in Wasser gel\u00f6st werden. Es ist bekannt, dass Glucagon seine molekulare Integrit\u00e4t bewahren muss, um seine physiologische Aktivit\u00e4t auszu\u00fcben. Die Glucagonstruktur von Mensch und S\u00e4ugetier (Kaninchen, Rind, Schwein, Ratte usw.) kann konsistent sein, w\u00e4hrend sie bei V\u00f6geln leicht unterschiedlich ist der Inseln der Bauchspeicheldr\u00fcse. Glucagon wird aus dem Pro-Glucagon-Gen hergestellt, zun\u00e4chst als Vorl\u00e4ufer von Pro-Glucagon, das gewebespezifisch in Pankreas-Alpha-Zellen zu Glucagon und in Darmzellen zu GLP-1 und GLP-2 verarbeitet wird.<br \/>\n&lt;&amp; &gt;Es ist allgemein anerkannt, dass Insulin und Glucagon die wichtigsten Hormone sind, die an der Pathophysiologie von Diabetes beteiligt sind, aber die Rolle von Glucagon bei Diabetes ist komplex und in einigen F\u00e4llen umstritten. Die Rolle von Glucagon in derzeit verwendeten Antidiabetika erh\u00e4lt zunehmende Aufmerksamkeit, und die Weiterentwicklung der zielgerichteten Therapie mit Glucagon unterstreicht den wichtigen Beitrag von Glucagon zur Optimierung des Diabetes-Managements.<\/p>\n<p>Glukagon ist ein gegenregulierendes Hormon, das die Leberglukose stimuliert Produktion, um eine Hypoglyk\u00e4mie zu vermeiden. Glucagon-Rezeptoren befinden sich auf Hepatozyten, und Glucagon-Bindungsstellen wurden auch in Niere, Herz, Magen-Darm-Trakt, Fettgewebe, Gehirn und Milz identifiziert. Basierend auf Studien an Hunden werden ungef\u00e4hr 17 % des Glucagons in den Nieren und 20 bis 25 % in der Leber abgebaut. Die Freisetzung von Glucagon als Reaktion auf Hypoglyk\u00e4mie ist gut bekannt und wird durch autonome, endokrine und parakrine Mechanismen und m\u00f6glicherweise auch durch direkte Erfassung des Blutzuckerspiegels durch Alphazellen vermittelt. Die genauen molekularen Mechanismen, durch die Zellen Glucagon sezernieren, sind nicht vollst\u00e4ndig verstanden, aber sie beinhalten Kaliumadenosintriphosphat (KATP)-Kan\u00e4le und Calciumkan\u00e4le.<\/p>\n<p>In der normalen Physiologie wird die Glucagon-Sekretion w\u00e4hrend einer Hyperglyk\u00e4mie durch die zellul\u00e4ren Sekretionsprodukte Insulin, Zink und Gamma-Aminobutters\u00e4ure (GABA), die als Reaktion auf Mahlzeiten und erh\u00f6hten Blutzucker freigesetzt werden. Wenn der Blutzuckerspiegel sinkt, reduzieren Betazellen die Produktion dieser Produkte, wodurch ihre hemmende Wirkung auf Alphazellen aufgehoben wird. Dieser als \u201eShutdown\u201c-Hypothese bekannte Mechanismus f\u00fchrt bei zu niedrigem Blutzucker schlie\u00dflich zu einer Erh\u00f6hung der Glukagon-Sekretion. Wachstumshemmendes Hormon, das von \u03b4-Zellen und GLP-1 in den Inseln produziert wird, hemmt auch die Glukagonsekretion.<\/p>\n<p> Sowohl bei Diabetes mellitus Typ 1 (T1DM) als auch bei Diabetes mellitus Typ 2 (T2DM) sind die Plasmaglukagonspiegel sind zu hoch. Glucagon, ein regulatorisches Hormon, das die Glukoseproduktion in der Leber f\u00f6rdert, verhindert unter normalen physiologischen Bedingungen eine Hypoglyk\u00e4mie. Bei Patienten mit Diabetes kann die Glukagonsekretion unkontrolliert sein, was zu Problemen mit der Glukosehom\u00f6ostase f\u00fchrt. Einige Behandlungen von Diabetes sind wirksam, indem sie die Sekretion oder Wirkung von Glucagon hemmen sowie eine Glucagon-spezifische gezielte Therapie.<\/p>\n<p> <strong>Glucagon CAS 16941-32-5 Chemische Eigenschaften<\/strong><br \/>\nDichte 1,53\u00b10,1 g\/cm3( Vorhergesagt)<br \/>\nLagertemp. An einem dunklen Ort aufbewahren,Trocken versiegelt,2-8\u00b0C<br \/>\nL\u00f6slichkeit Praktisch unl\u00f6slich in Wasser und in den meisten organischen L\u00f6sungsmitteln. Es ist l\u00f6slich in verd\u00fcnnten Minerals\u00e4uren und in verd\u00fcnnten L\u00f6sungen von Alkalihydroxiden.<br \/>\nFormpulver<\/p>\n<p> <strong>Funktion und Anwendung von Glucagon CAS 16941-32-5<\/strong><br \/>\n1\u3001Blutzuckerwirkung erh\u00f6hen: Kann aktivieren Leberphosphorylase, f\u00f6rdern den hepatischen Glykogenabbau und die Glykogenisogenese und erh\u00f6hen den Blutzucker.<br \/>\n2\u3001Positive inotrope Wirkung: Es kann den intrazellul\u00e4ren cAMP-Gehalt erh\u00f6hen, die Kontraktilit\u00e4t des Myokards verbessern, das Herzzeitvolumen erh\u00f6hen und die Arbeit pro Schlag erh\u00f6hen. Seine positiv inotrope Wirkung kann auch nach ausreichender Gabe von Herzglykosid noch ausge\u00fcbt werden und wird nicht durch Propranolol blockiert. Obwohl es die Herzfrequenz und den Blutdruck erh\u00f6hen kann, verursacht es keine Herzrhythmusst\u00f6rungen. Die Mechanismen sind: (1) Aktivierung der Adenylatcyclase, um Adenosintriphosphat in cyclisiertes Adenosinmonophosphat umzuwandeln, das die Myokardkontraktilit\u00e4t erh\u00f6ht; (2) F\u00f6rderung der hepatischen Glykogenolyse und Erh\u00f6hung des Blutzuckerspiegels; (3) F\u00f6rderung der Insulinfreisetzung Chemicalbook-Freisetzung, Verbesserung der myokardialen Verwertung von Glukose und F\u00f6rderung myokardialer anaerober Enzyme, wodurch der myokardiale Energiestoffwechsel verbessert wird. In Kombination mit Digitalis-\u00e4hnlichen Herzglykosiden kann es die Wirksamkeit erh\u00f6hen.<br \/>\n3. Auswirkungen auf die Niere: Erweiterung der Nierengef\u00e4\u00dfe, Verbesserung der Nierendurchblutung und F\u00f6rderung der Ausscheidung von Natrium, Kalium und Kalzium.<br \/>\n4. Auswirkungen auf das Verdauungssystem: Kann eine Entspannung der glatten Muskulatur von Magen und Zw\u00f6lffingerdarm, D\u00fcnndarm und Dickdarm bewirken, die Peristaltik von Magen, D\u00fcnndarm und Dickdarm hemmen und die Sekretion von Galle und Darmfl\u00fcssigkeit erh\u00f6hen.<br \/>\n5. Wirkungen auf das sekretorische System: Nebennierenmark anregen, die Freisetzung von Katecholaminen f\u00f6rdern. Es kann auch die Sekretion von Insulin, Schilddr\u00fcsenhormon, Calcitonin und Wachstumshormon f\u00f6rdern.<\/p>\n","protected":false},"excerpt":{"rendered":"<p>Produktname: Glucagon<br \/>\nCAS: 16941-32-5<br \/>\nMF: C153H225N43O49S<br \/>\nMW: 3482.75<br \/>\nEINECS: 685-611-6<br \/>\nMol Datei: 16941-32-5.mol<\/p>\n","protected":false},"featured_media":2123,"comment_status":"open","ping_status":"closed","template":"","meta":{"om_disable_all_campaigns":false,"_monsterinsights_skip_tracking":false,"_monsterinsights_sitenote_active":false,"_monsterinsights_sitenote_note":"","_monsterinsights_sitenote_category":0,"site-sidebar-layout":"default","site-content-layout":"default","ast-site-content-layout":"default","site-content-style":"default","site-sidebar-style":"default","ast-global-header-display":"","ast-banner-title-visibility":"","ast-main-header-display":"","ast-hfb-above-header-display":"","ast-hfb-below-header-display":"","ast-hfb-mobile-header-display":"","site-post-title":"","ast-breadcrumbs-content":"","ast-featured-img":"","footer-sml-layout":"","ast-disable-related-posts":"","theme-transparent-header-meta":"default","adv-header-id-meta":"","stick-header-meta":"","header-above-stick-meta":"","header-main-stick-meta":"","header-below-stick-meta":"","astra-migrate-meta-layouts":"default","ast-page-background-enabled":"default","ast-page-background-meta":{"desktop":{"background-color":"","background-image":"","background-repeat":"repeat","background-position":"center center","background-size":"auto","background-attachment":"scroll","background-type":"","background-media":"","overlay-type":"","overlay-color":"","overlay-opacity":"","overlay-gradient":""},"tablet":{"background-color":"","background-image":"","background-repeat":"repeat","background-position":"center center","background-size":"auto","background-attachment":"scroll","background-type":"","background-media":"","overlay-type":"","overlay-color":"","overlay-opacity":"","overlay-gradient":""},"mobile":{"background-color":"","background-image":"","background-repeat":"repeat","background-position":"center center","background-size":"auto","background-attachment":"scroll","background-type":"","background-media":"","overlay-type":"","overlay-color":"","overlay-opacity":"","overlay-gradient":""}},"ast-content-background-meta":{"desktop":{"background-color":"var(--ast-global-color-5)","background-image":"","background-repeat":"repeat","background-position":"center center","background-size":"auto","background-attachment":"scroll","background-type":"","background-media":"","overlay-type":"","overlay-color":"","overlay-opacity":"","overlay-gradient":""},"tablet":{"background-color":"var(--ast-global-color-5)","background-image":"","background-repeat":"repeat","background-position":"center center","background-size":"auto","background-attachment":"scroll","background-type":"","background-media":"","overlay-type":"","overlay-color":"","overlay-opacity":"","overlay-gradient":""},"mobile":{"background-color":"var(--ast-global-color-5)","background-image":"","background-repeat":"repeat","background-position":"center center","background-size":"auto","background-attachment":"scroll","background-type":"","background-media":"","overlay-type":"","overlay-color":"","overlay-opacity":"","overlay-gradient":""}}},"product_brand":[],"product_cat":[343],"product_tag":[1090],"class_list":{"0":"post-8640","1":"product","2":"type-product","3":"status-publish","4":"has-post-thumbnail","6":"product_cat-diabetes-peptid","7":"product_tag-glucagon-cas-16941-32-5-promotes-glycogenolysis-and-glucose-production-to-raise-blood-sugar-de","8":"desktop-align-left","9":"tablet-align-left","10":"mobile-align-left","12":"first","13":"instock","14":"shipping-taxable","15":"product-type-simple"},"_links":{"self":[{"href":"https:\/\/puyapeptide.net\/de\/wp-json\/wp\/v2\/product\/8640","targetHints":{"allow":["GET"]}}],"collection":[{"href":"https:\/\/puyapeptide.net\/de\/wp-json\/wp\/v2\/product"}],"about":[{"href":"https:\/\/puyapeptide.net\/de\/wp-json\/wp\/v2\/types\/product"}],"replies":[{"embeddable":true,"href":"https:\/\/puyapeptide.net\/de\/wp-json\/wp\/v2\/comments?post=8640"}],"wp:featuredmedia":[{"embeddable":true,"href":"https:\/\/puyapeptide.net\/de\/wp-json\/wp\/v2\/media\/2123"}],"wp:attachment":[{"href":"https:\/\/puyapeptide.net\/de\/wp-json\/wp\/v2\/media?parent=8640"}],"wp:term":[{"taxonomy":"product_brand","embeddable":true,"href":"https:\/\/puyapeptide.net\/de\/wp-json\/wp\/v2\/product_brand?post=8640"},{"taxonomy":"product_cat","embeddable":true,"href":"https:\/\/puyapeptide.net\/de\/wp-json\/wp\/v2\/product_cat?post=8640"},{"taxonomy":"product_tag","embeddable":true,"href":"https:\/\/puyapeptide.net\/de\/wp-json\/wp\/v2\/product_tag?post=8640"}],"curies":[{"name":"wp","href":"https:\/\/api.w.org\/{rel}","templated":true}]}}