{"id":8675,"date":"2021-12-17T01:52:54","date_gmt":"2021-12-17T06:52:54","guid":{"rendered":"https:\/\/puyapeptide.net\/product\/glp-1-7-37-cas-106612-94-6-senkt-den-blutzucker-glukoseabhaengig-ohne-nebenwirkungen\/"},"modified":"2021-12-17T01:52:54","modified_gmt":"2021-12-17T06:52:54","slug":"glp-1-7-37-cas-106612-94-6-senkt-den-blutzucker-glukoseabhaengig-ohne-nebenwirkungen","status":"publish","type":"product","link":"https:\/\/puyapeptide.net\/de\/product\/glp-1-7-37-cas-106612-94-6-senkt-den-blutzucker-glukoseabhaengig-ohne-nebenwirkungen\/","title":{"rendered":"GLP-1 (7-37) CAS 106612-94-6 senkt den Blutzucker glukoseabh\u00e4ngig ohne Nebenwirkungen"},"content":{"rendered":"<h2><strong>GLP-1 (7-37) CAS 106612-94-6 Senkung des Blutzuckerspiegels ohne Nebenwirkungen<\/strong><\/h2>\n<p>Produktname: H-HIS-ALA-GLU-GLY-THR-PHE-THR-SER-ASP-VAL-SER-SER-TYR-LEU-GLU-GLY-GLN-ALA-ALA-LYS-GLU- PHE-ILE-ALA-TRP-LEU-VAL-LYS-GLY-ARG-GLY-OH\/ GLP-1 (7-37)<br \/>\nSynonyme: Insulinotropin (human);Peptid GLP-1 (humanes glukosesenkendes Peptid -1);Glp-I (7-37);Glukagon-\u00e4hnliches Peptid I (7-37);Glukagon-verwandtes Peptid (Oncorhynchus kisutch), 3-L-Glutamins\u00e4ure-6-L-Phenylalanin-9-L-Asparagin S\u00e4ure-12-L-Serin-15-L-Glutamins\u00e4ure-16-Glycin-21-L-Isoleucin-24-L-Alanin-27-L-Valin-28-L-Lysin-31-Glycin-;Tglp- 1;GLP-1, 7-37;Preproglucagon 78-108<br \/>\nCAS: 106612-94-6<br \/>\nMF: C151H228N40O47<br \/>\nMW: 3355.67<br \/>\nEINECS:<br \/>\nProduktkategorien: Peptide pharm; Peptid<br \/>\nMol Datei: 106612-94-6.mol<\/p>\n<p> <strong>GLP-1 (7-37) CAS 106612-94-6 Chemische Eigenschaften<\/strong><br \/>\nDichte 1,48\u00b10,1 g\/cm3 (vorhergesagt)&lt; &amp;&gt;Lagertemp. \u221220\u00b0C<br \/>\nWasserl\u00f6slichkeit L\u00f6slich in Wasser bei 2mg\/ml<br \/>\nCAS Datenbank-Referenz 106612-94-6<\/p>\n<p> <strong>Funktion und Anwendung von GLP-1 (7-37) CAS 106612-94- 6<\/strong><br \/>\nHumanglucagon-likepPeptid -1(GLP-1) ist ein kleines Polypeptid mit 30 Aminos\u00e4uren, das zus\u00e4tzlich zu den vielf\u00e4ltigen Funktionen von GLP-1 . wirksam ist, den Blutzuckerspiegel glukoseabh\u00e4ngig ohne Nebenwirkungen zu senken , wird es zu einem Forschungs-Hotspot bei der Heilung von DiabetesII. Um seine klinische Anwendung zu verwirklichen, ist es jedoch dringend erforderlich, das Problem seiner kurzen Halbwertszeit in vivo zu l\u00f6sen. Daher werden die \u00dcbersichten \u00fcber die neuesten Fortschritte in der Forschung und klinischen Anwendung von GLP-1 in China und im Ausland auf der Grundlage fr\u00fcherer Studien eine Referenz f\u00fcr Forscher und medizinisches Personal bei der Entwicklung von GLP-1-relevanten Medikamenten sein.<\/p>\n","protected":false},"excerpt":{"rendered":"<p>Produktname: H-HIS-ALA-GLU-GLY-THR-PHE-THR-SER-ASP-VAL-SER-SER-TYR-LEU-GLU-GLY-GLN-ALA-ALA-LYS-GLU-PHE-ILE -ALA-TRP-LEU-VAL-LYS-GLY-ARG-GLY-OH\/GLP-1 (7-37)<br \/>\nCAS: 106612-94-6<br \/>\nMF: C151H228N40O47<br \/>\nMW: 3355,67&lt; &amp;&gt;Mol-Datei: 106612-94-6.mol<\/p>\n","protected":false},"featured_media":2291,"comment_status":"open","ping_status":"closed","template":"","meta":{"om_disable_all_campaigns":false,"_monsterinsights_skip_tracking":false,"_monsterinsights_sitenote_active":false,"_monsterinsights_sitenote_note":"","_monsterinsights_sitenote_category":0,"site-sidebar-layout":"default","site-content-layout":"default","ast-site-content-layout":"default","site-content-style":"default","site-sidebar-style":"default","ast-global-header-display":"","ast-banner-title-visibility":"","ast-main-header-display":"","ast-hfb-above-header-display":"","ast-hfb-below-header-display":"","ast-hfb-mobile-header-display":"","site-post-title":"","ast-breadcrumbs-content":"","ast-featured-img":"","footer-sml-layout":"","ast-disable-related-posts":"","theme-transparent-header-meta":"default","adv-header-id-meta":"","stick-header-meta":"","header-above-stick-meta":"","header-main-stick-meta":"","header-below-stick-meta":"","astra-migrate-meta-layouts":"default","ast-page-background-enabled":"default","ast-page-background-meta":{"desktop":{"background-color":"","background-image":"","background-repeat":"repeat","background-position":"center center","background-size":"auto","background-attachment":"scroll","background-type":"","background-media":"","overlay-type":"","overlay-color":"","overlay-opacity":"","overlay-gradient":""},"tablet":{"background-color":"","background-image":"","background-repeat":"repeat","background-position":"center center","background-size":"auto","background-attachment":"scroll","background-type":"","background-media":"","overlay-type":"","overlay-color":"","overlay-opacity":"","overlay-gradient":""},"mobile":{"background-color":"","background-image":"","background-repeat":"repeat","background-position":"center center","background-size":"auto","background-attachment":"scroll","background-type":"","background-media":"","overlay-type":"","overlay-color":"","overlay-opacity":"","overlay-gradient":""}},"ast-content-background-meta":{"desktop":{"background-color":"var(--ast-global-color-5)","background-image":"","background-repeat":"repeat","background-position":"center center","background-size":"auto","background-attachment":"scroll","background-type":"","background-media":"","overlay-type":"","overlay-color":"","overlay-opacity":"","overlay-gradient":""},"tablet":{"background-color":"var(--ast-global-color-5)","background-image":"","background-repeat":"repeat","background-position":"center center","background-size":"auto","background-attachment":"scroll","background-type":"","background-media":"","overlay-type":"","overlay-color":"","overlay-opacity":"","overlay-gradient":""},"mobile":{"background-color":"var(--ast-global-color-5)","background-image":"","background-repeat":"repeat","background-position":"center center","background-size":"auto","background-attachment":"scroll","background-type":"","background-media":"","overlay-type":"","overlay-color":"","overlay-opacity":"","overlay-gradient":""}}},"product_brand":[],"product_cat":[343],"product_tag":[1081],"class_list":{"0":"post-8675","1":"product","2":"type-product","3":"status-publish","4":"has-post-thumbnail","6":"product_cat-diabetes-peptid","7":"product_tag-glp-1-7-37-cas-106612-94-6-reduce-blood-sugar-in-a-glucose-dependentmanner-without-any-adverse-reactions-de","8":"desktop-align-left","9":"tablet-align-left","10":"mobile-align-left","12":"first","13":"instock","14":"shipping-taxable","15":"product-type-simple"},"_links":{"self":[{"href":"https:\/\/puyapeptide.net\/de\/wp-json\/wp\/v2\/product\/8675","targetHints":{"allow":["GET"]}}],"collection":[{"href":"https:\/\/puyapeptide.net\/de\/wp-json\/wp\/v2\/product"}],"about":[{"href":"https:\/\/puyapeptide.net\/de\/wp-json\/wp\/v2\/types\/product"}],"replies":[{"embeddable":true,"href":"https:\/\/puyapeptide.net\/de\/wp-json\/wp\/v2\/comments?post=8675"}],"wp:featuredmedia":[{"embeddable":true,"href":"https:\/\/puyapeptide.net\/de\/wp-json\/wp\/v2\/media\/2291"}],"wp:attachment":[{"href":"https:\/\/puyapeptide.net\/de\/wp-json\/wp\/v2\/media?parent=8675"}],"wp:term":[{"taxonomy":"product_brand","embeddable":true,"href":"https:\/\/puyapeptide.net\/de\/wp-json\/wp\/v2\/product_brand?post=8675"},{"taxonomy":"product_cat","embeddable":true,"href":"https:\/\/puyapeptide.net\/de\/wp-json\/wp\/v2\/product_cat?post=8675"},{"taxonomy":"product_tag","embeddable":true,"href":"https:\/\/puyapeptide.net\/de\/wp-json\/wp\/v2\/product_tag?post=8675"}],"curies":[{"name":"wp","href":"https:\/\/api.w.org\/{rel}","templated":true}]}}