{"id":8704,"date":"2021-12-17T03:00:38","date_gmt":"2021-12-17T08:00:38","guid":{"rendered":"https:\/\/puyapeptide.net\/product\/ganirelixacetat-cas-123246-29-7-gonadotropin-releasing-hormon-gnrh-antagonisten\/"},"modified":"2021-12-17T03:00:38","modified_gmt":"2021-12-17T08:00:38","slug":"ganirelixacetat-cas-123246-29-7-gonadotropin-releasing-hormon-gnrh-antagonisten","status":"publish","type":"product","link":"https:\/\/puyapeptide.net\/de\/product\/ganirelixacetat-cas-123246-29-7-gonadotropin-releasing-hormon-gnrh-antagonisten\/","title":{"rendered":"Ganirelixacetat CAS 123246-29-7 Gonadotropin-Releasing-Hormon (GnRH)-Antagonisten"},"content":{"rendered":"<h2><strong>Ganirelixacetat CAS 123246-29-7 Gonadotropin-Releasing-Hormon (GnRH)-Antagonisten<\/strong><\/h2>\n<p>Produktname: Ganirelixacetat<br \/>\nSynonyme: Ac-DNal-DCpa-DPal-Ser-Tyr-DHar(Et2)-Leu-Har(Et2)-Pro-DAla -NH2;Ganirelixum;ganirelixacetat;GANIRELIX; Ganirelixacetat USP\/EP\/BP<br \/>\nCAS: 123246-29-7<br \/>\nMF: C80H113ClN18O13<br \/>\nMW: 1570.34<br \/>\nEINECS:<br \/>\nProduktkategorien: Hormone<br \/>\nMol File: 123246-29 -7.mol<\/p>\n<p>Ganirelixacetat ist eine synthetische Decapeptid-Verbindung, die dem endogenen Gonadotropin-Releasing-Hormon (GnRH) (auch bekannt als luteinisierendes Hormon-Releasing-Hormon (LHRH)) \u00e4hnlich ist und ein Antagonist von GnRH ist, der kompetitiv den gonadotropen GnRH-Rezeptor, wodurch der Signalweg mutiert wird und eine schnelle und reversible Hemmung der Sekretion von Gonadotropin (luteinisierendes Hormon LH und follikelstimulierendes Hormon FSH) bewirkt wird. Ganirelixacetat hemmt die LH-Sekretion aus der Hypophyse st\u00e4rker als die FSH-Sekretion und reduziert dadurch die Sexualhormonproduktion.<\/p>\n<p> <strong>Funktion und Anwendung von Ganirelixacetat CAS 123246-29-7<\/strong><br \/>\nGanirelixacetat ist ein Analogon von GnRH mit Substitutionen an den Resten 1, 2, 3, 6, 8 und 10. Es ist kein Superagonist, sondern ein synthetisches Decapeptid mit hoher Antagonistenaktivit\u00e4t und der erste auf dem Markt befindliche GnRH-Antagonist. Es ist zur Unterdr\u00fcckung von LH-Anstiegen bei Frauen zugelassen, die sich einer Fertilit\u00e4tsbehandlung mit ovarieller Hyperstimulation unterziehen; LH-Anstiege f\u00f6rdern normalerweise den Eisprung. Das Ziel dieses Medikaments ist es, die Anzahl der Medikamente, die erforderlich sind, um den LH-Anstieg zu unterdr\u00fccken, signifikant zu reduzieren, wodurch Eizellen in den Eierst\u00f6cken erhalten bleiben. In-vitro-Fertilisation (IVF)-Behandlungszyklen wurden in der Vergangenheit durch die Verabreichung von Leuprolidacetat eingeleitet, um die vorzeitige Freisetzung von LH zu unterdr\u00fccken. Dies hemmt den Eisprung, sodass die Eizellen f\u00fcr die Entnahme durch einen Fruchtbarkeitsspezialisten verf\u00fcgbar bleiben. Zu diesem Zweck wird Leuprolidacetat in der Regel bis zu 26 Tage injiziert. Klinische Studien haben gezeigt, dass Ganirelixacetat den LH-Anstieg in nur 5 Behandlungstagen stoppen kann, dass die Unterdr\u00fcckung von LH ausgepr\u00e4gter ist als die von FSH und dass die k\u00fcrzere Behandlungszeit unangenehme Nebenwirkungen wie Hitzewallungen und Kopfschmerzen minimiert .<\/p>\n<p>Es wird haupts\u00e4chlich klinisch in kontrollierten Stimulationsprotokollen der Eierst\u00f6cke bei Frauen verwendet, die sich einer assistierten Reproduktionstechnologie unterziehen, um vorzeitige Spitzen des luteinisierenden Hormons zu verhindern und zur Behandlung von Fruchtbarkeitsst\u00f6rungen, die durch diese Ursache verursacht werden Chemicalbook. Das Medikament hat weniger Nebenwirkungen, hohe Schwangerschaftsraten und kurze Behandlungszyklen und hat signifikante klinische Vorteile im Vergleich zu \u00e4hnlichen Medikamenten.<\/p>\n","protected":false},"excerpt":{"rendered":"<p>Produktname: Ganirelixacetat<br \/>\nCAS: 123246-29-7<br \/>\nMF: C80H113ClN18O13<br \/>\nMW: 1570.34<br \/>\nProduktkategorien: Hormone<br \/>\nMol Datei: 123246-29-7.mol<\/p>\n","protected":false},"featured_media":2102,"comment_status":"open","ping_status":"closed","template":"","meta":{"om_disable_all_campaigns":false,"_monsterinsights_skip_tracking":false,"_monsterinsights_sitenote_active":false,"_monsterinsights_sitenote_note":"","_monsterinsights_sitenote_category":0,"site-sidebar-layout":"default","site-content-layout":"default","ast-site-content-layout":"default","site-content-style":"default","site-sidebar-style":"default","ast-global-header-display":"","ast-banner-title-visibility":"","ast-main-header-display":"","ast-hfb-above-header-display":"","ast-hfb-below-header-display":"","ast-hfb-mobile-header-display":"","site-post-title":"","ast-breadcrumbs-content":"","ast-featured-img":"","footer-sml-layout":"","ast-disable-related-posts":"","theme-transparent-header-meta":"default","adv-header-id-meta":"","stick-header-meta":"","header-above-stick-meta":"","header-main-stick-meta":"","header-below-stick-meta":"","astra-migrate-meta-layouts":"default","ast-page-background-enabled":"default","ast-page-background-meta":{"desktop":{"background-color":"","background-image":"","background-repeat":"repeat","background-position":"center center","background-size":"auto","background-attachment":"scroll","background-type":"","background-media":"","overlay-type":"","overlay-color":"","overlay-opacity":"","overlay-gradient":""},"tablet":{"background-color":"","background-image":"","background-repeat":"repeat","background-position":"center center","background-size":"auto","background-attachment":"scroll","background-type":"","background-media":"","overlay-type":"","overlay-color":"","overlay-opacity":"","overlay-gradient":""},"mobile":{"background-color":"","background-image":"","background-repeat":"repeat","background-position":"center center","background-size":"auto","background-attachment":"scroll","background-type":"","background-media":"","overlay-type":"","overlay-color":"","overlay-opacity":"","overlay-gradient":""}},"ast-content-background-meta":{"desktop":{"background-color":"var(--ast-global-color-5)","background-image":"","background-repeat":"repeat","background-position":"center center","background-size":"auto","background-attachment":"scroll","background-type":"","background-media":"","overlay-type":"","overlay-color":"","overlay-opacity":"","overlay-gradient":""},"tablet":{"background-color":"var(--ast-global-color-5)","background-image":"","background-repeat":"repeat","background-position":"center center","background-size":"auto","background-attachment":"scroll","background-type":"","background-media":"","overlay-type":"","overlay-color":"","overlay-opacity":"","overlay-gradient":""},"mobile":{"background-color":"var(--ast-global-color-5)","background-image":"","background-repeat":"repeat","background-position":"center center","background-size":"auto","background-attachment":"scroll","background-type":"","background-media":"","overlay-type":"","overlay-color":"","overlay-opacity":"","overlay-gradient":""}}},"product_brand":[],"product_cat":[427],"product_tag":[1022],"class_list":{"0":"post-8704","1":"product","2":"type-product","3":"status-publish","4":"has-post-thumbnail","6":"product_cat-urogenitales-peptid","7":"product_tag-ganirelix-acetate-cas-123246-29-7-gonadotropin-releasing-hormone-gnrh-antagonists-de","8":"desktop-align-left","9":"tablet-align-left","10":"mobile-align-left","12":"first","13":"instock","14":"shipping-taxable","15":"product-type-simple"},"_links":{"self":[{"href":"https:\/\/puyapeptide.net\/de\/wp-json\/wp\/v2\/product\/8704","targetHints":{"allow":["GET"]}}],"collection":[{"href":"https:\/\/puyapeptide.net\/de\/wp-json\/wp\/v2\/product"}],"about":[{"href":"https:\/\/puyapeptide.net\/de\/wp-json\/wp\/v2\/types\/product"}],"replies":[{"embeddable":true,"href":"https:\/\/puyapeptide.net\/de\/wp-json\/wp\/v2\/comments?post=8704"}],"wp:featuredmedia":[{"embeddable":true,"href":"https:\/\/puyapeptide.net\/de\/wp-json\/wp\/v2\/media\/2102"}],"wp:attachment":[{"href":"https:\/\/puyapeptide.net\/de\/wp-json\/wp\/v2\/media?parent=8704"}],"wp:term":[{"taxonomy":"product_brand","embeddable":true,"href":"https:\/\/puyapeptide.net\/de\/wp-json\/wp\/v2\/product_brand?post=8704"},{"taxonomy":"product_cat","embeddable":true,"href":"https:\/\/puyapeptide.net\/de\/wp-json\/wp\/v2\/product_cat?post=8704"},{"taxonomy":"product_tag","embeddable":true,"href":"https:\/\/puyapeptide.net\/de\/wp-json\/wp\/v2\/product_tag?post=8704"}],"curies":[{"name":"wp","href":"https:\/\/api.w.org\/{rel}","templated":true}]}}