{"id":8748,"date":"2021-12-17T03:03:20","date_gmt":"2021-12-17T08:03:20","guid":{"rendered":"https:\/\/puyapeptide.net\/product\/puya-supply-eptifibatid-cas-188627-80-7-hemmt-thrombozytenaggregation-und-thrombose\/"},"modified":"2021-12-17T03:03:20","modified_gmt":"2021-12-17T08:03:20","slug":"puya-supply-eptifibatid-cas-188627-80-7-hemmt-thrombozytenaggregation-und-thrombose","status":"publish","type":"product","link":"https:\/\/puyapeptide.net\/de\/product\/puya-supply-eptifibatid-cas-188627-80-7-hemmt-thrombozytenaggregation-und-thrombose\/","title":{"rendered":"Puya Supply Eptifibatid CAS 188627-80-7 Hemmt Thrombozytenaggregation und Thrombose"},"content":{"rendered":"<h2><strong>Puya Supply Eptifibatid CAS 188627-80-7 Hemmt Thrombozytenaggregation und Thrombose<\/strong><\/h2>\n<p>Produktname: Eptifibatid<br \/>\nSynonyme: Eptifibatidacetatsalz;Eptifibatid,MPA-HAR-Gly-Asp-Trp-Pro-Cys-NH2,MPAHARGDWPC-NH2, &gt;99%;MAP-LYS-GLY-ASP- TRP-PRO-CYS-NH2;INTEGRELIN;Eptifibatid;N6-(Aminoiminomethyl)-N2-(3-mercapto-1-oxopropyl-L-lysylglycyl-La-aspartyl-L-tryptophyl-L-prolyl-L-cysteinamid;MPA -HAR-GLY-ASP-TRP-PRO-CYS-NH2(DISULFIDE BRIDGE, MPA1-CYS6);Intrifiban<br \/>\nCAS: 188627-80-7<br \/>\nMF: C35H49N11O9S2<br \/>\nMW: 831,96<br \/>\nEINECS : 641-366-7<br \/>\nProduktkategorien: Zwischenprodukte &amp; Feinchemikalien;Peptide;Pharmazeutika<br \/>\nMol File: 188627-80-7.mol<\/p>\n<p>Eptifibatid ist eine Art synthetisches cyclisches Hexapeptid bestehend aus 6 Aminos\u00e4uren und 1 Mercaptopropionyl-Rest. Es ist in der Lage, an das Thrombozyten-Rezeptor-Glykoprotein (GP) IIb\/IIIa von menschlichen Thrombozyten zu binden und die Thrombozytenaggregation zu hemmen, wodurch die Bindung des Fibrinogens, des von-Willebrand-Faktors und anderer adh\u00e4siver Liganden blockiert wird indiziert zur Behandlung des akuten Koronarsyndroms (ACS) und des perkutanen Koronarsyndroms i Intervention (PCI). Es ist in der Lage, das Risiko akuter kardialer isch\u00e4mischer Ereignisse bei Patienten mit instabiler Angina pectoris oder Myokardinfektion ohne ST-Streckenhebung zu verringern. Es wird oft in Kombination mit Aspirin oder Clopidogrel und Heparin verwendet. Es kann durch Peptidsynthese in L\u00f6sung hergestellt und durch pr\u00e4parative Umkehrphasen-Fl\u00fcssigchromatographie und Lyophilisation gereinigt werden. <\/p>\n<p> <strong>Eptifibatid CAS 188627-80-7 Chemische Eigenschaften<\/strong><br \/>\nDichte 1,60\u00b10,1 g\/cm3 (vorhergesagt)<br \/>\nLagertemp. Trocken versiegelt, im Gefrierschrank lagern, unter -20\u00b0C<br \/>\npka 4,01\u00b10,10(vorhergesagt)<br \/>\nCAS-Datenbank-Referenz 188627-80-7<\/p>\n<p> <strong>Funktion und Anwendung von Eptifibatid CAS 188627-80- 7<\/strong><br \/>\nEin Arginin-Glycin-Aspartat-Mimetikum, das reversibel an Blutpl\u00e4ttchen bindet, um das Risiko kardialer isch\u00e4mischer Ereignisse zu verringern.<\/p>\n","protected":false},"excerpt":{"rendered":"<p>Produktname: Eptifibatid<br \/>\nCAS: 188627-80-7<br \/>\nMF: C35H49N11O9S2<br \/>\nMW: 831.96<br \/>\nEINECS: 641-366-7<br \/>\nMol Datei: 188627-80-7.mol<\/p>\n","protected":false},"featured_media":2102,"comment_status":"open","ping_status":"closed","template":"","meta":{"om_disable_all_campaigns":false,"_monsterinsights_skip_tracking":false,"_monsterinsights_sitenote_active":false,"_monsterinsights_sitenote_note":"","_monsterinsights_sitenote_category":0,"site-sidebar-layout":"default","site-content-layout":"default","ast-site-content-layout":"default","site-content-style":"default","site-sidebar-style":"default","ast-global-header-display":"","ast-banner-title-visibility":"","ast-main-header-display":"","ast-hfb-above-header-display":"","ast-hfb-below-header-display":"","ast-hfb-mobile-header-display":"","site-post-title":"","ast-breadcrumbs-content":"","ast-featured-img":"","footer-sml-layout":"","ast-disable-related-posts":"","theme-transparent-header-meta":"default","adv-header-id-meta":"","stick-header-meta":"","header-above-stick-meta":"","header-main-stick-meta":"","header-below-stick-meta":"","astra-migrate-meta-layouts":"default","ast-page-background-enabled":"default","ast-page-background-meta":{"desktop":{"background-color":"","background-image":"","background-repeat":"repeat","background-position":"center center","background-size":"auto","background-attachment":"scroll","background-type":"","background-media":"","overlay-type":"","overlay-color":"","overlay-opacity":"","overlay-gradient":""},"tablet":{"background-color":"","background-image":"","background-repeat":"repeat","background-position":"center center","background-size":"auto","background-attachment":"scroll","background-type":"","background-media":"","overlay-type":"","overlay-color":"","overlay-opacity":"","overlay-gradient":""},"mobile":{"background-color":"","background-image":"","background-repeat":"repeat","background-position":"center center","background-size":"auto","background-attachment":"scroll","background-type":"","background-media":"","overlay-type":"","overlay-color":"","overlay-opacity":"","overlay-gradient":""}},"ast-content-background-meta":{"desktop":{"background-color":"var(--ast-global-color-5)","background-image":"","background-repeat":"repeat","background-position":"center center","background-size":"auto","background-attachment":"scroll","background-type":"","background-media":"","overlay-type":"","overlay-color":"","overlay-opacity":"","overlay-gradient":""},"tablet":{"background-color":"var(--ast-global-color-5)","background-image":"","background-repeat":"repeat","background-position":"center center","background-size":"auto","background-attachment":"scroll","background-type":"","background-media":"","overlay-type":"","overlay-color":"","overlay-opacity":"","overlay-gradient":""},"mobile":{"background-color":"var(--ast-global-color-5)","background-image":"","background-repeat":"repeat","background-position":"center center","background-size":"auto","background-attachment":"scroll","background-type":"","background-media":"","overlay-type":"","overlay-color":"","overlay-opacity":"","overlay-gradient":""}}},"product_brand":[],"product_cat":[409],"product_tag":[978],"class_list":{"0":"post-8748","1":"product","2":"type-product","3":"status-publish","4":"has-post-thumbnail","6":"product_cat-blut-und-vaskulaeres-peptid","7":"product_tag-puya-supply-eptifibatide-cas-188627-80-7-de","8":"desktop-align-left","9":"tablet-align-left","10":"mobile-align-left","12":"first","13":"instock","14":"shipping-taxable","15":"product-type-simple"},"_links":{"self":[{"href":"https:\/\/puyapeptide.net\/de\/wp-json\/wp\/v2\/product\/8748","targetHints":{"allow":["GET"]}}],"collection":[{"href":"https:\/\/puyapeptide.net\/de\/wp-json\/wp\/v2\/product"}],"about":[{"href":"https:\/\/puyapeptide.net\/de\/wp-json\/wp\/v2\/types\/product"}],"replies":[{"embeddable":true,"href":"https:\/\/puyapeptide.net\/de\/wp-json\/wp\/v2\/comments?post=8748"}],"wp:featuredmedia":[{"embeddable":true,"href":"https:\/\/puyapeptide.net\/de\/wp-json\/wp\/v2\/media\/2102"}],"wp:attachment":[{"href":"https:\/\/puyapeptide.net\/de\/wp-json\/wp\/v2\/media?parent=8748"}],"wp:term":[{"taxonomy":"product_brand","embeddable":true,"href":"https:\/\/puyapeptide.net\/de\/wp-json\/wp\/v2\/product_brand?post=8748"},{"taxonomy":"product_cat","embeddable":true,"href":"https:\/\/puyapeptide.net\/de\/wp-json\/wp\/v2\/product_cat?post=8748"},{"taxonomy":"product_tag","embeddable":true,"href":"https:\/\/puyapeptide.net\/de\/wp-json\/wp\/v2\/product_tag?post=8748"}],"curies":[{"name":"wp","href":"https:\/\/api.w.org\/{rel}","templated":true}]}}