{"id":8794,"date":"2021-12-17T03:06:12","date_gmt":"2021-12-17T08:06:12","guid":{"rendered":"https:\/\/puyapeptide.net\/product\/puya-versorgungsmaterial-degarelix-azetat-cas-214766-78-6-verwendet-fuer-festlichkeits-prostatakrebs\/"},"modified":"2021-12-17T03:06:12","modified_gmt":"2021-12-17T08:06:12","slug":"puya-versorgungsmaterial-degarelix-azetat-cas-214766-78-6-verwendet-fuer-festlichkeits-prostatakrebs","status":"publish","type":"product","link":"https:\/\/puyapeptide.net\/de\/product\/puya-versorgungsmaterial-degarelix-azetat-cas-214766-78-6-verwendet-fuer-festlichkeits-prostatakrebs\/","title":{"rendered":"Puya-Versorgungsmaterial Degarelix-Azetat CAS 214766-78-6 verwendet f\u00fcr Festlichkeits-Prostatakrebs"},"content":{"rendered":"<h2><strong>Puya-Versorgungsmaterial Degarelix-Azetat CAS 214766-78-6 verwendet f\u00fcr Festlichkeits-Prostatakrebs<\/strong><\/h2>\n<p>Produktname: DEGARELIX<br \/>\nSynonyme: DEGARELIX;Degarelixacetat;N-Acetyl-3-(2-naphthyl)-D-alanyl-4-chlor-D-phenylalanyl-3-(3-pyridyl)-D -Alanyl-L-seryl-4-[2,6-dioxohexahydropyrimidin-4(S)-ylcarboxamido]-L-phenylalanyl-4-ureido-D-phenylalanyl-L-leucyl-N6-isopropyl-L-lysyl-L- Prolyl-D-Alaninamidacetat;Degarelixacetatsalz;D-Alaninamid, N-Acetyl-3-(naphtalen-2-yl)-D-alanyl-4-chlor-D-phenylalanyl-3-(pyridin-3-yl) -D-Alanyl-L-seryl-4-(((((4S)-2,6-dioxohexahydropyrimidin-4-yl)carbonyl)amino)-L-phenylalanyl-4-(carbamoylamino)-D-phenylalanyl-L-leucyl -N6-(1-methylethyl)-L-lysyl-L-prolyl-;Degarelixacetat(FE-200486,Degarelix);FirMagon;Degarelix, Degarelixacetat<br \/>\nCAS: 214766-78-6<br \/>\nMF: C82H103ClN18O16<br \/>\nMW: 1632.26<br \/>\nEINECS: 807-277-4<br \/>\nProduktkategorien: API<br \/>\nMol File: 214766-78-6.mol<\/p>\n<p>Antagonisten von GnRH haben sich als wirksam erwiesen wirksame Therapie bei hormonell regulierten Krebsarten wie Prostata und einigen Brustformen. Als Analoga von GnRH binden sie kompetitiv und reversibel an GnRH-Rezeptoren in der Hypophyse, wodurch die Freisetzung des luteinisierenden Hormons (LH) und des follikelstimulierenden Hormons (FSH) blockiert wird. Bei M\u00e4nnern l\u00f6st die Verringerung von LH die Ablation der Testosteronsekretion aus den Hoden aus, und diese kastrations\u00e4hnlichen Werte waren f\u00fcr die wirksame Behandlung von fortgeschrittenem Prostatakrebs unerl\u00e4sslich. Im Vergleich zu GnRH-Agonisten kommt es bei Antagonisten nicht zu einem potentiellen Wiederaufflammen der Krankheit als Ergebnis einer anf\u00e4nglichen Stimulation der Hypothalamus-Hypophysen-Gonaden-Achse vor der Herunterregulierung des GnRH-Rezeptors. Dar\u00fcber hinaus bieten GnRH-Antagonisten nach der Dosierung schneller positive Wirkungen und f\u00fchren zu einer effizienteren Suppression der Gonadotropinspiegel. Vor diesem Hintergrund wurde Degarelixacetat als GnRH-Antagonist der dritten Generation zur Behandlung von Prostatakrebs eingef\u00fchrt und gesellt sich zu anderen Wirkstoffen der dritten Generation, Ganirelix und Cetronelix, auf den Markt.<\/p>\n<p> <strong>Chemische Eigenschaften von Degarelixacetat CAS 214766-78-6<\/strong><br \/>\nDichte 1,325\u00b10,06 g\/cm3 (vorhergesagt)<br \/>\nLagertemp. An einem dunklen Ort aufbewahren,Inerte Atmosph\u00e4re,Im Gefrierschrank lagern, unter -20\u00b0C<br \/>\npka 10,38\u00b10,40(vorhergesagt)<\/p>\n<p> <strong>Funktion und Anwendung von Degarelix Acetate CAS 214766-78-6<\/strong><br \/>\nAdvanced hormone -abh\u00e4ngiges Prostatakarzinom<\/p>\n<p>Desmopressin&#39; (Handelsnamen: DDAVP, DesmoMelt, Minirin, Minirin Melt, Octim, Stimate) ist ein synthetischer Ersatz f\u00fcr Vasopressin, das Hormon, das die Urinproduktion reduziert. Es kann nasal, intraven\u00f6s oder als orale oder sublinguale Tablette eingenommen werden. \u00c4rzte verschreiben Desmopressin am h\u00e4ufigsten zur Behandlung von Diabetes insipidus, Bettn\u00e4ssen oder Nykturie.<\/p>\n<p>Es kann nasal, intraven\u00f6s oder als Tablette eingenommen werden. \u00c4rzte verschreiben Desmopressin&#39; am h\u00e4ufigsten zur Behandlung von Diabetes insipidus oder n\u00e4chtlicher Enuresis. Desmopressin&#39; (1-Desamino-8-D-Arginin-Vasopressin) ist eine modifizierte Form des normalen menschlichen Hormons Arginin-Vasopressin, ein Peptid mit neun Aminos\u00e4uren. Die medizinische Verwendung von Desmopressin&#39;-Acetat umfasst: (a) Bettn\u00e4ssen; (b) n\u00e4chtliches Wasserlassen; (c) Gerinnungsst\u00f6rungen; (d) Diabetes insipidus.<\/p>\n","protected":false},"excerpt":{"rendered":"<p>Produktname: DEGARELIX<br \/>\nCAS: 214766-78-6<br \/>\nMF: C82H103ClN18O16<br \/>\nMW: 1632.26<br \/>\nEINECS: 807-277-4<br \/>\nProduktkategorien: API<br \/>\nMol File: 214766 -78-6.mol<\/p>\n","protected":false},"featured_media":2123,"comment_status":"open","ping_status":"closed","template":"","meta":{"om_disable_all_campaigns":false,"_monsterinsights_skip_tracking":false,"_monsterinsights_sitenote_active":false,"_monsterinsights_sitenote_note":"","_monsterinsights_sitenote_category":0,"site-sidebar-layout":"default","site-content-layout":"default","ast-site-content-layout":"default","site-content-style":"default","site-sidebar-style":"default","ast-global-header-display":"","ast-banner-title-visibility":"","ast-main-header-display":"","ast-hfb-above-header-display":"","ast-hfb-below-header-display":"","ast-hfb-mobile-header-display":"","site-post-title":"","ast-breadcrumbs-content":"","ast-featured-img":"","footer-sml-layout":"","ast-disable-related-posts":"","theme-transparent-header-meta":"default","adv-header-id-meta":"","stick-header-meta":"","header-above-stick-meta":"","header-main-stick-meta":"","header-below-stick-meta":"","astra-migrate-meta-layouts":"default","ast-page-background-enabled":"default","ast-page-background-meta":{"desktop":{"background-color":"","background-image":"","background-repeat":"repeat","background-position":"center center","background-size":"auto","background-attachment":"scroll","background-type":"","background-media":"","overlay-type":"","overlay-color":"","overlay-opacity":"","overlay-gradient":""},"tablet":{"background-color":"","background-image":"","background-repeat":"repeat","background-position":"center center","background-size":"auto","background-attachment":"scroll","background-type":"","background-media":"","overlay-type":"","overlay-color":"","overlay-opacity":"","overlay-gradient":""},"mobile":{"background-color":"","background-image":"","background-repeat":"repeat","background-position":"center center","background-size":"auto","background-attachment":"scroll","background-type":"","background-media":"","overlay-type":"","overlay-color":"","overlay-opacity":"","overlay-gradient":""}},"ast-content-background-meta":{"desktop":{"background-color":"var(--ast-global-color-5)","background-image":"","background-repeat":"repeat","background-position":"center center","background-size":"auto","background-attachment":"scroll","background-type":"","background-media":"","overlay-type":"","overlay-color":"","overlay-opacity":"","overlay-gradient":""},"tablet":{"background-color":"var(--ast-global-color-5)","background-image":"","background-repeat":"repeat","background-position":"center center","background-size":"auto","background-attachment":"scroll","background-type":"","background-media":"","overlay-type":"","overlay-color":"","overlay-opacity":"","overlay-gradient":""},"mobile":{"background-color":"var(--ast-global-color-5)","background-image":"","background-repeat":"repeat","background-position":"center center","background-size":"auto","background-attachment":"scroll","background-type":"","background-media":"","overlay-type":"","overlay-color":"","overlay-opacity":"","overlay-gradient":""}}},"product_brand":[],"product_cat":[396],"product_tag":[937],"class_list":{"0":"post-8794","1":"product","2":"type-product","3":"status-publish","4":"has-post-thumbnail","6":"product_cat-anti-tumor-peptid-de","7":"product_tag-puya-supply-degarelix-acetate-cas-214766-78-6-used-for-treat-prostate-cancer-de","8":"desktop-align-left","9":"tablet-align-left","10":"mobile-align-left","12":"first","13":"instock","14":"shipping-taxable","15":"product-type-simple"},"_links":{"self":[{"href":"https:\/\/puyapeptide.net\/de\/wp-json\/wp\/v2\/product\/8794","targetHints":{"allow":["GET"]}}],"collection":[{"href":"https:\/\/puyapeptide.net\/de\/wp-json\/wp\/v2\/product"}],"about":[{"href":"https:\/\/puyapeptide.net\/de\/wp-json\/wp\/v2\/types\/product"}],"replies":[{"embeddable":true,"href":"https:\/\/puyapeptide.net\/de\/wp-json\/wp\/v2\/comments?post=8794"}],"wp:featuredmedia":[{"embeddable":true,"href":"https:\/\/puyapeptide.net\/de\/wp-json\/wp\/v2\/media\/2123"}],"wp:attachment":[{"href":"https:\/\/puyapeptide.net\/de\/wp-json\/wp\/v2\/media?parent=8794"}],"wp:term":[{"taxonomy":"product_brand","embeddable":true,"href":"https:\/\/puyapeptide.net\/de\/wp-json\/wp\/v2\/product_brand?post=8794"},{"taxonomy":"product_cat","embeddable":true,"href":"https:\/\/puyapeptide.net\/de\/wp-json\/wp\/v2\/product_cat?post=8794"},{"taxonomy":"product_tag","embeddable":true,"href":"https:\/\/puyapeptide.net\/de\/wp-json\/wp\/v2\/product_tag?post=8794"}],"curies":[{"name":"wp","href":"https:\/\/api.w.org\/{rel}","templated":true}]}}