{"id":8903,"date":"2021-12-17T03:14:18","date_gmt":"2021-12-17T08:14:18","guid":{"rendered":"https:\/\/puyapeptide.net\/product\/carbetocinacetat-cas-37025-55-1vorbeugung-von-schwachen-uteruskontraktionen-und-postpartalen-blutungen\/"},"modified":"2021-12-17T03:14:18","modified_gmt":"2021-12-17T08:14:18","slug":"carbetocinacetat-cas-37025-55-1vorbeugung-von-schwachen-uteruskontraktionen-und-postpartalen-blutungen","status":"publish","type":"product","link":"https:\/\/puyapeptide.net\/de\/product\/carbetocinacetat-cas-37025-55-1vorbeugung-von-schwachen-uteruskontraktionen-und-postpartalen-blutungen\/","title":{"rendered":"Carbetocinacetat CAS 37025-55-1Vorbeugung von schwachen Uteruskontraktionen und postpartalen Blutungen"},"content":{"rendered":"<h2><strong>Carbetocinacetat CAS 37025-55-1 Vorbeugung von schwachen Uteruskontraktionen und postpartalen Blutungen<\/strong><\/h2>\n<p>Produktname: CARBETOCIN<br \/>\nSynonym: BUTYRYL-TYR(ME)-ILE-GLN-ASN-CYS-PRO-LEU-GLY-NH2, (SULFIDE-BINDE ZWISCHEN BUTYRYL-4-YL UND CYS);BUTYRYL- TYR(ME)-ILE-GLN-ASN-CYS-PRO-LEU-GLY-NH2 TRIFLUOROACETATE SALZ;(BUTYRYL1,TYR(ME)2)-1-CARBAOXYTOCIN TRIFLUOROACETATE SALZ;(BUTYRYL1,TYR(ME)2)-OXYTOCIN ;(BUTYRYL1 : C45H69N11O12S<br \/>\nMW: 988.17<br \/>\nEINECS: 253-312-6<br \/>\nProduktkategorien: Andere APIs;Peptid;Vasopressin und Oxytocin-Rezeptor;Zwischenprodukte und Feinchemikalien;Pharmazeutika<br \/>\nMol File: 37025- 55- 1.mol<\/p>\n<p>Carbetocin ist ein synthetisches langwirksames Oxytocin-8-Peptid-Analogon mit agonistischen Eigenschaften, mit klinischen und pharmakologischen Eigenschaften, die von nat\u00fcrlich vorkommendem Oxytocin \u00e4hneln. Wie Oxytocin bindet Carbetocin an die Oxytocinoren in der glatte Muskulatur der Geb\u00e4rmutter und verursacht eine rhythmische Kontraktion der Geb\u00e4rmutter schwangeren Zustand ist sterben Konzentration der Oxytocin-Rezeptoren in der Geb\u00e4rmutter niedrig, steigt w\u00e4hrend der Schwangerschaft und ihren H\u00f6hepunkt bei der Geburt erreicht. Daher hat Cabergolin keine Wirkung auf die nicht-schwangere Geb\u00e4rmutter, aber eine wirksame Uteruskontraktionswirkung auf die schwangere Geb\u00e4rmutter und die gerade entbundene Geb\u00e4rmutter.<\/p>\n<p> <strong>CARBETOCIN Chemische Eigenschaften von Carbetocin<\/strong><br \/>\nalpha D &#8211; 69,0\u00b0 (c = 0,25 in 1 M Essigs\u00e4ure)<br \/>\nSiedepunkt 1477,9 \u00b1 65,0 \u00b0C (vorhergesagt)<br \/>\n Dichte 1,218 \u00b1 0,06 g\/cm3 (vorhergesagt)<br \/>\nLagertemp. -15\u00b0C<br \/>\nFormpulver<br \/>\npka 13,07\u00b10,70(vorhergesagt)<br \/>\nFarbe wei\u00df bis beige<\/p>\n<p> <strong>Funktion und Anwendung von Carbetocin<\/strong><br \/>\nZur Anwendung nach elektiver Peridural- oder Lumbalan\u00e4sthesie bei Kaiserschnitt Geburt, um schwache Uteruskontraktionen und postpartale Blutungen zu verhindern und endokrine Erkrankungen (au\u00dfer Schwangerschaftsdiabetes) Die Anwendung von Carbetocin wurde nicht untersucht. Die Verabreichung von Carbetocin nach vaginaler Entbindung wurde nicht richtig untersucht und sterben Dosis wurde nicht bestimmt.<\/p>\n","protected":false},"excerpt":{"rendered":"<p>Produktname: CARBETOCIN<br \/>\nCAS: 37025-55-1<br \/>\nMF: C45H69N11O12S<br \/>\nMW: 988.17<br \/>\nEINECS: 253-312-6<br \/>\nMol Datei: 37025-55-1.mol<\/p>\n","protected":false},"featured_media":2207,"comment_status":"open","ping_status":"closed","template":"","meta":{"om_disable_all_campaigns":false,"_monsterinsights_skip_tracking":false,"_monsterinsights_sitenote_active":false,"_monsterinsights_sitenote_note":"","_monsterinsights_sitenote_category":0,"site-sidebar-layout":"default","site-content-layout":"default","ast-site-content-layout":"default","site-content-style":"default","site-sidebar-style":"default","ast-global-header-display":"","ast-banner-title-visibility":"","ast-main-header-display":"","ast-hfb-above-header-display":"","ast-hfb-below-header-display":"","ast-hfb-mobile-header-display":"","site-post-title":"","ast-breadcrumbs-content":"","ast-featured-img":"","footer-sml-layout":"","ast-disable-related-posts":"","theme-transparent-header-meta":"default","adv-header-id-meta":"","stick-header-meta":"","header-above-stick-meta":"","header-main-stick-meta":"","header-below-stick-meta":"","astra-migrate-meta-layouts":"default","ast-page-background-enabled":"default","ast-page-background-meta":{"desktop":{"background-color":"","background-image":"","background-repeat":"repeat","background-position":"center center","background-size":"auto","background-attachment":"scroll","background-type":"","background-media":"","overlay-type":"","overlay-color":"","overlay-opacity":"","overlay-gradient":""},"tablet":{"background-color":"","background-image":"","background-repeat":"repeat","background-position":"center center","background-size":"auto","background-attachment":"scroll","background-type":"","background-media":"","overlay-type":"","overlay-color":"","overlay-opacity":"","overlay-gradient":""},"mobile":{"background-color":"","background-image":"","background-repeat":"repeat","background-position":"center center","background-size":"auto","background-attachment":"scroll","background-type":"","background-media":"","overlay-type":"","overlay-color":"","overlay-opacity":"","overlay-gradient":""}},"ast-content-background-meta":{"desktop":{"background-color":"var(--ast-global-color-5)","background-image":"","background-repeat":"repeat","background-position":"center center","background-size":"auto","background-attachment":"scroll","background-type":"","background-media":"","overlay-type":"","overlay-color":"","overlay-opacity":"","overlay-gradient":""},"tablet":{"background-color":"var(--ast-global-color-5)","background-image":"","background-repeat":"repeat","background-position":"center center","background-size":"auto","background-attachment":"scroll","background-type":"","background-media":"","overlay-type":"","overlay-color":"","overlay-opacity":"","overlay-gradient":""},"mobile":{"background-color":"var(--ast-global-color-5)","background-image":"","background-repeat":"repeat","background-position":"center center","background-size":"auto","background-attachment":"scroll","background-type":"","background-media":"","overlay-type":"","overlay-color":"","overlay-opacity":"","overlay-gradient":""}}},"product_brand":[],"product_cat":[427],"product_tag":[825],"class_list":{"0":"post-8903","1":"product","2":"type-product","3":"status-publish","4":"has-post-thumbnail","6":"product_cat-urogenitales-peptid","7":"product_tag-carbetocin-acetate-cas-37025-55-1-de","8":"desktop-align-left","9":"tablet-align-left","10":"mobile-align-left","12":"first","13":"instock","14":"shipping-taxable","15":"product-type-simple"},"_links":{"self":[{"href":"https:\/\/puyapeptide.net\/de\/wp-json\/wp\/v2\/product\/8903","targetHints":{"allow":["GET"]}}],"collection":[{"href":"https:\/\/puyapeptide.net\/de\/wp-json\/wp\/v2\/product"}],"about":[{"href":"https:\/\/puyapeptide.net\/de\/wp-json\/wp\/v2\/types\/product"}],"replies":[{"embeddable":true,"href":"https:\/\/puyapeptide.net\/de\/wp-json\/wp\/v2\/comments?post=8903"}],"wp:featuredmedia":[{"embeddable":true,"href":"https:\/\/puyapeptide.net\/de\/wp-json\/wp\/v2\/media\/2207"}],"wp:attachment":[{"href":"https:\/\/puyapeptide.net\/de\/wp-json\/wp\/v2\/media?parent=8903"}],"wp:term":[{"taxonomy":"product_brand","embeddable":true,"href":"https:\/\/puyapeptide.net\/de\/wp-json\/wp\/v2\/product_brand?post=8903"},{"taxonomy":"product_cat","embeddable":true,"href":"https:\/\/puyapeptide.net\/de\/wp-json\/wp\/v2\/product_cat?post=8903"},{"taxonomy":"product_tag","embeddable":true,"href":"https:\/\/puyapeptide.net\/de\/wp-json\/wp\/v2\/product_tag?post=8903"}],"curies":[{"name":"wp","href":"https:\/\/api.w.org\/{rel}","templated":true}]}}