{"id":5042,"date":"2021-12-16T03:25:41","date_gmt":"2021-12-16T08:25:41","guid":{"rendered":"https:\/\/puyapeptide.net\/peptido-personalizado\/"},"modified":"2021-12-16T03:25:50","modified_gmt":"2021-12-16T08:25:50","slug":"peptido-personalizado","status":"publish","type":"page","link":"https:\/\/puyapeptide.net\/es\/peptido-personalizado\/","title":{"rendered":"P\u00e9ptido personalizado"},"content":{"rendered":"\t\t<div data-elementor-type=\"wp-page\" data-elementor-id=\"5042\" class=\"elementor elementor-5042\">\n\t\t\t\t\t\t<section class=\"elementor-section elementor-top-section elementor-element elementor-element-750ce8d elementor-section-boxed elementor-section-height-default elementor-section-height-default\" data-id=\"750ce8d\" data-element_type=\"section\" data-e-type=\"section\" data-settings=\"{&quot;background_background&quot;:&quot;classic&quot;}\">\n\t\t\t\t\t\t<div class=\"elementor-container elementor-column-gap-no\">\n\t\t\t\t\t<div class=\"elementor-column elementor-col-100 elementor-top-column elementor-element elementor-element-5392e4d\" data-id=\"5392e4d\" data-element_type=\"column\" data-e-type=\"column\">\n\t\t\t<div class=\"elementor-widget-wrap elementor-element-populated\">\n\t\t\t\t\t\t<div class=\"elementor-element elementor-element-950ab56 elementor-widget elementor-widget-heading\" data-id=\"950ab56\" data-element_type=\"widget\" data-e-type=\"widget\" data-widget_type=\"heading.default\">\n\t\t\t\t<div class=\"elementor-widget-container\">\n\t\t\t\t\t<h1 class=\"elementor-heading-title elementor-size-default\">P\u00e9ptido personalizado<\/h1>\t\t\t\t<\/div>\n\t\t\t\t<\/div>\n\t\t\t\t<div class=\"elementor-element elementor-element-8063b88 elementor-widget elementor-widget-text-editor\" data-id=\"8063b88\" data-element_type=\"widget\" data-e-type=\"widget\" data-widget_type=\"text-editor.default\">\n\t\t\t\t<div class=\"elementor-widget-container\">\n\t\t\t\t\t\t\t\t\t<p>Estamos comprometidos a brindar servicios de personalizaci\u00f3n de p\u00e9ptidos integrales y de alta calidad y soporte t\u00e9cnico a empresas de biotecnolog\u00eda, institutos de investigaci\u00f3n y universidades en el pa\u00eds y en el extranjero. Hasta ahora, hemos entregado casi 20.000 p\u00e9ptidos a nuestros clientes. Bajo el estricto sistema de calidad, nuestra empresa adopta juntos equipos avanzados como Waters, Agilent, que brindan una s\u00f3lida garant\u00eda de la calidad de los productos.<\/p>\n\t\t\t\t\t\t\t\t<\/div>\n\t\t\t\t<\/div>\n\t\t\t\t\t<\/div>\n\t\t<\/div>\n\t\t\t\t\t<\/div>\n\t\t<\/section>\n\t\t\t\t<section class=\"elementor-section elementor-top-section elementor-element elementor-element-f7e7052 elementor-section-boxed elementor-section-height-default elementor-section-height-default\" data-id=\"f7e7052\" data-element_type=\"section\" data-e-type=\"section\">\n\t\t\t\t\t\t<div class=\"elementor-container elementor-column-gap-default\">\n\t\t\t\t\t<div class=\"elementor-column elementor-col-33 elementor-top-column elementor-element elementor-element-afe398d\" data-id=\"afe398d\" data-element_type=\"column\" data-e-type=\"column\">\n\t\t\t<div class=\"elementor-widget-wrap elementor-element-populated\">\n\t\t\t\t\t\t<div class=\"elementor-element elementor-element-d447bbe elementor-widget elementor-widget-image\" data-id=\"d447bbe\" data-element_type=\"widget\" data-e-type=\"widget\" data-widget_type=\"image.default\">\n\t\t\t\t<div class=\"elementor-widget-container\">\n\t\t\t\t\t\t\t\t\t\t\t\t\t\t\t<img fetchpriority=\"high\" decoding=\"async\" width=\"344\" height=\"258\" src=\"https:\/\/puyapeptide.net\/wp-content\/uploads\/2020\/08\/pathologycam-testing.jpg\" class=\"attachment-large size-large wp-image-1313\" alt=\"\" \/>\t\t\t\t\t\t\t\t\t\t\t\t\t\t\t<\/div>\n\t\t\t\t<\/div>\n\t\t\t\t\t<\/div>\n\t\t<\/div>\n\t\t\t\t<div class=\"elementor-column elementor-col-33 elementor-top-column elementor-element elementor-element-1f724c8\" data-id=\"1f724c8\" data-element_type=\"column\" data-e-type=\"column\">\n\t\t\t<div class=\"elementor-widget-wrap elementor-element-populated\">\n\t\t\t\t\t\t<div class=\"elementor-element elementor-element-179709f elementor-widget elementor-widget-image\" data-id=\"179709f\" data-element_type=\"widget\" data-e-type=\"widget\" data-widget_type=\"image.default\">\n\t\t\t\t<div class=\"elementor-widget-container\">\n\t\t\t\t\t\t\t\t\t\t\t\t\t\t\t<img decoding=\"async\" width=\"344\" height=\"258\" src=\"https:\/\/puyapeptide.net\/wp-content\/uploads\/2020\/08\/mineral-assay.jpg\" class=\"attachment-large size-large wp-image-1271\" alt=\"\" \/>\t\t\t\t\t\t\t\t\t\t\t\t\t\t\t<\/div>\n\t\t\t\t<\/div>\n\t\t\t\t\t<\/div>\n\t\t<\/div>\n\t\t\t\t<div class=\"elementor-column elementor-col-33 elementor-top-column elementor-element elementor-element-38c63b1\" data-id=\"38c63b1\" data-element_type=\"column\" data-e-type=\"column\">\n\t\t\t<div class=\"elementor-widget-wrap elementor-element-populated\">\n\t\t\t\t\t\t<div class=\"elementor-element elementor-element-47f701a elementor-widget elementor-widget-image\" data-id=\"47f701a\" data-element_type=\"widget\" data-e-type=\"widget\" data-widget_type=\"image.default\">\n\t\t\t\t<div class=\"elementor-widget-container\">\n\t\t\t\t\t\t\t\t\t\t\t\t\t\t\t<img decoding=\"async\" width=\"344\" height=\"258\" src=\"https:\/\/puyapeptide.net\/wp-content\/uploads\/2020\/08\/parmaceutical-reserach.jpg\" class=\"attachment-large size-large wp-image-1292\" alt=\"\" \/>\t\t\t\t\t\t\t\t\t\t\t\t\t\t\t<\/div>\n\t\t\t\t<\/div>\n\t\t\t\t\t<\/div>\n\t\t<\/div>\n\t\t\t\t\t<\/div>\n\t\t<\/section>\n\t\t\t\t<section class=\"elementor-section elementor-top-section elementor-element elementor-element-c933d5a elementor-section-boxed elementor-section-height-default elementor-section-height-default\" data-id=\"c933d5a\" data-element_type=\"section\" data-e-type=\"section\">\n\t\t\t\t\t\t<div class=\"elementor-container elementor-column-gap-default\">\n\t\t\t\t\t<div class=\"elementor-column elementor-col-33 elementor-top-column elementor-element elementor-element-9ada36e\" data-id=\"9ada36e\" data-element_type=\"column\" data-e-type=\"column\">\n\t\t\t<div class=\"elementor-widget-wrap elementor-element-populated\">\n\t\t\t\t\t\t<div class=\"elementor-element elementor-element-9431dcd elementor-widget elementor-widget-heading\" data-id=\"9431dcd\" data-element_type=\"widget\" data-e-type=\"widget\" data-widget_type=\"heading.default\">\n\t\t\t\t<div class=\"elementor-widget-container\">\n\t\t\t\t\t<h3 class=\"elementor-heading-title elementor-size-default\">Prueba de Pathologycam<\/h3>\t\t\t\t<\/div>\n\t\t\t\t<\/div>\n\t\t\t\t\t<\/div>\n\t\t<\/div>\n\t\t\t\t<div class=\"elementor-column elementor-col-33 elementor-top-column elementor-element elementor-element-42668e2\" data-id=\"42668e2\" data-element_type=\"column\" data-e-type=\"column\">\n\t\t\t<div class=\"elementor-widget-wrap elementor-element-populated\">\n\t\t\t\t\t\t<div class=\"elementor-element elementor-element-caa987b elementor-widget elementor-widget-heading\" data-id=\"caa987b\" data-element_type=\"widget\" data-e-type=\"widget\" data-widget_type=\"heading.default\">\n\t\t\t\t<div class=\"elementor-widget-container\">\n\t\t\t\t\t<h3 class=\"elementor-heading-title elementor-size-default\">Ensayo de minerales<\/h3>\t\t\t\t<\/div>\n\t\t\t\t<\/div>\n\t\t\t\t\t<\/div>\n\t\t<\/div>\n\t\t\t\t<div class=\"elementor-column elementor-col-33 elementor-top-column elementor-element elementor-element-24f94bf\" data-id=\"24f94bf\" data-element_type=\"column\" data-e-type=\"column\">\n\t\t\t<div class=\"elementor-widget-wrap elementor-element-populated\">\n\t\t\t\t\t\t<div class=\"elementor-element elementor-element-7229e80 elementor-widget elementor-widget-heading\" data-id=\"7229e80\" data-element_type=\"widget\" data-e-type=\"widget\" data-widget_type=\"heading.default\">\n\t\t\t\t<div class=\"elementor-widget-container\">\n\t\t\t\t\t<h3 class=\"elementor-heading-title elementor-size-default\">Investigaci\u00f3n farmac\u00e9utica<\/h3>\t\t\t\t<\/div>\n\t\t\t\t<\/div>\n\t\t\t\t\t<\/div>\n\t\t<\/div>\n\t\t\t\t\t<\/div>\n\t\t<\/section>\n\t\t\t\t<section class=\"elementor-section elementor-top-section elementor-element elementor-element-9267557 elementor-section-boxed elementor-section-height-default elementor-section-height-default\" data-id=\"9267557\" data-element_type=\"section\" data-e-type=\"section\">\n\t\t\t\t\t\t<div class=\"elementor-container elementor-column-gap-default\">\n\t\t\t\t\t<div class=\"elementor-column elementor-col-100 elementor-top-column elementor-element elementor-element-282c6ae\" data-id=\"282c6ae\" data-element_type=\"column\" data-e-type=\"column\">\n\t\t\t<div class=\"elementor-widget-wrap elementor-element-populated\">\n\t\t\t\t\t\t<div class=\"elementor-element elementor-element-a30e273 elementor-widget elementor-widget-heading\" data-id=\"a30e273\" data-element_type=\"widget\" data-e-type=\"widget\" data-widget_type=\"heading.default\">\n\t\t\t\t<div class=\"elementor-widget-container\">\n\t\t\t\t\t<h2 class=\"elementor-heading-title elementor-size-default\">Nuestro servicio<\/h2>\t\t\t\t<\/div>\n\t\t\t\t<\/div>\n\t\t\t\t\t<\/div>\n\t\t<\/div>\n\t\t\t\t\t<\/div>\n\t\t<\/section>\n\t\t\t\t<section class=\"elementor-section elementor-top-section elementor-element elementor-element-34e06f5 elementor-section-boxed elementor-section-height-default elementor-section-height-default\" data-id=\"34e06f5\" data-element_type=\"section\" data-e-type=\"section\">\n\t\t\t\t\t\t<div class=\"elementor-container elementor-column-gap-default\">\n\t\t\t\t\t<div class=\"elementor-column elementor-col-100 elementor-top-column elementor-element elementor-element-edf93ef\" data-id=\"edf93ef\" data-element_type=\"column\" data-e-type=\"column\">\n\t\t\t<div class=\"elementor-widget-wrap elementor-element-populated\">\n\t\t\t\t\t\t<div class=\"elementor-element elementor-element-1a6bc98 elementor-widget elementor-widget-text-editor\" data-id=\"1a6bc98\" data-element_type=\"widget\" data-e-type=\"widget\" data-widget_type=\"text-editor.default\">\n\t\t\t\t<div class=\"elementor-widget-container\">\n\t\t\t\t\t\t\t\t\t<p>Longitud del p\u00e9ptido: s\u00edntesis de p\u00e9ptidos de m\u00e1s de 100 amino\u00e1cidos, s\u00edntesis de dip\u00e9ptidos c\u00edclicos<\/p>\n<p> Modificaci\u00f3n de la ciclaci\u00f3n: p\u00e9ptidos c\u00edclicos con enlaces disulfuro con m\u00e1s de 4 pares, primeros p\u00e9ptidos c\u00edclicos con enlaces amida, p\u00e9ptidos c\u00edclicos con enlaces amida de cadena lateral, p\u00e9ptidos c\u00edclicos con enlaces amida y con enlaces disulfuro<\/p>\n<p> Modificaci\u00f3n de la fluorescencia: Cy3, Cy5, etc.etiquetado fluorescente, combinaci\u00f3n de extinci\u00f3n Dabcyl \/ Edans, AMC, PNA, Dnasyl, MCA<\/p>\n<p> Modificaci\u00f3n de material especial: p\u00e9ptido modificado con glucosilaci\u00f3n, p\u00e9ptido modificado con fosforilaci\u00f3n y sulfonaci\u00f3n, p\u00e9ptido modificado con azida (alquilo) Arg (me), Arg (Me) 2 (asi-metrial), p\u00e9ptido modificado con Arg (Me) 2 (sim\u00e9trico), Lys (Me ), Lys (Me) 2, Lys (me) 3 p\u00e9ptido modificado<br \/> Acoplamiento de anticuerpos: por acoplamiento Cys, o por acoplamiento carboxilo-terminal KLH, BSA, OVA<\/p>\n<p> P\u00e9ptido ramificado: p\u00e9ptido Lys, Orn de dos ramas, cuatro ramas y ocho ramas; Asp, Glu p\u00e9ptido de dos ramas, cuatro ramas y ocho ramas<br \/> Polip\u00e9ptido c\u00edclico RGD: polip\u00e9ptido c\u00edclico RGD y polip\u00e9ptido modificado<\/p>\n<p> P\u00e9ptido de neoant\u00edgeno tumoral: p\u00e9ptido de penetraci\u00f3n celular, p\u00e9ptido antibacteriano, dise\u00f1o y desarrollo de p\u00e9ptidos cargados con f\u00e1rmaco, producci\u00f3n de p\u00e9ptido de neoant\u00edgeno tumoral (especificaci\u00f3n de operaci\u00f3n GMP)<\/p>\n<p> P\u00e9ptido anti-neo-corona: dise\u00f1o y s\u00edntesis de p\u00e9ptidos relacionados con el virus neo-corona para objetivos populares, soporte completo<\/p>\n<p> Biblioteca de p\u00e9ptidos: biblioteca de p\u00e9ptidos superpuestos, biblioteca de p\u00e9ptidos de rastreo de amino\u00e1cidos, biblioteca de p\u00e9ptidos de rastreo de localizaci\u00f3n, biblioteca de p\u00e9ptidos aleatorios (biblioteca de p\u00e9ptidos promiscuos)<\/p>\n<p> Otros p\u00e9ptidos. P\u00e9ptido similar a p\u00e9ptido, p\u00e9ptido grapado, p\u00e9ptido de \u00e1cido si\u00e1lico, p\u00e9ptido de colesterol, p\u00e9ptido Hynic, etc.<\/p>\n\t\t\t\t\t\t\t\t<\/div>\n\t\t\t\t<\/div>\n\t\t\t\t\t<\/div>\n\t\t<\/div>\n\t\t\t\t\t<\/div>\n\t\t<\/section>\n\t\t\t\t<\/div>\n\t\t","protected":false},"excerpt":{"rendered":"<p>P\u00e9ptido personalizado Estamos comprometidos a brindar servicios de personalizaci\u00f3n de p\u00e9ptidos integrales y de alta calidad y soporte t\u00e9cnico a empresas de biotecnolog\u00eda, institutos de investigaci\u00f3n y universidades en el pa\u00eds y en el extranjero. Hasta ahora, hemos entregado casi 20.000 p\u00e9ptidos a nuestros clientes. Bajo el estricto sistema de calidad, nuestra empresa adopta juntos [&hellip;]<\/p>\n","protected":false},"author":1,"featured_media":0,"parent":0,"menu_order":0,"comment_status":"closed","ping_status":"closed","template":"","meta":{"om_disable_all_campaigns":false,"_monsterinsights_skip_tracking":false,"_monsterinsights_sitenote_active":false,"_monsterinsights_sitenote_note":"","_monsterinsights_sitenote_category":0,"site-sidebar-layout":"no-sidebar","site-content-layout":"page-builder","ast-site-content-layout":"default","site-content-style":"default","site-sidebar-style":"default","ast-global-header-display":"","ast-banner-title-visibility":"","ast-main-header-display":"","ast-hfb-above-header-display":"","ast-hfb-below-header-display":"","ast-hfb-mobile-header-display":"","site-post-title":"disabled","ast-breadcrumbs-content":"","ast-featured-img":"disabled","footer-sml-layout":"","ast-disable-related-posts":"","theme-transparent-header-meta":"enabled","adv-header-id-meta":"","stick-header-meta":"","header-above-stick-meta":"","header-main-stick-meta":"","header-below-stick-meta":"","astra-migrate-meta-layouts":"default","ast-page-background-enabled":"default","ast-page-background-meta":{"desktop":{"background-color":"","background-image":"","background-repeat":"repeat","background-position":"center center","background-size":"auto","background-attachment":"scroll","background-type":"","background-media":"","overlay-type":"","overlay-color":"","overlay-opacity":"","overlay-gradient":""},"tablet":{"background-color":"","background-image":"","background-repeat":"repeat","background-position":"center center","background-size":"auto","background-attachment":"scroll","background-type":"","background-media":"","overlay-type":"","overlay-color":"","overlay-opacity":"","overlay-gradient":""},"mobile":{"background-color":"","background-image":"","background-repeat":"repeat","background-position":"center center","background-size":"auto","background-attachment":"scroll","background-type":"","background-media":"","overlay-type":"","overlay-color":"","overlay-opacity":"","overlay-gradient":""}},"ast-content-background-meta":{"desktop":{"background-color":"var(--ast-global-color-5)","background-image":"","background-repeat":"repeat","background-position":"center center","background-size":"auto","background-attachment":"scroll","background-type":"","background-media":"","overlay-type":"","overlay-color":"","overlay-opacity":"","overlay-gradient":""},"tablet":{"background-color":"var(--ast-global-color-5)","background-image":"","background-repeat":"repeat","background-position":"center center","background-size":"auto","background-attachment":"scroll","background-type":"","background-media":"","overlay-type":"","overlay-color":"","overlay-opacity":"","overlay-gradient":""},"mobile":{"background-color":"var(--ast-global-color-5)","background-image":"","background-repeat":"repeat","background-position":"center center","background-size":"auto","background-attachment":"scroll","background-type":"","background-media":"","overlay-type":"","overlay-color":"","overlay-opacity":"","overlay-gradient":""}},"footnotes":""},"class_list":["post-5042","page","type-page","status-publish","hentry"],"_links":{"self":[{"href":"https:\/\/puyapeptide.net\/es\/wp-json\/wp\/v2\/pages\/5042","targetHints":{"allow":["GET"]}}],"collection":[{"href":"https:\/\/puyapeptide.net\/es\/wp-json\/wp\/v2\/pages"}],"about":[{"href":"https:\/\/puyapeptide.net\/es\/wp-json\/wp\/v2\/types\/page"}],"author":[{"embeddable":true,"href":"https:\/\/puyapeptide.net\/es\/wp-json\/wp\/v2\/users\/1"}],"replies":[{"embeddable":true,"href":"https:\/\/puyapeptide.net\/es\/wp-json\/wp\/v2\/comments?post=5042"}],"version-history":[{"count":1,"href":"https:\/\/puyapeptide.net\/es\/wp-json\/wp\/v2\/pages\/5042\/revisions"}],"predecessor-version":[{"id":5043,"href":"https:\/\/puyapeptide.net\/es\/wp-json\/wp\/v2\/pages\/5042\/revisions\/5043"}],"wp:attachment":[{"href":"https:\/\/puyapeptide.net\/es\/wp-json\/wp\/v2\/media?parent=5042"}],"curies":[{"name":"wp","href":"https:\/\/api.w.org\/{rel}","templated":true}]}}