{"id":5830,"date":"2021-12-16T03:43:10","date_gmt":"2021-12-16T08:43:10","guid":{"rendered":"https:\/\/puyapeptide.net\/terminos-de-servicio\/"},"modified":"2022-07-09T11:30:49","modified_gmt":"2022-07-09T15:30:49","slug":"terminos-de-servicio","status":"publish","type":"page","link":"https:\/\/puyapeptide.net\/es\/terminos-de-servicio\/","title":{"rendered":"T\u00e9rminos de servicio"},"content":{"rendered":"\t\t<div data-elementor-type=\"wp-page\" data-elementor-id=\"5830\" class=\"elementor elementor-5830\">\n\t\t\t\t\t\t<section class=\"elementor-section elementor-top-section elementor-element elementor-element-11542c42 elementor-section-boxed elementor-section-height-default elementor-section-height-default\" data-id=\"11542c42\" data-element_type=\"section\" data-e-type=\"section\">\n\t\t\t\t\t\t<div class=\"elementor-container elementor-column-gap-default\">\n\t\t\t\t\t<div class=\"elementor-column elementor-col-100 elementor-top-column elementor-element elementor-element-2c981488\" data-id=\"2c981488\" data-element_type=\"column\" data-e-type=\"column\">\n\t\t\t<div class=\"elementor-widget-wrap elementor-element-populated\">\n\t\t\t\t\t\t<div class=\"elementor-element elementor-element-1d3c05d5 elementor-widget elementor-widget-text-editor\" data-id=\"1d3c05d5\" data-element_type=\"widget\" data-e-type=\"widget\" data-widget_type=\"text-editor.default\">\n\t\t\t\t<div class=\"elementor-widget-container\">\n\t\t\t\t\t\t\t\t\t<\/p>\n<h3>Visi\u00f3n general<\/h3>\n<\/p>\n<p> Este sitio web es operado por puyapeptide.net para ofrecer un servicio de venta en l\u00ednea.<\/p>\n<p> En todo el sitio, los t\u00e9rminos &quot;nosotros&quot;, &quot;nos&quot; y &quot;nuestro&quot; se refieren a <span style=\"color: var(--ast-global-color-3); font-size: 1rem;\">puyapeptide.net<\/span><\/p>\n<p> Ofrecemos esta tienda en l\u00ednea puyapeptide.net, que incluye toda la informaci\u00f3n, las herramientas y los servicios disponibles para ti en este sitio, el usuario, est\u00e1 condicionado a la aceptaci\u00f3n de todos los t\u00e9rminos, condiciones, pol\u00edticas y notificaciones aqu\u00ed establecidos.<\/p>\n<p> Al visitar nuestro sitio o comprar algo de nosotros, usted participa en nuestro &quot;Servicio&quot; y acepta estar sujeto a los siguientes t\u00e9rminos y condiciones (&quot;T\u00e9rminos de servicio&quot;), incluidos los t\u00e9rminos y condiciones y pol\u00edticas adicionales.<\/p>\n<p> Nos reservamos el derecho de actualizar, cambiar o reemplazar cualquier parte de estos T\u00e9rminos de servicio mediante la publicaci\u00f3n de actualizaciones o cambios en nuestro sitio web.<br \/> <strong>SECCI\u00d3N 1 \u2013 puyapeptide.net T\u00c9RMINOS<\/strong><\/p>\n<p> Al aceptar estos T\u00e9rminos de servicio, no puede usar nuestros productos para ning\u00fan prop\u00f3sito ilegal o no autorizado ni puede, en el uso del Servicio, violar ninguna ley en su jurisdicci\u00f3n (incluidas, entre otras, las leyes de derechos de autor).<\/p>\n<p> <strong>SECCI\u00d3N 2 \u2013 CONDICIONES GENERALES<\/strong><\/p>\n<p> Usted comprende que su contenido (sin incluir la informaci\u00f3n de la tarjeta de cr\u00e9dito) puede transferirse sin cifrar e involucrar (a) transmisiones a trav\u00e9s de varias redes; y (b) cambios para cumplir y adaptarse a los requisitos t\u00e9cnicos de conexi\u00f3n de redes o dispositivos. Como comentas en nuestros blogs.<\/p>\n<p> (La informaci\u00f3n de la tarjeta de cr\u00e9dito siempre se cifra durante la transferencia a trav\u00e9s de redes).<\/p>\n<p> <strong>SECCI\u00d3N 3 &#8211; MODIFICACIONES AL SERVICIO Y PRECIOS<\/strong><\/p>\n<p> Los precios de nuestros productos est\u00e1n sujetos a cambios sin previo aviso.<\/p>\n<p> Nos reservamos el derecho en cualquier momento de modificar el Servicio (o cualquier parte o contenido del mismo) sin previo aviso en cualquier momento.<\/p>\n<p> <strong>SECCI\u00d3N 4 &#8211; PRODUCTOS O SERVICIOS (si corresponde)<\/strong><\/p>\n<p> Hemos hecho todo lo posible para mostrar con la mayor precisi\u00f3n posible los colores y las im\u00e1genes de nuestros productos que aparecen en la tienda. No podemos garantizar que la visualizaci\u00f3n de cualquier color en el monitor de su computadora sea precisa.<\/p>\n<p> Nos reservamos el derecho, pero no estamos obligados, a limitar las ventas de nuestros productos o Servicios a cualquier persona, regi\u00f3n geogr\u00e1fica o jurisdicci\u00f3n. Podemos ejercer este derecho caso por caso. Nos reservamos el derecho de limitar las cantidades de cualquier producto o servicio que ofrecemos.<\/p>\n<p> No garantizamos que la calidad de los productos, servicios, informaci\u00f3n u otro material comprado u obtenido por usted satisfaga al 100% sus expectativas, o que se corregir\u00e1n los errores en el Servicio.<\/p>\n<p> <strong>SECCI\u00d3N 5: EXACTITUD DE LA FACTURACI\u00d3N Y LA INFORMACI\u00d3N DE LA CUENTA<\/strong><\/p>\n<p> Nos reservamos el derecho de rechazar cualquier pedido que realice con nosotros. Podemos, a nuestro exclusivo criterio, limitar o cancelar las cantidades compradas por persona, por hogar o por pedido. Estas restricciones pueden incluir pedidos realizados por o bajo la misma cuenta de cliente, la misma tarjeta de cr\u00e9dito y\/o pedidos que utilizan la misma direcci\u00f3n de facturaci\u00f3n y\/o env\u00edo. En caso de que hagamos un cambio o cancelemos un pedido, podemos intentar notificarle poni\u00e9ndose en contacto con el e-mail y\/o el n\u00famero de tel\u00e9fono de la direcci\u00f3n de facturaci\u00f3n facilitados en el momento de realizar el pedido.<\/p>\n<p> Usted acepta proporcionar informaci\u00f3n de compra y cuenta actual, completa y precisa para todas las compras realizadas en nuestra tienda. Acepta actualizar de inmediato su cuenta y otra informaci\u00f3n, incluida su direcci\u00f3n de correo electr\u00f3nico y n\u00fameros de tarjeta de cr\u00e9dito y fechas de vencimiento, para que podamos completar sus transacciones y comunicarnos con usted seg\u00fan sea necesario.<\/p>\n<p> <strong>SECCI\u00d3N 6 \u2013 ENLACES DE TERCEROS<\/strong><\/p>\n<p> Ciertos contenidos, productos y servicios disponibles a trav\u00e9s de nuestro Servicio pueden incluir materiales de terceros.<\/p>\n<p> El contenido de terceros se vincular\u00e1 principalmente con nuestras redes sociales, en las que se publica informaci\u00f3n m\u00e1s detallada. de nuestros productos puyapeptide.net y en su mayor\u00eda son confiables.<\/p>\n<p> <strong>SECCI\u00d3N 9: COMENTARIOS DE USUARIOS, RETROALIMENTACI\u00d3N Y OTROS ENV\u00cdOS<\/strong><\/p>\n<p> Si, a petici\u00f3n nuestra, env\u00eda ciertos env\u00edos espec\u00edficos (por ejemplo, participaciones en concursos) o sin una solicitud nuestra, env\u00eda ideas creativas, sugerencias, propuestas, planes u otros materiales, ya sea en l\u00ednea, por correo electr\u00f3nico, por correo postal o de otra manera. (colectivamente, &#39;comentarios&#39;), usted acepta que podemos, en cualquier momento, sin restricciones, editar, copiar, publicar, distribuir, traducir y utilizar de otra manera en cualquier medio cualquier comentario que nos env\u00ede.<\/p>\n<p> No estamos ni estaremos bajo ninguna obligaci\u00f3n<\/p>\n<p> (1) mantener la confidencialidad de cualquier comentario;<\/p>\n<p> (2) pagar una compensaci\u00f3n por cualquier comentario;<\/p>\n<p> (3) para responder a cualquier comentario.<\/p>\n<p> Podemos, pero no tenemos la obligaci\u00f3n de, monitorear, editar o eliminar contenido que, a nuestro exclusivo criterio, determinemos que es ilegal, ofensivo, amenazante, calumnioso, difamatorio, pornogr\u00e1fico, obsceno o de otra manera objetable o que viola la propiedad intelectual de cualquiera de las partes o estos T\u00e9rminos de servicio. .<\/p>\n<p> Usted acepta que sus comentarios no violar\u00e1n ning\u00fan derecho de terceros, incluidos los derechos de autor, marca registrada, privacidad, personalidad u otro derecho personal o de propiedad. Adem\u00e1s, acepta que sus comentarios no contendr\u00e1n material difamatorio o ilegal, abusivo u obsceno, ni contendr\u00e1n ning\u00fan virus inform\u00e1tico u otro malware que pueda afectar de alguna manera el funcionamiento del Servicio o cualquier sitio web relacionado.<\/p>\n<p> No puede utilizar una direcci\u00f3n de correo electr\u00f3nico falsa, pretender ser otra persona que no sea usted mismo o enga\u00f1arnos a nosotros o a terceros en cuanto al origen de cualquier comentario. Usted es el \u00fanico responsable de cualquier comentario que haga y de su exactitud. No asumimos ninguna responsabilidad por los comentarios publicados por usted o cualquier tercero.<\/p>\n<p> <strong>SECCI\u00d3N 7 \u2013 INFORMACI\u00d3N PERSONAL<\/strong><\/p>\n<p> Su env\u00edo de informaci\u00f3n personal a trav\u00e9s de la tienda se rige por nuestra Pol\u00edtica de privacidad.<\/p>\n<p> <strong>SECCI\u00d3N 8 &#8211; ERRORES, IMPRECISIONES Y OMISIONES<\/strong><\/p>\n<p> Ocasionalmente, puede haber informaci\u00f3n en nuestro sitio o en el Servicio que contenga errores tipogr\u00e1ficos, inexactitudes u omisiones que puedan relacionarse con descripciones de productos, precios, promociones, ofertas, cargos de env\u00edo de productos, tiempos de tr\u00e1nsito y disponibilidad.<\/p>\n<p> Nos reservamos el derecho de corregir cualquier error, inexactitud u omisi\u00f3n, y de cambiar o actualizar la informaci\u00f3n si alguna informaci\u00f3n en el Servicio o en cualquier sitio web relacionado es inexacta en cualquier momento sin previo aviso.<\/p>\n<p> Asumimos la obligaci\u00f3n de actualizar, modificar o aclarar la informaci\u00f3n en el Servicio o en cualquier sitio web relacionado, incluida, entre otras, la informaci\u00f3n de precios.<\/p>\n<p> Ninguna actualizaci\u00f3n espec\u00edfica o fecha de actualizaci\u00f3n aplicada en el Servicio o en cualquier sitio web relacionado debe tomarse como una indicaci\u00f3n de que toda la informaci\u00f3n en el Servicio o en cualquier sitio web relacionado ha sido modificada o actualizada.<\/p>\n<p> <strong>SECCI\u00d3N 9 \u2013 USOS PROHIBIDOS<\/strong><\/p>\n<p> Adem\u00e1s de otras prohibiciones establecidas en los T\u00e9rminos de servicio, tiene prohibido utilizar nuestros productos.<\/p>\n<p> (a) para cualquier prop\u00f3sito ilegal;<\/p>\n<p> (b) para solicitar a otros que realicen o participen en cualquier acto ilegal;<\/p>\n<p> (c) para violar cualquier regulaci\u00f3n, regla, ley internacional, federal, provincial o estatal o<br \/> ordenanzas;<\/p>\n<p> (d) acosar, abusar, insultar, da\u00f1ar, difamar, calumniar, menospreciar, intimidar o discriminar por motivos de g\u00e9nero, orientaci\u00f3n sexual, religi\u00f3n, etnia, raza, edad, origen nacional o discapacidad;<\/p>\n<p> (e) para recopilar o rastrear la informaci\u00f3n personal de otros;<\/p>\n<p> (f) para cualquier prop\u00f3sito obsceno o inmoral;<\/p>\n<p> <strong>SECCI\u00d3N 10 &#8211;<\/strong> DERECHOS DE IMPORTACI\u00d3N Y DERECHOS DE IMPORTACI\u00d3N<\/p>\n<p> Antes de comprarnos el producto, debe consultar con las autoridades locales para asegurarse de que es elegible para comprar este producto. Tenga en cuenta que el departamento de aduanas de su pa\u00eds puede cobrarle los aranceles de importaci\u00f3n. Usted, como comprador, ser\u00e1 responsable de pagar dichos aranceles de importaci\u00f3n. En caso de que no pueda liquidar los productos y los productos nos sean devueltos, usted ser\u00e1 responsable de la tarifa de devoluci\u00f3n.<\/p>\n<p> <strong>SECCI\u00d3N 11 \u2013 LEY APLICABLE<\/strong><\/p>\n<p> Estos T\u00e9rminos de servicio y cualquier acuerdo por separado mediante el cual le brindemos Servicios se regir\u00e1n e interpretar\u00e1n de acuerdo con las leyes.<\/p><\/p>\n\t\t\t\t\t\t\t\t<\/div>\n\t\t\t\t<\/div>\n\t\t\t\t\t<\/div>\n\t\t<\/div>\n\t\t\t\t\t<\/div>\n\t\t<\/section>\n\t\t\t\t<\/div>\n\t\t","protected":false},"excerpt":{"rendered":"<p>Visi\u00f3n general Este sitio web es operado por puyapeptide.net para ofrecer un servicio de venta en l\u00ednea. En todo el sitio, los t\u00e9rminos &quot;nosotros&quot;, &quot;nos&quot; y &quot;nuestro&quot; se refieren a puyapeptide.net Ofrecemos esta tienda en l\u00ednea puyapeptide.net, que incluye toda la informaci\u00f3n, las herramientas y los servicios disponibles para ti en este sitio, el usuario, [&hellip;]<\/p>\n","protected":false},"author":1,"featured_media":0,"parent":0,"menu_order":0,"comment_status":"closed","ping_status":"closed","template":"elementor_header_footer","meta":{"om_disable_all_campaigns":false,"_monsterinsights_skip_tracking":false,"_monsterinsights_sitenote_active":false,"_monsterinsights_sitenote_note":"","_monsterinsights_sitenote_category":0,"site-sidebar-layout":"default","site-content-layout":"","ast-site-content-layout":"default","site-content-style":"default","site-sidebar-style":"default","ast-global-header-display":"","ast-banner-title-visibility":"","ast-main-header-display":"","ast-hfb-above-header-display":"","ast-hfb-below-header-display":"","ast-hfb-mobile-header-display":"","site-post-title":"","ast-breadcrumbs-content":"","ast-featured-img":"","footer-sml-layout":"","ast-disable-related-posts":"","theme-transparent-header-meta":"","adv-header-id-meta":"","stick-header-meta":"","header-above-stick-meta":"","header-main-stick-meta":"","header-below-stick-meta":"","astra-migrate-meta-layouts":"default","ast-page-background-enabled":"default","ast-page-background-meta":{"desktop":{"background-color":"","background-image":"","background-repeat":"repeat","background-position":"center center","background-size":"auto","background-attachment":"scroll","background-type":"","background-media":"","overlay-type":"","overlay-color":"","overlay-opacity":"","overlay-gradient":""},"tablet":{"background-color":"","background-image":"","background-repeat":"repeat","background-position":"center center","background-size":"auto","background-attachment":"scroll","background-type":"","background-media":"","overlay-type":"","overlay-color":"","overlay-opacity":"","overlay-gradient":""},"mobile":{"background-color":"","background-image":"","background-repeat":"repeat","background-position":"center center","background-size":"auto","background-attachment":"scroll","background-type":"","background-media":"","overlay-type":"","overlay-color":"","overlay-opacity":"","overlay-gradient":""}},"ast-content-background-meta":{"desktop":{"background-color":"var(--ast-global-color-5)","background-image":"","background-repeat":"repeat","background-position":"center center","background-size":"auto","background-attachment":"scroll","background-type":"","background-media":"","overlay-type":"","overlay-color":"","overlay-opacity":"","overlay-gradient":""},"tablet":{"background-color":"var(--ast-global-color-5)","background-image":"","background-repeat":"repeat","background-position":"center center","background-size":"auto","background-attachment":"scroll","background-type":"","background-media":"","overlay-type":"","overlay-color":"","overlay-opacity":"","overlay-gradient":""},"mobile":{"background-color":"var(--ast-global-color-5)","background-image":"","background-repeat":"repeat","background-position":"center center","background-size":"auto","background-attachment":"scroll","background-type":"","background-media":"","overlay-type":"","overlay-color":"","overlay-opacity":"","overlay-gradient":""}},"footnotes":""},"class_list":["post-5830","page","type-page","status-publish","hentry"],"_links":{"self":[{"href":"https:\/\/puyapeptide.net\/es\/wp-json\/wp\/v2\/pages\/5830","targetHints":{"allow":["GET"]}}],"collection":[{"href":"https:\/\/puyapeptide.net\/es\/wp-json\/wp\/v2\/pages"}],"about":[{"href":"https:\/\/puyapeptide.net\/es\/wp-json\/wp\/v2\/types\/page"}],"author":[{"embeddable":true,"href":"https:\/\/puyapeptide.net\/es\/wp-json\/wp\/v2\/users\/1"}],"replies":[{"embeddable":true,"href":"https:\/\/puyapeptide.net\/es\/wp-json\/wp\/v2\/comments?post=5830"}],"version-history":[{"count":18,"href":"https:\/\/puyapeptide.net\/es\/wp-json\/wp\/v2\/pages\/5830\/revisions"}],"predecessor-version":[{"id":9614,"href":"https:\/\/puyapeptide.net\/es\/wp-json\/wp\/v2\/pages\/5830\/revisions\/9614"}],"wp:attachment":[{"href":"https:\/\/puyapeptide.net\/es\/wp-json\/wp\/v2\/media?parent=5830"}],"curies":[{"name":"wp","href":"https:\/\/api.w.org\/{rel}","templated":true}]}}