{"id":6296,"date":"2021-12-16T04:23:42","date_gmt":"2021-12-16T09:23:42","guid":{"rendered":"https:\/\/puyapeptide.net\/product\/acetil-hexapeptido-37-cas-1447824-16-9-para-hidratar-la-piel\/"},"modified":"2021-12-16T04:23:42","modified_gmt":"2021-12-16T09:23:42","slug":"acetil-hexapeptido-37-cas-1447824-16-9-para-hidratar-la-piel","status":"publish","type":"product","link":"https:\/\/puyapeptide.net\/es\/product\/acetil-hexapeptido-37-cas-1447824-16-9-para-hidratar-la-piel\/","title":{"rendered":"Acetil hexap\u00e9ptido-37 CAS 1447824-16-9 para hidratar la piel"},"content":{"rendered":"<h2><strong>Acetil hexap\u00e9ptido-37 CAS 1447824-16-9 para hidratar la piel<\/strong><\/h2>\n<p> Nombre del producto: Acetil hexap\u00e9ptido-37, difuporina<br \/>\n N\u00famero CAS: N \/ A<br \/>\n Pureza \uff1a \u226598%<br \/>\n Peso molecular \uff1a 539,55 g \/ mol<br \/>\n F\u00f3rmula molecular: C22H33N7O9<br \/>\n Aspecto: polvo blanco<br \/>\n Condiciones de almacenamiento: 2 \u2103 \uff5e 8 \u2103<br \/>\n Especificaci\u00f3n del embalaje (polvo): 1g, 10g, 100g<br \/>\n Aplicaci\u00f3n: Materias primas cosm\u00e9ticas <\/p>\n<p> Acetil hexap\u00e9ptido-37, un agua El humectante de c\u00e9lulas de prote\u00edna del canal, es un nuevo hexap\u00e9ptido compuesto de amino\u00e1cidos naturales, que puede aumentar efectivamente la expresi\u00f3n de AQP3 en el cuerpo humano a nivel de ARNm, aumentando as\u00ed el contenido de AQP3 en la piel. Promueve la s\u00edntesis de col\u00e1geno tipo I en c\u00e9lulas progenitoras de fibroblastos d\u00e9rmicos humanos y la proliferaci\u00f3n de c\u00e9lulas queratinizadas. <\/p>\n<p> <strong>Funci\u00f3n del acetil hexap\u00e9ptido-37 CAS 1447824-16-9<\/strong><br \/>\n 1. Acetil hexap\u00e9ptido-37 puede anti-arrugas y anti-envejecimiento y para la piel hidratante<br \/>\n 2. Mejorar la calidad de la piel<br \/>\n 3. Cuidado facial y corporal<br \/>\n 4. Productos para el cuidado de la cara, el cuello y las manos<br \/>\n 5. Se puede agregar a productos para el cuidado de la belleza como lociones, cremas matutinas y nocturnas, sueros para los ojos, etc. <\/p>\n<p> <strong>Uso de acetil hexap\u00e9ptido-37 CAS 1447824-16-9<\/strong><br \/>\n Puede aumentar eficazmente la expresi\u00f3n de AQP3 en el cuerpo humano a nivel de ARNm, aumentando as\u00ed el contenido de AQP3 en la piel. Tiene las caracter\u00edsticas de potenciar la hidrataci\u00f3n y es un buen ingrediente activo hidratante. Tambi\u00e9n puede promover el tipo I en fibroblastos d\u00e9rmicos humanos. La s\u00edntesis de col\u00e1geno y la proliferaci\u00f3n de queratinocitos. El p\u00e9ptido hidratante acetil hexap\u00e9ptido-37 es un ingrediente activo antienvejecimiento nuevo y completo.<\/p>\n","protected":false},"excerpt":{"rendered":"<p>Nombre del producto: Acetil Hexap\u00e9ptido-37, Difuporina<br \/>\n Pureza: \u226598%<br \/>\n Peso molecular: 539.55g \/ mol<br \/>\n F\u00f3rmula molecular: C22H33N7O9<br \/>\n Aspecto: polvo blanco<br \/>\n Aplicaci\u00f3n: Materias primas cosm\u00e9ticas<\/p>\n","protected":false},"featured_media":2216,"comment_status":"open","ping_status":"closed","template":"","meta":{"om_disable_all_campaigns":false,"_monsterinsights_skip_tracking":false,"_monsterinsights_sitenote_active":false,"_monsterinsights_sitenote_note":"","_monsterinsights_sitenote_category":0,"site-sidebar-layout":"default","site-content-layout":"default","ast-site-content-layout":"default","site-content-style":"default","site-sidebar-style":"default","ast-global-header-display":"","ast-banner-title-visibility":"","ast-main-header-display":"","ast-hfb-above-header-display":"","ast-hfb-below-header-display":"","ast-hfb-mobile-header-display":"","site-post-title":"","ast-breadcrumbs-content":"","ast-featured-img":"","footer-sml-layout":"","ast-disable-related-posts":"","theme-transparent-header-meta":"default","adv-header-id-meta":"","stick-header-meta":"","header-above-stick-meta":"","header-main-stick-meta":"","header-below-stick-meta":"","astra-migrate-meta-layouts":"default","ast-page-background-enabled":"default","ast-page-background-meta":{"desktop":{"background-color":"","background-image":"","background-repeat":"repeat","background-position":"center center","background-size":"auto","background-attachment":"scroll","background-type":"","background-media":"","overlay-type":"","overlay-color":"","overlay-opacity":"","overlay-gradient":""},"tablet":{"background-color":"","background-image":"","background-repeat":"repeat","background-position":"center center","background-size":"auto","background-attachment":"scroll","background-type":"","background-media":"","overlay-type":"","overlay-color":"","overlay-opacity":"","overlay-gradient":""},"mobile":{"background-color":"","background-image":"","background-repeat":"repeat","background-position":"center center","background-size":"auto","background-attachment":"scroll","background-type":"","background-media":"","overlay-type":"","overlay-color":"","overlay-opacity":"","overlay-gradient":""}},"ast-content-background-meta":{"desktop":{"background-color":"var(--ast-global-color-5)","background-image":"","background-repeat":"repeat","background-position":"center center","background-size":"auto","background-attachment":"scroll","background-type":"","background-media":"","overlay-type":"","overlay-color":"","overlay-opacity":"","overlay-gradient":""},"tablet":{"background-color":"var(--ast-global-color-5)","background-image":"","background-repeat":"repeat","background-position":"center center","background-size":"auto","background-attachment":"scroll","background-type":"","background-media":"","overlay-type":"","overlay-color":"","overlay-opacity":"","overlay-gradient":""},"mobile":{"background-color":"var(--ast-global-color-5)","background-image":"","background-repeat":"repeat","background-position":"center center","background-size":"auto","background-attachment":"scroll","background-type":"","background-media":"","overlay-type":"","overlay-color":"","overlay-opacity":"","overlay-gradient":""}}},"product_brand":[],"product_cat":[726],"product_tag":[3608],"class_list":{"0":"post-6296","1":"product","2":"type-product","3":"status-publish","4":"has-post-thumbnail","6":"product_cat-peptido-antioxidante-hidratante","7":"product_tag-acetyl-hexapeptide-37-cas-1447824-16-9-for-skin-moisturizing-es","8":"desktop-align-left","9":"tablet-align-left","10":"mobile-align-left","12":"first","13":"instock","14":"shipping-taxable","15":"product-type-simple"},"_links":{"self":[{"href":"https:\/\/puyapeptide.net\/es\/wp-json\/wp\/v2\/product\/6296","targetHints":{"allow":["GET"]}}],"collection":[{"href":"https:\/\/puyapeptide.net\/es\/wp-json\/wp\/v2\/product"}],"about":[{"href":"https:\/\/puyapeptide.net\/es\/wp-json\/wp\/v2\/types\/product"}],"replies":[{"embeddable":true,"href":"https:\/\/puyapeptide.net\/es\/wp-json\/wp\/v2\/comments?post=6296"}],"wp:featuredmedia":[{"embeddable":true,"href":"https:\/\/puyapeptide.net\/es\/wp-json\/wp\/v2\/media\/2216"}],"wp:attachment":[{"href":"https:\/\/puyapeptide.net\/es\/wp-json\/wp\/v2\/media?parent=6296"}],"wp:term":[{"taxonomy":"product_brand","embeddable":true,"href":"https:\/\/puyapeptide.net\/es\/wp-json\/wp\/v2\/product_brand?post=6296"},{"taxonomy":"product_cat","embeddable":true,"href":"https:\/\/puyapeptide.net\/es\/wp-json\/wp\/v2\/product_cat?post=6296"},{"taxonomy":"product_tag","embeddable":true,"href":"https:\/\/puyapeptide.net\/es\/wp-json\/wp\/v2\/product_tag?post=6296"}],"curies":[{"name":"wp","href":"https:\/\/api.w.org\/{rel}","templated":true}]}}