{"id":6320,"date":"2021-12-16T04:27:31","date_gmt":"2021-12-16T09:27:31","guid":{"rendered":"https:\/\/puyapeptide.net\/product\/palmitoyl-tripeptide-36-dermapep-m330-puede-inhibir-bacterias-y-hongos-como-staphylococcus-aureus\/"},"modified":"2021-12-16T04:27:31","modified_gmt":"2021-12-16T09:27:31","slug":"palmitoyl-tripeptide-36-dermapep-m330-puede-inhibir-bacterias-y-hongos-como-staphylococcus-aureus","status":"publish","type":"product","link":"https:\/\/puyapeptide.net\/es\/product\/palmitoyl-tripeptide-36-dermapep-m330-puede-inhibir-bacterias-y-hongos-como-staphylococcus-aureus\/","title":{"rendered":"Palmitoyl Tripeptide-36 \/ Dermapep M330 puede inhibir bacterias y hongos como Staphylococcus aureus"},"content":{"rendered":"<h2><strong>Palmitoyl Tripeptide-36 \/ Dermapep M330 puede inhibir bacterias y hongos como Staphylococcus aureus<\/strong><\/h2>\n<p> Nombre del producto: Palmitoyl Tripeptide-36<br \/>\n Cas No:<br \/>\n Molecular: 402.53<br \/>\n MF: C18H38N6O4<br \/>\n MSDS y COA: disponible para su referencia<br \/>\n Pureza: 95%<br \/>\n Grado : cosm\u00e9tico<br \/>\n Solubilidad: ligeramente soluble en agua<br \/>\n Estabilidad: estable<br \/>\n Fuente:<br \/>\n Olor: no<br \/>\n Capacidad: 600g por mes<br \/>\n Aspecto: polvo blanco <\/p>\n<p> YSPep -PT36 es palmitoil trip\u00e9ptido-36 (Dermapep M330), un trip\u00e9ptido compuesto por tres amino\u00e1cidos.<br \/>\n Es un agente antimicrobiano activo y antis\u00e9ptico. Inhibe Staphylococcus aureus y otras bacterias, hongos en la superficie de la piel de pacientes con EA.<br \/>\n Propionibacterium acnes, tambi\u00e9n conocido como Acinetobacter y Propionibacterium, es un bacilo corto grampositivo anaer\u00f3bico no m\u00f3vil que secreta metabolitos como esterasas que degradan la piel queratina y componentes similares a los l\u00edpidos, lo que la convierte en una de las causas m\u00e1s importantes de acn\u00e9. Propionibacterium acnes vive de los \u00e1cidos grasos en los poros de la piel. Cuando los poros est\u00e1n bloqueados, crecen salvajemente, descomponiendo los \u00e1cidos grasos saturados y produciendo grandes cantidades de \u00e1cidos grasos libres, que se filtran a la piel a trav\u00e9s de los poros, provocando una respuesta de estr\u00e9s cut\u00e1neo, produciendo acn\u00e9, enrojecimiento, etc. Bacterias como los estafilococos se adhieren a la piel a trav\u00e9s del pus que sale, lo que da\u00f1a el tejido cut\u00e1neo. Propionibacterium acnes, que secreta metabolitos como esterasas que pueden degradar la queratina de la piel y los componentes similares a los l\u00edpidos, es una de las causas m\u00e1s importantes de acn\u00e9. <\/p>\n<p> <strong>Uso de Palmitoyl Tripeptide-36 \/ Dermapep M330<\/strong><br \/>\n &lt;&amp; &gt; Palmitoil Trip\u00e9ptido-36. Es un agente activo antimicrobiano y conservante. Inhibe S. aureus y otras bacterias, hongos en la superficie de la piel de pacientes con EA. Las aplicaciones incluyen conservantes y antimicrobianos.<\/p>\n","protected":false},"excerpt":{"rendered":"<p>Nombre del producto: Palmitoyl Tripeptide-36<br \/>\n Molecular: 402.53<br \/>\n MF: C18H38N6O4<br \/>\n Pureza: 95%<br \/>\n Grado: cosm\u00e9tico<br \/>\n Estabilidad: estable<\/p>\n","protected":false},"featured_media":2132,"comment_status":"open","ping_status":"closed","template":"","meta":{"om_disable_all_campaigns":false,"_monsterinsights_skip_tracking":false,"_monsterinsights_sitenote_active":false,"_monsterinsights_sitenote_note":"","_monsterinsights_sitenote_category":0,"site-sidebar-layout":"default","site-content-layout":"default","ast-site-content-layout":"default","site-content-style":"default","site-sidebar-style":"default","ast-global-header-display":"","ast-banner-title-visibility":"","ast-main-header-display":"","ast-hfb-above-header-display":"","ast-hfb-below-header-display":"","ast-hfb-mobile-header-display":"","site-post-title":"","ast-breadcrumbs-content":"","ast-featured-img":"","footer-sml-layout":"","ast-disable-related-posts":"","theme-transparent-header-meta":"default","adv-header-id-meta":"","stick-header-meta":"","header-above-stick-meta":"","header-main-stick-meta":"","header-below-stick-meta":"","astra-migrate-meta-layouts":"default","ast-page-background-enabled":"default","ast-page-background-meta":{"desktop":{"background-color":"","background-image":"","background-repeat":"repeat","background-position":"center center","background-size":"auto","background-attachment":"scroll","background-type":"","background-media":"","overlay-type":"","overlay-color":"","overlay-opacity":"","overlay-gradient":""},"tablet":{"background-color":"","background-image":"","background-repeat":"repeat","background-position":"center center","background-size":"auto","background-attachment":"scroll","background-type":"","background-media":"","overlay-type":"","overlay-color":"","overlay-opacity":"","overlay-gradient":""},"mobile":{"background-color":"","background-image":"","background-repeat":"repeat","background-position":"center center","background-size":"auto","background-attachment":"scroll","background-type":"","background-media":"","overlay-type":"","overlay-color":"","overlay-opacity":"","overlay-gradient":""}},"ast-content-background-meta":{"desktop":{"background-color":"var(--ast-global-color-5)","background-image":"","background-repeat":"repeat","background-position":"center center","background-size":"auto","background-attachment":"scroll","background-type":"","background-media":"","overlay-type":"","overlay-color":"","overlay-opacity":"","overlay-gradient":""},"tablet":{"background-color":"var(--ast-global-color-5)","background-image":"","background-repeat":"repeat","background-position":"center center","background-size":"auto","background-attachment":"scroll","background-type":"","background-media":"","overlay-type":"","overlay-color":"","overlay-opacity":"","overlay-gradient":""},"mobile":{"background-color":"var(--ast-global-color-5)","background-image":"","background-repeat":"repeat","background-position":"center center","background-size":"auto","background-attachment":"scroll","background-type":"","background-media":"","overlay-type":"","overlay-color":"","overlay-opacity":"","overlay-gradient":""}}},"product_brand":[],"product_cat":[706],"product_tag":[3588],"class_list":{"0":"post-6320","1":"product","2":"type-product","3":"status-publish","4":"has-post-thumbnail","6":"product_cat-peptido-antibacteriano-para-el-acne","7":"product_tag-palmitoyl-tripeptide-36-dermapep-m330-can-inhibit-bacteria-and-fungi-such-as-staphylococcus-aureus-es","8":"desktop-align-left","9":"tablet-align-left","10":"mobile-align-left","12":"first","13":"instock","14":"shipping-taxable","15":"product-type-simple"},"_links":{"self":[{"href":"https:\/\/puyapeptide.net\/es\/wp-json\/wp\/v2\/product\/6320","targetHints":{"allow":["GET"]}}],"collection":[{"href":"https:\/\/puyapeptide.net\/es\/wp-json\/wp\/v2\/product"}],"about":[{"href":"https:\/\/puyapeptide.net\/es\/wp-json\/wp\/v2\/types\/product"}],"replies":[{"embeddable":true,"href":"https:\/\/puyapeptide.net\/es\/wp-json\/wp\/v2\/comments?post=6320"}],"wp:featuredmedia":[{"embeddable":true,"href":"https:\/\/puyapeptide.net\/es\/wp-json\/wp\/v2\/media\/2132"}],"wp:attachment":[{"href":"https:\/\/puyapeptide.net\/es\/wp-json\/wp\/v2\/media?parent=6320"}],"wp:term":[{"taxonomy":"product_brand","embeddable":true,"href":"https:\/\/puyapeptide.net\/es\/wp-json\/wp\/v2\/product_brand?post=6320"},{"taxonomy":"product_cat","embeddable":true,"href":"https:\/\/puyapeptide.net\/es\/wp-json\/wp\/v2\/product_cat?post=6320"},{"taxonomy":"product_tag","embeddable":true,"href":"https:\/\/puyapeptide.net\/es\/wp-json\/wp\/v2\/product_tag?post=6320"}],"curies":[{"name":"wp","href":"https:\/\/api.w.org\/{rel}","templated":true}]}}