{"id":6339,"date":"2021-12-16T04:32:01","date_gmt":"2021-12-16T09:32:01","guid":{"rendered":"https:\/\/puyapeptide.net\/product\/myristoyl-hexapeptide-23-sympeptide380-puede-matar-propionibacterium-acnes-adecuado-para-varios-productos-de-control-de-aceite-y-alivio-del-acne\/"},"modified":"2021-12-16T04:32:01","modified_gmt":"2021-12-16T09:32:01","slug":"myristoyl-hexapeptide-23-sympeptide380-puede-matar-propionibacterium-acnes-adecuado-para-varios-productos-de-control-de-aceite-y-alivio-del-acne","status":"publish","type":"product","link":"https:\/\/puyapeptide.net\/es\/product\/myristoyl-hexapeptide-23-sympeptide380-puede-matar-propionibacterium-acnes-adecuado-para-varios-productos-de-control-de-aceite-y-alivio-del-acne\/","title":{"rendered":"Myristoyl Hexapeptide-23 \/ sympeptide380 puede matar Propionibacterium acnes adecuado para varios productos de control de aceite y alivio del acn\u00e9"},"content":{"rendered":"<h2><strong>Myristoyl Hexapeptide-23 \/ sympeptide380 puede matar Propionibacterium acnes adecuado para varios productos de control de aceite y alivio del acn\u00e9<\/strong><\/h2>\n<p> Nombre del producto: Myristoyl Hexapeptide-23 \/ SymPeptide 380<br \/>\n Cas No: N \/ A<br \/>\n F\u00f3rmula: C47H92N10O7<br \/>\n Molecular: 909.3g \/ mol<br \/>\n Olor: no<br \/>\n Estabilidad: estable &lt; &amp;&gt; MSDS y COA: disponible para su referencia<br \/>\n Formulaci\u00f3n: disponible para su referencia, por favor cont\u00e1ctenos.<br \/>\n Entrega: inmediatamente desde el stock<br \/>\n Fuente: sint\u00e9tico<br \/>\n Capacidad: 500g por mes<br \/>\n Aspecto : polvo blanco <\/p>\n<p> Todos sabemos que el acn\u00e9 en la cara debe ser causado por alg\u00fan tipo de bacteria llamada Propionibacterium acnes. Entonces, \u00bfqu\u00e9 es exactamente lo que hace que esta bacteria llegue a ti? Propionibacterium acnes es un bacilo corto positivo con tinci\u00f3n de Gram. Tambi\u00e9n existe Propionibacterium acnes en la piel normal, que es un par\u00e1sito en los fol\u00edculos pilosos y las gl\u00e1ndulas seb\u00e1ceas. Durante la pubertad, las gl\u00e1ndulas seb\u00e1ceas secretan mucho que lleva al bloqueo de los fol\u00edculos pilosos, y el sebo se acumula en los fol\u00edculos, lo que hace que Propionibacterium acnes se multiplique y produzca acn\u00e9. <\/p>\n<p> Tambi\u00e9n es cierto que cuando recuerdo mi adolescencia me a menudo estaba lleno de aceite y algunas espinillas aparec\u00edan de vez en cuando. Muchos de mis amigos incluso ten\u00edan acn\u00e9 todo el tiempo y sus rostros estaban llenos de granos, que se ve\u00edan terribles. Dado que este es un problema que afecta a la mayor\u00eda de las personas, encontrar\u00e1n una manera de resolverlo. Recuerdo a un amigo que tambi\u00e9n amaba el acn\u00e9 y luego gast\u00f3 mucho dinero en deshacerse del acn\u00e9, bebiendo t\u00f3nicos a base de hierbas, limpiando agujas o algo as\u00ed, pero tambi\u00e9n era un s\u00edntoma pero no una cura. \u00bfNo hay otra manera? \u00a1Por supuesto que no! <\/p>\n<p> Hoy, le presentamos al enemigo natural de las bacterias del acn\u00e9: miristil hexap\u00e9ptido-23<br \/>\n In vitro: microarrays de ADN, MIC contra P. acnes, antimicrobiano de amplio espectro<br \/>\n &lt;&amp; &gt; <strong>Funci\u00f3n de Myristoyl Hexapeptide-23<\/strong><br \/>\n \u2022 Myristoyl Hexapeptide-23 que ayuda con la prevenci\u00f3n de problemas de piel.<br \/>\n \u2022 Myristoyl Hexapeptide-23 Mata las bacterias que causan el acn\u00e9.<\/p>\n","protected":false},"excerpt":{"rendered":"<p>Nombre del producto: Myristoyl Hexapeptide-23 \/ SymPeptide 380<br \/>\n Cas No: N \/ A<br \/>\n F\u00f3rmula: C47H92N10O7<br \/>\n Molecular: 909.3g \/ mol<br \/>\n Estabilidad: estable<br \/>\n Aspecto: polvo blanco<\/p>\n","protected":false},"featured_media":2111,"comment_status":"open","ping_status":"closed","template":"","meta":{"om_disable_all_campaigns":false,"_monsterinsights_skip_tracking":false,"_monsterinsights_sitenote_active":false,"_monsterinsights_sitenote_note":"","_monsterinsights_sitenote_category":0,"site-sidebar-layout":"default","site-content-layout":"default","ast-site-content-layout":"default","site-content-style":"default","site-sidebar-style":"default","ast-global-header-display":"","ast-banner-title-visibility":"","ast-main-header-display":"","ast-hfb-above-header-display":"","ast-hfb-below-header-display":"","ast-hfb-mobile-header-display":"","site-post-title":"","ast-breadcrumbs-content":"","ast-featured-img":"","footer-sml-layout":"","ast-disable-related-posts":"","theme-transparent-header-meta":"default","adv-header-id-meta":"","stick-header-meta":"","header-above-stick-meta":"","header-main-stick-meta":"","header-below-stick-meta":"","astra-migrate-meta-layouts":"default","ast-page-background-enabled":"default","ast-page-background-meta":{"desktop":{"background-color":"","background-image":"","background-repeat":"repeat","background-position":"center center","background-size":"auto","background-attachment":"scroll","background-type":"","background-media":"","overlay-type":"","overlay-color":"","overlay-opacity":"","overlay-gradient":""},"tablet":{"background-color":"","background-image":"","background-repeat":"repeat","background-position":"center center","background-size":"auto","background-attachment":"scroll","background-type":"","background-media":"","overlay-type":"","overlay-color":"","overlay-opacity":"","overlay-gradient":""},"mobile":{"background-color":"","background-image":"","background-repeat":"repeat","background-position":"center center","background-size":"auto","background-attachment":"scroll","background-type":"","background-media":"","overlay-type":"","overlay-color":"","overlay-opacity":"","overlay-gradient":""}},"ast-content-background-meta":{"desktop":{"background-color":"var(--ast-global-color-5)","background-image":"","background-repeat":"repeat","background-position":"center center","background-size":"auto","background-attachment":"scroll","background-type":"","background-media":"","overlay-type":"","overlay-color":"","overlay-opacity":"","overlay-gradient":""},"tablet":{"background-color":"var(--ast-global-color-5)","background-image":"","background-repeat":"repeat","background-position":"center center","background-size":"auto","background-attachment":"scroll","background-type":"","background-media":"","overlay-type":"","overlay-color":"","overlay-opacity":"","overlay-gradient":""},"mobile":{"background-color":"var(--ast-global-color-5)","background-image":"","background-repeat":"repeat","background-position":"center center","background-size":"auto","background-attachment":"scroll","background-type":"","background-media":"","overlay-type":"","overlay-color":"","overlay-opacity":"","overlay-gradient":""}}},"product_brand":[],"product_cat":[706],"product_tag":[3563],"class_list":{"0":"post-6339","1":"product","2":"type-product","3":"status-publish","4":"has-post-thumbnail","6":"product_cat-peptido-antibacteriano-para-el-acne","7":"product_tag-myristoyl-hexapeptide-23-sympeptide380-can-kill-propionibacterium-acnes-suitable-for-various-oil-control-and-acne-relief-products-es","8":"desktop-align-left","9":"tablet-align-left","10":"mobile-align-left","12":"first","13":"instock","14":"shipping-taxable","15":"product-type-simple"},"_links":{"self":[{"href":"https:\/\/puyapeptide.net\/es\/wp-json\/wp\/v2\/product\/6339","targetHints":{"allow":["GET"]}}],"collection":[{"href":"https:\/\/puyapeptide.net\/es\/wp-json\/wp\/v2\/product"}],"about":[{"href":"https:\/\/puyapeptide.net\/es\/wp-json\/wp\/v2\/types\/product"}],"replies":[{"embeddable":true,"href":"https:\/\/puyapeptide.net\/es\/wp-json\/wp\/v2\/comments?post=6339"}],"wp:featuredmedia":[{"embeddable":true,"href":"https:\/\/puyapeptide.net\/es\/wp-json\/wp\/v2\/media\/2111"}],"wp:attachment":[{"href":"https:\/\/puyapeptide.net\/es\/wp-json\/wp\/v2\/media?parent=6339"}],"wp:term":[{"taxonomy":"product_brand","embeddable":true,"href":"https:\/\/puyapeptide.net\/es\/wp-json\/wp\/v2\/product_brand?post=6339"},{"taxonomy":"product_cat","embeddable":true,"href":"https:\/\/puyapeptide.net\/es\/wp-json\/wp\/v2\/product_cat?post=6339"},{"taxonomy":"product_tag","embeddable":true,"href":"https:\/\/puyapeptide.net\/es\/wp-json\/wp\/v2\/product_tag?post=6339"}],"curies":[{"name":"wp","href":"https:\/\/api.w.org\/{rel}","templated":true}]}}