{"id":6411,"date":"2021-12-16T04:59:32","date_gmt":"2021-12-16T09:59:32","guid":{"rendered":"https:\/\/puyapeptide.net\/product\/el-acetil-tetrapeptido-15-cas-928007-64-1-se-usa-generalmente-para-el-cuidado-de-la-piel-sensible\/"},"modified":"2021-12-16T04:59:32","modified_gmt":"2021-12-16T09:59:32","slug":"el-acetil-tetrapeptido-15-cas-928007-64-1-se-usa-generalmente-para-el-cuidado-de-la-piel-sensible","status":"publish","type":"product","link":"https:\/\/puyapeptide.net\/es\/product\/el-acetil-tetrapeptido-15-cas-928007-64-1-se-usa-generalmente-para-el-cuidado-de-la-piel-sensible\/","title":{"rendered":"El acetil tetrap\u00e9ptido-15 CAS 928007-64-1 se usa generalmente para el cuidado de la piel sensible"},"content":{"rendered":"<h2><strong>El acetil tetrap\u00e9ptido-15 CAS 928007-64-1 se usa generalmente para el cuidado de la piel sensible<\/strong><\/h2>\n<p> Nombre del producto: Acetil tetrap\u00e9ptido 15<br \/>\n Sin\u00f3nimos: Acetil tetrap\u00e9ptido 15; N-Acetil-L-tirosil-L-prolil-L-fenilalanil-L-fenilalaninamida; Skinasensyl; acetil tetrap\u00e9ptido-15 \/ Skinasensyl LS 9749; ( 2S) -1 &#8211; [(2S) -2-acetamido-3- (4-hidroxifenil) propanoil] -N &#8211; [(2S) -1 &#8211; [[(2S) -1-amino-1-oxo-3-fenilpropano -2-il] amino] -1-oxo-3-fenilpropan-2-il] pirrolidin-2-carboxamida; L-fenilalaninamida, N-acetil-L-tirosil-L-prolil-L-fenilalanil-; AC-PPLY -OH; Acetil tetrap\u00e9ptido 15 USP \/ EP \/ BP<br \/>\n CAS: 928007-64-1<br \/>\n MF: C34H39N5O6<br \/>\n MW: 613,7<br \/>\n EINECS:<br \/>\n Categor\u00edas de productos:<br \/>\n Mol Archivo: 928007-64-1.mol <\/p>\n<p> Acetil Tetrap\u00e9ptido-15 es un nuevo tetrap\u00e9ptido sint\u00e9tico que ayuda a aliviar la piel sensible al normalizar el umbral de tolerancia a factores ambientales, ciertos productos inc\u00f3modos aplicados t\u00f3picamente o tratamientos para el cuidado de la piel. Imita un p\u00e9ptido opioide natural y fue desarrollado con el objetivo de disminuir la estimulaci\u00f3n de las terminaciones nerviosas de la piel. <\/p>\n<p> Acetyl Tetrapeptide-15 se usa generalmente para el cuidado de la piel sensible. El tetrap\u00e9ptido se dirige a la piel neurosensible reduciendo la liberaci\u00f3n de mediadores proinflamatorios y aumentando los niveles de tolerancia de la piel, lo que resulta en una piel menos reactiva y reduce el dolor y la incomodidad. <\/p>\n<p> M\u00e1s del 40% de la poblaci\u00f3n se queja de sensibilidad cut\u00e1nea. Esta piel, a diferencia de la piel normal, reacciona negativamente a diferentes factores ambientales: cambios de temperatura, exposici\u00f3n al sol, cosm\u00e9ticos y uso de medicamentos. Despu\u00e9s de la exposici\u00f3n a estos factores, las personas con trastornos de la piel sensible experimentan sensaciones inc\u00f3modas como hormigueo, ardor o enrojecimiento de la piel. <\/p>\n<p> Acetil tetrap\u00e9ptido 15 act\u00faa sobre los receptores del dolor (terminaciones nerviosas) y reduce su actividad. Esto reduce la sensaci\u00f3n de dolor y malestar causada por los factores que causan la sensibilidad de la piel. <\/p>\n<p> Estudios cl\u00ednicos in vitro han demostrado que una reducci\u00f3n en la relajaci\u00f3n del neurotransmisor CGRP (p\u00e9ptido relacionado con el gen de la calcitonina) en las neuronas sensoriales reduce la piel. respuestas de sensibilidad. Tambi\u00e9n se demostr\u00f3 que el acetiltetrap\u00e9ptido-15 act\u00faa como un agonista del receptor de sustancias de tipo opioide. Estudios cl\u00ednicos in vivo han demostrado que esto reduce la incomodidad y el dolor causado por est\u00edmulos externos (calor y capsaicina). <\/p>\n<p> As\u00ed, el acetil tetrap\u00e9ptido 15 ayuda a restaurar los niveles normales de tolerancia de la piel a factores ambientales o cosm\u00e9ticos y repara la barrera cut\u00e1nea. . <\/p>\n<p> <strong>Funci\u00f3n y aplicaci\u00f3n de acetil tetrap\u00e9ptido-15 CAS 928007-64-1<\/strong><br \/>\n acetil tetrap\u00e9ptido-15 reduce la incomodidad y las sensaciones dolorosas en pieles sensibles<\/p>\n","protected":false},"excerpt":{"rendered":"<p>Nombre del producto: Acetil tetrap\u00e9ptido 15<br \/>\n CAS: 928007-64-1<br \/>\n MF: C34H39N5O6<br \/>\n MW: 613.7<br \/>\n Mol Archivo: 928007-64-1.mol<\/p>\n","protected":false},"featured_media":2132,"comment_status":"open","ping_status":"closed","template":"","meta":{"om_disable_all_campaigns":false,"_monsterinsights_skip_tracking":false,"_monsterinsights_sitenote_active":false,"_monsterinsights_sitenote_note":"","_monsterinsights_sitenote_category":0,"site-sidebar-layout":"default","site-content-layout":"default","ast-site-content-layout":"default","site-content-style":"default","site-sidebar-style":"default","ast-global-header-display":"","ast-banner-title-visibility":"","ast-main-header-display":"","ast-hfb-above-header-display":"","ast-hfb-below-header-display":"","ast-hfb-mobile-header-display":"","site-post-title":"","ast-breadcrumbs-content":"","ast-featured-img":"","footer-sml-layout":"","ast-disable-related-posts":"","theme-transparent-header-meta":"default","adv-header-id-meta":"","stick-header-meta":"","header-above-stick-meta":"","header-main-stick-meta":"","header-below-stick-meta":"","astra-migrate-meta-layouts":"default","ast-page-background-enabled":"default","ast-page-background-meta":{"desktop":{"background-color":"","background-image":"","background-repeat":"repeat","background-position":"center center","background-size":"auto","background-attachment":"scroll","background-type":"","background-media":"","overlay-type":"","overlay-color":"","overlay-opacity":"","overlay-gradient":""},"tablet":{"background-color":"","background-image":"","background-repeat":"repeat","background-position":"center center","background-size":"auto","background-attachment":"scroll","background-type":"","background-media":"","overlay-type":"","overlay-color":"","overlay-opacity":"","overlay-gradient":""},"mobile":{"background-color":"","background-image":"","background-repeat":"repeat","background-position":"center center","background-size":"auto","background-attachment":"scroll","background-type":"","background-media":"","overlay-type":"","overlay-color":"","overlay-opacity":"","overlay-gradient":""}},"ast-content-background-meta":{"desktop":{"background-color":"var(--ast-global-color-5)","background-image":"","background-repeat":"repeat","background-position":"center center","background-size":"auto","background-attachment":"scroll","background-type":"","background-media":"","overlay-type":"","overlay-color":"","overlay-opacity":"","overlay-gradient":""},"tablet":{"background-color":"var(--ast-global-color-5)","background-image":"","background-repeat":"repeat","background-position":"center center","background-size":"auto","background-attachment":"scroll","background-type":"","background-media":"","overlay-type":"","overlay-color":"","overlay-opacity":"","overlay-gradient":""},"mobile":{"background-color":"var(--ast-global-color-5)","background-image":"","background-repeat":"repeat","background-position":"center center","background-size":"auto","background-attachment":"scroll","background-type":"","background-media":"","overlay-type":"","overlay-color":"","overlay-opacity":"","overlay-gradient":""}}},"product_brand":[],"product_cat":[681],"product_tag":[3503],"class_list":{"0":"post-6411","1":"product","2":"type-product","3":"status-publish","4":"has-post-thumbnail","6":"product_cat-peptido-antialergico-y-antiinflamatorio","7":"product_tag-acetyl-tetrapeptide-15-cas-928007-64-1-is-generally-used-for-sensitive-skin-care-es","8":"desktop-align-left","9":"tablet-align-left","10":"mobile-align-left","12":"first","13":"instock","14":"shipping-taxable","15":"product-type-simple"},"_links":{"self":[{"href":"https:\/\/puyapeptide.net\/es\/wp-json\/wp\/v2\/product\/6411","targetHints":{"allow":["GET"]}}],"collection":[{"href":"https:\/\/puyapeptide.net\/es\/wp-json\/wp\/v2\/product"}],"about":[{"href":"https:\/\/puyapeptide.net\/es\/wp-json\/wp\/v2\/types\/product"}],"replies":[{"embeddable":true,"href":"https:\/\/puyapeptide.net\/es\/wp-json\/wp\/v2\/comments?post=6411"}],"wp:featuredmedia":[{"embeddable":true,"href":"https:\/\/puyapeptide.net\/es\/wp-json\/wp\/v2\/media\/2132"}],"wp:attachment":[{"href":"https:\/\/puyapeptide.net\/es\/wp-json\/wp\/v2\/media?parent=6411"}],"wp:term":[{"taxonomy":"product_brand","embeddable":true,"href":"https:\/\/puyapeptide.net\/es\/wp-json\/wp\/v2\/product_brand?post=6411"},{"taxonomy":"product_cat","embeddable":true,"href":"https:\/\/puyapeptide.net\/es\/wp-json\/wp\/v2\/product_cat?post=6411"},{"taxonomy":"product_tag","embeddable":true,"href":"https:\/\/puyapeptide.net\/es\/wp-json\/wp\/v2\/product_tag?post=6411"}],"curies":[{"name":"wp","href":"https:\/\/api.w.org\/{rel}","templated":true}]}}