{"id":6426,"date":"2021-12-16T04:59:39","date_gmt":"2021-12-16T09:59:39","guid":{"rendered":"https:\/\/puyapeptide.net\/product\/palmitoyl-tripeptide-8-cas-936544-53-5-para-prevenir-y-calmar-la-inflamacion-en-la-piel-irritada\/"},"modified":"2021-12-16T04:59:39","modified_gmt":"2021-12-16T09:59:39","slug":"palmitoyl-tripeptide-8-cas-936544-53-5-para-prevenir-y-calmar-la-inflamacion-en-la-piel-irritada","status":"publish","type":"product","link":"https:\/\/puyapeptide.net\/es\/product\/palmitoyl-tripeptide-8-cas-936544-53-5-para-prevenir-y-calmar-la-inflamacion-en-la-piel-irritada\/","title":{"rendered":"Palmitoyl Tripeptide-8 CAS 936544-53-5 para prevenir y calmar la inflamaci\u00f3n en la piel irritada"},"content":{"rendered":"<h2><strong>Palmitoyl Tripeptide-8 CAS 936544-53-5 para prevenir y calmar la inflamaci\u00f3n en la piel irritada<\/strong><\/h2>\n<p> Nombre del producto: Palmitoyl Tripeptide-8<br \/>\n Sin\u00f3nimos: Neutrazen; Palmitoyl Tripeptide-8; Palmiltoyl Tripeptide-8; L-Argininamide, N- (1-oxohexadecyl) -L-histidyl-D-phenylalanyl-; Proveedor de f\u00e1brica Palmitoyl Tripeptide-8; P\u00e9ptido cosm\u00e9tico Palmitoyl Tripeptide-8 Neutrazen Powder CAS 936544-53-5 para antial\u00e9rgico y reparador<br \/>\n CAS: 936544-53-5<br \/>\n MF: C37H61N9O4<br \/>\n MW: 695.94<br \/>\n EINECS:<br \/>\n Categor\u00edas de productos:<br \/>\n Archivo Mol: 936544-53-5.mol <\/p>\n<p> Palmitoyl Tripeptide-8 es un nuevo p\u00e9ptido. Ayuda a prevenir y calmar la inflamaci\u00f3n en pieles irritadas. Como activo adicional, en realidad funciona para mejorar la elasticidad de la piel sensible. El palmitoil trip\u00e9ptido-8 puede reducir una serie de consecuencias adversas provocadas por la liberaci\u00f3n de sustancia P, reducir la liberaci\u00f3n de citocinas inflamatorias (IL-1, IL-8, TNF-\u03b1), aliviar la vasodilataci\u00f3n, prevenir y reducir la irritaci\u00f3n de los est\u00edmulos externos , alivia la picaz\u00f3n, escozor, eritema, edema y otros s\u00edntomas, mantiene un umbral de sensibilidad cut\u00e1nea normal y mantiene la piel sana. <\/p>\n<p> <strong>Palmitoyl Tripeptide-8 CAS 936544-53-5 Propiedades qu\u00edmicas<\/strong><br \/>\n densidad 1.20 \u00b1 0,1 g \/ cm3 (Previsto)<br \/>\n pka 13,34 \u00b1 0,46 (Previsto) <\/p>\n<p> <strong>Funci\u00f3n de Palmitoyl Tripeptide-8 CAS 936544-53-5<\/strong><br \/>\n 1 \u3001 Reduce la reacci\u00f3n de la piel a los irritantes, ayuda a reducir la piel reacciones inflamatorias y alivia el neuroedema. <\/p>\n<p> 2 \u3001 Particularmente adecuado para el cuidado de la piel sensible <\/p>\n<p> 3 \u3001 Alivia r\u00e1pidamente los s\u00edntomas inflamatorios de enrojecimiento, hinchaz\u00f3n y dolor <\/p>\n<p> <strong>Aplicaci\u00f3n de Trip\u00e9ptido-8 de palmitoilo CAS 936544-53-5<\/strong><br \/>\n 1. Palmitoyl Tripeptide-8 Previene y revierte los signos de inflamaci\u00f3n neurog\u00e9nica. <\/p>\n<p> 2. Palmitoyl Tripeptide-8 Calma y alivia la piel irritada. <\/p>\n<p> 3. Palmitoyl Tripeptide-8 Ayuda a mantener y restaurar un umbral de sensibilidad normal.<\/p>\n","protected":false},"excerpt":{"rendered":"<p>Nombre del producto: Palmitoyl Tripeptide-8<br \/>\n CAS: 936544-53-5<br \/>\n MF: C37H61N9O4<br \/>\n MW: 695.94<br \/>\n Mol Archivo: 936544-53-5.mol<\/p>\n","protected":false},"featured_media":2216,"comment_status":"open","ping_status":"closed","template":"","meta":{"om_disable_all_campaigns":false,"_monsterinsights_skip_tracking":false,"_monsterinsights_sitenote_active":false,"_monsterinsights_sitenote_note":"","_monsterinsights_sitenote_category":0,"site-sidebar-layout":"default","site-content-layout":"default","ast-site-content-layout":"default","site-content-style":"default","site-sidebar-style":"default","ast-global-header-display":"","ast-banner-title-visibility":"","ast-main-header-display":"","ast-hfb-above-header-display":"","ast-hfb-below-header-display":"","ast-hfb-mobile-header-display":"","site-post-title":"","ast-breadcrumbs-content":"","ast-featured-img":"","footer-sml-layout":"","ast-disable-related-posts":"","theme-transparent-header-meta":"default","adv-header-id-meta":"","stick-header-meta":"","header-above-stick-meta":"","header-main-stick-meta":"","header-below-stick-meta":"","astra-migrate-meta-layouts":"default","ast-page-background-enabled":"default","ast-page-background-meta":{"desktop":{"background-color":"","background-image":"","background-repeat":"repeat","background-position":"center center","background-size":"auto","background-attachment":"scroll","background-type":"","background-media":"","overlay-type":"","overlay-color":"","overlay-opacity":"","overlay-gradient":""},"tablet":{"background-color":"","background-image":"","background-repeat":"repeat","background-position":"center center","background-size":"auto","background-attachment":"scroll","background-type":"","background-media":"","overlay-type":"","overlay-color":"","overlay-opacity":"","overlay-gradient":""},"mobile":{"background-color":"","background-image":"","background-repeat":"repeat","background-position":"center center","background-size":"auto","background-attachment":"scroll","background-type":"","background-media":"","overlay-type":"","overlay-color":"","overlay-opacity":"","overlay-gradient":""}},"ast-content-background-meta":{"desktop":{"background-color":"var(--ast-global-color-5)","background-image":"","background-repeat":"repeat","background-position":"center center","background-size":"auto","background-attachment":"scroll","background-type":"","background-media":"","overlay-type":"","overlay-color":"","overlay-opacity":"","overlay-gradient":""},"tablet":{"background-color":"var(--ast-global-color-5)","background-image":"","background-repeat":"repeat","background-position":"center center","background-size":"auto","background-attachment":"scroll","background-type":"","background-media":"","overlay-type":"","overlay-color":"","overlay-opacity":"","overlay-gradient":""},"mobile":{"background-color":"var(--ast-global-color-5)","background-image":"","background-repeat":"repeat","background-position":"center center","background-size":"auto","background-attachment":"scroll","background-type":"","background-media":"","overlay-type":"","overlay-color":"","overlay-opacity":"","overlay-gradient":""}}},"product_brand":[],"product_cat":[681],"product_tag":[3474],"class_list":{"0":"post-6426","1":"product","2":"type-product","3":"status-publish","4":"has-post-thumbnail","6":"product_cat-peptido-antialergico-y-antiinflamatorio","7":"product_tag-palmitoyl-tripeptide-8-cas-936544-53-5-to-prevent-and-sooth-inflammation-in-irritated-skin-es","8":"desktop-align-left","9":"tablet-align-left","10":"mobile-align-left","12":"first","13":"instock","14":"shipping-taxable","15":"product-type-simple"},"_links":{"self":[{"href":"https:\/\/puyapeptide.net\/es\/wp-json\/wp\/v2\/product\/6426","targetHints":{"allow":["GET"]}}],"collection":[{"href":"https:\/\/puyapeptide.net\/es\/wp-json\/wp\/v2\/product"}],"about":[{"href":"https:\/\/puyapeptide.net\/es\/wp-json\/wp\/v2\/types\/product"}],"replies":[{"embeddable":true,"href":"https:\/\/puyapeptide.net\/es\/wp-json\/wp\/v2\/comments?post=6426"}],"wp:featuredmedia":[{"embeddable":true,"href":"https:\/\/puyapeptide.net\/es\/wp-json\/wp\/v2\/media\/2216"}],"wp:attachment":[{"href":"https:\/\/puyapeptide.net\/es\/wp-json\/wp\/v2\/media?parent=6426"}],"wp:term":[{"taxonomy":"product_brand","embeddable":true,"href":"https:\/\/puyapeptide.net\/es\/wp-json\/wp\/v2\/product_brand?post=6426"},{"taxonomy":"product_cat","embeddable":true,"href":"https:\/\/puyapeptide.net\/es\/wp-json\/wp\/v2\/product_cat?post=6426"},{"taxonomy":"product_tag","embeddable":true,"href":"https:\/\/puyapeptide.net\/es\/wp-json\/wp\/v2\/product_tag?post=6426"}],"curies":[{"name":"wp","href":"https:\/\/api.w.org\/{rel}","templated":true}]}}