{"id":6492,"date":"2021-12-16T05:04:03","date_gmt":"2021-12-16T10:04:03","guid":{"rendered":"https:\/\/puyapeptide.net\/product\/acetil-hexapeptido-38-adifyline-cas-1400634-44-7-puede-aumentar-el-volumen-de-los-senos-o-las-mejillas\/"},"modified":"2021-12-16T05:04:03","modified_gmt":"2021-12-16T10:04:03","slug":"acetil-hexapeptido-38-adifyline-cas-1400634-44-7-puede-aumentar-el-volumen-de-los-senos-o-las-mejillas","status":"publish","type":"product","link":"https:\/\/puyapeptide.net\/es\/product\/acetil-hexapeptido-38-adifyline-cas-1400634-44-7-puede-aumentar-el-volumen-de-los-senos-o-las-mejillas\/","title":{"rendered":"Acetil hexap\u00e9ptido 38 \/ Adifyline CAS 1400634-44-7 puede aumentar el volumen de los senos o las mejillas"},"content":{"rendered":"<h2><strong>Acetil hexap\u00e9ptido 38 \/ Adifyline CAS 1400634-44-7 puede aumentar el volumen de los senos o las mejillas<\/strong><\/h2>\n<p> Nombre del producto: Acetil hexap\u00e9ptido 38<br \/>\n Sin\u00f3nimos: Acetil hexap\u00e9ptido 38; adifyline; PAW-\u03b2; Acetil hexap\u00e9ptido-38, Adifyline; Acetil seis p\u00e9ptido; Acetil hexap\u00e9ptido-38 en polvo; Acetil hexap\u00e9ptido-38; Acetil hexap\u00e9ptido 38 USP \/ EP \/ BP<br \/>\n CAS: 1400634-44-7<br \/>\n MF:<br \/>\n MW: 0<br \/>\n EINECS: 000-000-0<br \/>\n Categor\u00edas de productos:<br \/>\n Archivo Mol: Archivo Mol &lt; &amp;&gt; T\u00e9rmino de pago: Trade Assurance, T \/ T, Western Union, L \/ C <\/p>\n<p> Acetyl Hexapeptide-38 (Adifyline) que aumentan el volumen de tejido graso en \u00e1reas espec\u00edficas mejorando la apariencia facial y proporcionando atractivas curvas boday Estimula la expresi\u00f3n del coactivador gamma 1a (PGC-1a) del receptor activado por proliferador de peroxisomas, lo que mejora la tasa de adipog\u00e9nesis, lo que conduce a una mayor acumulaci\u00f3n de l\u00edpidos y crecimiento de volumen en las \u00e1reas deseadas como los senos y las mejillas.<br \/>\n Hexap\u00e9ptido38 aumenta el volumen local mejorando la apariencia facial y proporcionando una silueta curvil\u00ednea, al promover la expresi\u00f3n de PGC-1a y la acumulaci\u00f3n de l\u00edpidos en el tejido adiposo. <\/p>\n<p> <strong>Funci\u00f3n y aplicaci\u00f3n de acetil hexap\u00e9ptido 38 \/ Adifyline CAS 1400634-44-7<\/strong> <\/p>\n<p> 1. Mejora la tasa de adipog\u00e9nesis. <\/p>\n<p> 2. Conduce a una mayor acumulaci\u00f3n de l\u00edpidos y crecimiento de volumen en las \u00e1reas deseadas como los senos y las mejillas. <\/p>\n<p> 3. Mejora la apariencia facial y proporciona atractivas curvas corporales. <\/p>\n<p> <strong>El uso de acetil hexap\u00e9ptido 38 \/ Adifyline CAS 1400634-44-7<\/strong><br \/>\n aumenta el volumen local mejorando la apariencia facial y proporcionando una silueta curvil\u00ednea, al promover la expresi\u00f3n de PGC-1a y Acumulaci\u00f3n de l\u00edpidos en el tejido adiposo.<\/p>\n","protected":false},"excerpt":{"rendered":"<p>Nombre del producto: Acetil hexap\u00e9ptido 38<br \/>\n CAS: 1400634-44-7<br \/>\n Archivo Mol: Archivo Mol<\/p>\n","protected":false},"featured_media":2132,"comment_status":"open","ping_status":"closed","template":"","meta":{"om_disable_all_campaigns":false,"_monsterinsights_skip_tracking":false,"_monsterinsights_sitenote_active":false,"_monsterinsights_sitenote_note":"","_monsterinsights_sitenote_category":0,"site-sidebar-layout":"default","site-content-layout":"default","ast-site-content-layout":"default","site-content-style":"default","site-sidebar-style":"default","ast-global-header-display":"","ast-banner-title-visibility":"","ast-main-header-display":"","ast-hfb-above-header-display":"","ast-hfb-below-header-display":"","ast-hfb-mobile-header-display":"","site-post-title":"","ast-breadcrumbs-content":"","ast-featured-img":"","footer-sml-layout":"","ast-disable-related-posts":"","theme-transparent-header-meta":"default","adv-header-id-meta":"","stick-header-meta":"","header-above-stick-meta":"","header-main-stick-meta":"","header-below-stick-meta":"","astra-migrate-meta-layouts":"default","ast-page-background-enabled":"default","ast-page-background-meta":{"desktop":{"background-color":"","background-image":"","background-repeat":"repeat","background-position":"center center","background-size":"auto","background-attachment":"scroll","background-type":"","background-media":"","overlay-type":"","overlay-color":"","overlay-opacity":"","overlay-gradient":""},"tablet":{"background-color":"","background-image":"","background-repeat":"repeat","background-position":"center center","background-size":"auto","background-attachment":"scroll","background-type":"","background-media":"","overlay-type":"","overlay-color":"","overlay-opacity":"","overlay-gradient":""},"mobile":{"background-color":"","background-image":"","background-repeat":"repeat","background-position":"center center","background-size":"auto","background-attachment":"scroll","background-type":"","background-media":"","overlay-type":"","overlay-color":"","overlay-opacity":"","overlay-gradient":""}},"ast-content-background-meta":{"desktop":{"background-color":"var(--ast-global-color-5)","background-image":"","background-repeat":"repeat","background-position":"center center","background-size":"auto","background-attachment":"scroll","background-type":"","background-media":"","overlay-type":"","overlay-color":"","overlay-opacity":"","overlay-gradient":""},"tablet":{"background-color":"var(--ast-global-color-5)","background-image":"","background-repeat":"repeat","background-position":"center center","background-size":"auto","background-attachment":"scroll","background-type":"","background-media":"","overlay-type":"","overlay-color":"","overlay-opacity":"","overlay-gradient":""},"mobile":{"background-color":"var(--ast-global-color-5)","background-image":"","background-repeat":"repeat","background-position":"center center","background-size":"auto","background-attachment":"scroll","background-type":"","background-media":"","overlay-type":"","overlay-color":"","overlay-opacity":"","overlay-gradient":""}}},"product_brand":[],"product_cat":[636],"product_tag":[3408],"class_list":{"0":"post-6492","1":"product","2":"type-product","3":"status-publish","4":"has-post-thumbnail","6":"product_cat-peptido-potenciador-de-grasa-y-potenciador-de-senos","7":"product_tag-acetyl-hexapeptide-38-adifyline-cas-1400634-44-7-can-increase-the-volume-of-the-breasts-or-cheeks-es","8":"desktop-align-left","9":"tablet-align-left","10":"mobile-align-left","12":"first","13":"instock","14":"shipping-taxable","15":"product-type-simple"},"_links":{"self":[{"href":"https:\/\/puyapeptide.net\/es\/wp-json\/wp\/v2\/product\/6492","targetHints":{"allow":["GET"]}}],"collection":[{"href":"https:\/\/puyapeptide.net\/es\/wp-json\/wp\/v2\/product"}],"about":[{"href":"https:\/\/puyapeptide.net\/es\/wp-json\/wp\/v2\/types\/product"}],"replies":[{"embeddable":true,"href":"https:\/\/puyapeptide.net\/es\/wp-json\/wp\/v2\/comments?post=6492"}],"wp:featuredmedia":[{"embeddable":true,"href":"https:\/\/puyapeptide.net\/es\/wp-json\/wp\/v2\/media\/2132"}],"wp:attachment":[{"href":"https:\/\/puyapeptide.net\/es\/wp-json\/wp\/v2\/media?parent=6492"}],"wp:term":[{"taxonomy":"product_brand","embeddable":true,"href":"https:\/\/puyapeptide.net\/es\/wp-json\/wp\/v2\/product_brand?post=6492"},{"taxonomy":"product_cat","embeddable":true,"href":"https:\/\/puyapeptide.net\/es\/wp-json\/wp\/v2\/product_cat?post=6492"},{"taxonomy":"product_tag","embeddable":true,"href":"https:\/\/puyapeptide.net\/es\/wp-json\/wp\/v2\/product_tag?post=6492"}],"curies":[{"name":"wp","href":"https:\/\/api.w.org\/{rel}","templated":true}]}}