{"id":6522,"date":"2021-12-16T05:05:45","date_gmt":"2021-12-16T10:05:45","guid":{"rendered":"https:\/\/puyapeptide.net\/product\/palmitoyl-tripeptide-28-mejora-la-elasticidad-y-firmeza-de-la-piel-y-actua-como-antiinflamatorio\/"},"modified":"2021-12-16T05:05:45","modified_gmt":"2021-12-16T10:05:45","slug":"palmitoyl-tripeptide-28-mejora-la-elasticidad-y-firmeza-de-la-piel-y-actua-como-antiinflamatorio","status":"publish","type":"product","link":"https:\/\/puyapeptide.net\/es\/product\/palmitoyl-tripeptide-28-mejora-la-elasticidad-y-firmeza-de-la-piel-y-actua-como-antiinflamatorio\/","title":{"rendered":"Palmitoyl Tripeptide-28 mejora la elasticidad y firmeza de la piel y act\u00faa como antiinflamatorio"},"content":{"rendered":"<h2><strong>Palmitoyl Tripeptide-28 mejora la elasticidad y firmeza de la piel y act\u00faa como antiinflamatorio<\/strong><\/h2>\n<p> Nombre del producto: Palmitoyl Tripeptide-28<br \/>\n Referencia: ECM Moduline peptide<br \/>\n Fuente: sint\u00e9tico<br \/>\n Solubilidad: soluble en agua<br \/>\n Estabilidad: estable<br \/>\n Pureza:&gt; = 95%<br \/>\n Grado: cosm\u00e9tico<br \/>\n MSDS y COA: disponible para su referencia, por favor cont\u00e1ctenos<br \/>\n Capacidad: 1 kg por mes<br \/>\n Aspecto: polvo blanco <\/p>\n<p> <strong>Funciones de Palmitoyl Tripeptide-28<\/strong><br \/>\n Palmitoyl Tripeptide -28 mejora la elasticidad y firmeza de la piel y act\u00faa como antiinflamatorio. <\/p>\n<p> <strong>Aplicaci\u00f3n de Palmitoyl Tripeptide-28<\/strong><br \/>\n Palmitoyl Tripeptide-28 se une al receptor espec\u00edfico TGF-bII (TbRII) en la superficie celular. Este receptor fosforila al receptor TGF-bI (TbRI) para generar un complejo de receptores activos por lo que fosforilan la prote\u00edna Smad 2 o Smad 3.Smad 2 o Smad 3 forman un complejo con la prote\u00edna citoplasm\u00e1tica Smad 4 y esto permite la translocaci\u00f3n del complejo Smad. en el n\u00facleo. All\u00ed, el complejo booster Smad se une a secuencias espec\u00edficas de los promotores de los genes de la matriz extracelular que activan su expresi\u00f3n. <\/p>\n<p> Palmitoyl Tripeptide-28 es la clave en la regeneraci\u00f3n de la matriz extracelular ya que estimula la s\u00edntesis de prote\u00ednas en el matriz extracelular, inhibe las metaloproteinasas que degradan el col\u00e1geno, estimula la producci\u00f3n de inhibidores de proteasas y la s\u00edntesis de integrinas.<\/p>\n","protected":false},"excerpt":{"rendered":"<p>Nombre del producto: Palmitoyl Tripeptide-28<br \/>\n Fuente: sint\u00e9tico<br \/>\n Solubilidad: soluble en agua<br \/>\n Estabilidad: estable<br \/>\n Pureza:&gt; = 95%<br \/>\n Grado: cosm\u00e9tico<br \/>\n Aspecto: polvo blanco<\/p>\n","protected":false},"featured_media":2216,"comment_status":"open","ping_status":"closed","template":"","meta":{"om_disable_all_campaigns":false,"_monsterinsights_skip_tracking":false,"_monsterinsights_sitenote_active":false,"_monsterinsights_sitenote_note":"","_monsterinsights_sitenote_category":0,"site-sidebar-layout":"default","site-content-layout":"default","ast-site-content-layout":"default","site-content-style":"default","site-sidebar-style":"default","ast-global-header-display":"","ast-banner-title-visibility":"","ast-main-header-display":"","ast-hfb-above-header-display":"","ast-hfb-below-header-display":"","ast-hfb-mobile-header-display":"","site-post-title":"","ast-breadcrumbs-content":"","ast-featured-img":"","footer-sml-layout":"","ast-disable-related-posts":"","theme-transparent-header-meta":"default","adv-header-id-meta":"","stick-header-meta":"","header-above-stick-meta":"","header-main-stick-meta":"","header-below-stick-meta":"","astra-migrate-meta-layouts":"default","ast-page-background-enabled":"default","ast-page-background-meta":{"desktop":{"background-color":"","background-image":"","background-repeat":"repeat","background-position":"center center","background-size":"auto","background-attachment":"scroll","background-type":"","background-media":"","overlay-type":"","overlay-color":"","overlay-opacity":"","overlay-gradient":""},"tablet":{"background-color":"","background-image":"","background-repeat":"repeat","background-position":"center center","background-size":"auto","background-attachment":"scroll","background-type":"","background-media":"","overlay-type":"","overlay-color":"","overlay-opacity":"","overlay-gradient":""},"mobile":{"background-color":"","background-image":"","background-repeat":"repeat","background-position":"center center","background-size":"auto","background-attachment":"scroll","background-type":"","background-media":"","overlay-type":"","overlay-color":"","overlay-opacity":"","overlay-gradient":""}},"ast-content-background-meta":{"desktop":{"background-color":"var(--ast-global-color-5)","background-image":"","background-repeat":"repeat","background-position":"center center","background-size":"auto","background-attachment":"scroll","background-type":"","background-media":"","overlay-type":"","overlay-color":"","overlay-opacity":"","overlay-gradient":""},"tablet":{"background-color":"var(--ast-global-color-5)","background-image":"","background-repeat":"repeat","background-position":"center center","background-size":"auto","background-attachment":"scroll","background-type":"","background-media":"","overlay-type":"","overlay-color":"","overlay-opacity":"","overlay-gradient":""},"mobile":{"background-color":"var(--ast-global-color-5)","background-image":"","background-repeat":"repeat","background-position":"center center","background-size":"auto","background-attachment":"scroll","background-type":"","background-media":"","overlay-type":"","overlay-color":"","overlay-opacity":"","overlay-gradient":""}}},"product_brand":[],"product_cat":[636],"product_tag":[3392,3370],"class_list":{"0":"post-6522","1":"product","2":"type-product","3":"status-publish","4":"has-post-thumbnail","6":"product_cat-peptido-potenciador-de-grasa-y-potenciador-de-senos","7":"product_tag-firmness-and-serves-as-an-anti-inflammatory-es","8":"product_tag-palmitoyl-tripeptide-28-improves-skin-elasticity-es","9":"desktop-align-left","10":"tablet-align-left","11":"mobile-align-left","13":"first","14":"instock","15":"shipping-taxable","16":"product-type-simple"},"_links":{"self":[{"href":"https:\/\/puyapeptide.net\/es\/wp-json\/wp\/v2\/product\/6522","targetHints":{"allow":["GET"]}}],"collection":[{"href":"https:\/\/puyapeptide.net\/es\/wp-json\/wp\/v2\/product"}],"about":[{"href":"https:\/\/puyapeptide.net\/es\/wp-json\/wp\/v2\/types\/product"}],"replies":[{"embeddable":true,"href":"https:\/\/puyapeptide.net\/es\/wp-json\/wp\/v2\/comments?post=6522"}],"wp:featuredmedia":[{"embeddable":true,"href":"https:\/\/puyapeptide.net\/es\/wp-json\/wp\/v2\/media\/2216"}],"wp:attachment":[{"href":"https:\/\/puyapeptide.net\/es\/wp-json\/wp\/v2\/media?parent=6522"}],"wp:term":[{"taxonomy":"product_brand","embeddable":true,"href":"https:\/\/puyapeptide.net\/es\/wp-json\/wp\/v2\/product_brand?post=6522"},{"taxonomy":"product_cat","embeddable":true,"href":"https:\/\/puyapeptide.net\/es\/wp-json\/wp\/v2\/product_cat?post=6522"},{"taxonomy":"product_tag","embeddable":true,"href":"https:\/\/puyapeptide.net\/es\/wp-json\/wp\/v2\/product_tag?post=6522"}],"curies":[{"name":"wp","href":"https:\/\/api.w.org\/{rel}","templated":true}]}}