{"id":6531,"date":"2021-12-16T05:06:51","date_gmt":"2021-12-16T10:06:51","guid":{"rendered":"https:\/\/puyapeptide.net\/product\/palmitoyl-tetrapeptide-20-de-grado-superior-para-cabello-gris\/"},"modified":"2021-12-16T05:37:25","modified_gmt":"2021-12-16T10:37:25","slug":"palmitoyl-tetrapeptide-20-de-grado-superior-para-cabello-gris","status":"publish","type":"product","link":"https:\/\/puyapeptide.net\/es\/product\/palmitoyl-tetrapeptide-20-de-grado-superior-para-cabello-gris\/","title":{"rendered":"Palmitoyl Tetrapeptide-20 de grado superior para cabello gris"},"content":{"rendered":"<h2><strong>Palmitoyl Tetrapeptide-20 de grado superior para cabello gris<\/strong><\/h2>\n<p> Nombre del producto Palmitoyl Tetrapeptide-20<br \/>\n Pureza 95-99%<br \/>\n MSDS y COA disponibles para su referencia<br \/>\n Entrega inmediata desde stock<br \/>\n Sequence Pal-PEKK<br \/>\n Cas 221227-05-0 <\/p>\n<p> Palmitoyl tetrapeptide-20 es un agonista de \u03b1-MSH, estimula la s\u00edntesis de melanina y mejora la actividad de la catalasa y reduce el exceso (H2O2). Se puede utilizar en la pigmentaci\u00f3n del cabello. <\/p>\n<p> Palmitoyl tetrapeptide-20 es un p\u00e9ptido bi\u00f3nico de hormona (MSH-\u03b1) que act\u00faa sobre las dos causas principales de las canas: la reducci\u00f3n de la melanina y el estr\u00e9s oxidativo. Palmitoyl Tetrapeptide-10 (Marca: Kramer) ofrece una forma eficaz sin precedentes de prevenir, detener y revertir el fen\u00f3meno del envejecimiento del cabello. Probado cl\u00ednicamente para ser efectivo, Black Hair Peptide puede ayudar a hombres y mujeres que sufren de canas al revertir el proceso de envejecimiento del cabello y aumentar la autoestima de las personas para que luzcan m\u00e1s naturalmente j\u00f3venes. <\/p>\n<p> <strong>Uso de Palmitoyl Tetrapeptide-20<\/strong> &lt; &amp;&gt; Palmitoyl tetrapeptide-20 estimula la pigmentaci\u00f3n del cabello e invierte el proceso del cabello gris, proporciona a hombres y mujeres un aspecto m\u00e1s joven y mejora su autoestima <\/p>\n<p> <strong>Funci\u00f3n de Palmitoyl Tetrapeptide-20<\/strong><br \/>\n Palmitoyl Tetrapeptide-20 can Stimula producci\u00f3n de pigmento natural del cabello y restaura gradualmente el color natural del cabello; resiste el envejecimiento del cabello y previene la aparici\u00f3n de canas. Se puede utilizar para el cabello antienvejecimiento, cubriendo las canas de aparici\u00f3n temprana, cuidado posterior al te\u00f1ido, potenciador natural del color del cabello, m\u00e1s suave que los tintes qu\u00edmicos para productos para el cuidado del cuero cabelludo y la barba.<\/p>\n","protected":false},"excerpt":{"rendered":"<p>Nombre del producto Palmitoyl Tetrapeptide-20<br \/>\n Pureza 95-99%<br \/>\n Entrega puntual desde stock<br \/>\n Sequence Pal-PEKK<br \/>\n Cas 221227-05-0<\/p>\n","protected":false},"featured_media":2174,"comment_status":"open","ping_status":"closed","template":"","meta":{"om_disable_all_campaigns":false,"_monsterinsights_skip_tracking":false,"_monsterinsights_sitenote_active":false,"_monsterinsights_sitenote_note":"","_monsterinsights_sitenote_category":0,"site-sidebar-layout":"default","site-content-layout":"default","ast-site-content-layout":"default","site-content-style":"default","site-sidebar-style":"default","ast-global-header-display":"","ast-banner-title-visibility":"","ast-main-header-display":"","ast-hfb-above-header-display":"","ast-hfb-below-header-display":"","ast-hfb-mobile-header-display":"","site-post-title":"","ast-breadcrumbs-content":"","ast-featured-img":"","footer-sml-layout":"","ast-disable-related-posts":"","theme-transparent-header-meta":"default","adv-header-id-meta":"","stick-header-meta":"","header-above-stick-meta":"","header-main-stick-meta":"","header-below-stick-meta":"","astra-migrate-meta-layouts":"default","ast-page-background-enabled":"default","ast-page-background-meta":{"desktop":{"background-color":"","background-image":"","background-repeat":"repeat","background-position":"center center","background-size":"auto","background-attachment":"scroll","background-type":"","background-media":"","overlay-type":"","overlay-color":"","overlay-opacity":"","overlay-gradient":""},"tablet":{"background-color":"","background-image":"","background-repeat":"repeat","background-position":"center center","background-size":"auto","background-attachment":"scroll","background-type":"","background-media":"","overlay-type":"","overlay-color":"","overlay-opacity":"","overlay-gradient":""},"mobile":{"background-color":"","background-image":"","background-repeat":"repeat","background-position":"center center","background-size":"auto","background-attachment":"scroll","background-type":"","background-media":"","overlay-type":"","overlay-color":"","overlay-opacity":"","overlay-gradient":""}},"ast-content-background-meta":{"desktop":{"background-color":"var(--ast-global-color-5)","background-image":"","background-repeat":"repeat","background-position":"center center","background-size":"auto","background-attachment":"scroll","background-type":"","background-media":"","overlay-type":"","overlay-color":"","overlay-opacity":"","overlay-gradient":""},"tablet":{"background-color":"var(--ast-global-color-5)","background-image":"","background-repeat":"repeat","background-position":"center center","background-size":"auto","background-attachment":"scroll","background-type":"","background-media":"","overlay-type":"","overlay-color":"","overlay-opacity":"","overlay-gradient":""},"mobile":{"background-color":"var(--ast-global-color-5)","background-image":"","background-repeat":"repeat","background-position":"center center","background-size":"auto","background-attachment":"scroll","background-type":"","background-media":"","overlay-type":"","overlay-color":"","overlay-opacity":"","overlay-gradient":""}}},"product_brand":[],"product_cat":[610],"product_tag":[3338],"class_list":{"0":"post-6531","1":"product","2":"type-product","3":"status-publish","4":"has-post-thumbnail","6":"product_cat-peptido-promotor-del-crecimiento-del-cabello-pestanas","7":"product_tag-top-grade-palmitoyl-tetrapeptide-20-for-grey-hair-es","8":"desktop-align-left","9":"tablet-align-left","10":"mobile-align-left","12":"first","13":"instock","14":"shipping-taxable","15":"product-type-simple"},"_links":{"self":[{"href":"https:\/\/puyapeptide.net\/es\/wp-json\/wp\/v2\/product\/6531","targetHints":{"allow":["GET"]}}],"collection":[{"href":"https:\/\/puyapeptide.net\/es\/wp-json\/wp\/v2\/product"}],"about":[{"href":"https:\/\/puyapeptide.net\/es\/wp-json\/wp\/v2\/types\/product"}],"replies":[{"embeddable":true,"href":"https:\/\/puyapeptide.net\/es\/wp-json\/wp\/v2\/comments?post=6531"}],"wp:featuredmedia":[{"embeddable":true,"href":"https:\/\/puyapeptide.net\/es\/wp-json\/wp\/v2\/media\/2174"}],"wp:attachment":[{"href":"https:\/\/puyapeptide.net\/es\/wp-json\/wp\/v2\/media?parent=6531"}],"wp:term":[{"taxonomy":"product_brand","embeddable":true,"href":"https:\/\/puyapeptide.net\/es\/wp-json\/wp\/v2\/product_brand?post=6531"},{"taxonomy":"product_cat","embeddable":true,"href":"https:\/\/puyapeptide.net\/es\/wp-json\/wp\/v2\/product_cat?post=6531"},{"taxonomy":"product_tag","embeddable":true,"href":"https:\/\/puyapeptide.net\/es\/wp-json\/wp\/v2\/product_tag?post=6531"}],"curies":[{"name":"wp","href":"https:\/\/api.w.org\/{rel}","templated":true}]}}