{"id":6574,"date":"2021-12-16T05:08:40","date_gmt":"2021-12-16T10:08:40","guid":{"rendered":"https:\/\/puyapeptide.net\/product\/oligopeptide-54-es-un-peptido-promotor-del-crecimiento-del-cabello-novedoso\/"},"modified":"2021-12-16T05:08:40","modified_gmt":"2021-12-16T10:08:40","slug":"oligopeptide-54-es-un-peptido-promotor-del-crecimiento-del-cabello-novedoso","status":"publish","type":"product","link":"https:\/\/puyapeptide.net\/es\/product\/oligopeptide-54-es-un-peptido-promotor-del-crecimiento-del-cabello-novedoso\/","title":{"rendered":"Oligopeptide-54 es un p\u00e9ptido promotor del crecimiento del cabello novedoso"},"content":{"rendered":"<h2><strong>Oligopeptide-54 es un p\u00e9ptido promotor del crecimiento del cabello novedoso<\/strong><\/h2>\n<p> Nombre en ingl\u00e9s: Oligopeptide-54, CG-Nokkin<br \/>\n Pureza \uff1a \u226598%<br \/>\n Peso molecular \uff1a 923,61g \/ mol<br \/>\n F\u00f3rmula molecular \uff1a C51H57N9O8<br \/>\n Aspecto: polvo blanco<br \/>\n Especificaci\u00f3n del embalaje (polvo): 1g, 10g, 100g <\/p>\n<p> Oligop\u00e9ptido-54, oligop\u00e9ptido-54 (CG nokkin), este biop\u00e9ptido reduce la actividad de los genes responsables de la alopecia androg\u00e9nica al bloquear la expresi\u00f3n de genes sensibles a la DHT. Activa la se\u00f1alizaci\u00f3n de WNT con un fuerte antagonista de BMP que promueve el crecimiento del cabello e inhibe la p\u00e9rdida de pigmento en el cabello. Fortalece el cabello mientras estimula los fol\u00edculos para producir un cabello m\u00e1s saludable. Ayuda a la circulaci\u00f3n sangu\u00ednea en el cuero cabelludo y revitaliza los fol\u00edculos pilosos. <\/p>\n<p> Adem\u00e1s, estimula el metabolismo de los melanocitos y su migraci\u00f3n, mejorando as\u00ed la producci\u00f3n de melanina en los fol\u00edculos pilosos y actuando as\u00ed sobre el color del cabello. <\/p>\n<p> Realza el cabello mientras estimula los fol\u00edculos pilosos para producir un cabello sano, evitando que el cabello se vuelva gris. <\/p>\n<p> Oligop\u00e9ptido-54, oligop\u00e9ptido-54 (CG nokkin) fortalece el cabello mientras estimula los fol\u00edculos pilosos para producir un cabello sano y evita que el cabello se vuelva gris. <\/p>\n<p> <strong>Funci\u00f3n del oligop\u00e9ptido-54<\/strong><br \/>\n 1. Pigmentaci\u00f3n del cabello y reversi\u00f3n del proceso de encanecimiento del cabello<br \/>\n 2. Estimulaci\u00f3n del crecimiento del cabello.<\/p>\n","protected":false},"excerpt":{"rendered":"<p>Nombre en ingl\u00e9s: Oligopeptide-54, CG-Nokkin<br \/>\n Pureza: \u226598%<br \/>\n Peso molecular: 923,61g \/ mol<br \/>\n F\u00f3rmula molecular: C51H57N9O8<br \/>\n Aspecto: polvo blanco<\/p>\n","protected":false},"featured_media":2132,"comment_status":"open","ping_status":"closed","template":"","meta":{"om_disable_all_campaigns":false,"_monsterinsights_skip_tracking":false,"_monsterinsights_sitenote_active":false,"_monsterinsights_sitenote_note":"","_monsterinsights_sitenote_category":0,"site-sidebar-layout":"default","site-content-layout":"default","ast-site-content-layout":"default","site-content-style":"default","site-sidebar-style":"default","ast-global-header-display":"","ast-banner-title-visibility":"","ast-main-header-display":"","ast-hfb-above-header-display":"","ast-hfb-below-header-display":"","ast-hfb-mobile-header-display":"","site-post-title":"","ast-breadcrumbs-content":"","ast-featured-img":"","footer-sml-layout":"","ast-disable-related-posts":"","theme-transparent-header-meta":"default","adv-header-id-meta":"","stick-header-meta":"","header-above-stick-meta":"","header-main-stick-meta":"","header-below-stick-meta":"","astra-migrate-meta-layouts":"default","ast-page-background-enabled":"default","ast-page-background-meta":{"desktop":{"background-color":"","background-image":"","background-repeat":"repeat","background-position":"center center","background-size":"auto","background-attachment":"scroll","background-type":"","background-media":"","overlay-type":"","overlay-color":"","overlay-opacity":"","overlay-gradient":""},"tablet":{"background-color":"","background-image":"","background-repeat":"repeat","background-position":"center center","background-size":"auto","background-attachment":"scroll","background-type":"","background-media":"","overlay-type":"","overlay-color":"","overlay-opacity":"","overlay-gradient":""},"mobile":{"background-color":"","background-image":"","background-repeat":"repeat","background-position":"center center","background-size":"auto","background-attachment":"scroll","background-type":"","background-media":"","overlay-type":"","overlay-color":"","overlay-opacity":"","overlay-gradient":""}},"ast-content-background-meta":{"desktop":{"background-color":"var(--ast-global-color-5)","background-image":"","background-repeat":"repeat","background-position":"center center","background-size":"auto","background-attachment":"scroll","background-type":"","background-media":"","overlay-type":"","overlay-color":"","overlay-opacity":"","overlay-gradient":""},"tablet":{"background-color":"var(--ast-global-color-5)","background-image":"","background-repeat":"repeat","background-position":"center center","background-size":"auto","background-attachment":"scroll","background-type":"","background-media":"","overlay-type":"","overlay-color":"","overlay-opacity":"","overlay-gradient":""},"mobile":{"background-color":"var(--ast-global-color-5)","background-image":"","background-repeat":"repeat","background-position":"center center","background-size":"auto","background-attachment":"scroll","background-type":"","background-media":"","overlay-type":"","overlay-color":"","overlay-opacity":"","overlay-gradient":""}}},"product_brand":[],"product_cat":[610],"product_tag":[3293],"class_list":{"0":"post-6574","1":"product","2":"type-product","3":"status-publish","4":"has-post-thumbnail","6":"product_cat-peptido-promotor-del-crecimiento-del-cabello-pestanas","7":"product_tag-oligopeptide-54-is-a-novel-hair-growth-promoting-peptide-es","8":"desktop-align-left","9":"tablet-align-left","10":"mobile-align-left","12":"first","13":"instock","14":"shipping-taxable","15":"product-type-simple"},"_links":{"self":[{"href":"https:\/\/puyapeptide.net\/es\/wp-json\/wp\/v2\/product\/6574","targetHints":{"allow":["GET"]}}],"collection":[{"href":"https:\/\/puyapeptide.net\/es\/wp-json\/wp\/v2\/product"}],"about":[{"href":"https:\/\/puyapeptide.net\/es\/wp-json\/wp\/v2\/types\/product"}],"replies":[{"embeddable":true,"href":"https:\/\/puyapeptide.net\/es\/wp-json\/wp\/v2\/comments?post=6574"}],"wp:featuredmedia":[{"embeddable":true,"href":"https:\/\/puyapeptide.net\/es\/wp-json\/wp\/v2\/media\/2132"}],"wp:attachment":[{"href":"https:\/\/puyapeptide.net\/es\/wp-json\/wp\/v2\/media?parent=6574"}],"wp:term":[{"taxonomy":"product_brand","embeddable":true,"href":"https:\/\/puyapeptide.net\/es\/wp-json\/wp\/v2\/product_brand?post=6574"},{"taxonomy":"product_cat","embeddable":true,"href":"https:\/\/puyapeptide.net\/es\/wp-json\/wp\/v2\/product_cat?post=6574"},{"taxonomy":"product_tag","embeddable":true,"href":"https:\/\/puyapeptide.net\/es\/wp-json\/wp\/v2\/product_tag?post=6574"}],"curies":[{"name":"wp","href":"https:\/\/api.w.org\/{rel}","templated":true}]}}