{"id":6602,"date":"2021-12-16T05:09:39","date_gmt":"2021-12-16T10:09:39","guid":{"rendered":"https:\/\/puyapeptide.net\/product\/myristoyl-pentapeptide-17-cas-959610-30-1-es-un-ingrediente-cosmetico-eficaz-para-promover-el-crecimiento-de-las-pestanas\/"},"modified":"2021-12-16T05:09:39","modified_gmt":"2021-12-16T10:09:39","slug":"myristoyl-pentapeptide-17-cas-959610-30-1-es-un-ingrediente-cosmetico-eficaz-para-promover-el-crecimiento-de-las-pestanas","status":"publish","type":"product","link":"https:\/\/puyapeptide.net\/es\/product\/myristoyl-pentapeptide-17-cas-959610-30-1-es-un-ingrediente-cosmetico-eficaz-para-promover-el-crecimiento-de-las-pestanas\/","title":{"rendered":"Myristoyl Pentapeptide-17 CAS 959610-30-1 es un ingrediente cosm\u00e9tico eficaz para promover el crecimiento de las pesta\u00f1as"},"content":{"rendered":"<h2><strong>Myristoyl Pentapeptide-17 CAS 959610-30-1 es un ingrediente cosm\u00e9tico eficaz para promover el crecimiento de las pesta\u00f1as<\/strong><\/h2>\n<p> Nombre del producto: Myristoyl Pentapeptide-17<br \/>\n Sin\u00f3nimos: Myristoyl Pentapeptide-17; sympeptide226; N2- (1-Oxotetradecil) -L-lisil-L-leucil-L-alanil-L-lisil-L-lisinamida; Nuez moscada cinco p\u00e9ptido 17; Myr-KLAKK-NH2; N &#8211; [(2S) -6-amino-1 &#8211; [[(2S) -1 &#8211; [[(2S) -1 &#8211; [[(2S) -6-amino- 1 &#8211; [[(2S) -1,6-diamino-1-oxohexan-2-il] amino] -1-oxohexan-2-il] amino] -1-oxopropan-2-il] amino] -4-metil -1-oxopentan-2-il] amino] -1-oxohexan-2-il] tetradecanamida, N2- (1-Oxotetradecil) -L-lisil-L-leucil-L-alanil-L-lisil-L-lys; Sympeptide 235<br \/>\n CAS: 959610-30-1<br \/>\n MF: C41H81N9O6<br \/>\n MW: 796,14<br \/>\n EINECS:<br \/>\n Categor\u00edas de productos:<br \/>\n Mol Archivo: 959610-30-1.mol &lt;&amp; &gt;<br \/>\n Myristoyl pentapeptide-17 \/ eyelash peptide es un ingrediente cosm\u00e9tico eficaz para promover el crecimiento de las pesta\u00f1as, que puede estimular eficazmente la s\u00edntesis de queratina de los pelos, promover el crecimiento de los pelos (pesta\u00f1as, cejas, cabello) y hacerlos m\u00e1s gruesos y resistentes . <\/p>\n<p> Una de las funciones principales de Myristoyl Pentapeptide-17 es un antioxidante. Como todos los antioxidantes, la funci\u00f3n del miristoil pentap\u00e9ptido-17 es proteger la piel de los radicales libres da\u00f1inos, que son el resultado de una exposici\u00f3n excesiva al sol o el encuentro con contaminantes ambientales. Estos radicales libres causan da\u00f1o a las c\u00e9lulas individuales de la piel, pero su peligro real es que pueden causar un envejecimiento prematuro. Los radicales libres causan que las c\u00e9lulas de la piel comiencen a multiplicarse r\u00e1pidamente y sin control. No solo protege las c\u00e9lulas de la piel de los antioxidantes, sino que tambi\u00e9n ayuda a neutralizarlas para que puedan eliminarse. La cara puede volver a estar sana. Esto lo convierte en uno de los antioxidantes m\u00e1s beneficiosos del mercado. <\/p>\n<p> <strong>Myristoyl Pentapeptide-17 CAS 959610-30-1 Propiedades qu\u00edmicas<\/strong><br \/>\n Punto de ebullici\u00f3n 1071.6 \u00b1 65.0 \u00b0 C (Previsto)<br \/>\n densidad 1,062 \u00b1 0,06 g \/ cm3 (predicha)<br \/>\n temp. de almacenamiento Sellado en seco, temperatura ambiente<br \/>\n pka 13.42 \u00b1 0.46 (Previsto) <\/p>\n<p> <strong>Aplicaci\u00f3n y usos de Myristoyl Pentapeptide-17 CAS 959610-30-1<\/strong><br \/>\n 1.Mejora extraordinaria en la apariencia de pesta\u00f1as y cejas<br \/>\n 2.Ofrece pesta\u00f1as hermosas, densas y exuberantes<br \/>\n 3.Tecnolog\u00eda sin prostaglandinas<br \/>\n 4.Sin irritaci\u00f3n ocular o riesgo de decoloraci\u00f3n<br \/>\n 5.Seguridad probada por dermat\u00f3logos y oftalm\u00f3logos.<\/p>\n","protected":false},"excerpt":{"rendered":"<p>Nombre del producto: Myristoyl Pentapeptide-17<br \/>\n CAS: 959610-30-1<br \/>\n MF: C41H81N9O6<br \/>\n MW: 796.14<br \/>\n Mol Archivo: 959610-30-1.mol<\/p>\n","protected":false},"featured_media":2111,"comment_status":"open","ping_status":"closed","template":"","meta":{"om_disable_all_campaigns":false,"_monsterinsights_skip_tracking":false,"_monsterinsights_sitenote_active":false,"_monsterinsights_sitenote_note":"","_monsterinsights_sitenote_category":0,"site-sidebar-layout":"default","site-content-layout":"default","ast-site-content-layout":"default","site-content-style":"default","site-sidebar-style":"default","ast-global-header-display":"","ast-banner-title-visibility":"","ast-main-header-display":"","ast-hfb-above-header-display":"","ast-hfb-below-header-display":"","ast-hfb-mobile-header-display":"","site-post-title":"","ast-breadcrumbs-content":"","ast-featured-img":"","footer-sml-layout":"","ast-disable-related-posts":"","theme-transparent-header-meta":"default","adv-header-id-meta":"","stick-header-meta":"","header-above-stick-meta":"","header-main-stick-meta":"","header-below-stick-meta":"","astra-migrate-meta-layouts":"default","ast-page-background-enabled":"default","ast-page-background-meta":{"desktop":{"background-color":"","background-image":"","background-repeat":"repeat","background-position":"center center","background-size":"auto","background-attachment":"scroll","background-type":"","background-media":"","overlay-type":"","overlay-color":"","overlay-opacity":"","overlay-gradient":""},"tablet":{"background-color":"","background-image":"","background-repeat":"repeat","background-position":"center center","background-size":"auto","background-attachment":"scroll","background-type":"","background-media":"","overlay-type":"","overlay-color":"","overlay-opacity":"","overlay-gradient":""},"mobile":{"background-color":"","background-image":"","background-repeat":"repeat","background-position":"center center","background-size":"auto","background-attachment":"scroll","background-type":"","background-media":"","overlay-type":"","overlay-color":"","overlay-opacity":"","overlay-gradient":""}},"ast-content-background-meta":{"desktop":{"background-color":"var(--ast-global-color-5)","background-image":"","background-repeat":"repeat","background-position":"center center","background-size":"auto","background-attachment":"scroll","background-type":"","background-media":"","overlay-type":"","overlay-color":"","overlay-opacity":"","overlay-gradient":""},"tablet":{"background-color":"var(--ast-global-color-5)","background-image":"","background-repeat":"repeat","background-position":"center center","background-size":"auto","background-attachment":"scroll","background-type":"","background-media":"","overlay-type":"","overlay-color":"","overlay-opacity":"","overlay-gradient":""},"mobile":{"background-color":"var(--ast-global-color-5)","background-image":"","background-repeat":"repeat","background-position":"center center","background-size":"auto","background-attachment":"scroll","background-type":"","background-media":"","overlay-type":"","overlay-color":"","overlay-opacity":"","overlay-gradient":""}}},"product_brand":[],"product_cat":[592],"product_tag":[3276],"class_list":{"0":"post-6602","1":"product","2":"type-product","3":"status-publish","4":"has-post-thumbnail","6":"product_cat-peptido-para-el-cuidado-de-los-ojos","7":"product_tag-myristoyl-pentapeptide-17-cas-959610-30-1-is-an-effective-cosmetic-ingredient-to-promote-eyelash-growth-es","8":"desktop-align-left","9":"tablet-align-left","10":"mobile-align-left","12":"first","13":"instock","14":"shipping-taxable","15":"product-type-simple"},"_links":{"self":[{"href":"https:\/\/puyapeptide.net\/es\/wp-json\/wp\/v2\/product\/6602","targetHints":{"allow":["GET"]}}],"collection":[{"href":"https:\/\/puyapeptide.net\/es\/wp-json\/wp\/v2\/product"}],"about":[{"href":"https:\/\/puyapeptide.net\/es\/wp-json\/wp\/v2\/types\/product"}],"replies":[{"embeddable":true,"href":"https:\/\/puyapeptide.net\/es\/wp-json\/wp\/v2\/comments?post=6602"}],"wp:featuredmedia":[{"embeddable":true,"href":"https:\/\/puyapeptide.net\/es\/wp-json\/wp\/v2\/media\/2111"}],"wp:attachment":[{"href":"https:\/\/puyapeptide.net\/es\/wp-json\/wp\/v2\/media?parent=6602"}],"wp:term":[{"taxonomy":"product_brand","embeddable":true,"href":"https:\/\/puyapeptide.net\/es\/wp-json\/wp\/v2\/product_brand?post=6602"},{"taxonomy":"product_cat","embeddable":true,"href":"https:\/\/puyapeptide.net\/es\/wp-json\/wp\/v2\/product_cat?post=6602"},{"taxonomy":"product_tag","embeddable":true,"href":"https:\/\/puyapeptide.net\/es\/wp-json\/wp\/v2\/product_tag?post=6602"}],"curies":[{"name":"wp","href":"https:\/\/api.w.org\/{rel}","templated":true}]}}