{"id":6627,"date":"2021-12-16T05:36:36","date_gmt":"2021-12-16T10:36:36","guid":{"rendered":"https:\/\/puyapeptide.net\/product\/acetil-tetrapeptido-3-cas-827306-88-7-puede-reparar-las-celulas-del-foliculo-piloso-estimular-el-crecimiento-natural-de-las-cejas-y-el-cabello\/"},"modified":"2021-12-16T05:36:36","modified_gmt":"2021-12-16T10:36:36","slug":"acetil-tetrapeptido-3-cas-827306-88-7-puede-reparar-las-celulas-del-foliculo-piloso-estimular-el-crecimiento-natural-de-las-cejas-y-el-cabello","status":"publish","type":"product","link":"https:\/\/puyapeptide.net\/es\/product\/acetil-tetrapeptido-3-cas-827306-88-7-puede-reparar-las-celulas-del-foliculo-piloso-estimular-el-crecimiento-natural-de-las-cejas-y-el-cabello\/","title":{"rendered":"Acetil tetrap\u00e9ptido-3 CAS 827306-88-7 puede reparar las c\u00e9lulas del fol\u00edculo piloso Estimular el crecimiento natural de las cejas y el cabello"},"content":{"rendered":"<h2><strong>Acetil tetrap\u00e9ptido-3 CAS 827306-88-7 puede reparar las c\u00e9lulas del fol\u00edculo piloso Estimular el crecimiento natural de las cejas y el cabello<\/strong><\/h2>\n<p> Nombre del producto: Acetil tetrap\u00e9ptido-3<br \/>\n Sin\u00f3nimos: N2-Acetil-L-lisilglicil-L-histidil-L-lisinamida; Acetil tetrap\u00e9ptido-3; capixil; acetil tetrap\u00e9ptido-3 \/ capixil; Acetil tetrap\u00e9ptido-4, Capixil; Ac-KGHK; Acetil tetrap\u00e9ptido-3 \/ Capixil-3; L-Lisinamida, N2-acetil-L-lisilglicil-L-histidil &#8211;<br \/>\n CAS: 827306-88-7<br \/>\n MF: C22H39N9O5<br \/>\n MW: 509.6<br \/>\n EINECS: 1308068-626-2<br \/>\n Categor\u00edas de productos:<br \/>\n Mol Archivo: 827306-88-7.mol <\/p>\n<p> Acetil tetrap\u00e9ptido-3 es un polip\u00e9ptido de belleza que contiene cuatro amino\u00e1cidos , que puede reparar r\u00e1pidamente las c\u00e9lulas del fol\u00edculo piloso, estimular el crecimiento natural de las cejas y el cabello, reducir eficazmente la p\u00e9rdida de cabello causada por el envejecimiento y hacer que las cejas y el cabello sean m\u00e1s densos, naturales, flexibles y firmes. <\/p>\n<p> <strong>Acetil tetrap\u00e9ptido-3 CAS 827306-88-7 Propiedades qu\u00edmicas<\/strong><br \/>\n Punto de ebullici\u00f3n 1075.4 \u00b1 65.0 \u00b0 C (Previsto)<br \/>\n Densidad 1.250 \u00b1 0.06 g \/ cm3 (Previsto)<br \/>\n Temp. De almacenamiento Conservar en lugar oscuro, atm\u00f3sfera inerte, conservar en congelador, por debajo de -20 \u00b0 C<br \/>\n pka 13,35 \u00b1 0,46 (previsto) <\/p>\n<p> <strong>Funciones de acetil tetrap\u00e9ptido-3 CAS 827306-88-7<\/strong><br \/>\n Crecimiento del cabello estimulante, mejora el anclaje del cabello.<br \/>\n Mejora la apariencia de las pesta\u00f1as y \/ o cejas. <\/p>\n<p> <strong>Aplicaciones de Acetil Tetrap\u00e9ptido-3 CAS 827306-88-7<\/strong><br \/>\n Reduce la ca\u00edda del cabello;<br \/>\n Estimula el crecimiento del cabello ;<br \/>\n Mejora la salud de los fol\u00edculos y el anclaje del cabello a la ra\u00edz;<br \/>\n Reduce la inflamaci\u00f3n del cuero cabelludo<\/p>\n","protected":false},"excerpt":{"rendered":"<p>Nombre del producto: Acetil tetrap\u00e9ptido-3<br \/>\n CAS: 827306-88-7<br \/>\n MF: C22H39N9O5<br \/>\n MW: 509,6<br \/>\n Mol Archivo: 827306-88-7.mol<\/p>\n","protected":false},"featured_media":2174,"comment_status":"open","ping_status":"closed","template":"","meta":{"om_disable_all_campaigns":false,"_monsterinsights_skip_tracking":false,"_monsterinsights_sitenote_active":false,"_monsterinsights_sitenote_note":"","_monsterinsights_sitenote_category":0,"site-sidebar-layout":"default","site-content-layout":"default","ast-site-content-layout":"default","site-content-style":"default","site-sidebar-style":"default","ast-global-header-display":"","ast-banner-title-visibility":"","ast-main-header-display":"","ast-hfb-above-header-display":"","ast-hfb-below-header-display":"","ast-hfb-mobile-header-display":"","site-post-title":"","ast-breadcrumbs-content":"","ast-featured-img":"","footer-sml-layout":"","ast-disable-related-posts":"","theme-transparent-header-meta":"default","adv-header-id-meta":"","stick-header-meta":"","header-above-stick-meta":"","header-main-stick-meta":"","header-below-stick-meta":"","astra-migrate-meta-layouts":"default","ast-page-background-enabled":"default","ast-page-background-meta":{"desktop":{"background-color":"","background-image":"","background-repeat":"repeat","background-position":"center center","background-size":"auto","background-attachment":"scroll","background-type":"","background-media":"","overlay-type":"","overlay-color":"","overlay-opacity":"","overlay-gradient":""},"tablet":{"background-color":"","background-image":"","background-repeat":"repeat","background-position":"center center","background-size":"auto","background-attachment":"scroll","background-type":"","background-media":"","overlay-type":"","overlay-color":"","overlay-opacity":"","overlay-gradient":""},"mobile":{"background-color":"","background-image":"","background-repeat":"repeat","background-position":"center center","background-size":"auto","background-attachment":"scroll","background-type":"","background-media":"","overlay-type":"","overlay-color":"","overlay-opacity":"","overlay-gradient":""}},"ast-content-background-meta":{"desktop":{"background-color":"var(--ast-global-color-5)","background-image":"","background-repeat":"repeat","background-position":"center center","background-size":"auto","background-attachment":"scroll","background-type":"","background-media":"","overlay-type":"","overlay-color":"","overlay-opacity":"","overlay-gradient":""},"tablet":{"background-color":"var(--ast-global-color-5)","background-image":"","background-repeat":"repeat","background-position":"center center","background-size":"auto","background-attachment":"scroll","background-type":"","background-media":"","overlay-type":"","overlay-color":"","overlay-opacity":"","overlay-gradient":""},"mobile":{"background-color":"var(--ast-global-color-5)","background-image":"","background-repeat":"repeat","background-position":"center center","background-size":"auto","background-attachment":"scroll","background-type":"","background-media":"","overlay-type":"","overlay-color":"","overlay-opacity":"","overlay-gradient":""}}},"product_brand":[],"product_cat":[610],"product_tag":[3257],"class_list":{"0":"post-6627","1":"product","2":"type-product","3":"status-publish","4":"has-post-thumbnail","6":"product_cat-peptido-promotor-del-crecimiento-del-cabello-pestanas","7":"product_tag-acetyl-tetrapeptide-3-cas-827306-88-7-can-repair-hair-follicle-cells-stimulate-natural-growth-of-eyebrows-and-hair-es","8":"desktop-align-left","9":"tablet-align-left","10":"mobile-align-left","12":"first","13":"instock","14":"shipping-taxable","15":"product-type-simple"},"_links":{"self":[{"href":"https:\/\/puyapeptide.net\/es\/wp-json\/wp\/v2\/product\/6627","targetHints":{"allow":["GET"]}}],"collection":[{"href":"https:\/\/puyapeptide.net\/es\/wp-json\/wp\/v2\/product"}],"about":[{"href":"https:\/\/puyapeptide.net\/es\/wp-json\/wp\/v2\/types\/product"}],"replies":[{"embeddable":true,"href":"https:\/\/puyapeptide.net\/es\/wp-json\/wp\/v2\/comments?post=6627"}],"wp:featuredmedia":[{"embeddable":true,"href":"https:\/\/puyapeptide.net\/es\/wp-json\/wp\/v2\/media\/2174"}],"wp:attachment":[{"href":"https:\/\/puyapeptide.net\/es\/wp-json\/wp\/v2\/media?parent=6627"}],"wp:term":[{"taxonomy":"product_brand","embeddable":true,"href":"https:\/\/puyapeptide.net\/es\/wp-json\/wp\/v2\/product_brand?post=6627"},{"taxonomy":"product_cat","embeddable":true,"href":"https:\/\/puyapeptide.net\/es\/wp-json\/wp\/v2\/product_cat?post=6627"},{"taxonomy":"product_tag","embeddable":true,"href":"https:\/\/puyapeptide.net\/es\/wp-json\/wp\/v2\/product_tag?post=6627"}],"curies":[{"name":"wp","href":"https:\/\/api.w.org\/{rel}","templated":true}]}}