{"id":6696,"date":"2021-12-16T05:41:55","date_gmt":"2021-12-16T10:41:55","guid":{"rendered":"https:\/\/puyapeptide.net\/product\/tetrapeptido-14-efectos-antienvejecimiento-lifting-y-antiarrugas\/"},"modified":"2021-12-16T05:41:55","modified_gmt":"2021-12-16T10:41:55","slug":"tetrapeptido-14-efectos-antienvejecimiento-lifting-y-antiarrugas","status":"publish","type":"product","link":"https:\/\/puyapeptide.net\/es\/product\/tetrapeptido-14-efectos-antienvejecimiento-lifting-y-antiarrugas\/","title":{"rendered":"Tetrap\u00e9ptido-14 Efectos antienvejecimiento, lifting y antiarrugas"},"content":{"rendered":"<h2><strong>Tetrap\u00e9ptido-14 Efectos antienvejecimiento, lifting y antiarrugas<\/strong><\/h2>\n<p> Nombre del producto: Tetrapeptide-14<br \/>\n Fuente: sint\u00e9tico<br \/>\n Grado: cosm\u00e9tico<br \/>\n Formulaci\u00f3n: disponible para su referencia, cont\u00e1ctenos.<br \/>\n MSDS y COA: disponible para su referencia, cont\u00e1ctenos<br \/>\n Entrega: inmediatamente desde el almac\u00e9n<br \/>\n Olor: caracter\u00edstico<br \/>\n Estabilidad: estable<br \/>\n Solubilidad: soluble en agua<br \/>\n Capacidad: 600g por mes<br \/>\n Aspecto: polvo blanco <\/p>\n<p> Tetrap\u00e9ptido -14 es una secuencia pept\u00eddica espec\u00edfica que se puede utilizar en tratamientos cosm\u00e9ticos para aliviar el enrojecimiento asociado con la ros\u00e1cea o la exposici\u00f3n leve al sol<br \/>\n &#8211; Act\u00faa regulando negativamente la interleucina-6 (IL-6) para prevenir la inflamaci\u00f3n, que<br \/>\n en a su vez reduce el da\u00f1o de MMP-1 con el efecto neto de una piel brillante y uniforme<br \/>\n apariencia<br \/>\n &#8211; Tambi\u00e9n reduce la probabilidad de pigmentaci\u00f3n posinflamatoria junto con<br \/>\n mejora la salud general de la piel <\/p>\n<p> <strong>Usos de tetrap\u00e9ptido- 14<\/strong><br \/>\n Tetrapeptide-14 es una matriz de administraci\u00f3n \u00fanica que combina un p\u00e9ptido que disminuye el enrojecimiento y la inflamaci\u00f3n con las propiedades antioxidantes del t\u00e9, las propiedades calmantes de b oswellia serrata y la calidad relajante de la miel.<\/p>\n","protected":false},"excerpt":{"rendered":"<p>Nombre del producto: Tetrap\u00e9ptido-14<br \/>\n Fuente: sint\u00e9tico<br \/>\n Grado: cosm\u00e9tico<br \/>\n Entrega: inmediatamente de stock<br \/>\n Olor: caracter\u00edstico<br \/>\n Aspecto: polvo blanco<\/p>\n","protected":false},"featured_media":2174,"comment_status":"open","ping_status":"closed","template":"","meta":{"om_disable_all_campaigns":false,"_monsterinsights_skip_tracking":false,"_monsterinsights_sitenote_active":false,"_monsterinsights_sitenote_note":"","_monsterinsights_sitenote_category":0,"site-sidebar-layout":"default","site-content-layout":"default","ast-site-content-layout":"default","site-content-style":"default","site-sidebar-style":"default","ast-global-header-display":"","ast-banner-title-visibility":"","ast-main-header-display":"","ast-hfb-above-header-display":"","ast-hfb-below-header-display":"","ast-hfb-mobile-header-display":"","site-post-title":"","ast-breadcrumbs-content":"","ast-featured-img":"","footer-sml-layout":"","ast-disable-related-posts":"","theme-transparent-header-meta":"default","adv-header-id-meta":"","stick-header-meta":"","header-above-stick-meta":"","header-main-stick-meta":"","header-below-stick-meta":"","astra-migrate-meta-layouts":"default","ast-page-background-enabled":"default","ast-page-background-meta":{"desktop":{"background-color":"","background-image":"","background-repeat":"repeat","background-position":"center center","background-size":"auto","background-attachment":"scroll","background-type":"","background-media":"","overlay-type":"","overlay-color":"","overlay-opacity":"","overlay-gradient":""},"tablet":{"background-color":"","background-image":"","background-repeat":"repeat","background-position":"center center","background-size":"auto","background-attachment":"scroll","background-type":"","background-media":"","overlay-type":"","overlay-color":"","overlay-opacity":"","overlay-gradient":""},"mobile":{"background-color":"","background-image":"","background-repeat":"repeat","background-position":"center center","background-size":"auto","background-attachment":"scroll","background-type":"","background-media":"","overlay-type":"","overlay-color":"","overlay-opacity":"","overlay-gradient":""}},"ast-content-background-meta":{"desktop":{"background-color":"var(--ast-global-color-5)","background-image":"","background-repeat":"repeat","background-position":"center center","background-size":"auto","background-attachment":"scroll","background-type":"","background-media":"","overlay-type":"","overlay-color":"","overlay-opacity":"","overlay-gradient":""},"tablet":{"background-color":"var(--ast-global-color-5)","background-image":"","background-repeat":"repeat","background-position":"center center","background-size":"auto","background-attachment":"scroll","background-type":"","background-media":"","overlay-type":"","overlay-color":"","overlay-opacity":"","overlay-gradient":""},"mobile":{"background-color":"var(--ast-global-color-5)","background-image":"","background-repeat":"repeat","background-position":"center center","background-size":"auto","background-attachment":"scroll","background-type":"","background-media":"","overlay-type":"","overlay-color":"","overlay-opacity":"","overlay-gradient":""}}},"product_brand":[],"product_cat":[592],"product_tag":[3151,3129],"class_list":{"0":"post-6696","1":"product","2":"type-product","3":"status-publish","4":"has-post-thumbnail","6":"product_cat-peptido-para-el-cuidado-de-los-ojos","7":"product_tag-lifting-and-anti-wrinkle-effects-es","8":"product_tag-tetrapeptide-14-anti-aging-es","9":"desktop-align-left","10":"tablet-align-left","11":"mobile-align-left","13":"first","14":"instock","15":"shipping-taxable","16":"product-type-simple"},"_links":{"self":[{"href":"https:\/\/puyapeptide.net\/es\/wp-json\/wp\/v2\/product\/6696","targetHints":{"allow":["GET"]}}],"collection":[{"href":"https:\/\/puyapeptide.net\/es\/wp-json\/wp\/v2\/product"}],"about":[{"href":"https:\/\/puyapeptide.net\/es\/wp-json\/wp\/v2\/types\/product"}],"replies":[{"embeddable":true,"href":"https:\/\/puyapeptide.net\/es\/wp-json\/wp\/v2\/comments?post=6696"}],"wp:featuredmedia":[{"embeddable":true,"href":"https:\/\/puyapeptide.net\/es\/wp-json\/wp\/v2\/media\/2174"}],"wp:attachment":[{"href":"https:\/\/puyapeptide.net\/es\/wp-json\/wp\/v2\/media?parent=6696"}],"wp:term":[{"taxonomy":"product_brand","embeddable":true,"href":"https:\/\/puyapeptide.net\/es\/wp-json\/wp\/v2\/product_brand?post=6696"},{"taxonomy":"product_cat","embeddable":true,"href":"https:\/\/puyapeptide.net\/es\/wp-json\/wp\/v2\/product_cat?post=6696"},{"taxonomy":"product_tag","embeddable":true,"href":"https:\/\/puyapeptide.net\/es\/wp-json\/wp\/v2\/product_tag?post=6696"}],"curies":[{"name":"wp","href":"https:\/\/api.w.org\/{rel}","templated":true}]}}