{"id":6713,"date":"2021-12-16T05:42:42","date_gmt":"2021-12-16T10:42:42","guid":{"rendered":"https:\/\/puyapeptide.net\/product\/dipeptide-2-eyeliss-h-val-trp-oh-cas-24587-37-9-para-eliminar-las-bolsas-de-los-ojos-y-suavizar-las-arrugas\/"},"modified":"2021-12-16T05:42:42","modified_gmt":"2021-12-16T10:42:42","slug":"dipeptide-2-eyeliss-h-val-trp-oh-cas-24587-37-9-para-eliminar-las-bolsas-de-los-ojos-y-suavizar-las-arrugas","status":"publish","type":"product","link":"https:\/\/puyapeptide.net\/es\/product\/dipeptide-2-eyeliss-h-val-trp-oh-cas-24587-37-9-para-eliminar-las-bolsas-de-los-ojos-y-suavizar-las-arrugas\/","title":{"rendered":"Dipeptide-2 \/ Eyeliss \/ H-VAL-TRP-OH CAS 24587-37-9 Para eliminar las bolsas de los ojos y suavizar las arrugas"},"content":{"rendered":"<h2><strong>Dipeptide-2 \/ Eyeliss \/ H-VAL-TRP-OH CAS 24587-37-9 Para eliminar las bolsas de los ojos y suavizar las arrugas<\/strong><\/h2>\n<p> Nombre del producto: Dipeptide-2 \/ Eyeliss \/ H-VAL-TRP-OH<br \/>\n Sin\u00f3nimos: L-VALYL-L-TRYPTOPHAN; H-VAL-TRP-OH; L-Valyl-L-tyrosine; Dipeptide Val -Probar; VW-2; eyeliss; VW; Dip\u00e9ptido-2 \/ Dip\u00e9ptido Val-Try<br \/>\n CAS: 24587-37-9<br \/>\n MF: C16H21N3O3<br \/>\n MW: 303,36<br \/>\n EINECS:<br \/>\n Producto Categor\u00edas: Derivados de amino\u00e1cidos<br \/>\n Mol Archivo: 24587-37-9.mol <\/p>\n<p> El dip\u00e9ptido-2 es un p\u00e9ptido compuesto por dos amino\u00e1cidos: valina y tript\u00f3fano. Por ejemplo, se fabrican una variedad de p\u00e9ptidos por el cuerpo donde controlan los procesos fisiol\u00f3gicos. Lo hacen funcionando como enzimas o alterando la funci\u00f3n de las c\u00e9lulas. <\/p>\n<p> <strong>Funci\u00f3n y aplicaci\u00f3n de Dipeptide-2 \/ Eyeliss \/ H-VAL-TRP-OH CAS 24587-37-9<\/strong> <\/p>\n<p> El dip\u00e9ptido-2 ayuda a reducir la hinchaz\u00f3n y las bolsas debajo de los ojos. Los ojos hinchados se deben a la acumulaci\u00f3n de l\u00edquido causada por un drenaje deficiente, capilares fr\u00e1giles y p\u00e9rdida de elasticidad. El l\u00edquido se filtra a los tejidos circundantes y produce &quot;bolsas en los ojos&quot;. <\/p>\n<p> Se enfoca en las tres condiciones mejorando el drenaje, reduciendo la fragilidad capilar y reduciendo la irritaci\u00f3n y el debilitamiento de la piel mientras aumenta la firmeza y elasticidad de la piel. <\/p>\n<p> 1 . deshacerse de las bolsas debajo de los ojos r\u00e1pidamente, el efecto de drenaje del dip\u00e9ptido-2 puede lograr el efecto de reducir las bolsas debajo de los ojos en 15 d\u00edas. <\/p>\n<p> 2. se agrega a formulaciones cosm\u00e9ticas como lociones, geles, sueros, etc. para lograr el efecto ideal de eliminar las bolsas debajo de los ojos. <\/p>\n<p> 3. ayuda a prevenir y eliminar la hinchaz\u00f3n debajo de los ojos mientras reafirma y regula la piel para suavizar las arrugas.<\/p>\n","protected":false},"excerpt":{"rendered":"<p>Nombre del producto: Dipeptide-2 \/ Eyeliss \/ H-VAL-TRP-OH<br \/>\n CAS: 24587-37-9<br \/>\n MF: C16H21N3O3<br \/>\n MW: 303.36<br \/>\n Mol Archivo: 24587-37-9. mol<\/p>\n","protected":false},"featured_media":2132,"comment_status":"open","ping_status":"closed","template":"","meta":{"om_disable_all_campaigns":false,"_monsterinsights_skip_tracking":false,"_monsterinsights_sitenote_active":false,"_monsterinsights_sitenote_note":"","_monsterinsights_sitenote_category":0,"site-sidebar-layout":"default","site-content-layout":"default","ast-site-content-layout":"default","site-content-style":"default","site-sidebar-style":"default","ast-global-header-display":"","ast-banner-title-visibility":"","ast-main-header-display":"","ast-hfb-above-header-display":"","ast-hfb-below-header-display":"","ast-hfb-mobile-header-display":"","site-post-title":"","ast-breadcrumbs-content":"","ast-featured-img":"","footer-sml-layout":"","ast-disable-related-posts":"","theme-transparent-header-meta":"default","adv-header-id-meta":"","stick-header-meta":"","header-above-stick-meta":"","header-main-stick-meta":"","header-below-stick-meta":"","astra-migrate-meta-layouts":"default","ast-page-background-enabled":"default","ast-page-background-meta":{"desktop":{"background-color":"","background-image":"","background-repeat":"repeat","background-position":"center center","background-size":"auto","background-attachment":"scroll","background-type":"","background-media":"","overlay-type":"","overlay-color":"","overlay-opacity":"","overlay-gradient":""},"tablet":{"background-color":"","background-image":"","background-repeat":"repeat","background-position":"center center","background-size":"auto","background-attachment":"scroll","background-type":"","background-media":"","overlay-type":"","overlay-color":"","overlay-opacity":"","overlay-gradient":""},"mobile":{"background-color":"","background-image":"","background-repeat":"repeat","background-position":"center center","background-size":"auto","background-attachment":"scroll","background-type":"","background-media":"","overlay-type":"","overlay-color":"","overlay-opacity":"","overlay-gradient":""}},"ast-content-background-meta":{"desktop":{"background-color":"var(--ast-global-color-5)","background-image":"","background-repeat":"repeat","background-position":"center center","background-size":"auto","background-attachment":"scroll","background-type":"","background-media":"","overlay-type":"","overlay-color":"","overlay-opacity":"","overlay-gradient":""},"tablet":{"background-color":"var(--ast-global-color-5)","background-image":"","background-repeat":"repeat","background-position":"center center","background-size":"auto","background-attachment":"scroll","background-type":"","background-media":"","overlay-type":"","overlay-color":"","overlay-opacity":"","overlay-gradient":""},"mobile":{"background-color":"var(--ast-global-color-5)","background-image":"","background-repeat":"repeat","background-position":"center center","background-size":"auto","background-attachment":"scroll","background-type":"","background-media":"","overlay-type":"","overlay-color":"","overlay-opacity":"","overlay-gradient":""}}},"product_brand":[],"product_cat":[592],"product_tag":[],"class_list":{"0":"post-6713","1":"product","2":"type-product","3":"status-publish","4":"has-post-thumbnail","6":"product_cat-peptido-para-el-cuidado-de-los-ojos","7":"desktop-align-left","8":"tablet-align-left","9":"mobile-align-left","11":"first","12":"instock","13":"shipping-taxable","14":"product-type-simple"},"_links":{"self":[{"href":"https:\/\/puyapeptide.net\/es\/wp-json\/wp\/v2\/product\/6713","targetHints":{"allow":["GET"]}}],"collection":[{"href":"https:\/\/puyapeptide.net\/es\/wp-json\/wp\/v2\/product"}],"about":[{"href":"https:\/\/puyapeptide.net\/es\/wp-json\/wp\/v2\/types\/product"}],"replies":[{"embeddable":true,"href":"https:\/\/puyapeptide.net\/es\/wp-json\/wp\/v2\/comments?post=6713"}],"wp:featuredmedia":[{"embeddable":true,"href":"https:\/\/puyapeptide.net\/es\/wp-json\/wp\/v2\/media\/2132"}],"wp:attachment":[{"href":"https:\/\/puyapeptide.net\/es\/wp-json\/wp\/v2\/media?parent=6713"}],"wp:term":[{"taxonomy":"product_brand","embeddable":true,"href":"https:\/\/puyapeptide.net\/es\/wp-json\/wp\/v2\/product_brand?post=6713"},{"taxonomy":"product_cat","embeddable":true,"href":"https:\/\/puyapeptide.net\/es\/wp-json\/wp\/v2\/product_cat?post=6713"},{"taxonomy":"product_tag","embeddable":true,"href":"https:\/\/puyapeptide.net\/es\/wp-json\/wp\/v2\/product_tag?post=6713"}],"curies":[{"name":"wp","href":"https:\/\/api.w.org\/{rel}","templated":true}]}}