{"id":6803,"date":"2021-12-16T06:05:15","date_gmt":"2021-12-16T11:05:15","guid":{"rendered":"https:\/\/puyapeptide.net\/product\/el-hexapeptido-2-es-un-peptido-cosmetico-que-contiene-seis-aminoacidos-que-pueden-iluminar-eficazmente-la-piel\/"},"modified":"2021-12-16T06:05:15","modified_gmt":"2021-12-16T11:05:15","slug":"el-hexapeptido-2-es-un-peptido-cosmetico-que-contiene-seis-aminoacidos-que-pueden-iluminar-eficazmente-la-piel","status":"publish","type":"product","link":"https:\/\/puyapeptide.net\/es\/product\/el-hexapeptido-2-es-un-peptido-cosmetico-que-contiene-seis-aminoacidos-que-pueden-iluminar-eficazmente-la-piel\/","title":{"rendered":"El hexap\u00e9ptido-2 es un p\u00e9ptido cosm\u00e9tico que contiene seis amino\u00e1cidos, que pueden iluminar eficazmente la piel."},"content":{"rendered":"<h2><strong>El hexap\u00e9ptido-2 es un p\u00e9ptido cosm\u00e9tico que contiene seis amino\u00e1cidos, que pueden iluminar eficazmente la piel.<\/strong><\/h2>\n<p> Nombre del producto: HEXAPEPTIDE-2<br \/>\n Sin\u00f3nimos: HEXAPEPTIDE-2; Dermostatyl (hexapeptide-2); Dermostatyl<br \/>\n CAS: \/<br \/>\n MF: C46H56N12O6<br \/>\n MW: 873.01g \/ mol<br \/>\n Pureza: \u226598%<br \/>\n Categor\u00edas de productos:<br \/>\n Archivo Mol: Archivo Mol <\/p>\n<p> El hexap\u00e9ptido-2 es un p\u00e9ptido de belleza que contiene seis amino\u00e1cidos, que puede iluminar eficazmente la piel y hacer que el color de la piel sea uniforme y vigoroso, y es un oligop\u00e9ptido iluminador eficaz. Se utiliza principalmente para blanquear y aclarar la piel y eliminar manchas. <\/p>\n<p> <strong>\u00bfQu\u00e9 es el hexap\u00e9ptido-2?<\/strong><br \/>\n Hexap\u00e9ptido-2 es un p\u00e9ptido aclarador de la piel para iluminar la piel y uniformizar el tono de la piel. Este p\u00e9ptido obtenido por s\u00edntesis act\u00faa como antagonista de \u03b1-MSH. La uni\u00f3n de \u03b1-MSH a sus receptores media la pigmentaci\u00f3n de la piel. Compite por la uni\u00f3n de \u03b1-MSH a sus receptores, lo que disminuye la s\u00edntesis de melanina. El hexap\u00e9ptido-2 induce una disminuci\u00f3n en el contenido de melanina en las c\u00e9lulas epid\u00e9rmicas. <\/p>\n<p> <strong>Beneficios del hexap\u00e9ptido-2<\/strong><br \/>\n 1. El hexap\u00e9ptido-2 reduce las arrugas faciales existentes.<br \/>\n 2. El hexap\u00e9ptido-2 es eficaz contra el desarrollo de nuevas arrugas.<br \/>\n 3. El hexap\u00e9ptido-2 disminuye la profundidad de las arrugas faciales causadas por la contracci\u00f3n de los m\u00fasculos de las expresiones faciales, especialmente cerca de los ojos y en la frente.<br \/>\n &lt;&amp; &gt; <strong>Funci\u00f3n del hexap\u00e9ptido-2<\/strong><br \/>\n La ciencia ha demostrado que los p\u00e9ptidos pueden ayudar a controlar las arrugas de la piel y revertir los signos del envejecimiento.<br \/>\n La piel humana est\u00e1 compuesta principalmente de col\u00e1geno. El col\u00e1geno es una prote\u00edna compuesta por largos segmentos de amino\u00e1cidos dispuestos como una cadena. El col\u00e1geno proporciona una base y un grosor de la piel.<br \/>\n Las mujeres menores de 30 a\u00f1os tienen abundante col\u00e1geno, lo que da como resultado una piel suave y firme.<br \/>\n El resto de nosotros tiene menos col\u00e1geno: la piel tiende a ser m\u00e1s delgada, revelando m\u00e1s arrugas. &lt;&amp; &gt; Cuando el col\u00e1geno se descompone, se forman segmentos cortos de amino\u00e1cidos. Estas son las peque\u00f1as prote\u00ednas y mol\u00e9culas activas conocidas como p\u00e9ptidos. Los p\u00e9ptidos en el cuidado de la piel pueden proporcionar importantes beneficios anti-envejecimiento.<\/p>\n","protected":false},"excerpt":{"rendered":"<p>Nombre del producto: HEXAPEPTIDE-2<br \/>\n MF: C46H56N12O6<br \/>\n MW: 873.01g \/ mol<br \/>\n Pureza: \u226598%<\/p>\n","protected":false},"featured_media":2216,"comment_status":"open","ping_status":"closed","template":"","meta":{"om_disable_all_campaigns":false,"_monsterinsights_skip_tracking":false,"_monsterinsights_sitenote_active":false,"_monsterinsights_sitenote_note":"","_monsterinsights_sitenote_category":0,"site-sidebar-layout":"default","site-content-layout":"default","ast-site-content-layout":"default","site-content-style":"default","site-sidebar-style":"default","ast-global-header-display":"","ast-banner-title-visibility":"","ast-main-header-display":"","ast-hfb-above-header-display":"","ast-hfb-below-header-display":"","ast-hfb-mobile-header-display":"","site-post-title":"","ast-breadcrumbs-content":"","ast-featured-img":"","footer-sml-layout":"","ast-disable-related-posts":"","theme-transparent-header-meta":"default","adv-header-id-meta":"","stick-header-meta":"","header-above-stick-meta":"","header-main-stick-meta":"","header-below-stick-meta":"","astra-migrate-meta-layouts":"default","ast-page-background-enabled":"default","ast-page-background-meta":{"desktop":{"background-color":"","background-image":"","background-repeat":"repeat","background-position":"center center","background-size":"auto","background-attachment":"scroll","background-type":"","background-media":"","overlay-type":"","overlay-color":"","overlay-opacity":"","overlay-gradient":""},"tablet":{"background-color":"","background-image":"","background-repeat":"repeat","background-position":"center center","background-size":"auto","background-attachment":"scroll","background-type":"","background-media":"","overlay-type":"","overlay-color":"","overlay-opacity":"","overlay-gradient":""},"mobile":{"background-color":"","background-image":"","background-repeat":"repeat","background-position":"center center","background-size":"auto","background-attachment":"scroll","background-type":"","background-media":"","overlay-type":"","overlay-color":"","overlay-opacity":"","overlay-gradient":""}},"ast-content-background-meta":{"desktop":{"background-color":"var(--ast-global-color-5)","background-image":"","background-repeat":"repeat","background-position":"center center","background-size":"auto","background-attachment":"scroll","background-type":"","background-media":"","overlay-type":"","overlay-color":"","overlay-opacity":"","overlay-gradient":""},"tablet":{"background-color":"var(--ast-global-color-5)","background-image":"","background-repeat":"repeat","background-position":"center center","background-size":"auto","background-attachment":"scroll","background-type":"","background-media":"","overlay-type":"","overlay-color":"","overlay-opacity":"","overlay-gradient":""},"mobile":{"background-color":"var(--ast-global-color-5)","background-image":"","background-repeat":"repeat","background-position":"center center","background-size":"auto","background-attachment":"scroll","background-type":"","background-media":"","overlay-type":"","overlay-color":"","overlay-opacity":"","overlay-gradient":""}}},"product_brand":[],"product_cat":[575],"product_tag":[3015,3037],"class_list":{"0":"post-6803","1":"product","2":"type-product","3":"status-publish","4":"has-post-thumbnail","6":"product_cat-peptido-blanqueador","7":"product_tag-hexapeptide-2-is-a-cosmetic-peptide-containing-six-amino-acids-es","8":"product_tag-which-can-effectively-brighten-the-skin-es","9":"desktop-align-left","10":"tablet-align-left","11":"mobile-align-left","13":"first","14":"instock","15":"shipping-taxable","16":"product-type-simple"},"_links":{"self":[{"href":"https:\/\/puyapeptide.net\/es\/wp-json\/wp\/v2\/product\/6803","targetHints":{"allow":["GET"]}}],"collection":[{"href":"https:\/\/puyapeptide.net\/es\/wp-json\/wp\/v2\/product"}],"about":[{"href":"https:\/\/puyapeptide.net\/es\/wp-json\/wp\/v2\/types\/product"}],"replies":[{"embeddable":true,"href":"https:\/\/puyapeptide.net\/es\/wp-json\/wp\/v2\/comments?post=6803"}],"wp:featuredmedia":[{"embeddable":true,"href":"https:\/\/puyapeptide.net\/es\/wp-json\/wp\/v2\/media\/2216"}],"wp:attachment":[{"href":"https:\/\/puyapeptide.net\/es\/wp-json\/wp\/v2\/media?parent=6803"}],"wp:term":[{"taxonomy":"product_brand","embeddable":true,"href":"https:\/\/puyapeptide.net\/es\/wp-json\/wp\/v2\/product_brand?post=6803"},{"taxonomy":"product_cat","embeddable":true,"href":"https:\/\/puyapeptide.net\/es\/wp-json\/wp\/v2\/product_cat?post=6803"},{"taxonomy":"product_tag","embeddable":true,"href":"https:\/\/puyapeptide.net\/es\/wp-json\/wp\/v2\/product_tag?post=6803"}],"curies":[{"name":"wp","href":"https:\/\/api.w.org\/{rel}","templated":true}]}}